{"id":717,"date":"2023-11-27T13:32:01","date_gmt":"2023-11-27T12:32:01","guid":{"rendered":"https:\/\/34.88.231.180\/product\/joint-cartilage\/"},"modified":"2026-05-01T00:23:54","modified_gmt":"2026-04-30T22:23:54","slug":"joint-cartilage","status":"publish","type":"product","link":"https:\/\/www.selfprotein.com\/es\/producto\/joint-cartilage\/","title":{"rendered":"Joint Cartilage"},"content":{"rendered":"<p style=\"text-align: left;\" align=\"center\"><strong><span lang=\"en-US\">Joint Cartilage<\/span><\/strong><\/p>\n<p><span lang=\"en-US\">El complejo de suplementos para cart\u00edlagos articulares consiste en una combinaci\u00f3n de MSM (metilsulfonilmetano), vitamina C, aguacate, col\u00e1geno, sulfato de condroitina y boswellia serrata, todos ellos dise\u00f1ados para mejorar la salud de las articulaciones y reducir la inflamaci\u00f3n.<\/span><\/p>\n<p><span lang=\"en-US\">El cart\u00edlago articular ofrece una soluci\u00f3n integral para la salud de las articulaciones, proporcionando una combinaci\u00f3n sin\u00e9rgica de nutrientes y compuestos que act\u00faan conjuntamente para reducir la inflamaci\u00f3n, mejorar la flexibilidad y aliviar el dolor articular.<\/span><\/p>\n<p><span lang=\"en-US\">He aqu\u00ed las ventajas de cada componente:<\/span><\/p>\n<ul>\n<li><strong><span lang=\"en-US\">MSM (metilsulfonilmetano):<\/span><\/strong><span lang=\"en-US\"> El MSM es un compuesto de azufre que ha demostrado efectos antiinflamatorios, reduciendo el dolor y la rigidez de las articulaciones.<\/span><\/li>\n<li><strong><span lang=\"en-US\">Vitamina C:<\/span><\/strong><span lang=\"en-US\"> Este antioxidante favorece la s\u00edntesis de col\u00e1geno, esencial para la salud de las articulaciones, y reduce la inflamaci\u00f3n y el estr\u00e9s oxidativo.<\/span><\/li>\n<li><strong><span lang=\"en-US\">Aguacate:<\/span><\/strong><span lang=\"en-US\"> Fuente de grasas saludables, fibra, vitaminas y minerales, el aguacate tambi\u00e9n contiene compuestos antiinflamatorios que pueden reducir el dolor y la rigidez de las articulaciones.<\/span><\/li>\n<li><strong><span lang=\"en-US\">Col\u00e1geno:<\/span><\/strong><span lang=\"en-US\"> Esta prote\u00edna estructural es crucial para la salud de las articulaciones, ya que proporciona soporte y amortiguaci\u00f3n. Los suplementos de col\u00e1geno pueden reducir el dolor y la rigidez, especialmente en personas con artrosis.<\/span><\/li>\n<li><strong><span lang=\"en-US\">Sulfato de condroitina:<\/span><\/strong><span lang=\"en-US\"> Este glicosaminoglicano se encuentra de forma natural en el cart\u00edlago y contribuye a la reparaci\u00f3n y el mantenimiento del tejido articular, reduciendo as\u00ed el dolor y la rigidez.<\/span><\/li>\n<li><strong><span lang=\"en-US\">Boswellia Serrata:<\/span><\/strong><span lang=\"en-US\"> Este extracto de hierbas tiene potentes efectos antiinflamatorios que ayudan a reducir el dolor y la rigidez de las articulaciones, y se ha utilizado en la medicina tradicional para tratar afecciones inflamatorias.<\/span><\/li>\n<\/ul>\n<p>&nbsp;<\/p>\n<p><strong><span lang=\"en-US\">Uso recomendado<\/span><\/strong><\/p>\n<p><span lang=\"en-US\">Tomar 3 c\u00e1psulas a lo largo del d\u00eda.<\/span><\/p>\n<p><b>Aviso:<\/b><\/p>\n<ul>\n<li>S\u00f3lo para adultos y no sustituye a una dieta variada y equilibrada ni a un estilo de vida saludable.<\/li>\n<li>No superar la dosis recomendada.<\/li>\n<li>No lo utilice durante la lactancia ni en periodos de embarazo sin consultar al m\u00e9dico.<\/li>\n<li>Conservar el producto en un lugar fresco y seco, en un envase bien cerrado y fuera del alcance de los ni\u00f1os menores de 3 a\u00f1os.<\/li>\n<li>Puede contener trazas de huevo, soja, avena, leche.<\/li>\n<li>Sin Lactosa y Sin Gluten.<\/li>\n<\/ul>","protected":false},"excerpt":{"rendered":"<details>\n<summary>Ingredientes<\/summary>\n<table style=\"text-align: center;\">\n<tbody>\n<tr>\n<th>Ingredientes<\/th>\n<th>por 3cps (%NRV)<\/th>\n<\/tr>\n<tr>\n<td>MSM (metilsulfonimetano)<\/td>\n<td>1200 mg<\/td>\n<\/tr>\n<tr>\n<td>Vitamina C (\u00e1cido asc\u00f3rbico)<\/td>\n<td>240 (300%)<\/td>\n<\/tr>\n<tr>\n<td>Extracto de aguacate 20:1 (Persea Americana mill. fructus)<\/td>\n<td>195 mg<\/td>\n<\/tr>\n<tr>\n<td>Extracto de col\u00e1geno de tipo II (col\u00e1geno y cart\u00edlago esternal)<\/td>\n<td>195 mg<\/td>\n<\/tr>\n<tr>\n<td>Condroitina (sulfato)<\/td>\n<td>195 mg<\/td>\n<\/tr>\n<tr>\n<td>Extracto de Boswellia serrata resina, goma (35% \u00c1cidos Bosw\u00e9licos)<\/td>\n<td>195 mg<\/td>\n<\/tr>\n<tr>\n<td>H.A. (\u00c1cido Hialur\u00f3nico)<\/td>\n<td>100 mg<\/td>\n<\/tr>\n<tr>\n<td colspan=\"2\"><strong>Otros ingredientes: <\/strong>c\u00e1psula de gelatina (bovina), agentes estabilizantes (E953, E470b, E551)<\/td>\n<\/tr>\n<tr>\n<td colspan=\"2\"><strong>*%NRV <\/strong>valor de referencia diario de nutrientes<\/td>\n<\/tr>\n<\/tbody>\n<\/table>\n<\/details>\n<p>&nbsp;<\/p>","protected":false},"featured_media":13888,"template":"","meta":[],"product_cat":[311,214],"product_tag":[317,258],"class_list":{"0":"post-717","1":"product","2":"type-product","3":"status-publish","4":"has-post-thumbnail","6":"product_cat-recovery-and-regeneration","7":"product_cat-vitamins-wellness","8":"product_tag-recovery-and-regeneration","9":"product_tag-vitamins-wellness","11":"first","12":"instock","13":"sale","14":"taxable","15":"shipping-taxable","16":"purchasable","17":"product-type-simple"},"aioseo_notices":[],"_links":{"self":[{"href":"https:\/\/www.selfprotein.com\/es\/wp-json\/wp\/v2\/product\/717"}],"collection":[{"href":"https:\/\/www.selfprotein.com\/es\/wp-json\/wp\/v2\/product"}],"about":[{"href":"https:\/\/www.selfprotein.com\/es\/wp-json\/wp\/v2\/types\/product"}],"wp:featuredmedia":[{"embeddable":true,"href":"https:\/\/www.selfprotein.com\/es\/wp-json\/wp\/v2\/media\/13888"}],"wp:attachment":[{"href":"https:\/\/www.selfprotein.com\/es\/wp-json\/wp\/v2\/media?parent=717"}],"wp:term":[{"taxonomy":"product_cat","embeddable":true,"href":"https:\/\/www.selfprotein.com\/es\/wp-json\/wp\/v2\/product_cat?post=717"},{"taxonomy":"product_tag","embeddable":true,"href":"https:\/\/www.selfprotein.com\/es\/wp-json\/wp\/v2\/product_tag?post=717"}],"curies":[{"name":"wp","href":"https:\/\/api.w.org\/{rel}","templated":true}]}}