{"id":723,"date":"2023-11-27T13:42:11","date_gmt":"2023-11-27T12:42:11","guid":{"rendered":"https:\/\/34.88.231.180\/product\/real-glutamine\/"},"modified":"2026-05-01T00:23:57","modified_gmt":"2026-04-30T22:23:57","slug":"l-glutamine","status":"publish","type":"product","link":"https:\/\/www.selfprotein.com\/es\/producto\/l-glutamine\/","title":{"rendered":"L-Glutamine"},"content":{"rendered":"<p style=\"text-align: left;\" align=\"center\"><strong><span lang=\"en-US\">L-Glutamine<\/span><\/strong><\/p>\n<p><span lang=\"en-US\">La glutamina es un suplemento diet\u00e9tico que contiene un amino\u00e1cido presente de forma natural en el cuerpo humano, que tambi\u00e9n puede obtenerse a trav\u00e9s de fuentes alimentarias como la carne, el pescado y los productos l\u00e1cteos. La glutamina est\u00e1 clasificada como amino\u00e1cido condicionalmente esencial porque, en determinadas situaciones, como durante periodos de actividad f\u00edsica intensa o enfermedad, la demanda del organismo puede superar la producci\u00f3n natural, haciendo necesario el uso de un suplemento.<\/span><\/p>\n<p><span lang=\"en-US\">Beneficios de la glutamina:<\/span><\/p>\n<ul>\n<li><strong><span lang=\"en-US\">Recuperaci\u00f3n acelerada<\/span><\/strong><span lang=\"en-US\"><strong>:<\/strong> La glutamina puede ayudar a acelerar los tiempos de recuperaci\u00f3n tras el ejercicio f\u00edsico intenso, proporcionando al organismo los amino\u00e1cidos necesarios para la reparaci\u00f3n y reconstrucci\u00f3n muscular.<\/span><\/li>\n<li><strong><span lang=\"en-US\">Mejora el crecimiento muscular:<\/span><\/strong><span lang=\"en-US\"> Integrar la glutamina en su dieta puede favorecer el crecimiento muscular al proporcionar un apoyo adicional a la s\u00edntesis proteica y a la reparaci\u00f3n de los tejidos musculares da\u00f1ados.<\/span><\/li>\n<li><strong><span lang=\"en-US\">Reducci\u00f3n de las agujetas despu\u00e9s del ejercicio<\/span><\/strong><span lang=\"en-US\"><strong>:<\/strong> La glutamina en polvo puede ayudar a reducir el dolor muscular y las agujetas despu\u00e9s del ejercicio f\u00edsico intenso, ya que favorece la reparaci\u00f3n muscular y reduce la inflamaci\u00f3n.<\/span><\/li>\n<li><strong><span lang=\"en-US\">Apoyo a los sistemas inmunitario y digestivo<\/span><\/strong><span lang=\"en-US\"><strong>:<\/strong> La glutamina desempe\u00f1a un papel importante en el funcionamiento de los sistemas inmunitario y digestivo, contribuyendo as\u00ed a mantener la salud general y la capacidad de recuperaci\u00f3n durante periodos de estr\u00e9s f\u00edsico o enfermedad.<\/span><\/li>\n<\/ul>\n<p><\/p>\n<p><strong><span lang=\"en-US\">Uso recomendado<\/span><\/strong><\/p>\n<p><span lang=\"en-US\">1 porci\u00f3n directamente despu\u00e9s del entrenamiento o a lo largo del d\u00eda.<\/span>\n<\/p>\n<p><b>Aviso:<\/b><\/p>\n<ul>\n<li>S\u00f3lo para adultos y no sustituye a una dieta variada y equilibrada ni a un estilo de vida saludable.<\/li>\n<li>No superar la dosis recomendada.<\/li>\n<li>No lo utilice durante la lactancia ni en periodos de embarazo sin consultar al m\u00e9dico.<\/li>\n<li>Conservar el producto en un lugar fresco y seco, en un envase bien cerrado y fuera del alcance de los ni\u00f1os menores de 3 a\u00f1os.<\/li>\n<li>Puede contener trazas de leche, avena, huevo, soja.<\/li>\n<li>Sin Lactosa y Sin Gluten.<\/li>\n<\/ul>","protected":false},"excerpt":{"rendered":"<p>L-Glutamina La glutamina es un suplemento diet\u00e9tico que contiene un amino\u00e1cido presente de forma natural en el cuerpo humano, que tambi\u00e9n puede obtenerse a trav\u00e9s de fuentes alimentarias como la carne, el pescado y los productos l\u00e1cteos. La glutamina est\u00e1 clasificada como un amino\u00e1cido condicionalmente esencial porque, en determinadas situaciones, como durante periodos de actividad f\u00edsica intensa o enfermedad [...]<\/p>","protected":false},"featured_media":11994,"template":"","meta":[],"product_cat":[151,311],"product_tag":[161,317],"class_list":{"0":"post-723","1":"product","2":"type-product","3":"status-publish","4":"has-post-thumbnail","6":"product_cat-amino-acids-creatine","7":"product_cat-recovery-and-regeneration","8":"product_tag-amino-acids-creatine","9":"product_tag-recovery-and-regeneration","11":"first","12":"instock","13":"taxable","14":"shipping-taxable","15":"purchasable","16":"product-type-variable"},"aioseo_notices":[],"_links":{"self":[{"href":"https:\/\/www.selfprotein.com\/es\/wp-json\/wp\/v2\/product\/723"}],"collection":[{"href":"https:\/\/www.selfprotein.com\/es\/wp-json\/wp\/v2\/product"}],"about":[{"href":"https:\/\/www.selfprotein.com\/es\/wp-json\/wp\/v2\/types\/product"}],"wp:featuredmedia":[{"embeddable":true,"href":"https:\/\/www.selfprotein.com\/es\/wp-json\/wp\/v2\/media\/11994"}],"wp:attachment":[{"href":"https:\/\/www.selfprotein.com\/es\/wp-json\/wp\/v2\/media?parent=723"}],"wp:term":[{"taxonomy":"product_cat","embeddable":true,"href":"https:\/\/www.selfprotein.com\/es\/wp-json\/wp\/v2\/product_cat?post=723"},{"taxonomy":"product_tag","embeddable":true,"href":"https:\/\/www.selfprotein.com\/es\/wp-json\/wp\/v2\/product_tag?post=723"}],"curies":[{"name":"wp","href":"https:\/\/api.w.org\/{rel}","templated":true}]}}