{"id":732,"date":"2023-11-27T13:42:29","date_gmt":"2023-11-27T12:42:29","guid":{"rendered":"https:\/\/34.88.231.180\/product\/light-legs\/"},"modified":"2026-04-01T00:00:21","modified_gmt":"2026-03-31T22:00:21","slug":"light-legs","status":"publish","type":"product","link":"https:\/\/www.selfprotein.com\/es\/producto\/light-legs\/","title":{"rendered":"Light Legs"},"content":{"rendered":"<p style=\"text-align: left;\" align=\"center\"><strong><span lang=\"en-US\">Light Legs<\/span><\/strong><\/p>\n<p><span lang=\"en-US\">Piernas Ligeras se presenta como el suplemento formulado para contrarrestar la sensaci\u00f3n de pesadez y fatiga en las piernas, enriquecido con potasio, que representa una soluci\u00f3n espec\u00edfica para mejorar la circulaci\u00f3n y promover el bienestar de las piernas. Su combinaci\u00f3n de ingredientes espec\u00edficos act\u00faa sin\u00e9rgicamente para hacer frente a los retos relacionados con la circulaci\u00f3n y la salud de las piernas, ofreciendo alivio a quienes sufren de piernas pesadas debido a diversos factores.<\/span><\/p>\n<p><span lang=\"en-US\">Ventajas de las piernas ligeras:<\/span><\/p>\n<ul>\n<li><strong><span lang=\"en-US\">Mejora de la circulaci\u00f3n sangu\u00ednea en las piernas:<\/span><\/strong><span lang=\"en-US\"> Los ingredientes seleccionados act\u00faan mejorando la circulaci\u00f3n sangu\u00ednea en las piernas, ayudando a reducir la sensaci\u00f3n de pesadez y fatiga.<\/span><\/li>\n<li><strong><span lang=\"en-US\">Reducci\u00f3n de la sensaci\u00f3n de pesadez e hinchaz\u00f3n en las piernas<\/span><\/strong><span lang=\"en-US\"><strong>:<\/strong> Gracias a la presencia de flavonoides como la diosmina y la hesperidina, el suplemento ayuda a reducir la permeabilidad de los vasos sangu\u00edneos y a aliviar la sensaci\u00f3n de hinchaz\u00f3n y pesadez de las piernas.<\/span><\/li>\n<li><strong><span lang=\"en-US\">Ayuda a la salud de los vasos sangu\u00edneos:<\/span><\/strong><span lang=\"en-US\"> Ingredientes como la Centella Asi\u00e1tica y los extractos de Ar\u00e1ndano y Semilla de Uva favorecen la salud de los vasos sangu\u00edneos, ayudando a mantener su integridad y funcionalidad.<\/span><\/li>\n<li><strong><span lang=\"en-US\">Regulaci\u00f3n del equilibrio hidroelectrol\u00edtico a trav\u00e9s del potasio:<\/span><\/strong><span lang=\"en-US\"> El potasio interviene en la regulaci\u00f3n del equilibrio h\u00eddrico y la funci\u00f3n muscular, favorece la contracci\u00f3n y relajaci\u00f3n de los m\u00fasculos y contribuye al bienestar general de las piernas.<\/span><\/li>\n<li><strong><span lang=\"en-US\">Aporte de antioxidantes para proteger los vasos sangu\u00edneos del da\u00f1o oxidativo:<\/span><\/strong><span lang=\"en-US\"> Las vitaminas C y E, junto con otros compuestos antioxidantes presentes en el suplemento, ayudan a proteger los vasos sangu\u00edneos del da\u00f1o oxidativo, manteniendo su salud y funcionalidad.<\/span><\/li>\n<li><strong><span lang=\"en-US\">Mejora de la microcirculaci\u00f3n:<\/span><\/strong><span lang=\"en-US\"> La presencia de vitamina B3 contribuye a mejorar la microcirculaci\u00f3n, facilitando el flujo sangu\u00edneo a trav\u00e9s de peque\u00f1os vasos como los capilares, lo que garantiza una distribuci\u00f3n m\u00e1s eficaz del ox\u00edgeno y los nutrientes a los tejidos.<\/span><\/li>\n<\/ul>\n<p>&nbsp;<\/p>\n<p><strong><span lang=\"en-US\">Uso recomendado<\/span><\/strong><\/p>\n<p><span lang=\"en-US\">Tomar 3 c\u00e1psulas a lo largo del d\u00eda.<\/span><\/p>\n<p><b>Aviso:<\/b><\/p>\n<ul>\n<li>S\u00f3lo para adultos y no sustituye a una dieta variada y equilibrada ni a un estilo de vida saludable.<\/li>\n<li>No superar la dosis recomendada.<\/li>\n<li>No lo utilice durante la lactancia ni en periodos de embarazo sin consultar al m\u00e9dico.<\/li>\n<li>Conservar el producto en un lugar fresco y seco, en un envase bien cerrado y fuera del alcance de los ni\u00f1os menores de 3 a\u00f1os.<\/li>\n<li>Puede contener trazas de leche, avena, huevo, soja.<\/li>\n<li>Sin Lactosa y Sin Gluten.<\/li>\n<\/ul>","protected":false},"excerpt":{"rendered":"<details>\n<summary>Ingredientes<\/summary>\n<table style=\"text-align: center;\">\n<tbody>\n<tr>\n<th>Ingredientes<\/th>\n<th>por 3cps<\/th>\n<th>%NRV*<\/th>\n<\/tr>\n<tr>\n<td>Potasio (cloruro de potasio)<\/td>\n<td>390 mg<\/td>\n<td>20<\/td>\n<\/tr>\n<tr>\n<td>Ar\u00e1ndano (Vaccinum corymbosum (L) fructus)<\/td>\n<td>450 mg<\/td>\n<td><\/td>\n<\/tr>\n<tr>\n<td>Diosmina (de Citrus aurantium-extrakt-fructus)<\/td>\n<td>400 mg<\/td>\n<td><\/td>\n<\/tr>\n<tr>\n<td>Gotu Kola (Centella asi\u00e1tica (L.) Urb e.s. folium)<\/td>\n<td>201 mg<\/td>\n<td><\/td>\n<\/tr>\n<tr>\n<td>Semilla de uva (Vitis vinifera, semen)<\/td>\n<td>100 mg<\/td>\n<td><\/td>\n<\/tr>\n<tr>\n<td>Hesperidina (de Citrus aurantium-extrakt-fructus)<\/td>\n<td>50 mg<\/td>\n<td><\/td>\n<\/tr>\n<tr>\n<td>Vitamina C (\u00e1cido L-asc\u00f3rbico)<\/td>\n<td>80 mg<\/td>\n<td>100<\/td>\n<\/tr>\n<tr>\n<td>Vitamina E (D-alfa tocoperol)<\/td>\n<td>12 mg<\/td>\n<td>100<\/td>\n<\/tr>\n<tr>\n<td>Vitamina B3 (Nicotinamida)<\/td>\n<td>16 mg<\/td>\n<td>100<\/td>\n<\/tr>\n<tr>\n<td colspan=\"3\"><strong>Otros ingredientes: <\/strong>maltodextrina, agente estabilizador (E470b), c\u00e1psula vegana (E1204)<\/td>\n<\/tr>\n<tr>\n<td colspan=\"3\"><strong>*%NRV:<\/strong>valor de referencia nutricional<\/td>\n<\/tr>\n<\/tbody>\n<\/table>\n<\/details>\n<p>&nbsp;<\/p>","protected":false},"featured_media":733,"template":"","meta":[],"product_cat":[312,214],"product_tag":[314,258],"class_list":{"0":"post-732","1":"product","2":"type-product","3":"status-publish","4":"has-post-thumbnail","6":"product_cat-health-and-wellness","7":"product_cat-vitamins-wellness","8":"product_tag-health-and-wellness","9":"product_tag-vitamins-wellness","11":"first","12":"instock","13":"taxable","14":"shipping-taxable","15":"purchasable","16":"product-type-simple"},"aioseo_notices":[],"_links":{"self":[{"href":"https:\/\/www.selfprotein.com\/es\/wp-json\/wp\/v2\/product\/732"}],"collection":[{"href":"https:\/\/www.selfprotein.com\/es\/wp-json\/wp\/v2\/product"}],"about":[{"href":"https:\/\/www.selfprotein.com\/es\/wp-json\/wp\/v2\/types\/product"}],"wp:featuredmedia":[{"embeddable":true,"href":"https:\/\/www.selfprotein.com\/es\/wp-json\/wp\/v2\/media\/733"}],"wp:attachment":[{"href":"https:\/\/www.selfprotein.com\/es\/wp-json\/wp\/v2\/media?parent=732"}],"wp:term":[{"taxonomy":"product_cat","embeddable":true,"href":"https:\/\/www.selfprotein.com\/es\/wp-json\/wp\/v2\/product_cat?post=732"},{"taxonomy":"product_tag","embeddable":true,"href":"https:\/\/www.selfprotein.com\/es\/wp-json\/wp\/v2\/product_tag?post=732"}],"curies":[{"name":"wp","href":"https:\/\/api.w.org\/{rel}","templated":true}]}}