{"id":735,"date":"2023-11-27T13:42:33","date_gmt":"2023-11-27T12:42:33","guid":{"rendered":"https:\/\/34.88.231.180\/product\/lipofit-advance\/"},"modified":"2026-05-01T00:23:54","modified_gmt":"2026-04-30T22:23:54","slug":"lipofit-advance","status":"publish","type":"product","link":"https:\/\/www.selfprotein.com\/es\/producto\/lipofit-advance\/","title":{"rendered":"Lipofit Advance"},"content":{"rendered":"<p style=\"text-align: left;\" align=\"center\"><strong><span lang=\"en-US\">Lipofit Avanzada<\/span><\/strong><\/p>\n<p><span lang=\"en-US\">Lipofit Advanced es una formulaci\u00f3n de suplementos diet\u00e9ticos que incluye una gama de nutrientes destinados a apoyar la salud y el bienestar general. Cada uno de estos ingredientes ha sido estudiado por sus potenciales beneficios para la salud, ofreciendo un apoyo diverso para varios aspectos del cuerpo y la mente.<\/span><\/p>\n<p><span lang=\"en-US\">Beneficios de Lipofit Advanced:<\/span><\/p>\n<ul>\n<li><strong><span lang=\"en-US\">CLA (\u00e1cido linoleico conjugado):<\/span><\/strong><span lang=\"en-US\"> Se sabe que el CLA favorece la p\u00e9rdida de peso y mejora la composici\u00f3n corporal, y algunos estudios sugieren una reducci\u00f3n de la grasa corporal y un aumento de la masa magra.<\/span><\/li>\n<li><strong><span lang=\"en-US\">Wakame: <\/span><\/strong><span lang=\"en-US\">La adici\u00f3n de wakame, un alga marina rica en yodo y otros nutrientes, puede favorecer la salud tiroidea y contribuir potencialmente a la salud cardiovascular y la p\u00e9rdida de peso.<\/span><\/li>\n<li><strong><span lang=\"en-US\">Hialuronato de sodio:<\/span><\/strong><span lang=\"en-US\"> Este suplemento es importante para mantener sanas las articulaciones y la piel, y algunos estudios indican una mejora de la hidrataci\u00f3n y la elasticidad de la piel, as\u00ed como una reducci\u00f3n del dolor articular.<\/span><\/li>\n<li><strong><span lang=\"en-US\">Vitamina C:<\/span><\/strong><span lang=\"en-US\"> La vitamina C es crucial para el sistema inmunitario, la salud de la piel y la cicatrizaci\u00f3n de heridas, adem\u00e1s de actuar como antioxidante para proteger al organismo del estr\u00e9s oxidativo.<\/span><\/li>\n<li><strong><span lang=\"en-US\">Acai:<\/span><\/strong><span lang=\"en-US\"> El acai es famoso por su alto contenido en antioxidantes, con beneficios potenciales para reducir la inflamaci\u00f3n, mejorar los niveles de colesterol y favorecer la p\u00e9rdida de peso.<\/span><\/li>\n<li><strong><span lang=\"en-US\">Vitamina B3 (Niacina):<\/span><\/strong><span lang=\"en-US\"> La niacina es esencial para la producci\u00f3n de energ\u00eda, la salud del sistema nervioso y de la piel, y tambi\u00e9n puede ayudar a mejorar los niveles de colesterol y reducir el riesgo cardiovascular.<\/span><\/li>\n<li><strong><span lang=\"en-US\">Biotina<\/span><\/strong><span lang=\"en-US\"><strong>:<\/strong> Esta vitamina B es importante para la salud del cabello, la piel y las u\u00f1as, proporcionando un apoyo esencial para la belleza y la vitalidad.<\/span><\/li>\n<\/ul>\n<p>&nbsp;<\/p>\n<p><strong><span lang=\"en-US\">Uso recomendado<\/span><\/strong><\/p>\n<p><span lang=\"en-US\">M\u00e1ximo 3 c\u00e1psulas al d\u00eda.<\/span><\/p>\n<p><b>Aviso:<\/b><\/p>\n<ul>\n<li>S\u00f3lo para adultos y no sustituye a una dieta variada y equilibrada ni a un estilo de vida saludable.<\/li>\n<li>No superar la dosis recomendada.<\/li>\n<li>No lo utilice durante la lactancia ni en periodos de embarazo sin consultar al m\u00e9dico.<\/li>\n<li>Conservar el producto en un lugar fresco y seco, en un envase bien cerrado y fuera del alcance de los ni\u00f1os menores de 3 a\u00f1os.<\/li>\n<li>Puede contener trazas de leche, avena, huevo, soja.<\/li>\n<li>Sin Lactosa y Sin Gluten.<\/li>\n<\/ul>","protected":false},"excerpt":{"rendered":"<details>\n<summary>Ingredientes<\/summary>\n<table style=\"text-align: center;\">\n<tbody>\n<tr>\n<th>Ingredientes<\/th>\n<th>por 3cps<\/th>\n<th>%NRV*<\/th>\n<\/tr>\n<tr>\n<td>\u00c1cido linoleico conjugado<\/td>\n<td>300 mg<\/td>\n<td><\/td>\n<\/tr>\n<tr>\n<td>Wakame e.s (30% Fucoxanthin)(Undaria pinnatifida, talo)<\/td>\n<td>150 mg<\/td>\n<td><\/td>\n<\/tr>\n<tr>\n<td>Hialuronato s\u00f3dico<\/td>\n<td>150 mg<\/td>\n<td><\/td>\n<\/tr>\n<tr>\n<td>Vitamina C (\u00e1cido L-asc\u00f3rbico)<\/td>\n<td>120 mg<\/td>\n<td>150<\/td>\n<\/tr>\n<tr>\n<td>Acai (Euterpe olaracea Mart. fructus) e.s<\/td>\n<td>60 mg<\/td>\n<td><\/td>\n<\/tr>\n<tr>\n<td>Vitamina B3 (\u00c1cido nicot\u00ednico)<\/td>\n<td>10 mg<\/td>\n<td>63<\/td>\n<\/tr>\n<tr>\n<td>Biotina (D-Biotina)<\/td>\n<td>450\u03bcg<\/td>\n<td>900<\/td>\n<\/tr>\n<tr>\n<td colspan=\"3\"><strong>Otros ingredientes: <\/strong>agentes estabilizantes (E470b, E551), c\u00e1psula vegana (E1204)<\/td>\n<\/tr>\n<tr>\n<td colspan=\"3\"><strong>*%NRV <\/strong>valor de referencia nutricional<\/td>\n<\/tr>\n<\/tbody>\n<\/table>\n<\/details>\n<p>&nbsp;<\/p>","protected":false},"featured_media":736,"template":"","meta":[],"product_cat":[155,309],"product_tag":[163,319],"class_list":{"0":"post-735","1":"product","2":"type-product","3":"status-publish","4":"has-post-thumbnail","6":"product_cat-weight-control-metabolism","7":"product_cat-weight-management-and-definition","8":"product_tag-weight-control-metabolism","9":"product_tag-weight-management-and-definition","11":"first","12":"instock","13":"sale","14":"taxable","15":"shipping-taxable","16":"purchasable","17":"product-type-simple"},"aioseo_notices":[],"_links":{"self":[{"href":"https:\/\/www.selfprotein.com\/es\/wp-json\/wp\/v2\/product\/735"}],"collection":[{"href":"https:\/\/www.selfprotein.com\/es\/wp-json\/wp\/v2\/product"}],"about":[{"href":"https:\/\/www.selfprotein.com\/es\/wp-json\/wp\/v2\/types\/product"}],"wp:featuredmedia":[{"embeddable":true,"href":"https:\/\/www.selfprotein.com\/es\/wp-json\/wp\/v2\/media\/736"}],"wp:attachment":[{"href":"https:\/\/www.selfprotein.com\/es\/wp-json\/wp\/v2\/media?parent=735"}],"wp:term":[{"taxonomy":"product_cat","embeddable":true,"href":"https:\/\/www.selfprotein.com\/es\/wp-json\/wp\/v2\/product_cat?post=735"},{"taxonomy":"product_tag","embeddable":true,"href":"https:\/\/www.selfprotein.com\/es\/wp-json\/wp\/v2\/product_tag?post=735"}],"curies":[{"name":"wp","href":"https:\/\/api.w.org\/{rel}","templated":true}]}}