{"id":738,"date":"2023-11-27T13:42:37","date_gmt":"2023-11-27T12:42:37","guid":{"rendered":"https:\/\/34.88.231.180\/product\/lysine\/"},"modified":"2026-05-01T00:23:55","modified_gmt":"2026-04-30T22:23:55","slug":"l-lysine","status":"publish","type":"product","link":"https:\/\/www.selfprotein.com\/es\/producto\/l-lysine\/","title":{"rendered":"L-Lysine"},"content":{"rendered":"<p style=\"text-align: left\" align=\"center\"><strong><span lang=\"en-US\">L-Lysine<\/span><\/strong><\/p>\n<p><span lang=\"en-US\">La lisina es un amino\u00e1cido esencial que el cuerpo humano no puede sintetizar por s\u00ed mismo, por lo que debe obtenerse a trav\u00e9s de la dieta. Se encuentra en diversos alimentos ricos en prote\u00ednas como la carne, el pescado, los productos l\u00e1cteos y las legumbres. La lisina desempe\u00f1a varias funciones vitales en el organismo, contribuyendo a la producci\u00f3n de col\u00e1geno, al crecimiento muscular, a la regulaci\u00f3n de la absorci\u00f3n de calcio y participando en la s\u00edntesis de hormonas, enzimas y anticuerpos.<\/span><\/p>\n<p><span lang=\"en-US\">Beneficios de la lisina:<\/span><\/p>\n<ul>\n<li><strong><span lang=\"en-US\">Reducci\u00f3n de la frecuencia del herpes labial:<\/span><\/strong><span lang=\"en-US\"> Integrar lisina en la dieta puede ayudar a reducir la frecuencia del herpes labial, ya que se cree que este amino\u00e1cido inhibe la replicaci\u00f3n del virus del herpes simple.<\/span><\/li>\n<li><strong><span lang=\"en-US\">Mejora de la salud \u00f3sea<\/span><\/strong><span lang=\"en-US\"><strong>:<\/strong> La lisina promueve una mejor salud \u00f3sea al facilitar la absorci\u00f3n del calcio y reducir su excreci\u00f3n por la orina.<\/span><\/li>\n<li><strong><span lang=\"en-US\">Reducci\u00f3n de la ansiedad<\/span><\/strong><span lang=\"en-US\"><strong>:<\/strong> Algunas investigaciones sugieren que la lisina puede contribuir a reducir la ansiedad y mejorar el estado de \u00e1nimo, probablemente debido a su implicaci\u00f3n en la producci\u00f3n de serotonina, un neurotransmisor asociado a la regulaci\u00f3n del estado de \u00e1nimo.<\/span><\/li>\n<li><strong><span lang=\"en-US\">Aceleraci\u00f3n de la cicatrizaci\u00f3n de heridas:<\/span><\/strong><span lang=\"en-US\"> Integrar lisina puede favorecer una cicatrizaci\u00f3n m\u00e1s r\u00e1pida de las heridas al estimular la producci\u00f3n de col\u00e1geno, esencial para la regeneraci\u00f3n de la piel, los tendones y otros tejidos.<\/span><\/li>\n<\/ul>\n<p>&nbsp;<\/p>\n<p><strong><span lang=\"en-US\">Uso recomendado<\/span><\/strong><\/p>\n<p><span lang=\"en-US\">1 porci\u00f3n directamente despu\u00e9s de la actividad deportiva.<\/span><\/p>\n<p class=\"xmprfx_MsoNormal\"><b>Aviso:<\/b><\/p>\n<ul>\n<li>S\u00f3lo para adultos y no sustituye a una dieta variada y equilibrada ni a un estilo de vida saludable.<\/li>\n<li>No superar la dosis recomendada.<\/li>\n<li>No lo utilice durante la lactancia ni en periodos de embarazo sin consultar al m\u00e9dico.<\/li>\n<li>Conservar el producto en un lugar fresco y seco, en un envase bien cerrado y fuera del alcance de los ni\u00f1os menores de 3 a\u00f1os.<\/li>\n<li>Puede contener trazas de leche, avena, huevo, soja.<\/li>\n<li>Sin Lactosa y Sin Gluten.<\/li>\n<\/ul>","protected":false},"excerpt":{"rendered":"<details>\n<summary>Ingredientes<\/summary>\n<table style=\"text-align: center\">\n<tbody>\n<tr>\n<th>Ingredientes<\/th>\n<th>por raci\u00f3n<\/th>\n<\/tr>\n<tr>\n<td>L-Lysine<\/td>\n<td>3g<\/td>\n<\/tr>\n<\/tbody>\n<\/table>\n<\/details>\n<p>&nbsp;<\/p>","protected":false},"featured_media":14406,"template":"","meta":[],"product_cat":[151,311],"product_tag":[161,317],"class_list":{"0":"post-738","1":"product","2":"type-product","3":"status-publish","4":"has-post-thumbnail","6":"product_cat-amino-acids-creatine","7":"product_cat-recovery-and-regeneration","8":"product_tag-amino-acids-creatine","9":"product_tag-recovery-and-regeneration","11":"first","12":"instock","13":"taxable","14":"shipping-taxable","15":"purchasable","16":"product-type-simple"},"aioseo_notices":[],"_links":{"self":[{"href":"https:\/\/www.selfprotein.com\/es\/wp-json\/wp\/v2\/product\/738"}],"collection":[{"href":"https:\/\/www.selfprotein.com\/es\/wp-json\/wp\/v2\/product"}],"about":[{"href":"https:\/\/www.selfprotein.com\/es\/wp-json\/wp\/v2\/types\/product"}],"wp:featuredmedia":[{"embeddable":true,"href":"https:\/\/www.selfprotein.com\/es\/wp-json\/wp\/v2\/media\/14406"}],"wp:attachment":[{"href":"https:\/\/www.selfprotein.com\/es\/wp-json\/wp\/v2\/media?parent=738"}],"wp:term":[{"taxonomy":"product_cat","embeddable":true,"href":"https:\/\/www.selfprotein.com\/es\/wp-json\/wp\/v2\/product_cat?post=738"},{"taxonomy":"product_tag","embeddable":true,"href":"https:\/\/www.selfprotein.com\/es\/wp-json\/wp\/v2\/product_tag?post=738"}],"curies":[{"name":"wp","href":"https:\/\/api.w.org\/{rel}","templated":true}]}}