{"id":747,"date":"2023-11-27T13:42:58","date_gmt":"2023-11-27T12:42:58","guid":{"rendered":"https:\/\/34.88.231.180\/product\/maltodextrin\/"},"modified":"2026-05-01T00:23:57","modified_gmt":"2026-04-30T22:23:57","slug":"maltodextrin","status":"publish","type":"product","link":"https:\/\/www.selfprotein.com\/es\/producto\/maltodextrin\/","title":{"rendered":"Maltodextrin"},"content":{"rendered":"<p style=\"text-align: left;\" align=\"center\"><strong><span lang=\"en-US\">Maltodextrin<\/span><\/strong><\/p>\n<p><span lang=\"en-US\">Las maltodextrinas son suplementos muy utilizados para asegurar una r\u00e1pida reposici\u00f3n energ\u00e9tica, gracias a su composici\u00f3n de az\u00facares simples unidos entre s\u00ed que permiten una r\u00e1pida asimilaci\u00f3n en el organismo. Son especialmente populares entre los deportistas y las personas que realizan actividades f\u00edsicas intensas, ya que ofrecen una serie de beneficios clave:<\/span><\/p>\n<p><span lang=\"en-US\">Beneficios de las maltodextrinas:<\/span><\/p>\n<ul>\n<li><strong><span lang=\"en-US\">R\u00e1pida reposici\u00f3n de energ\u00eda:<\/span><\/strong><span lang=\"en-US\"> Las maltodextrinas proporcionan una fuente inmediata de energ\u00eda durante el ejercicio f\u00edsico intenso o prolongado, ayudando a mantener niveles \u00f3ptimos de rendimiento y a prevenir la fatiga precoz.<\/span><\/li>\n<li><strong><span lang=\"en-US\">Ayuda a la recuperaci\u00f3n muscular:<\/span><\/strong><span lang=\"en-US\"> Despu\u00e9s de un entrenamiento intenso, los suplementos de maltodextrina pueden utilizarse junto con prote\u00ednas u otros nutrientes para favorecer la recuperaci\u00f3n muscular, ayudando a reponer las reservas de gluc\u00f3geno agotadas y favoreciendo la reconstrucci\u00f3n de los tejidos.<\/span><\/li>\n<li><strong><span lang=\"en-US\">Aumento de la ingesta de calor\u00edas:<\/span><\/strong><span lang=\"en-US\"> Las maltodextrinas son una forma eficaz de aumentar la ingesta diaria de calor\u00edas, por lo que resultan \u00fatiles para quienes tienen grandes necesidades energ\u00e9ticas o para quienes buscan ganar peso de forma sana y controlada.<\/span><\/li>\n<li><strong><span lang=\"en-US\">Facilidad de consumo:<\/span><\/strong><span lang=\"en-US\"> Los suplementos de maltodextrina est\u00e1n disponibles en diversas formas, como polvos y bebidas, y pueden incorporarse f\u00e1cilmente a la dieta diaria, lo que permite un consumo c\u00f3modo y pr\u00e1ctico.<\/span><\/li>\n<li><strong><span lang=\"en-US\">Versatilidad de uso:<\/span><\/strong><span lang=\"en-US\"> Las maltodextrinas pueden consumirse solas o combinadas con otros suplementos o alimentos para adaptarse a las necesidades espec\u00edficas de cada individuo, lo que ofrece flexibilidad en el enfoque de la nutrici\u00f3n y la suplementaci\u00f3n.<\/span><\/li>\n<\/ul>\n<p><\/p>\n<p><span lang=\"en-US\">Gracias a su capacidad para proporcionar energ\u00eda inmediata y favorecer la recuperaci\u00f3n muscular, las maltodextrinas se han convertido en una opci\u00f3n muy popular entre atletas y personas activas que buscan maximizar su rendimiento y favorecer una r\u00e1pida regeneraci\u00f3n muscular.<\/span><\/p>\n<p><strong><span lang=\"en-US\">Uso recomendado<\/span><\/strong><\/p>\n<p><span lang=\"en-US\">1 dosis antes y durante el entrenamiento para favorecer el rendimiento deportivo. Directamente despu\u00e9s de la actividad f\u00edsica para restaurar las reservas de gluc\u00f3geno muscular.<\/span><\/p>\n<p><b>Aviso:<\/b><\/p>\n<ul>\n<li>S\u00f3lo para adultos y no sustituye a una dieta variada y equilibrada ni a un estilo de vida saludable.<\/li>\n<li>No superar la dosis recomendada.<\/li>\n<li>No lo utilice durante la lactancia ni en periodos de embarazo sin consultar al m\u00e9dico.<\/li>\n<li>Conservar el producto en un lugar fresco y seco, en un envase bien cerrado.<\/li>\n<li>Puede contener trazas de leche, avena, huevo, soja.<\/li>\n<li>Sin Lactosa y Sin Gluten.<\/li>\n<\/ul>","protected":false},"excerpt":{"rendered":"<p>Maltodextrina Las maltodextrinas son suplementos muy utilizados para asegurar una r\u00e1pida reposici\u00f3n energ\u00e9tica, gracias a su composici\u00f3n de az\u00facares simples unidos entre s\u00ed que permiten una r\u00e1pida asimilaci\u00f3n en el organismo. Son especialmente populares entre los deportistas y las personas que realizan actividades f\u00edsicas intensas, ya que ofrecen una serie de beneficios clave: Beneficios de las maltodextrinas: R\u00e1pida reposici\u00f3n de energ\u00eda: Las maltodextrinas [...]<\/p>","protected":false},"featured_media":6229,"template":"","meta":[],"product_cat":[310,217],"product_tag":[315,230],"class_list":{"0":"post-747","1":"product","2":"type-product","3":"status-publish","4":"has-post-thumbnail","6":"product_cat-performance-and-endurance","7":"product_cat-pre-workout-energy","8":"product_tag-performance-and-endurance","9":"product_tag-pre-workout-energy","11":"first","12":"instock","13":"taxable","14":"shipping-taxable","15":"purchasable","16":"product-type-variable"},"aioseo_notices":[],"_links":{"self":[{"href":"https:\/\/www.selfprotein.com\/es\/wp-json\/wp\/v2\/product\/747"}],"collection":[{"href":"https:\/\/www.selfprotein.com\/es\/wp-json\/wp\/v2\/product"}],"about":[{"href":"https:\/\/www.selfprotein.com\/es\/wp-json\/wp\/v2\/types\/product"}],"wp:featuredmedia":[{"embeddable":true,"href":"https:\/\/www.selfprotein.com\/es\/wp-json\/wp\/v2\/media\/6229"}],"wp:attachment":[{"href":"https:\/\/www.selfprotein.com\/es\/wp-json\/wp\/v2\/media?parent=747"}],"wp:term":[{"taxonomy":"product_cat","embeddable":true,"href":"https:\/\/www.selfprotein.com\/es\/wp-json\/wp\/v2\/product_cat?post=747"},{"taxonomy":"product_tag","embeddable":true,"href":"https:\/\/www.selfprotein.com\/es\/wp-json\/wp\/v2\/product_tag?post=747"}],"curies":[{"name":"wp","href":"https:\/\/api.w.org\/{rel}","templated":true}]}}