{"id":753,"date":"2023-11-27T13:43:10","date_gmt":"2023-11-27T12:43:10","guid":{"rendered":"https:\/\/34.88.231.180\/product\/mass-active-gainer\/"},"modified":"2026-04-01T16:50:52","modified_gmt":"2026-04-01T14:50:52","slug":"mass-active-gainer","status":"publish","type":"product","link":"https:\/\/www.selfprotein.com\/es\/producto\/mass-active-gainer\/","title":{"rendered":"Mass Active Gainer"},"content":{"rendered":"<p style=\"text-align: left;\" align=\"center\"><strong><span lang=\"en-US\">Mass Active Gainer<\/span><\/strong><\/p>\n<p><span lang=\"en-US\">Mass Active Gainer es un suplemento diet\u00e9tico especialmente formulado para ayudar a quienes luchan por ganar peso o masa muscular. Con una combinaci\u00f3n equilibrada de prote\u00ednas, hidratos de carbono, grasas, vitaminas y minerales, este producto tiene como objetivo proporcionar un apoyo integral para el crecimiento muscular y la recuperaci\u00f3n. Su base proteica, derivada de la prote\u00edna de suero de leche, ofrece una r\u00e1pida absorci\u00f3n para favorecer la s\u00edntesis de prote\u00ednas musculares.<\/span><\/p>\n<p><span lang=\"en-US\">Ventajas de Mass Active Gainer:<\/span><\/p>\n<ul>\n<li><strong><span lang=\"en-US\">Prote\u00ednas de alta calidad para la s\u00edntesis muscular:<\/span><\/strong><span lang=\"en-US\"> La presencia de prote\u00edna de suero favorece la r\u00e1pida s\u00edntesis de prote\u00ednas musculares, contribuyendo al proceso de crecimiento y recuperaci\u00f3n muscular.<\/span><\/li>\n<li><strong><span lang=\"en-US\">Hidratos de carbono de r\u00e1pida digesti\u00f3n para obtener energ\u00eda:<\/span><\/strong><span lang=\"en-US\"> Los hidratos de carbono procedentes de las maltodextrinas garantizan una digesti\u00f3n r\u00e1pida, reponiendo eficazmente las reservas de gluc\u00f3geno y proporcionando la energ\u00eda esencial para los entrenamientos intensos.<\/span><\/li>\n<li><strong><span lang=\"en-US\">Equilibrio \u00f3ptimo de nutrientes: <\/span><\/strong><span lang=\"en-US\">Mass Active Whey Gainer ofrece una combinaci\u00f3n bien equilibrada de prote\u00ednas, carbohidratos y grasas, proporcionando un apoyo integral para el aumento de peso saludable.<\/span><\/li>\n<li><strong><span lang=\"en-US\">Integraci\u00f3n de vitaminas y minerales esenciales:<\/span><\/strong><span lang=\"en-US\"> Adem\u00e1s de macronutrientes, este suplemento aporta vitaminas como la C y la E, vitaminas del grupo B y zinc, que contribuyen a la salud y el bienestar general.<\/span><\/li>\n<li><strong><span lang=\"en-US\">Ayuda a la recuperaci\u00f3n muscular:<\/span><\/strong><span lang=\"en-US\"> La presencia de nutrientes clave favorece la recuperaci\u00f3n muscular despu\u00e9s del entrenamiento, reduciendo el riesgo de fatiga y mejorando la capacidad para afrontar las sesiones de entrenamiento posteriores.<\/span><\/li>\n<\/ul>\n<p>&nbsp;<\/p>\n<p><strong><span lang=\"en-US\">Uso recomendado<\/span><\/strong><\/p>\n<p><span lang=\"en-US\">Una raci\u00f3n directamente despu\u00e9s de la actividad deportiva o 1-2 raciones durante el d\u00eda para quienes luchan por ganar peso.<\/span><\/p>\n<p><b>Aviso:<\/b><\/p>\n<ul>\n<li>S\u00f3lo para adultos y no sustituye a una dieta variada y equilibrada ni a un estilo de vida saludable.<\/li>\n<li>No superar la dosis recomendada.<\/li>\n<li>No lo utilice durante la lactancia ni en periodos de embarazo sin consultar al m\u00e9dico.<\/li>\n<li>Conservar el producto en un lugar fresco y seco, en un envase bien cerrado y fuera del alcance de los ni\u00f1os menores de 3 a\u00f1os.<\/li>\n<li>Puede contener trazas de avena, huevo y soja.<\/li>\n<li>Sin Gluten.<\/li>\n<\/ul>","protected":false},"excerpt":{"rendered":"<p>Mass Active Gainer Mass Active Gainer es un suplemento diet\u00e9tico especialmente formulado para ayudar a quienes luchan por ganar peso o masa muscular. Con una combinaci\u00f3n equilibrada de prote\u00ednas, carbohidratos, grasas, vitaminas y minerales, este producto tiene como objetivo proporcionar un apoyo integral para el crecimiento muscular y la recuperaci\u00f3n. Su base proteica, derivada de la prote\u00edna de suero de leche, ofrece una r\u00e1pida absorci\u00f3n [...]<\/p>","protected":false},"featured_media":755,"template":"","meta":[],"product_cat":[154,308],"product_tag":[162,318],"class_list":{"0":"post-753","1":"product","2":"type-product","3":"status-publish","4":"has-post-thumbnail","6":"product_cat-gain-performance","7":"product_cat-strength-and-muscle-mass","8":"product_tag-gain-performance","9":"product_tag-strength-and-muscle-mass","11":"first","12":"instock","13":"taxable","14":"shipping-taxable","15":"purchasable","16":"product-type-variable"},"aioseo_notices":[],"_links":{"self":[{"href":"https:\/\/www.selfprotein.com\/es\/wp-json\/wp\/v2\/product\/753"}],"collection":[{"href":"https:\/\/www.selfprotein.com\/es\/wp-json\/wp\/v2\/product"}],"about":[{"href":"https:\/\/www.selfprotein.com\/es\/wp-json\/wp\/v2\/types\/product"}],"wp:featuredmedia":[{"embeddable":true,"href":"https:\/\/www.selfprotein.com\/es\/wp-json\/wp\/v2\/media\/755"}],"wp:attachment":[{"href":"https:\/\/www.selfprotein.com\/es\/wp-json\/wp\/v2\/media?parent=753"}],"wp:term":[{"taxonomy":"product_cat","embeddable":true,"href":"https:\/\/www.selfprotein.com\/es\/wp-json\/wp\/v2\/product_cat?post=753"},{"taxonomy":"product_tag","embeddable":true,"href":"https:\/\/www.selfprotein.com\/es\/wp-json\/wp\/v2\/product_tag?post=753"}],"curies":[{"name":"wp","href":"https:\/\/api.w.org\/{rel}","templated":true}]}}