{"id":771,"date":"2023-11-27T13:44:03","date_gmt":"2023-11-27T12:44:03","guid":{"rendered":"https:\/\/34.88.231.180\/product\/mct-oil\/"},"modified":"2026-04-01T00:00:24","modified_gmt":"2026-03-31T22:00:24","slug":"mct-oil","status":"publish","type":"product","link":"https:\/\/www.selfprotein.com\/es\/producto\/mct-oil\/","title":{"rendered":"MCT Oil"},"content":{"rendered":"<p style=\"text-align: left;\" align=\"center\"><strong><span lang=\"en-US\">MCT Oil<\/span><\/strong><\/p>\n<p><span lang=\"en-US\">Derivado de los triglic\u00e9ridos de cadena media (MCT), el aceite MCT es una opci\u00f3n diet\u00e9tica vers\u00e1til y beneficiosa para una amplia gama de prop\u00f3sitos. Obtenido principalmente del aceite de coco y otras fuentes naturales, el aceite MCT es conocido por su r\u00e1pido metabolismo en el organismo y su capacidad para proporcionar energ\u00eda inmediata, lo que lo convierte en un suplemento valioso en m\u00faltiples contextos diet\u00e9ticos y para el bienestar general.<\/span><\/p>\n<p><span lang=\"en-US\">Beneficios del aceite MCT:<\/span><\/p>\n<ul>\n<li><strong><span lang=\"en-US\">Metabolismo r\u00e1pido:<\/span><\/strong><\/li>\n<\/ul>\n<p><span lang=\"en-US\">- Gracias a su estructura de cadena media, los MCT son metabolizados r\u00e1pidamente por el organismo, ofreciendo energ\u00eda instant\u00e1nea y favoreciendo el metabolismo.<\/span><\/p>\n<ul>\n<li><strong><span lang=\"en-US\">Fuente de energ\u00eda para la dieta cetog\u00e9nica:<\/span><\/strong><\/li>\n<\/ul>\n<p><span lang=\"en-US\">- En la dieta cetog\u00e9nica, el aceite MCT es muy utilizado, ya que los triglic\u00e9ridos de cadena media se convierten r\u00e1pidamente en cetonas, que sirven como fuente de energ\u00eda alternativa para el organismo.<\/span><\/p>\n<ul>\n<li><strong><span lang=\"en-US\">Versatilidad de uso:<\/span><\/strong><\/li>\n<\/ul>\n<p><span lang=\"en-US\">- El aceite MCT puede utilizarse de varias formas, como aceite de cocina para fre\u00edr o a\u00f1adido a bebidas como el caf\u00e9, los batidos y el t\u00e9 para aumentar la energ\u00eda y aumentar la saciedad.<\/span><\/p>\n<ul>\n<li><strong><span lang=\"en-US\">Control del peso:<\/span><\/strong><\/li>\n<\/ul>\n<p><span lang=\"en-US\">- El aceite de MCT puede contribuir a prolongar la sensaci\u00f3n de saciedad, ayudando a controlar el apetito y favoreciendo la p\u00e9rdida de peso cuando se integra en una dieta equilibrada.<\/span><\/p>\n<p><strong><span lang=\"en-US\">Uso recomendado<\/span><\/strong><\/p>\n<p><span lang=\"en-US\">Una dosis (15 ml) al d\u00eda.<\/span><\/p>\n<p><b>Aviso:<\/b><\/p>\n<ul>\n<li>\u00a0S\u00f3lo para adultos y no sustituye a una dieta variada y equilibrada ni a un estilo de vida saludable.<\/li>\n<li>\u00a0No superar la dosis recomendada.<\/li>\n<li>\u00a0No lo utilice durante la lactancia ni en periodos de embarazo sin consultar al m\u00e9dico.<\/li>\n<li>\u00a0Conservar el producto en un lugar fresco y seco, en un envase bien cerrado.<\/li>\n<li>Sin Lactosa y Sin Gluten.<\/li>\n<\/ul>","protected":false},"excerpt":{"rendered":"<details>\n<summary>Informaci\u00f3n nutricional<\/summary>\n<table style=\"text-align: center;\">\n<tbody>\n<tr>\n<th>Informaci\u00f3n nutricional<\/th>\n<th>100ML<\/th>\n<th>15 ml<\/th>\n<\/tr>\n<tr>\n<td>Energ\u00eda<\/td>\n<td>900kcal\/3762kj<\/td>\n<td>135kcal\/546kj<\/td>\n<\/tr>\n<tr>\n<td>Grasas<\/td>\n<td>100g<\/td>\n<td>15g<\/td>\n<\/tr>\n<tr>\n<td>de los cuales saturados<\/td>\n<td>100g<\/td>\n<td>15g<\/td>\n<\/tr>\n<tr>\n<td>Carbohidratos<\/td>\n<td>0g<\/td>\n<td>0g<\/td>\n<\/tr>\n<tr>\n<td>de los cuales az\u00facares<\/td>\n<td>0g<\/td>\n<td>0g<\/td>\n<\/tr>\n<tr>\n<td>Protein<\/td>\n<td>0g<\/td>\n<td>0g<\/td>\n<\/tr>\n<tr>\n<td>Sal<\/td>\n<td>0g<\/td>\n<td>0g<\/td>\n<\/tr>\n<tr>\n<td>Distribuci\u00f3n de \u00e1cidos grasos por 100 g:<br \/>\n\u00c1cidos grasos saturados totales (mct):100g<\/td>\n<td colspan=\"2\">de los cuales \u00e1cido capr\u00edlico (C8:0): 50-65g<br \/>\nde los cuales \u00e1cido c\u00e1prico (C10:0): 30-45g<br \/>\nde los cuales \u00e1cido caproico (C6:0): 2g<br \/>\nde los cuales \u00e1cido l\u00e1urico (C12:0): 2g<br \/>\nde los cuales \u00e1cido mir\u00edstico (C14:0): 1g<br \/>\nde los cuales \u00e1cido palm\u00edtico (C16:0): 1g<\/td>\n<\/tr>\n<\/tbody>\n<\/table>\n<\/details>\n<p>&nbsp;<\/p>\n<details>\n<summary>Ingredientes<\/summary>\n<table style=\"text-align: center;\">\n<tbody>\n<tr>\n<td><strong>Ingredientes: <\/strong>100% aceite vegetal de coco (triglic\u00e9ridos de cadena media, mct)<\/td>\n<\/tr>\n<\/tbody>\n<\/table>\n<\/details>\n<p>&nbsp;<\/p>","protected":false},"featured_media":772,"template":"","meta":[],"product_cat":[155,309],"product_tag":[163,319],"class_list":{"0":"post-771","1":"product","2":"type-product","3":"status-publish","4":"has-post-thumbnail","6":"product_cat-weight-control-metabolism","7":"product_cat-weight-management-and-definition","8":"product_tag-weight-control-metabolism","9":"product_tag-weight-management-and-definition","11":"first","12":"instock","13":"taxable","14":"shipping-taxable","15":"purchasable","16":"product-type-simple"},"aioseo_notices":[],"_links":{"self":[{"href":"https:\/\/www.selfprotein.com\/es\/wp-json\/wp\/v2\/product\/771"}],"collection":[{"href":"https:\/\/www.selfprotein.com\/es\/wp-json\/wp\/v2\/product"}],"about":[{"href":"https:\/\/www.selfprotein.com\/es\/wp-json\/wp\/v2\/types\/product"}],"wp:featuredmedia":[{"embeddable":true,"href":"https:\/\/www.selfprotein.com\/es\/wp-json\/wp\/v2\/media\/772"}],"wp:attachment":[{"href":"https:\/\/www.selfprotein.com\/es\/wp-json\/wp\/v2\/media?parent=771"}],"wp:term":[{"taxonomy":"product_cat","embeddable":true,"href":"https:\/\/www.selfprotein.com\/es\/wp-json\/wp\/v2\/product_cat?post=771"},{"taxonomy":"product_tag","embeddable":true,"href":"https:\/\/www.selfprotein.com\/es\/wp-json\/wp\/v2\/product_tag?post=771"}],"curies":[{"name":"wp","href":"https:\/\/api.w.org\/{rel}","templated":true}]}}