{"id":774,"date":"2023-11-27T13:44:07","date_gmt":"2023-11-27T12:44:07","guid":{"rendered":"https:\/\/34.88.231.180\/product\/mega-tribulus\/"},"modified":"2026-04-01T00:00:25","modified_gmt":"2026-03-31T22:00:25","slug":"tribulus-terrestris","status":"publish","type":"product","link":"https:\/\/www.selfprotein.com\/es\/producto\/tribulus-terrestris\/","title":{"rendered":"Tribulus Terrestris"},"content":{"rendered":"<p style=\"text-align: left\" align=\"center\"><strong><span lang=\"en-US\">Tribulus Terrestris<\/span><\/strong><\/p>\n<p><span lang=\"en-US\">El Tribulus terrestris es una planta utilizada desde hace siglos en la medicina tradicional, como el Ayurveda y la medicina tradicional china, por una amplia gama de beneficios para la salud.<\/span><\/p>\n<p><span lang=\"en-US\">Considerar el uso de suplementos de Tribulus terrestris podr\u00eda ser una opci\u00f3n para aquellos que buscan mejorar su salud sexual, aumentar los niveles de energ\u00eda y mejorar el rendimiento f\u00edsico, pero es importante consultar siempre a un profesional de la salud antes de comenzar cualquier r\u00e9gimen de suplementaci\u00f3n.<\/span><\/p>\n<p><span lang=\"en-US\">Estos son algunos de los beneficios asociados al Tribulus terrestris:<\/span><\/p>\n<ul>\n<li><strong><span lang=\"en-US\">Aumento de los niveles de testosterona:<\/span><\/strong><span lang=\"en-US\"> Los suplementos de Tribulus terrestris suelen promocionarse como potenciadores naturales de la testosterona debido a las saponinas presentes en la planta, que se cree que estimulan la producci\u00f3n de esta hormona esencial.<\/span><\/li>\n<li><strong><span lang=\"en-US\">Mejora del rendimiento deportivo:<\/span><\/strong><span lang=\"en-US\"> Los estudios han sugerido que el Tribulus terrestris podr\u00eda mejorar el rendimiento f\u00edsico al reducir la fatiga y aumentar la resistencia durante el ejercicio, lo que podr\u00eda ser especialmente ventajoso para los atletas y los entusiastas del deporte.<\/span><\/li>\n<li><strong><span lang=\"en-US\">Mejora de la funci\u00f3n sexual:<\/span><\/strong><span lang=\"en-US\"> En algunos estudios, el Tribulus terrestris se ha asociado a una mejora de la funci\u00f3n sexual y la libido, lo que ofrece beneficios potenciales para quienes desean mejorar su salud sexual y su bienestar general.<\/span><\/li>\n<li><strong><span lang=\"en-US\">Apoyo a la salud general:<\/span><\/strong><span lang=\"en-US\"> Adem\u00e1s de sus supuestos efectos sobre la testosterona, el Tribulus terrestris tambi\u00e9n puede ofrecer otros beneficios para la salud, gracias a sus propiedades antioxidantes y antiinflamatorias, que pueden contribuir al bienestar general.<\/span><\/li>\n<\/ul>\n<p><\/p>\n<p><strong><span lang=\"en-US\">Uso recomendado<\/span><\/strong><\/p>\n<p><span lang=\"en-US\">Tomar 3 comprimidos antes de acostarse o 30-45 minutos antes del ejercicio.<\/span><\/p>\n<p class=\"xmprfx_MsoNormal\"><b>Aviso:<\/b><\/p>\n<ul>\n<li>\u00a0S\u00f3lo para adultos y no sustituye a una dieta variada y equilibrada ni a un estilo de vida saludable.<\/li>\n<li>\u00a0No superar la dosis recomendada.<\/li>\n<li>\u00a0No lo utilice durante la lactancia ni en periodos de embarazo sin consultar al m\u00e9dico.<\/li>\n<li>\u00a0Conservar el producto en un lugar fresco y seco, en un envase bien cerrado y fuera del alcance de los ni\u00f1os menores de 3 a\u00f1os.<\/li>\n<li>Puede contener trazas de leche, avena, huevo, soja.<\/li>\n<li>Sin Lactosa y Sin Gluten.<\/li>\n<\/ul>","protected":false},"excerpt":{"rendered":"<details>\n<summary>Ingredientes<\/summary>\n<table style=\"text-align: center\">\n<tbody>\n<tr>\n<th>Ingredientes<\/th>\n<th>por porci\u00f3n 3tabs<\/th>\n<\/tr>\n<tr>\n<td>Tribulus Terrestris e.s. fructus (90% Saponinas)<\/td>\n<td>2400 mg<\/td>\n<\/tr>\n<tr>\n<td colspan=\"2\"><strong>Otros ingredientes: <\/strong>agentes estabilizadores (E460, E470b, E551)<\/td>\n<\/tr>\n<\/tbody>\n<\/table>\n<\/details>\n<p>&nbsp;<\/p>","protected":false},"featured_media":13894,"template":"","meta":[],"product_cat":[154,308],"product_tag":[162,318],"class_list":{"0":"post-774","1":"product","2":"type-product","3":"status-publish","4":"has-post-thumbnail","6":"product_cat-gain-performance","7":"product_cat-strength-and-muscle-mass","8":"product_tag-gain-performance","9":"product_tag-strength-and-muscle-mass","11":"first","12":"instock","13":"sale","14":"taxable","15":"shipping-taxable","16":"purchasable","17":"product-type-simple"},"aioseo_notices":[],"_links":{"self":[{"href":"https:\/\/www.selfprotein.com\/es\/wp-json\/wp\/v2\/product\/774"}],"collection":[{"href":"https:\/\/www.selfprotein.com\/es\/wp-json\/wp\/v2\/product"}],"about":[{"href":"https:\/\/www.selfprotein.com\/es\/wp-json\/wp\/v2\/types\/product"}],"wp:featuredmedia":[{"embeddable":true,"href":"https:\/\/www.selfprotein.com\/es\/wp-json\/wp\/v2\/media\/13894"}],"wp:attachment":[{"href":"https:\/\/www.selfprotein.com\/es\/wp-json\/wp\/v2\/media?parent=774"}],"wp:term":[{"taxonomy":"product_cat","embeddable":true,"href":"https:\/\/www.selfprotein.com\/es\/wp-json\/wp\/v2\/product_cat?post=774"},{"taxonomy":"product_tag","embeddable":true,"href":"https:\/\/www.selfprotein.com\/es\/wp-json\/wp\/v2\/product_tag?post=774"}],"curies":[{"name":"wp","href":"https:\/\/api.w.org\/{rel}","templated":true}]}}