{"id":822,"date":"2023-11-27T13:45:44","date_gmt":"2023-11-27T12:45:44","guid":{"rendered":"https:\/\/34.88.231.180\/product\/mind-focus\/"},"modified":"2026-05-01T00:23:59","modified_gmt":"2026-04-30T22:23:59","slug":"mind-focus","status":"publish","type":"product","link":"https:\/\/www.selfprotein.com\/es\/producto\/mind-focus\/","title":{"rendered":"Mind Focus"},"content":{"rendered":"<p style=\"text-align: left\" align=\"center\"><strong><span lang=\"en-US\">Mind Focus<\/span><\/strong><\/p>\n<p><span lang=\"en-US\">Mind Focus Booster representa un salto adelante en el campo de los suplementos dise\u00f1ados para optimizar la claridad mental, la concentraci\u00f3n y el enfoque. Este suplemento avanzado se dirige a una amplia gama de individuos, incluyendo estudiantes, profesionales, atletas y cualquier persona deseosa de mejorar sus capacidades cognitivas para maximizar la productividad mental.<\/span><\/p>\n<p><span lang=\"en-US\">Beneficios de Mind Focus Booster:<\/span><\/p>\n<ul>\n<li><strong><span lang=\"en-US\">Mejora la concentraci\u00f3n y la claridad mental:<\/span><\/strong><span lang=\"en-US\"> Su f\u00f3rmula \u00fanica, enriquecida con ingredientes nootr\u00f3picos, favorece una elevada concentraci\u00f3n mental y una claridad de pensamiento superior.<\/span><\/li>\n<li><strong><span lang=\"en-US\">Mejora de la memoria y la funci\u00f3n cognitiva:<\/span><\/strong><span lang=\"en-US\"> Con la contribuci\u00f3n clave de la Bacopa Monnieri, una conocida planta utilizada para mejorar la memoria, el producto favorece significativamente la funci\u00f3n cognitiva.<\/span><\/li>\n<li><strong><span lang=\"en-US\">Reducci\u00f3n del estr\u00e9s y la fatiga mental:<\/span><\/strong><span lang=\"en-US\"> La inclusi\u00f3n de L-teanina ofrece un beneficio relajante, reduciendo el estr\u00e9s y contribuyendo a una mente m\u00e1s tranquila y resistente.<\/span><\/li>\n<li><strong><span lang=\"en-US\">Aumento del estado de alerta mental y vigilancia:<\/span><\/strong><span lang=\"en-US\"> Gracias a los efectos estimulantes del Guaran\u00e1, Mind Focus Booster mejora el estado de alerta mental, aumentando la vigilancia y la capacidad de respuesta.<\/span><\/li>\n<li><strong><span lang=\"en-US\">Apoyo a largo plazo para la salud cerebral:<\/span><\/strong><span lang=\"en-US\"> Suplementos esenciales como las vitaminas B6, B9 (\u00e1cido f\u00f3lico) y B12 contribuyen a la salud del sistema nervioso, proporcionando apoyo a largo plazo para la funci\u00f3n cognitiva.<\/span><\/li>\n<\/ul>\n<p>&nbsp;<\/p>\n<p><strong><span lang=\"en-US\">Uso recomendado<\/span><\/strong><\/p>\n<p><span lang=\"en-US\">Se recomienda tomar 2 c\u00e1psulas en momentos de fatiga mental.<\/span><\/p>\n<p><strong>Aviso:<\/strong><\/p>\n<ul>\n<li>S\u00f3lo para adultos y no sustituye a una dieta variada y equilibrada ni a un estilo de vida saludable.<\/li>\n<li>No superar la dosis recomendada.<\/li>\n<li>No lo utilice durante la lactancia ni en periodos de embarazo sin consultar al m\u00e9dico.<\/li>\n<li>Conservar el producto en un lugar fresco y seco, en un envase bien cerrado y fuera del alcance de los ni\u00f1os menores de 3 a\u00f1os.<\/li>\n<li>Puede contener trazas de leche, avena, huevo, soja.<\/li>\n<li>Sin Lactosa y Sin Gluten.<\/li>\n<\/ul>","protected":false},"excerpt":{"rendered":"<details>\n<summary>Ingredientes<\/summary>\n<table style=\"text-align: center\">\n<tbody>\n<tr>\n<th>Informaci\u00f3n nutricional<\/th>\n<th>por 2 cps<\/th>\n<th>%NRV*<\/th>\n<\/tr>\n<tr>\n<td>Guaran\u00e0 (Paullinia Cupana Kunth) semen e.s tit 22% cafe\u00edna<\/td>\n<td>400 mg<\/td>\n<td><\/td>\n<\/tr>\n<tr>\n<td>de los cuales cafe\u00edna<\/td>\n<td>88 mg<\/td>\n<td><\/td>\n<\/tr>\n<tr>\n<td>L-teanina<\/td>\n<td>300 mg<\/td>\n<td><\/td>\n<\/tr>\n<tr>\n<td>Rhodiola Rosea, L. radix) e.s. tit 3% En rosavin<\/td>\n<td>300 mg<\/td>\n<td><\/td>\n<\/tr>\n<tr>\n<td>de los cuales Rosavin<\/td>\n<td>9g<\/td>\n<td><\/td>\n<\/tr>\n<tr>\n<td>Bacopa Monnieri (L.) Pennel herba e.s tit 55% Bacoside<\/td>\n<td>200g<\/td>\n<td><\/td>\n<\/tr>\n<tr>\n<td>de los cuales Bacoside<\/td>\n<td>110 mg<\/td>\n<td><\/td>\n<\/tr>\n<tr>\n<td>Vitamina B6 (Piridoxina Hcl)<\/td>\n<td>1,4 mg<\/td>\n<td>100<\/td>\n<\/tr>\n<tr>\n<td>\u00c1cido f\u00f3lico<\/td>\n<td>200\u03bcg<\/td>\n<td>100<\/td>\n<\/tr>\n<tr>\n<td>Vitamina B12 (mecobalamina)<\/td>\n<td>2,5\u03bcg<\/td>\n<td>100<\/td>\n<\/tr>\n<tr>\n<td colspan=\"3\"><strong>Otros ingredientes: <\/strong>maltodextrina, agente estabilizador E470b, c\u00e1psula vegana (E1204)<\/td>\n<\/tr>\n<tr>\n<td colspan=\"3\"><strong>*%NRV: <\/strong>valor de referencia nutricional<\/td>\n<\/tr>\n<\/tbody>\n<\/table>\n<\/details>\n<p>&nbsp;<\/p>","protected":false},"featured_media":15302,"template":"","meta":[],"product_cat":[312,214],"product_tag":[314,258],"class_list":{"0":"post-822","1":"product","2":"type-product","3":"status-publish","4":"has-post-thumbnail","6":"product_cat-health-and-wellness","7":"product_cat-vitamins-wellness","8":"product_tag-health-and-wellness","9":"product_tag-vitamins-wellness","11":"first","12":"instock","13":"taxable","14":"shipping-taxable","15":"purchasable","16":"product-type-simple"},"aioseo_notices":[],"_links":{"self":[{"href":"https:\/\/www.selfprotein.com\/es\/wp-json\/wp\/v2\/product\/822"}],"collection":[{"href":"https:\/\/www.selfprotein.com\/es\/wp-json\/wp\/v2\/product"}],"about":[{"href":"https:\/\/www.selfprotein.com\/es\/wp-json\/wp\/v2\/types\/product"}],"wp:featuredmedia":[{"embeddable":true,"href":"https:\/\/www.selfprotein.com\/es\/wp-json\/wp\/v2\/media\/15302"}],"wp:attachment":[{"href":"https:\/\/www.selfprotein.com\/es\/wp-json\/wp\/v2\/media?parent=822"}],"wp:term":[{"taxonomy":"product_cat","embeddable":true,"href":"https:\/\/www.selfprotein.com\/es\/wp-json\/wp\/v2\/product_cat?post=822"},{"taxonomy":"product_tag","embeddable":true,"href":"https:\/\/www.selfprotein.com\/es\/wp-json\/wp\/v2\/product_tag?post=822"}],"curies":[{"name":"wp","href":"https:\/\/api.w.org\/{rel}","templated":true}]}}