{"id":825,"date":"2023-11-27T13:45:48","date_gmt":"2023-11-27T12:45:48","guid":{"rendered":"https:\/\/34.88.231.180\/product\/multivitamin\/"},"modified":"2026-04-01T00:00:27","modified_gmt":"2026-03-31T22:00:27","slug":"multivitamin-pro","status":"publish","type":"product","link":"https:\/\/www.selfprotein.com\/es\/producto\/multivitamin-pro\/","title":{"rendered":"Multivitamin Pro"},"content":{"rendered":"<p><strong>Resumen del producto:<\/strong><\/p>\n<p>MULTIVITAMIN PRO contiene las vitaminas y minerales que su cuerpo necesita para un funcionamiento \u00f3ptimo, exactamente como su nombre indica. Perfecto para personas con una ingesta cal\u00f3rica reducida o una mayor necesidad de estos nutrientes. Muy \u00fatil en \u00e9pocas de fatiga f\u00edsica y mental causada por una mayor carga de entrenamiento, actividad f\u00edsica estresante, fiebre o calor extremo.<\/p>\n<p><strong>Beneficios clave:<\/strong><\/p>\n<ul>\n<li>Garantiza la dosis diaria recomendada de vitaminas y minerales<\/li>\n<li>Favorece las defensas inmunitarias<\/li>\n<li>Contribuye a la renovaci\u00f3n normal de la energ\u00eda<\/li>\n<li>Protege las c\u00e9lulas del estr\u00e9s oxidativo<\/li>\n<\/ul>\n<p>&nbsp;<\/p>\n<p><b>Aviso:<\/b><\/p>\n<ul>\n<li>S\u00f3lo para adultos y no sustituye a una dieta variada y equilibrada ni a un estilo de vida saludable.<\/li>\n<li>No superar la dosis recomendada.<\/li>\n<li>Dosis recomendada: 1 c\u00e1psula al d\u00eda.<\/li>\n<li>No lo utilice durante la lactancia ni en periodos de embarazo sin consultar al m\u00e9dico.<\/li>\n<li>Conservar el producto en un lugar fresco y seco, en un envase bien cerrado y fuera del alcance de los ni\u00f1os menores de 3 a\u00f1os.<\/li>\n<li>Puede contener trazas de leche, avena, huevo, soja.<\/li>\n<li>Sin Lactosa y Sin Gluten.<\/li>\n<\/ul>","protected":false},"excerpt":{"rendered":"<p>Resumen del producto: MULTIVITAMIN PRO contiene vitaminas y minerales que su cuerpo necesita para un funcionamiento \u00f3ptimo, exactamente como su nombre indica. Perfecto para personas con una ingesta cal\u00f3rica reducida o una mayor necesidad de estos nutrientes. Muy \u00fatil en \u00e9pocas de fatiga f\u00edsica y mental causada por una mayor carga de entrenamiento, actividad f\u00edsica estresante, fiebre o calor extremo. Beneficios Clave: [...]<\/p>","protected":false},"featured_media":13881,"template":"","meta":[],"product_cat":[312,214],"product_tag":[314,258],"class_list":{"0":"post-825","1":"product","2":"type-product","3":"status-publish","4":"has-post-thumbnail","6":"product_cat-health-and-wellness","7":"product_cat-vitamins-wellness","8":"product_tag-health-and-wellness","9":"product_tag-vitamins-wellness","11":"first","12":"instock","13":"taxable","14":"shipping-taxable","15":"purchasable","16":"product-type-variable"},"aioseo_notices":[],"_links":{"self":[{"href":"https:\/\/www.selfprotein.com\/es\/wp-json\/wp\/v2\/product\/825"}],"collection":[{"href":"https:\/\/www.selfprotein.com\/es\/wp-json\/wp\/v2\/product"}],"about":[{"href":"https:\/\/www.selfprotein.com\/es\/wp-json\/wp\/v2\/types\/product"}],"wp:featuredmedia":[{"embeddable":true,"href":"https:\/\/www.selfprotein.com\/es\/wp-json\/wp\/v2\/media\/13881"}],"wp:attachment":[{"href":"https:\/\/www.selfprotein.com\/es\/wp-json\/wp\/v2\/media?parent=825"}],"wp:term":[{"taxonomy":"product_cat","embeddable":true,"href":"https:\/\/www.selfprotein.com\/es\/wp-json\/wp\/v2\/product_cat?post=825"},{"taxonomy":"product_tag","embeddable":true,"href":"https:\/\/www.selfprotein.com\/es\/wp-json\/wp\/v2\/product_tag?post=825"}],"curies":[{"name":"wp","href":"https:\/\/api.w.org\/{rel}","templated":true}]}}