{"id":831,"date":"2023-11-27T13:47:49","date_gmt":"2023-11-27T12:47:49","guid":{"rendered":"https:\/\/34.88.231.180\/product\/multivitamin-liquid\/"},"modified":"2026-04-01T00:00:25","modified_gmt":"2026-03-31T22:00:25","slug":"multivitamin-liquid","status":"publish","type":"product","link":"https:\/\/www.selfprotein.com\/es\/producto\/multivitamin-liquid\/","title":{"rendered":"Multivitamin Liquid"},"content":{"rendered":"<p style=\"text-align: left\" align=\"center\"><strong><span lang=\"en-US\">Multivitamin Liquid<\/span><\/strong><\/p>\n<p><span lang=\"en-US\">Multivitamin Liquid es un suplemento diet\u00e9tico formulado para proporcionar una combinaci\u00f3n de vitaminas y minerales esenciales. Este producto est\u00e1 dise\u00f1ado para complementar la dieta de una persona, ayudando a llenar cualquier vac\u00edo nutricional y garantizar una ingesta adecuada de nutrientes cruciales para la salud.<\/span><\/p>\n<p><span lang=\"en-US\">Beneficios del l\u00edquido multivitam\u00ednico:<\/span><\/p>\n<ul>\n<li><strong><span lang=\"en-US\">Relleno de lagunas nutricionales:<\/span><\/strong><span lang=\"en-US\"> El l\u00edquido multivitam\u00ednico le ofrece una forma c\u00f3moda de asegurarse de que obtiene todas las vitaminas y minerales esenciales que su cuerpo necesita, ayud\u00e1ndole a suplir cualquier carencia de su dieta diaria.<\/span><\/li>\n<li><strong><span lang=\"en-US\">Suministro de nutrientes esenciales:<\/span><\/strong><span lang=\"en-US\"> Este suplemento aporta una amplia gama de vitaminas, entre ellas las vitaminas A, C, D, E y del grupo B, junto con minerales como el calcio, el hierro y el zinc, cruciales para el buen funcionamiento del organismo.<\/span><\/li>\n<li><strong><span lang=\"en-US\">Apoyo a la salud en general:<\/span><\/strong><span lang=\"en-US\"> Las vitaminas y minerales que contiene Multivitamin Liquid contribuyen a reforzar una serie de funciones vitales del organismo, desde el sistema inmunitario hasta la salud de los huesos y la piel, y desde la salud del coraz\u00f3n hasta el bienestar general.<\/span><\/li>\n<li><strong><span lang=\"en-US\">Conveniencia en el consumo:<\/span><\/strong><span lang=\"en-US\"> La forma l\u00edquida del multivitam\u00ednico ofrece un modo de consumo f\u00e1cil y r\u00e1pido, ideal para quienes prefieren evitar las pastillas o tienen dificultades para tragarlas.<\/span><\/li>\n<\/ul>\n<p>&nbsp;<\/p>\n<p><span lang=\"en-US\">Es importante recordar que Multivitamin Liquid no sustituye a una dieta equilibrada y variada. Es fundamental seguir una dieta rica en frutas, verduras, prote\u00ednas y cereales integrales para garantizar una ingesta adecuada de nutrientes y promover la salud a largo plazo.<\/span><\/p>\n<p><strong><span lang=\"en-US\">Uso recomendado<\/span><\/strong><\/p>\n<p><span lang=\"en-US\">1 dosis (15 ml) al d\u00eda.<\/span><\/p>\n<p class=\"xmprfx_MsoNormal\"><b>Aviso:<\/b><\/p>\n<ul>\n<li>S\u00f3lo para adultos y no sustituye a una dieta variada y equilibrada ni a un estilo de vida saludable.<\/li>\n<li>No superar la dosis recomendada.<\/li>\n<li>No lo utilice durante la lactancia ni en periodos de embarazo sin consultar al m\u00e9dico.<\/li>\n<li>Conservar el producto en un lugar fresco y seco, en un envase bien cerrado y fuera del alcance de los ni\u00f1os menores de 3 a\u00f1os.<\/li>\n<li>Puede contener trazas de leche, avena, huevo, soja.<\/li>\n<li>Sin Lactosa y Sin Gluten.<\/li>\n<\/ul>","protected":false},"excerpt":{"rendered":"<details>\n<summary>Ingredientes<\/summary>\n<table style=\"text-align: center\">\n<tbody>\n<tr>\n<th>Ingredientes<\/th>\n<th>por 100 ml<\/th>\n<th>por porci\u00f3n 15ml<\/th>\n<th>VRN* por porci\u00f3n<\/th>\n<\/tr>\n<tr>\n<td>Vitamina A (acetato de retinol)<\/td>\n<td>5328\u03bcg<\/td>\n<td>800\u03bcg<\/td>\n<td>100<\/td>\n<\/tr>\n<tr>\n<td>Vitamina D (colecalciferol)<\/td>\n<td>33,3\u03bcg<\/td>\n<td>5\u03bcg<\/td>\n<td>100<\/td>\n<\/tr>\n<tr>\n<td>Vitamina E (D-alfa tocoferol)<\/td>\n<td>79,92 mg<\/td>\n<td>12 mg<\/td>\n<td>100<\/td>\n<\/tr>\n<tr>\n<td>Vitamina C (\u00e1cido asc\u00f3rbico)<\/td>\n<td>532,8mg<\/td>\n<td>80 mg<\/td>\n<td>100<\/td>\n<\/tr>\n<tr>\n<td>Vitamina B1 (Tiamina Hcl)<\/td>\n<td>7,33 mg<\/td>\n<td>1,1mg<\/td>\n<td>100<\/td>\n<\/tr>\n<tr>\n<td>Vitamina B2 (riboflavina)<\/td>\n<td>9,32 mg<\/td>\n<td>1,4 mg<\/td>\n<td>100<\/td>\n<\/tr>\n<tr>\n<td>Vitamina B3 (Nicotinamida)<\/td>\n<td>105,6 mg<\/td>\n<td>16 mg<\/td>\n<td>100<\/td>\n<\/tr>\n<tr>\n<td>Vitamina B6 (Piridoxina Hcl)<\/td>\n<td>9,32 mg<\/td>\n<td>1,4 mg<\/td>\n<td>100<\/td>\n<\/tr>\n<tr>\n<td>\u00c1cido f\u00f3lico<\/td>\n<td>1320\u03bcg<\/td>\n<td>200\u03bcg<\/td>\n<td>100<\/td>\n<\/tr>\n<tr>\n<td>Vitamina B12 (mecobalamina)<\/td>\n<td>16,65\u03bcg<\/td>\n<td>2,5\u03bcg<\/td>\n<td>100<\/td>\n<\/tr>\n<tr>\n<td>Biotina (D-Biotina)<\/td>\n<td>333\u03bcg<\/td>\n<td>50\u03bcg<\/td>\n<td>100<\/td>\n<\/tr>\n<tr>\n<td>\u00c1cido pantot\u00e9nico (calcio-D-pantotenato)<\/td>\n<td>39,96mg<\/td>\n<td>6 mg<\/td>\n<td>100<\/td>\n<\/tr>\n<tr>\n<td>Hierro (hierro fum\u00e1rico)<\/td>\n<td>92,4 mg<\/td>\n<td>14 mg<\/td>\n<td>100<\/td>\n<\/tr>\n<tr>\n<td>Zinc (gluconato de zinc)<\/td>\n<td>66,6 mg<\/td>\n<td>10 mg<\/td>\n<td>100<\/td>\n<\/tr>\n<tr>\n<td>Cobre (gluconato de cobre)<\/td>\n<td>6,6mg<\/td>\n<td>1mg<\/td>\n<td>100<\/td>\n<\/tr>\n<tr>\n<td>Manganeso (gluconato de manganeso)<\/td>\n<td>13,32 mg<\/td>\n<td>2 mg<\/td>\n<td>100<\/td>\n<\/tr>\n<tr>\n<td>Selenio (selenato de sodio)<\/td>\n<td>366,3\u03bcg<\/td>\n<td>55\u03bcg<\/td>\n<td>100<\/td>\n<\/tr>\n<tr>\n<td>Cromo (cloruro de cromo)<\/td>\n<td>266,4\u03bcg<\/td>\n<td>40\u03bcg<\/td>\n<td>100<\/td>\n<\/tr>\n<tr>\n<td>Yodo (yodato de potasio)<\/td>\n<td>999\u03bcg<\/td>\n<td>150\u03bcg<\/td>\n<td>100<\/td>\n<\/tr>\n<tr>\n<td colspan=\"4\"><strong>Otros ingredientes: <\/strong>agua, regulador de la acidez (E296), conservantes (E211,E202), aromas, edulcorante (E955)<\/td>\n<\/tr>\n<tr>\n<td colspan=\"4\"><strong>*%NRV: <\/strong>valor de referencia nutricional<\/td>\n<\/tr>\n<\/tbody>\n<\/table>\n<\/details>\n<p>&nbsp;<\/p>","protected":false},"featured_media":832,"template":"","meta":[],"product_cat":[214],"product_tag":[258],"class_list":{"0":"post-831","1":"product","2":"type-product","3":"status-publish","4":"has-post-thumbnail","6":"product_cat-vitamins-wellness","7":"product_tag-vitamins-wellness","9":"first","10":"instock","11":"taxable","12":"shipping-taxable","13":"purchasable","14":"product-type-simple"},"aioseo_notices":[],"_links":{"self":[{"href":"https:\/\/www.selfprotein.com\/es\/wp-json\/wp\/v2\/product\/831"}],"collection":[{"href":"https:\/\/www.selfprotein.com\/es\/wp-json\/wp\/v2\/product"}],"about":[{"href":"https:\/\/www.selfprotein.com\/es\/wp-json\/wp\/v2\/types\/product"}],"wp:featuredmedia":[{"embeddable":true,"href":"https:\/\/www.selfprotein.com\/es\/wp-json\/wp\/v2\/media\/832"}],"wp:attachment":[{"href":"https:\/\/www.selfprotein.com\/es\/wp-json\/wp\/v2\/media?parent=831"}],"wp:term":[{"taxonomy":"product_cat","embeddable":true,"href":"https:\/\/www.selfprotein.com\/es\/wp-json\/wp\/v2\/product_cat?post=831"},{"taxonomy":"product_tag","embeddable":true,"href":"https:\/\/www.selfprotein.com\/es\/wp-json\/wp\/v2\/product_tag?post=831"}],"curies":[{"name":"wp","href":"https:\/\/api.w.org\/{rel}","templated":true}]}}