{"id":845,"date":"2023-11-27T13:48:08","date_gmt":"2023-11-27T12:48:08","guid":{"rendered":"https:\/\/34.88.231.180\/product\/omega-3-fish-oil\/"},"modified":"2026-05-01T00:24:01","modified_gmt":"2026-04-30T22:24:01","slug":"omega-3-fish-oil","status":"publish","type":"product","link":"https:\/\/www.selfprotein.com\/es\/producto\/omega-3-fish-oil\/","title":{"rendered":"Omega 3 Fish Oil"},"content":{"rendered":"<p style=\"text-align: left;\" align=\"center\"><strong><span lang=\"en-US\">Omega 3<\/span><\/strong><\/p>\n<p><span lang=\"en-US\">Los \u00e1cidos grasos omega-3 son una categor\u00eda de grasas poliinsaturadas conocidas por sus m\u00faltiples beneficios para la salud, incluidos los espec\u00edficos para los deportistas.<\/span><\/p>\n<p><span lang=\"en-US\">Integrar omega-3 en la dieta puede ser especialmente beneficioso para los deportistas, ya que favorece su salud general, la recuperaci\u00f3n muscular y un rendimiento f\u00edsico y cognitivo \u00f3ptimo.<\/span><\/p>\n<p><span lang=\"en-US\">Los beneficios de los omega-3 incluyen:<\/span><\/p>\n<ul>\n<li><strong><span lang=\"en-US\">Reducci\u00f3n de la inflamaci\u00f3n<\/span><\/strong><span lang=\"en-US\"><strong>:<\/strong> Los omega-3 poseen propiedades antiinflamatorias que pueden ayudar a reducir la inflamaci\u00f3n y el dolor asociados a la actividad f\u00edsica intensa, contribuyendo a una r\u00e1pida recuperaci\u00f3n tras el ejercicio.<\/span><\/li>\n<li><strong><span lang=\"en-US\">Mejora de la salud cardiovascular:<\/span><\/strong><span lang=\"en-US\"> Los omega-3 pueden favorecer la salud del coraz\u00f3n y los vasos sangu\u00edneos, esencial para los atletas que practican deportes de resistencia, lo que se traduce en una mayor resistencia y rendimiento.<\/span><\/li>\n<li><strong><span lang=\"en-US\">Apoyo a la s\u00edntesis de prote\u00ednas musculares:<\/span><\/strong><span lang=\"en-US\"> Los omega-3 pueden potenciar la s\u00edntesis de prote\u00ednas musculares, favoreciendo el crecimiento muscular y la recuperaci\u00f3n tras una actividad f\u00edsica intensa, lo que permite a los deportistas mantener una masa muscular \u00f3ptima.<\/span><\/li>\n<li><strong><span lang=\"en-US\">Mejora de la funci\u00f3n cognitiva:<\/span><\/strong><span lang=\"en-US\"> Los omega-3 se asocian a una mejora de la funci\u00f3n cognitiva, incluida la memoria, la atenci\u00f3n y la concentraci\u00f3n, lo que proporciona a los deportistas una ventaja mental durante el entrenamiento y la competici\u00f3n.<\/span><\/li>\n<\/ul>\n<p>&nbsp;<\/p>\n<p><strong><span lang=\"en-US\">Uso recomendado<\/span><\/strong><\/p>\n<p><span lang=\"en-US\">Tomar 3 c\u00e1psulas a lo largo del d\u00eda.<\/span><\/p>\n<p><b>Aviso:<\/b><\/p>\n<ul>\n<li>S\u00f3lo para adultos y no sustituye a una dieta variada y equilibrada ni a un estilo de vida saludable.<\/li>\n<li>No superar la dosis recomendada.<\/li>\n<li>No lo utilice durante la lactancia ni en periodos de embarazo sin consultar al m\u00e9dico.<\/li>\n<li>Conservar el producto en un lugar fresco y seco, en un envase bien cerrado y fuera del alcance de los ni\u00f1os menores de 3 a\u00f1os.<\/li>\n<li>Puede contener trazas de leche, avena, huevo, soja.<\/li>\n<li>Sin Lactosa y Sin Gluten.<\/li>\n<\/ul>","protected":false},"excerpt":{"rendered":"<p>Omega 3 Los \u00e1cidos grasos omega-3 son una categor\u00eda de grasas poliinsaturadas conocidas por sus m\u00faltiples beneficios para la salud, incluidos los espec\u00edficos para los deportistas. Integrar los omega-3 en la dieta puede ser especialmente beneficioso para los deportistas, ya que favorece su salud general, la recuperaci\u00f3n muscular y un rendimiento f\u00edsico y cognitivo \u00f3ptimo. Los beneficios de los omega-3 incluyen Reducci\u00f3n de la inflamaci\u00f3n: Los omega-3 poseen [...]<\/p>","protected":false},"featured_media":12761,"template":"","meta":[],"product_cat":[312,214],"product_tag":[314,258],"class_list":{"0":"post-845","1":"product","2":"type-product","3":"status-publish","4":"has-post-thumbnail","6":"product_cat-health-and-wellness","7":"product_cat-vitamins-wellness","8":"product_tag-health-and-wellness","9":"product_tag-vitamins-wellness","11":"first","12":"instock","13":"taxable","14":"shipping-taxable","15":"purchasable","16":"product-type-variable"},"aioseo_notices":[],"_links":{"self":[{"href":"https:\/\/www.selfprotein.com\/es\/wp-json\/wp\/v2\/product\/845"}],"collection":[{"href":"https:\/\/www.selfprotein.com\/es\/wp-json\/wp\/v2\/product"}],"about":[{"href":"https:\/\/www.selfprotein.com\/es\/wp-json\/wp\/v2\/types\/product"}],"wp:featuredmedia":[{"embeddable":true,"href":"https:\/\/www.selfprotein.com\/es\/wp-json\/wp\/v2\/media\/12761"}],"wp:attachment":[{"href":"https:\/\/www.selfprotein.com\/es\/wp-json\/wp\/v2\/media?parent=845"}],"wp:term":[{"taxonomy":"product_cat","embeddable":true,"href":"https:\/\/www.selfprotein.com\/es\/wp-json\/wp\/v2\/product_cat?post=845"},{"taxonomy":"product_tag","embeddable":true,"href":"https:\/\/www.selfprotein.com\/es\/wp-json\/wp\/v2\/product_tag?post=845"}],"curies":[{"name":"wp","href":"https:\/\/api.w.org\/{rel}","templated":true}]}}