{"id":877,"date":"2023-11-27T13:49:11","date_gmt":"2023-11-27T12:49:11","guid":{"rendered":"https:\/\/34.88.231.180\/product\/probiotic-lactospore\/"},"modified":"2026-05-01T00:24:01","modified_gmt":"2026-04-30T22:24:01","slug":"probiotic-lactospore","status":"publish","type":"product","link":"https:\/\/www.selfprotein.com\/es\/producto\/probiotic-lactospore\/","title":{"rendered":"Lactospora probi\u00f3tica"},"content":{"rendered":"<p><strong>Resumen del producto:<\/strong><\/p>\n<p>Contiene probi\u00f3ticos de muy alta calidad (Bacillus coagulans) hasta 1.000 millones de esporas por c\u00e1psula, el producto ha sido formulado para resistir los \u00e1cidos estomacales. Probi\u00f3tico Lactospore\u00ae tiene como la capacidad de fortalecer el sistema inmunol\u00f3gico, apoyar la digesti\u00f3n y la absorci\u00f3n de nutrientes.<\/p>\n<p><strong>Beneficios clave:<\/strong><\/p>\n<ul>\n<li>Probi\u00f3tico de alta calidad (Bacillus coagulans) 1.000 millones de esporas por c\u00e1psula<\/li>\n<li>Formulado para resistir los \u00e1cidos estomacales<\/li>\n<li>El producto no requiere refrigeraci\u00f3n y es estable a temperatura ambiente.<\/li>\n<li>Refuerza el sistema inmunitario<\/li>\n<li>Favorece la digesti\u00f3n y la absorci\u00f3n de nutrientes<\/li>\n<li>Favorecen el equilibrio natural de la flora intestinal<\/li>\n<\/ul>\n<p>&nbsp;<\/p>\n<p><b>Aviso:<\/b><\/p>\n<ul>\n<li>S\u00f3lo para adultos y no sustituye a una dieta variada y equilibrada ni a un estilo de vida saludable.<\/li>\n<li>No superar la dosis recomendada.<\/li>\n<li>Dosis recomendada : 1 cps al d\u00eda.<\/li>\n<li>No lo utilice durante la lactancia ni en periodos de embarazo sin consultar al m\u00e9dico.<\/li>\n<li>Conservar el producto en un lugar fresco y seco, en un envase bien cerrado y fuera del alcance de los ni\u00f1os menores de 3 a\u00f1os.<\/li>\n<li>Puede contener trazas de leche, avena, huevo, soja.<\/li>\n<li>Sin Lactosa y Sin Gluten.<\/li>\n<\/ul>","protected":false},"excerpt":{"rendered":"<details>\n<summary>Ingredientes<\/summary>\n<table style=\"text-align: center;\">\n<tbody>\n<tr>\n<th>Ingredientes<\/th>\n<th>por 1cps<\/th>\n<\/tr>\n<tr>\n<td>Lactospore\u00ae (Bacillus Coagulans-MTCC 5856)<\/td>\n<td>1.000.000.000<\/td>\n<\/tr>\n<tr>\n<td colspan=\"3\"><strong>Otros ingredientes: <\/strong>inulina, maltodextrina, c\u00e1psula vegana (E1204)<\/td>\n<\/tr>\n<\/tbody>\n<\/table>\n<\/details>\n<p>&nbsp;<\/p>","protected":false},"featured_media":13885,"template":"","meta":[],"product_cat":[312,214],"product_tag":[314,258],"class_list":{"0":"post-877","1":"product","2":"type-product","3":"status-publish","4":"has-post-thumbnail","6":"product_cat-health-and-wellness","7":"product_cat-vitamins-wellness","8":"product_tag-health-and-wellness","9":"product_tag-vitamins-wellness","11":"first","12":"instock","13":"taxable","14":"shipping-taxable","15":"purchasable","16":"product-type-simple"},"aioseo_notices":[],"_links":{"self":[{"href":"https:\/\/www.selfprotein.com\/es\/wp-json\/wp\/v2\/product\/877"}],"collection":[{"href":"https:\/\/www.selfprotein.com\/es\/wp-json\/wp\/v2\/product"}],"about":[{"href":"https:\/\/www.selfprotein.com\/es\/wp-json\/wp\/v2\/types\/product"}],"wp:featuredmedia":[{"embeddable":true,"href":"https:\/\/www.selfprotein.com\/es\/wp-json\/wp\/v2\/media\/13885"}],"wp:attachment":[{"href":"https:\/\/www.selfprotein.com\/es\/wp-json\/wp\/v2\/media?parent=877"}],"wp:term":[{"taxonomy":"product_cat","embeddable":true,"href":"https:\/\/www.selfprotein.com\/es\/wp-json\/wp\/v2\/product_cat?post=877"},{"taxonomy":"product_tag","embeddable":true,"href":"https:\/\/www.selfprotein.com\/es\/wp-json\/wp\/v2\/product_tag?post=877"}],"curies":[{"name":"wp","href":"https:\/\/api.w.org\/{rel}","templated":true}]}}