{"id":883,"date":"2023-11-27T13:51:31","date_gmt":"2023-11-27T12:51:31","guid":{"rendered":"https:\/\/34.88.231.180\/product\/protein-pancake\/"},"modified":"2026-04-22T16:11:23","modified_gmt":"2026-04-22T14:11:23","slug":"protein-pancake","status":"publish","type":"product","link":"https:\/\/www.selfprotein.com\/es\/producto\/protein-pancake\/","title":{"rendered":"Protein Pancake"},"content":{"rendered":"<p style=\"text-align: left;\" align=\"center\" class=\" translation-block\"><strong><span lang=\"en-US\">\u00a0Protein <\/span>Pancake<\/strong><\/p>\n<p><span lang=\"en-US\">La prote\u00edna en polvo para tortitas es una prote\u00edna en polvo especialmente dise\u00f1ada para enriquecer la masa de las tortitas, ofreciendo una alternativa rica en prote\u00ednas a las tortitas tradicionales. Esta innovadora mezcla suele incluir fuentes de prote\u00ednas como la prote\u00edna de suero y la prote\u00edna de huevo, junto con otros ingredientes que aportan una textura y un sabor similares a los de las tortitas tradicionales.<\/span><\/p>\n<p><span lang=\"en-US\">Ventajas de la tortita proteica:<\/span><\/p>\n<ul>\n<li><strong><span lang=\"en-US\">Aumento de la ingesta de prote\u00ednas:<\/span><\/strong><span lang=\"en-US\"> Las tortitas proteicas son una soluci\u00f3n pr\u00e1ctica para aumentar la ingesta diaria de prote\u00ednas, especialmente para quienes tienen dificultades para cubrir sus necesidades proteicas s\u00f3lo con la comida.<\/span><\/li>\n<li><strong><span lang=\"en-US\">Crecimiento y reparaci\u00f3n muscular:<\/span><\/strong><span lang=\"en-US\"> Con un alto contenido en prote\u00ednas, las tortitas proteicas pueden contribuir eficazmente al crecimiento y la reparaci\u00f3n muscular. Este beneficio es especialmente importante para deportistas y personas con un estilo de vida activo.<\/span><\/li>\n<li><strong><span lang=\"en-US\">Energ\u00eda sostenida:<\/span><\/strong><span lang=\"en-US\"> La mezcla de prote\u00ednas e hidratos de carbono de las tortitas proteicas proporciona una fuente de energ\u00eda sostenida, ayudando a mantener unos niveles de energ\u00eda constantes a lo largo del tiempo.<\/span><\/li>\n<li><strong><span lang=\"en-US\">Gesti\u00f3n del peso<\/span><\/strong><span lang=\"en-US\"><strong>:<\/strong> Las tortitas proteicas son una opci\u00f3n favorable para quienes desean controlar su peso, ya que favorecen la sensaci\u00f3n de plenitud y saciedad. Esto puede ser especialmente \u00fatil para controlar la ingesta total de calor\u00edas y promover una dieta equilibrada.<\/span><\/li>\n<\/ul>\n<p>&nbsp;<\/p>\n<p><strong><span lang=\"en-US\">Uso recomendado<\/span><\/strong><\/p>\n<p><span lang=\"en-US\">De 1 a 2 raciones a lo largo del d\u00eda.<\/span><\/p>\n<p><strong>Aviso:<\/strong><\/p>\n<ul>\n<li>Conservar el producto en un lugar fresco y seco, en un envase bien cerrado.<\/li>\n<li>Sin Lactosa y Sin Gluten.<\/li>\n<\/ul>","protected":false},"excerpt":{"rendered":"<details>\n<summary>Informaci\u00f3n nutricional<\/summary>\n<table style=\"text-align: center;\">\n<tbody>\n<tr>\n<th>Informaci\u00f3n nutricional<\/th>\n<th>por 40 g de polvo<\/th>\n<\/tr>\n<tr>\n<td>Energ\u00eda<\/td>\n<td>159kcal(666kj)<\/td>\n<\/tr>\n<tr>\n<td>Grasas<\/td>\n<td>3,9g<\/td>\n<\/tr>\n<tr>\n<td>de los cuales saturados<\/td>\n<td>1g<\/td>\n<\/tr>\n<tr>\n<td>Carbohidratos<\/td>\n<td>13,2g<\/td>\n<\/tr>\n<tr>\n<td>de los cuales az\u00facares<\/td>\n<td>2,3g<\/td>\n<\/tr>\n<tr>\n<td>Protein<\/td>\n<td>16,4g<\/td>\n<\/tr>\n<tr>\n<td>Fibra<\/td>\n<td>2,84g<\/td>\n<\/tr>\n<tr>\n<td>Sal<\/td>\n<td>0,36g<\/td>\n<\/tr>\n<\/tbody>\n<\/table>\n<\/details>\n<p>&nbsp;<\/p>\n<details>\n<summary>Ingredientes<\/summary>\n<table style=\"text-align: center;\">\n<tbody>\n<tr>\n<td colspan=\"3\"><strong>Ingredientes: <\/strong>prote\u00edna de suero sin lactosa (leche), almid\u00f3n de trigo sin gluten, harina de semillas de lino, clara de huevo, huevo entero en polvo, harina de semillas de psyllium, levadura en polvo, pirofosfato dis\u00f3dico (E450a), almid\u00f3n de ma\u00edz, bicabornato s\u00f3dico (E500), sal, agente emulsionante (E471), agente espesante (E412).<\/td>\n<\/tr>\n<\/tbody>\n<\/table>\n<\/details>\n<p>&nbsp;<\/p>","protected":false},"featured_media":11231,"template":"","meta":[],"product_cat":[313,210],"product_tag":[316,223],"class_list":{"0":"post-883","1":"product","2":"type-product","3":"status-publish","4":"has-post-thumbnail","6":"product_cat-protein-snacks-and-fit-food","7":"product_cat-snacks-meal-solutions","8":"product_tag-protein-snacks-fit-food","9":"product_tag-snacks-meal-solutions","11":"first","12":"instock","13":"taxable","14":"shipping-taxable","15":"purchasable","16":"product-type-simple"},"aioseo_notices":[],"_links":{"self":[{"href":"https:\/\/www.selfprotein.com\/es\/wp-json\/wp\/v2\/product\/883"}],"collection":[{"href":"https:\/\/www.selfprotein.com\/es\/wp-json\/wp\/v2\/product"}],"about":[{"href":"https:\/\/www.selfprotein.com\/es\/wp-json\/wp\/v2\/types\/product"}],"wp:featuredmedia":[{"embeddable":true,"href":"https:\/\/www.selfprotein.com\/es\/wp-json\/wp\/v2\/media\/11231"}],"wp:attachment":[{"href":"https:\/\/www.selfprotein.com\/es\/wp-json\/wp\/v2\/media?parent=883"}],"wp:term":[{"taxonomy":"product_cat","embeddable":true,"href":"https:\/\/www.selfprotein.com\/es\/wp-json\/wp\/v2\/product_cat?post=883"},{"taxonomy":"product_tag","embeddable":true,"href":"https:\/\/www.selfprotein.com\/es\/wp-json\/wp\/v2\/product_tag?post=883"}],"curies":[{"name":"wp","href":"https:\/\/api.w.org\/{rel}","templated":true}]}}