{"id":889,"date":"2024-10-26T11:18:44","date_gmt":"2024-10-26T09:18:44","guid":{"rendered":"https:\/\/34.88.231.180\/?post_type=product&#038;p=889"},"modified":"2026-04-01T00:00:37","modified_gmt":"2026-03-31T22:00:37","slug":"proti-snack-protein-bar","status":"publish","type":"product","link":"https:\/\/www.selfprotein.com\/es\/producto\/proti-snack-protein-bar\/","title":{"rendered":"Proti Snack Protein Bar"},"content":{"rendered":"<p style=\"text-align: left;\" align=\"center\"><strong><span lang=\"en-US\">Proti Snack Protein Bar<\/span><\/strong><\/p>\n<p><span lang=\"en-US\">Proti Snack es una barrita proteica dise\u00f1ada para proporcionar una dosis significativa de prote\u00ednas, formulada para complementar la ingesta diaria de prote\u00ednas o proporcionar una fuente nutritiva de prote\u00ednas antes o despu\u00e9s del ejercicio f\u00edsico. Este snack se ha convertido en una elecci\u00f3n popular entre atletas, entusiastas del fitness y aquellos que buscan aumentar la ingesta de prote\u00ednas en su dieta.<\/span><\/p>\n<p><span lang=\"en-US\">Beneficios de la barrita proteica Proti Snack:<\/span><\/p>\n<ul>\n<li><strong><span lang=\"en-US\">Alto contenido en prote\u00ednas:<\/span><\/strong><span lang=\"en-US\"> Las barritas Proti Snack aportan una cantidad sustancial de prote\u00ednas de alta calidad, esenciales para la recuperaci\u00f3n muscular, el crecimiento y la salud en general.<\/span><\/li>\n<li><strong><span lang=\"en-US\">Apoyo a la actividad f\u00edsica:<\/span><\/strong><span lang=\"en-US\"> Por su contenido en prote\u00ednas, las barritas Proti Snack son una excelente opci\u00f3n antes o despu\u00e9s de la actividad f\u00edsica, ya que ayudan a la recuperaci\u00f3n muscular y reducen la fatiga.<\/span><\/li>\n<li><strong><span lang=\"en-US\">Conveniencia<\/span><\/strong><span lang=\"en-US\"><strong>:<\/strong> Proti Snack es un tentempi\u00e9 c\u00f3modo y port\u00e1til, perfecto para quienes se desplazan y necesitan una fuente r\u00e1pida de prote\u00ednas a lo largo del d\u00eda.<\/span><\/li>\n<li><strong><span lang=\"en-US\">Varias opciones:<\/span><\/strong><span lang=\"en-US\"> Con una amplia gama de sabores disponibles, las barritas Proti Snack ofrecen una elecci\u00f3n personalizada que se adapta a los gustos individuales, facilitando la integraci\u00f3n de las prote\u00ednas en la dieta diaria con placer.<\/span><\/li>\n<\/ul>\n<p>&nbsp;<\/p>\n<p><strong><span lang=\"en-US\">Uso recomendado<\/span><\/strong><\/p>\n<p><span lang=\"en-US\">1-2 barritas al d\u00eda seg\u00fan necesidad.<\/span><\/p>\n<p><strong>Aviso:<\/strong><\/p>\n<ul>\n<li>Producido en una instalaci\u00f3n que utiliza huevos, cacahuetes y otros frutos de c\u00e1scara.<\/li>\n<\/ul>\n<p>&nbsp;<\/p>","protected":false},"excerpt":{"rendered":"<p>Proti Snack Protein Bar Proti Snack es una barrita proteica dise\u00f1ada para proporcionar una dosis significativa de prote\u00ednas, formulada para complementar la ingesta diaria de prote\u00ednas o proporcionar una fuente nutritiva de prote\u00ednas antes o despu\u00e9s del ejercicio f\u00edsico. Este snack se ha convertido en una elecci\u00f3n popular entre atletas, entusiastas del fitness y aquellos que buscan aumentar la ingesta de prote\u00ednas en su [...]<\/p>","protected":false},"featured_media":891,"template":"","meta":[],"product_cat":[313,210],"product_tag":[316,223],"class_list":{"0":"post-889","1":"product","2":"type-product","3":"status-publish","4":"has-post-thumbnail","6":"product_cat-protein-snacks-and-fit-food","7":"product_cat-snacks-meal-solutions","8":"product_tag-protein-snacks-fit-food","9":"product_tag-snacks-meal-solutions","11":"first","12":"instock","13":"taxable","14":"shipping-taxable","15":"purchasable","16":"product-type-variable"},"aioseo_notices":[],"_links":{"self":[{"href":"https:\/\/www.selfprotein.com\/es\/wp-json\/wp\/v2\/product\/889"}],"collection":[{"href":"https:\/\/www.selfprotein.com\/es\/wp-json\/wp\/v2\/product"}],"about":[{"href":"https:\/\/www.selfprotein.com\/es\/wp-json\/wp\/v2\/types\/product"}],"wp:featuredmedia":[{"embeddable":true,"href":"https:\/\/www.selfprotein.com\/es\/wp-json\/wp\/v2\/media\/891"}],"wp:attachment":[{"href":"https:\/\/www.selfprotein.com\/es\/wp-json\/wp\/v2\/media?parent=889"}],"wp:term":[{"taxonomy":"product_cat","embeddable":true,"href":"https:\/\/www.selfprotein.com\/es\/wp-json\/wp\/v2\/product_cat?post=889"},{"taxonomy":"product_tag","embeddable":true,"href":"https:\/\/www.selfprotein.com\/es\/wp-json\/wp\/v2\/product_tag?post=889"}],"curies":[{"name":"wp","href":"https:\/\/api.w.org\/{rel}","templated":true}]}}