{"id":913,"date":"2024-01-24T16:00:04","date_gmt":"2024-01-24T15:00:04","guid":{"rendered":"https:\/\/34.88.231.180\/?post_type=product&#038;p=913"},"modified":"2026-05-01T00:24:04","modified_gmt":"2026-04-30T22:24:04","slug":"pure-vitargo","status":"publish","type":"product","link":"https:\/\/www.selfprotein.com\/es\/producto\/pure-vitargo\/","title":{"rendered":"Pure Vitargo"},"content":{"rendered":"<p style=\"text-align: left;\" align=\"center\"><strong><span lang=\"en-US\">Pure Vitargo<\/span><\/strong><\/p>\n<p><span lang=\"en-US\">Vitargo es un suplemento deportivo formulado con un tipo particular de carbohidrato de alto peso molecular, dise\u00f1ado para proporcionar energ\u00eda r\u00e1pida y sostenida a atletas y personas activas durante la actividad f\u00edsica. Conocido por su r\u00e1pida absorci\u00f3n y su capacidad para mejorar el rendimiento, Vitargo se ha hecho popular entre quienes buscan un apoyo energ\u00e9tico \u00f3ptimo para sus actividades deportivas y de fitness.<\/span><\/p>\n<p><span lang=\"en-US\">Ventajas de Vitargo:<\/span><\/p>\n<ul>\n<li><strong><span lang=\"en-US\">Proporciona energ\u00eda r\u00e1pida y sostenida:<\/span><\/strong><span lang=\"en-US\"> Gracias a su formulaci\u00f3n con almid\u00f3n de alto peso molecular, Vitargo ofrece una fuente de energ\u00eda r\u00e1pida y sostenida, ideal para cubrir las necesidades energ\u00e9ticas durante entrenamientos intensos y competiciones.<\/span><\/li>\n<li><strong><span lang=\"en-US\">Absorci\u00f3n r\u00e1pida y eficaz:<\/span><\/strong><span lang=\"en-US\"> Se sabe que Vitargo se absorbe m\u00e1s r\u00e1pida y eficazmente que otros hidratos de carbono, lo que permite a los deportistas reponer energ\u00eda r\u00e1pidamente sin causar molestias gastrointestinales durante el ejercicio.<\/span><\/li>\n<li><strong><span lang=\"en-US\">Mejora el rendimiento deportivo:<\/span><\/strong><span lang=\"en-US\"> Tomar Vitargo puede contribuir a mejorar el rendimiento deportivo al proporcionar una fuente r\u00e1pida de energ\u00eda, lo que permite a los atletas mantener esfuerzos intensos y prolongados con mayor vigor y resistencia.<\/span><\/li>\n<li><strong><span lang=\"en-US\">Reduce los tiempos de recuperaci\u00f3n:<\/span><\/strong><span lang=\"en-US\"> Los estudios han demostrado que el uso de Vitargo puede ayudar a reducir los tiempos de recuperaci\u00f3n tras el ejercicio, permitiendo que los m\u00fasculos se recuperen m\u00e1s r\u00e1pidamente y prepar\u00e1ndolos para las sesiones de entrenamiento posteriores.<\/span><\/li>\n<li><strong><span lang=\"en-US\">Minimiza el da\u00f1o muscular:<\/span><\/strong><span lang=\"en-US\"> La suplementaci\u00f3n con Vitargo tambi\u00e9n puede ayudar a reducir el da\u00f1o muscular causado por el ejercicio intenso, promoviendo una mejor reparaci\u00f3n y regeneraci\u00f3n muscular en el periodo post-entrenamiento.<\/span><\/li>\n<\/ul>\n<p><\/p>\n<p><strong><span lang=\"en-US\">Uso recomendado<\/span><\/strong><\/p>\n<p><span lang=\"en-US\">Consumir una raci\u00f3n inmediatamente despu\u00e9s de la actividad f\u00edsica.<\/span>\n<\/p>\n<p><\/p>\n<p><strong>Aviso:<\/strong><\/p>\n<ul>\n<li>Conservar el producto en un lugar fresco y seco, en un envase bien cerrado.<\/li>\n<li>Puede contener trazas de avena, huevo, soja y leche.<\/li>\n<li>Sin Lactosa y Sin Gluten.<\/li>\n<\/ul>","protected":false},"excerpt":{"rendered":"<details>\n<summary>Informaci\u00f3n nutricional<\/summary>\n<table style=\"text-align: center;\">\n<tbody>\n<tr>\n<th>Informaci\u00f3n nutricional<\/th>\n<th>por 100 g<\/th>\n<th>por 75 g<\/th>\n<\/tr>\n<tr>\n<td>Energ\u00eda<\/td>\n<td>371kcal\/(1581kj)<\/td>\n<td>278kcal\/(1186kj)<\/td>\n<\/tr>\n<tr>\n<td>Grasas<\/td>\n<td>0g<\/td>\n<td>0g<\/td>\n<\/tr>\n<tr>\n<td>de los cuales saturados<\/td>\n<td>0g<\/td>\n<td>0g<\/td>\n<\/tr>\n<tr>\n<td>Carbohidratos<\/td>\n<td>93g<\/td>\n<td>69,75g<\/td>\n<\/tr>\n<tr>\n<td>de los cuales az\u00facares<\/td>\n<td>0g<\/td>\n<td>0g<\/td>\n<\/tr>\n<tr>\n<td>Protein<\/td>\n<td>0g<\/td>\n<td>0g<\/td>\n<\/tr>\n<tr>\n<td>Fibras alimentarias<\/td>\n<td>0g<\/td>\n<td>0g<\/td>\n<\/tr>\n<tr>\n<td>Sal<\/td>\n<td>0,1g<\/td>\n<td>0,075g<\/td>\n<\/tr>\n<\/tbody>\n<\/table>\n<\/details>\n<p><\/p>\n<details>\n<summary>Ingredientes<\/summary>\n<table style=\"text-align: center;\">\n<tbody>\n<tr>\n<td><strong>Ingredientes: <\/strong>100% vitargo\u00ae (m\u00e1s)<\/td>\n<\/tr>\n<\/tbody>\n<\/table>\n<\/details>\n<p><\/p>","protected":false},"featured_media":914,"template":"","meta":[],"product_cat":[310,217],"product_tag":[315,230],"class_list":{"0":"post-913","1":"product","2":"type-product","3":"status-publish","4":"has-post-thumbnail","6":"product_cat-performance-and-endurance","7":"product_cat-pre-workout-energy","8":"product_tag-performance-and-endurance","9":"product_tag-pre-workout-energy","11":"first","12":"instock","13":"taxable","14":"shipping-taxable","15":"purchasable","16":"product-type-simple"},"aioseo_notices":[],"_links":{"self":[{"href":"https:\/\/www.selfprotein.com\/es\/wp-json\/wp\/v2\/product\/913"}],"collection":[{"href":"https:\/\/www.selfprotein.com\/es\/wp-json\/wp\/v2\/product"}],"about":[{"href":"https:\/\/www.selfprotein.com\/es\/wp-json\/wp\/v2\/types\/product"}],"wp:featuredmedia":[{"embeddable":true,"href":"https:\/\/www.selfprotein.com\/es\/wp-json\/wp\/v2\/media\/914"}],"wp:attachment":[{"href":"https:\/\/www.selfprotein.com\/es\/wp-json\/wp\/v2\/media?parent=913"}],"wp:term":[{"taxonomy":"product_cat","embeddable":true,"href":"https:\/\/www.selfprotein.com\/es\/wp-json\/wp\/v2\/product_cat?post=913"},{"taxonomy":"product_tag","embeddable":true,"href":"https:\/\/www.selfprotein.com\/es\/wp-json\/wp\/v2\/product_tag?post=913"}],"curies":[{"name":"wp","href":"https:\/\/api.w.org\/{rel}","templated":true}]}}