{"id":916,"date":"2023-11-27T13:52:32","date_gmt":"2023-11-27T12:52:32","guid":{"rendered":"https:\/\/34.88.231.180\/product\/real-creatine\/"},"modified":"2026-05-04T09:19:07","modified_gmt":"2026-05-04T07:19:07","slug":"creatine","status":"publish","type":"product","link":"https:\/\/www.selfprotein.com\/es\/producto\/creatine\/","title":{"rendered":"Creatine"},"content":{"rendered":"<p style=\"text-align: left;\" align=\"center\"><strong><span lang=\"en-US\">Creatine<\/span><\/strong><\/p>\n<p><span lang=\"en-US\">Descubra el poder de la creatina, un compuesto natural que se encuentra en peque\u00f1as cantidades en alimentos como la carne y el pescado y que est\u00e1 disponible como suplemento diet\u00e9tico. La creatina, almacenada en los m\u00fasculos en forma de fosfocreatina, es una fuente vital de energ\u00eda durante actividades de alta intensidad y corta duraci\u00f3n, como el levantamiento de pesas y el sprint. No es de extra\u00f1ar que se haya convertido en un suplemento popular entre los atletas que buscan maximizar su fuerza y rendimiento f\u00edsico.<\/span><\/p>\n<p><span lang=\"en-US\">Con sus numerosos beneficios, la creatina se ha ganado una merecida reputaci\u00f3n como uno de los suplementos m\u00e1s eficaces para mejorar la fuerza, el rendimiento y la composici\u00f3n corporal, ofreciendo a los atletas una ventaja significativa en la consecuci\u00f3n de sus objetivos f\u00edsicos y deportivos.<\/span><\/p>\n<p><span lang=\"en-US\">Beneficios de la creatina:<\/span><\/p>\n<ul>\n<li><strong><span lang=\"en-US\">Aumento de la fuerza muscular:<\/span><\/strong><span lang=\"en-US\"> La incorporaci\u00f3n de creatina a su dieta puede aumentar la fuerza muscular, permiti\u00e9ndole levantar pesos m\u00e1s pesados y realizar ejercicios de alta intensidad con mayor facilidad.<\/span><\/li>\n<li><strong><span lang=\"en-US\">Mejora del rendimiento deportivo:<\/span><\/strong><span lang=\"en-US\"> Los atletas que toman creatina suelen experimentar mejoras significativas en su rendimiento, especialmente en actividades anaer\u00f3bicas como el levantamiento de pesas y los sprints.<\/span><\/li>\n<li><strong><span lang=\"en-US\">Recuperaci\u00f3n acelerada:<\/span><\/strong><span lang=\"en-US\"> La creatina puede contribuir a acelerar el proceso de recuperaci\u00f3n muscular reduciendo el dolor muscular y la fatiga despu\u00e9s del ejercicio, lo que permite volver a los entrenamientos intensos m\u00e1s r\u00e1pidamente.<\/span><\/li>\n<li><strong><span lang=\"en-US\">Aumento de la masa muscular:<\/span><\/strong><span lang=\"en-US\"> Al integrar la creatina en tu rutina de entrenamiento, puedes estimular el crecimiento muscular, consiguiendo resultados m\u00e1s visibles y significativos en la ganancia de masa muscular magra.<\/span><\/li>\n<li><strong><span lang=\"en-US\">F\u00e1cil de usar:<\/span><\/strong><span lang=\"en-US\"> La creatina es f\u00e1cil de incorporar a la dieta, ya sea a trav\u00e9s de alimentos naturales o de suplementos disponibles en diversas formas, lo que la convierte en una opci\u00f3n conveniente para deportistas de todos los niveles de experiencia.<\/span><\/li>\n<\/ul>\n<p>&nbsp;<\/p>\n<p><strong><span lang=\"en-US\">Uso recomendado<\/span><\/strong><\/p>\n<p><span lang=\"en-US\">1 raci\u00f3n 30-45 minutos antes del entrenamiento o durante el d\u00eda.<\/span><\/p>\n<p><b>Aviso:<\/b><\/p>\n<ul>\n<li>S\u00f3lo para adultos y no sustituye a una dieta variada y equilibrada ni a un estilo de vida saludable.<\/li>\n<li>No superar la dosis recomendada.<\/li>\n<li>No lo utilice durante la lactancia ni en periodos de embarazo sin consultar al m\u00e9dico.<\/li>\n<li>Conservar el producto en un lugar fresco y seco, en un envase bien cerrado y fuera del alcance de los ni\u00f1os menores de 3 a\u00f1os.<\/li>\n<li>Puede contener trazas de leche, avena, huevo , soja.<\/li>\n<li>Sin Lactosa y Sin Gluten.<\/li>\n<\/ul>","protected":false},"excerpt":{"rendered":"<p>Creatina Descubra el poder de la creatina, un compuesto natural que se encuentra en peque\u00f1as cantidades en alimentos como la carne y el pescado y que est\u00e1 disponible como suplemento diet\u00e9tico. La creatina, almacenada en los m\u00fasculos en forma de fosfocreatina, es una fuente vital de energ\u00eda durante las actividades de alta intensidad y corta duraci\u00f3n, como el levantamiento de pesas y el sprint. No es de extra\u00f1ar que se haya convertido en un popular [...]<\/p>","protected":false},"featured_media":5631,"template":"","meta":[],"product_cat":[151,308],"product_tag":[161,318],"class_list":{"0":"post-916","1":"product","2":"type-product","3":"status-publish","4":"has-post-thumbnail","6":"product_cat-amino-acids-creatine","7":"product_cat-strength-and-muscle-mass","8":"product_tag-amino-acids-creatine","9":"product_tag-strength-and-muscle-mass","11":"first","12":"instock","13":"sale","14":"taxable","15":"shipping-taxable","16":"purchasable","17":"product-type-variable"},"aioseo_notices":[],"_links":{"self":[{"href":"https:\/\/www.selfprotein.com\/es\/wp-json\/wp\/v2\/product\/916"}],"collection":[{"href":"https:\/\/www.selfprotein.com\/es\/wp-json\/wp\/v2\/product"}],"about":[{"href":"https:\/\/www.selfprotein.com\/es\/wp-json\/wp\/v2\/types\/product"}],"wp:featuredmedia":[{"embeddable":true,"href":"https:\/\/www.selfprotein.com\/es\/wp-json\/wp\/v2\/media\/5631"}],"wp:attachment":[{"href":"https:\/\/www.selfprotein.com\/es\/wp-json\/wp\/v2\/media?parent=916"}],"wp:term":[{"taxonomy":"product_cat","embeddable":true,"href":"https:\/\/www.selfprotein.com\/es\/wp-json\/wp\/v2\/product_cat?post=916"},{"taxonomy":"product_tag","embeddable":true,"href":"https:\/\/www.selfprotein.com\/es\/wp-json\/wp\/v2\/product_tag?post=916"}],"curies":[{"name":"wp","href":"https:\/\/api.w.org\/{rel}","templated":true}]}}