{"id":923,"date":"2023-11-27T13:52:49","date_gmt":"2023-11-27T12:52:49","guid":{"rendered":"https:\/\/34.88.231.180\/product\/ripped-burn\/"},"modified":"2026-05-01T00:24:04","modified_gmt":"2026-04-30T22:24:04","slug":"ripped-burn","status":"publish","type":"product","link":"https:\/\/www.selfprotein.com\/es\/producto\/ripped-burn\/","title":{"rendered":"Ripped Burn"},"content":{"rendered":"<p style=\"text-align: left\" align=\"center\"><strong><span lang=\"en-US\">Ripped Burn<\/span><\/strong><\/p>\n<p><span lang=\"en-US\">Ripped Burn es un complemento dise\u00f1ado para favorecer la p\u00e9rdida de peso y el adelgazamiento mediante una serie de acciones espec\u00edficas sobre el metabolismo y el apetito. Formulado para aumentar el metabolismo de las grasas, reducir la absorci\u00f3n de grasas e hidratos de carbono, favorecer la eliminaci\u00f3n del exceso de l\u00edquidos y disminuir el apetito, Ripped Burn se presenta como una soluci\u00f3n completa para quienes buscan alcanzar eficazmente sus objetivos de p\u00e9rdida de peso.<\/span><\/p>\n<p><span lang=\"en-US\">Beneficios de Ripped Burn:<\/span><\/p>\n<ul>\n<li><strong><span lang=\"en-US\">Aumento del metabolismo de las grasas:<\/span><\/strong><span lang=\"en-US\"> Ripped Burn est\u00e1 dise\u00f1ado para aumentar el metabolismo de las grasas, ayudando al cuerpo a quemar m\u00e1s calor\u00edas y a utilizar las reservas de grasa como fuente de energ\u00eda.<\/span><\/li>\n<li><strong><span lang=\"en-US\">Reducci\u00f3n de la absorci\u00f3n de grasas y carbohidratos:<\/span><\/strong><span lang=\"en-US\"> Este suplemento ayuda a reducir la absorci\u00f3n de grasas e hidratos de carbono durante la digesti\u00f3n, limitando as\u00ed la acumulaci\u00f3n de grasa corporal.<\/span><\/li>\n<li><strong><span lang=\"en-US\">Eliminaci\u00f3n del exceso de l\u00edquidos:<\/span><\/strong><span lang=\"en-US\"> Ripped Burn favorece la eliminaci\u00f3n del exceso de l\u00edquidos, reduciendo la hinchaz\u00f3n y mejorando la definici\u00f3n muscular.<\/span><\/li>\n<li><strong><span lang=\"en-US\">Aumento del gasto cal\u00f3rico:<\/span><\/strong><span lang=\"en-US\"> Gracias a su formulaci\u00f3n, Ripped Burn aumenta el gasto cal\u00f3rico, contribuyendo a una mayor p\u00e9rdida de peso y a un aumento de la energ\u00eda.<\/span><\/li>\n<li><strong><span lang=\"en-US\">Reducci\u00f3n del apetito:<\/span><\/strong><span lang=\"en-US\"> Este suplemento ayuda a reducir el apetito, facilitando el control de las porciones y el mantenimiento de una dieta equilibrada.<\/span><\/li>\n<li><strong><span lang=\"en-US\">Sin gluten ni lactosa:<\/span><\/strong><span lang=\"en-US\"> Ripped Burn no contiene gluten ni lactosa, por lo que es apto para quienes siguen una dieta sin estos componentes.<\/span><\/li>\n<\/ul>\n<p>&nbsp;<\/p>\n<p><strong><span lang=\"en-US\">Uso recomendado<\/span><\/strong><\/p>\n<p><span lang=\"en-US\">Alto contenido en cafe\u00edna, 200 mg por porci\u00f3n.<\/span><\/p>\n<p><span lang=\"en-US\">1 raci\u00f3n antes del desayuno y 1 antes de la comida.<\/span><\/p>\n<p><b>Aviso:<\/b><\/p>\n<ul>\n<li>S\u00f3lo para adultos y no sustituye a una dieta variada y equilibrada ni a un estilo de vida saludable.<\/li>\n<li>No superar la dosis recomendada.<\/li>\n<li>No lo utilice durante la lactancia ni en periodos de embarazo sin consultar al m\u00e9dico.<\/li>\n<li>Conservar el producto en un lugar fresco y seco, en un envase bien cerrado y fuera del alcance de los ni\u00f1os menores de 3 a\u00f1os.<\/li>\n<li>Puede contener trazas de leche, avena, huevo, soja.<\/li>\n<li>Sin Lactosa y Sin Gluten.<\/li>\n<\/ul>","protected":false},"excerpt":{"rendered":"<details>\n<summary>Ingredientes<\/summary>\n<table style=\"text-align: center\">\n<tbody>\n<tr>\n<th>Ingredientes<\/th>\n<th>por porci\u00f3n 2 cps<\/th>\n<th>%NRV<\/th>\n<\/tr>\n<tr>\n<td>Yerba Mate e.s (Ilex Paraguanensis, folium)<\/td>\n<td>300 mg<\/td>\n<td><\/td>\n<\/tr>\n<tr>\n<td>Inositol<\/td>\n<td>200 mg<\/td>\n<td><\/td>\n<\/tr>\n<tr>\n<td>Colina (bitartrato)<\/td>\n<td>200 mg<\/td>\n<td><\/td>\n<\/tr>\n<tr>\n<td>Cafe\u00edna (total)<\/td>\n<td>200 mg<\/td>\n<td><\/td>\n<\/tr>\n<tr>\n<td>Coleus Forskohlii e.s (30% Forskolin) (Plectranthus Barbatus, radix)<\/td>\n<td>150 mg<\/td>\n<td><\/td>\n<\/tr>\n<tr>\n<td>Garcinia Cambogia e.s (40% HCA) fructosa<\/td>\n<td>100 mg<\/td>\n<td><\/td>\n<\/tr>\n<tr>\n<td>T\u00e9 negro (Camellia Sinensis, folium)<\/td>\n<td>100 mg<\/td>\n<td><\/td>\n<\/tr>\n<tr>\n<td>Rhodiola Rosea e.s (2% Rosavin) (Rhodiola Rosea, radix)<\/td>\n<td>100 mg<\/td>\n<td><\/td>\n<\/tr>\n<tr>\n<td>T\u00e9 verde e.s (Camellia Sinensis, folium)<\/td>\n<td>80 mg<\/td>\n<td><\/td>\n<\/tr>\n<tr>\n<td>Capsicum Annum Fructus e.s<\/td>\n<td>50 mg<\/td>\n<td><\/td>\n<\/tr>\n<tr>\n<td>Grano de caf\u00e9 verde e.s (Coffea Arabica, semen)<\/td>\n<td>25 mg<\/td>\n<td><\/td>\n<\/tr>\n<tr>\n<td>Wakame e.s (30% Fucoxanthin) (Undaria Pinnatifida, talo)<\/td>\n<td>20 mg<\/td>\n<td><\/td>\n<\/tr>\n<tr>\n<td>Piper Nigrum fructus e.s (95% Piperina)<\/td>\n<td>4 mg<\/td>\n<td><\/td>\n<\/tr>\n<tr>\n<td>Vitamina B6 (Piridoxina Hcl)<\/td>\n<td>1,4 mg<\/td>\n<td>(100%*)<\/td>\n<\/tr>\n<tr>\n<td>\u00c1cido f\u00f3lico<\/td>\n<td>200\u03bcg<\/td>\n<td>(50%*)<\/td>\n<\/tr>\n<tr>\n<td colspan=\"3\"><strong>Otros ingredientes: <\/strong>estabilizantes (E953, E470b, E551), c\u00e1psula vegana (E1204)<\/td>\n<\/tr>\n<tr>\n<td colspan=\"3\"><strong>*NRV: <\/strong>valor de referencia nutricional<\/td>\n<\/tr>\n<\/tbody>\n<\/table>\n<\/details>\n<p>&nbsp;<\/p>","protected":false},"featured_media":15309,"template":"","meta":[],"product_cat":[155,309],"product_tag":[163,319],"class_list":{"0":"post-923","1":"product","2":"type-product","3":"status-publish","4":"has-post-thumbnail","6":"product_cat-weight-control-metabolism","7":"product_cat-weight-management-and-definition","8":"product_tag-weight-control-metabolism","9":"product_tag-weight-management-and-definition","11":"first","12":"instock","13":"taxable","14":"shipping-taxable","15":"purchasable","16":"product-type-simple"},"aioseo_notices":[],"_links":{"self":[{"href":"https:\/\/www.selfprotein.com\/es\/wp-json\/wp\/v2\/product\/923"}],"collection":[{"href":"https:\/\/www.selfprotein.com\/es\/wp-json\/wp\/v2\/product"}],"about":[{"href":"https:\/\/www.selfprotein.com\/es\/wp-json\/wp\/v2\/types\/product"}],"wp:featuredmedia":[{"embeddable":true,"href":"https:\/\/www.selfprotein.com\/es\/wp-json\/wp\/v2\/media\/15309"}],"wp:attachment":[{"href":"https:\/\/www.selfprotein.com\/es\/wp-json\/wp\/v2\/media?parent=923"}],"wp:term":[{"taxonomy":"product_cat","embeddable":true,"href":"https:\/\/www.selfprotein.com\/es\/wp-json\/wp\/v2\/product_cat?post=923"},{"taxonomy":"product_tag","embeddable":true,"href":"https:\/\/www.selfprotein.com\/es\/wp-json\/wp\/v2\/product_tag?post=923"}],"curies":[{"name":"wp","href":"https:\/\/api.w.org\/{rel}","templated":true}]}}