{"id":936,"date":"2023-11-27T13:53:04","date_gmt":"2023-11-27T12:53:04","guid":{"rendered":"https:\/\/34.88.231.180\/product\/soy-protein-isolate\/"},"modified":"2026-04-22T16:17:59","modified_gmt":"2026-04-22T14:17:59","slug":"soy-protein-isolate","status":"publish","type":"product","link":"https:\/\/www.selfprotein.com\/es\/producto\/soy-protein-isolate\/","title":{"rendered":"Soy Protein Isolate"},"content":{"rendered":"<p style=\"text-align: left;\" align=\"center\"><strong><span lang=\"en-US\">Prote\u00edna de soja<\/span><\/strong><\/p>\n<p><span lang=\"en-US\">El aislado de prote\u00edna de soja es un concentrado proteico extra\u00eddo de la soja, conocido por su riqueza en nutrientes y su versatilidad en la administraci\u00f3n de suplementos diet\u00e9ticos. Este extracto proteico se obtiene mediante un proceso que elimina la mayor\u00eda de los componentes no proteicos de la soja, como la fibra y los hidratos de carbono, dejando un polvo altamente concentrado de prote\u00ednas. Este art\u00edculo explorar\u00e1 los beneficios nutricionales y para la salud del aislado de prote\u00edna de soja.<\/span><\/p>\n<p><span lang=\"en-US\">Ventajas del producto:<\/span><\/p>\n<ul>\n<li><strong><span lang=\"en-US\">Fuente completa de prote\u00ednas<\/span><\/strong><span lang=\"en-US\"><strong>:<\/strong> El aislado de prote\u00edna de soja aporta todos los amino\u00e1cidos esenciales necesarios para el buen funcionamiento del cuerpo humano. Al ser una prote\u00edna completa, puede ser una opci\u00f3n ideal para quienes siguen dietas vegetarianas o veganas.<\/span><\/li>\n<li><strong><span lang=\"en-US\">Rico en nutrientes<\/span><\/strong><span lang=\"en-US\"><strong>:<\/strong> Adem\u00e1s de prote\u00ednas, el aislado de prote\u00edna de soja es una fuente importante de otros nutrientes esenciales, como hierro y calcio. Estos nutrientes son cruciales para la salud \u00f3sea, la formaci\u00f3n de la sangre y muchas otras funciones vitales del organismo.<\/span><\/li>\n<li><strong><span lang=\"en-US\">Beneficios para la salud del coraz\u00f3n:<\/span><\/strong><span lang=\"en-US\"> Estudios recientes sugieren que incluir prote\u00ednas de soja en la dieta puede ayudar a reducir el riesgo de cardiopat\u00edas. El aislado de prote\u00edna de soja contiene compuestos beneficiosos, como las isoflavonas, que pueden favorecer la salud del coraz\u00f3n a trav\u00e9s de diversos mecanismos, entre ellos la reducci\u00f3n de los niveles de colesterol malo (LDL) en sangre.<\/span><\/li>\n<li><strong><span lang=\"en-US\">Control del peso:<\/span><\/strong><span lang=\"en-US\"> Con su alta concentraci\u00f3n de prote\u00ednas y su baja cantidad de grasas e hidratos de carbono, el aislado de prote\u00edna de soja puede ser un valioso aliado en el control del peso. Las prote\u00ednas pueden ayudar a mantener la sensaci\u00f3n de saciedad durante m\u00e1s tiempo, reduciendo as\u00ed el apetito y contribuyendo al control de las calor\u00edas.<\/span><\/li>\n<li><strong><span lang=\"en-US\">Sostenibilidad medioambiental:<\/span><\/strong><span lang=\"en-US\"> La producci\u00f3n de aislado de prote\u00edna de soja requiere menos recursos en comparaci\u00f3n con la producci\u00f3n de prote\u00ednas animales, lo que contribuye a reducir el impacto medioambiental global de la dieta.<\/span><\/li>\n<\/ul>\n<p>&nbsp;<\/p>\n<p><strong><span lang=\"en-US\">Uso recomendado<\/span><\/strong><\/p>\n<p><span lang=\"en-US\">De 1 a 3 raciones al d\u00eda en funci\u00f3n de las necesidades individuales y teniendo en cuenta otras fuentes de prote\u00ednas en la dieta.<\/span><\/p>\n<p><b>Aviso:<\/b><\/p>\n<ul>\n<li>No superar la dosis recomendada.<\/li>\n<li>Dosis recomendada : 1-3 raciones al d\u00eda en funci\u00f3n de las necesidades y teniendo en cuenta las otras fuentes de prote\u00ednas aportadas por la dieta.<\/li>\n<li>Conservar el producto en un lugar fresco y seco, en un envase bien cerrado.<\/li>\n<li>Contiene soja.<\/li>\n<li>Puede contener trazas de avena, huevo y leche.<\/li>\n<li>Sin Lactosa y Sin Gluten.<\/li>\n<\/ul>","protected":false},"excerpt":{"rendered":"<p>Prote\u00edna de soja El aislado de prote\u00edna de soja es un concentrado proteico extra\u00eddo de la soja, conocido por su riqueza en nutrientes y su versatilidad en la suplementaci\u00f3n diet\u00e9tica. Este extracto proteico se obtiene mediante un proceso que elimina la mayor\u00eda de los componentes no proteicos de la soja, como la fibra y los carbohidratos, dejando un polvo altamente concentrado de prote\u00ednas. Este art\u00edculo [...]<\/p>","protected":false},"featured_media":11926,"template":"","meta":[],"product_cat":[158,308],"product_tag":[18,318],"class_list":{"0":"post-936","1":"product","2":"type-product","3":"status-publish","4":"has-post-thumbnail","6":"product_cat-proteins","7":"product_cat-strength-and-muscle-mass","8":"product_tag-proteins","9":"product_tag-strength-and-muscle-mass","11":"first","12":"instock","13":"taxable","14":"shipping-taxable","15":"purchasable","16":"product-type-variable"},"aioseo_notices":[],"_links":{"self":[{"href":"https:\/\/www.selfprotein.com\/es\/wp-json\/wp\/v2\/product\/936"}],"collection":[{"href":"https:\/\/www.selfprotein.com\/es\/wp-json\/wp\/v2\/product"}],"about":[{"href":"https:\/\/www.selfprotein.com\/es\/wp-json\/wp\/v2\/types\/product"}],"wp:featuredmedia":[{"embeddable":true,"href":"https:\/\/www.selfprotein.com\/es\/wp-json\/wp\/v2\/media\/11926"}],"wp:attachment":[{"href":"https:\/\/www.selfprotein.com\/es\/wp-json\/wp\/v2\/media?parent=936"}],"wp:term":[{"taxonomy":"product_cat","embeddable":true,"href":"https:\/\/www.selfprotein.com\/es\/wp-json\/wp\/v2\/product_cat?post=936"},{"taxonomy":"product_tag","embeddable":true,"href":"https:\/\/www.selfprotein.com\/es\/wp-json\/wp\/v2\/product_tag?post=936"}],"curies":[{"name":"wp","href":"https:\/\/api.w.org\/{rel}","templated":true}]}}