{"id":952,"date":"2023-11-27T13:56:15","date_gmt":"2023-11-27T12:56:15","guid":{"rendered":"https:\/\/34.88.231.180\/product\/testo-pac\/"},"modified":"2026-05-01T00:24:06","modified_gmt":"2026-04-30T22:24:06","slug":"testo-pac","status":"publish","type":"product","link":"https:\/\/www.selfprotein.com\/es\/producto\/testo-pac\/","title":{"rendered":"Testo Pac"},"content":{"rendered":"<p style=\"text-align: left\" align=\"center\"><strong><span lang=\"en-US\">Testo Pac<\/span><\/strong><\/p>\n<p><span lang=\"en-US\">Testo Pac es un suplemento diet\u00e9tico formulado para promover niveles saludables de testosterona y mejorar la salud en general. Este producto contiene una combinaci\u00f3n de hierbas, vitaminas y minerales, todos destinados a apoyar la producci\u00f3n y el mantenimiento de niveles adecuados de testosterona en el cuerpo.<\/span><\/p>\n<p><span lang=\"en-US\">Estos son algunos de los beneficios asociados con Testo Pac:<\/span><\/p>\n<ul>\n<li><strong><span lang=\"en-US\">Aumento de los niveles de testosterona:<\/span><\/strong><span lang=\"en-US\"> Gracias a su combinaci\u00f3n de extractos de hierbas, se cree que Testo Pac estimula la producci\u00f3n de testosterona en el organismo, ayudando a mantener niveles \u00f3ptimos de esta importante hormona.<\/span><\/li>\n<li><strong><span lang=\"en-US\">Apoyo a la salud general:<\/span><\/strong><span lang=\"en-US\"> Adem\u00e1s de su supuesto efecto sobre la testosterona, Testo Pac tambi\u00e9n ofrece beneficios para la salud en general. Los extractos de hierbas presentes pueden ayudar a reducir la inflamaci\u00f3n y el estr\u00e9s oxidativo en el cuerpo, promoviendo el bienestar general.<\/span><\/li>\n<li><strong><span lang=\"en-US\">Integraci\u00f3n de nutrientes esenciales:<\/span><\/strong><span lang=\"en-US\"> Testo Pac tambi\u00e9n aporta importantes nutrientes esenciales como el zinc y la vitamina D, ambos conocidos por favorecer la producci\u00f3n de testosterona y contribuir a la salud en general.<\/span><\/li>\n<li><strong><span lang=\"en-US\">Mejora del rendimiento f\u00edsico y mental:<\/span><\/strong><span lang=\"en-US\"> El aumento de los niveles de testosterona puede dar lugar a mejoras en el rendimiento f\u00edsico y mental, incluidos mayores niveles de energ\u00eda, resistencia y concentraci\u00f3n.<\/span><\/li>\n<li><strong><span lang=\"en-US\">Apoyo a la salud sexual:<\/span><\/strong><span lang=\"en-US\"> Los niveles adecuados de testosterona tambi\u00e9n son cruciales para la salud sexual masculina, y el uso de Testo Pac puede promover una mejor funci\u00f3n sexual y la libido.<\/span><\/li>\n<\/ul>\n<p><\/p>\n<p><span lang=\"en-US\">Antes de iniciar cualquier r\u00e9gimen de suplementaci\u00f3n, es aconsejable consultar a un profesional de la salud para determinar si Testo Pac es adecuado para las necesidades individuales y las condiciones de salud.<\/span><\/p>\n<p><strong><span lang=\"en-US\">Uso recomendado<\/span><\/strong><\/p>\n<p><span lang=\"en-US\">Tomar 4 c\u00e1psulas antes de acostarse o 30-45 minutos antes del ejercicio.<\/span><\/p>\n<p><b>Aviso:<\/b><\/p>\n<ul>\n<li>S\u00f3lo para adultos y no sustituye a una dieta variada y equilibrada ni a un estilo de vida saludable.<\/li>\n<li>No superar la dosis recomendada.<\/li>\n<li>No lo utilice durante la lactancia ni en periodos de embarazo sin consultar al m\u00e9dico.<\/li>\n<li>Conservar el producto en un lugar fresco y seco, en un envase bien cerrado y fuera del alcance de los ni\u00f1os menores de 3 a\u00f1os.<\/li>\n<li>Puede contener trazas de leche, avena, huevo, soja.<\/li>\n<li>Sin Lactosa y Sin Gluten.<\/li>\n<\/ul>","protected":false},"excerpt":{"rendered":"<details>\n<summary>Ingredientes<\/summary>\n<table style=\"text-align: center\">\n<tbody>\n<tr>\n<th>Ingredientes<\/th>\n<th>por porci\u00f3n 4 cps<\/th>\n<th>%NRV<\/th>\n<\/tr>\n<tr>\n<td>\u00c1cido D-asp\u00e1rtico (DAA)<\/td>\n<td>1820mg<\/td>\n<td><\/td>\n<\/tr>\n<tr>\n<td>Extracto de ortiga (Urtica Dioica, Folium)<\/td>\n<td>260 mg<\/td>\n<td><\/td>\n<\/tr>\n<tr>\n<td>Extracto de jengibre (Zingiber Officinale, Radix-Rhizoma)<\/td>\n<td>160 mg<\/td>\n<td><\/td>\n<\/tr>\n<tr>\n<td>Tribulus Terrestris e.s\/ extracto fructus (90% tot. saponinas; 20% protodioscina)<\/td>\n<td>160 mg<\/td>\n<td><\/td>\n<\/tr>\n<tr>\n<td>Avena e.s\/ extracto (200:1) (Avena Sativa, Fructus-Summitas)<\/td>\n<td>160 mg<\/td>\n<td><\/td>\n<\/tr>\n<tr>\n<td>Selenio (selenato de sodio)<\/td>\n<td>82,5\u03bcg<\/td>\n<td>150%<\/td>\n<\/tr>\n<tr>\n<td>Vitamina D (colecalciferol)<\/td>\n<td>10\u03bcg<\/td>\n<td>200%<\/td>\n<\/tr>\n<tr>\n<td>Zinc (gluconato de zinc)<\/td>\n<td>12,5mg<\/td>\n<td>125%<\/td>\n<\/tr>\n<tr>\n<td>Vitamina B6 (Piridoxina-Hcl)<\/td>\n<td>2,8 mg<\/td>\n<td>200%<\/td>\n<\/tr>\n<tr>\n<td colspan=\"3\"><strong>Otros ingredientes: <\/strong>agentes estabilizantes (E953, E470b, E551), c\u00e1psula vegana (E1204)<\/td>\n<\/tr>\n<tr>\n<td colspan=\"3\"><strong>*NRV: <\/strong> valor de referencia nutricional<\/td>\n<\/tr>\n<\/tbody>\n<\/table>\n<\/details>\n<p>&nbsp;<\/p>","protected":false},"featured_media":13893,"template":"","meta":[],"product_cat":[154,308],"product_tag":[162,318],"class_list":{"0":"post-952","1":"product","2":"type-product","3":"status-publish","4":"has-post-thumbnail","6":"product_cat-gain-performance","7":"product_cat-strength-and-muscle-mass","8":"product_tag-gain-performance","9":"product_tag-strength-and-muscle-mass","11":"first","12":"instock","13":"taxable","14":"shipping-taxable","15":"purchasable","16":"product-type-simple"},"aioseo_notices":[],"_links":{"self":[{"href":"https:\/\/www.selfprotein.com\/es\/wp-json\/wp\/v2\/product\/952"}],"collection":[{"href":"https:\/\/www.selfprotein.com\/es\/wp-json\/wp\/v2\/product"}],"about":[{"href":"https:\/\/www.selfprotein.com\/es\/wp-json\/wp\/v2\/types\/product"}],"wp:featuredmedia":[{"embeddable":true,"href":"https:\/\/www.selfprotein.com\/es\/wp-json\/wp\/v2\/media\/13893"}],"wp:attachment":[{"href":"https:\/\/www.selfprotein.com\/es\/wp-json\/wp\/v2\/media?parent=952"}],"wp:term":[{"taxonomy":"product_cat","embeddable":true,"href":"https:\/\/www.selfprotein.com\/es\/wp-json\/wp\/v2\/product_cat?post=952"},{"taxonomy":"product_tag","embeddable":true,"href":"https:\/\/www.selfprotein.com\/es\/wp-json\/wp\/v2\/product_tag?post=952"}],"curies":[{"name":"wp","href":"https:\/\/api.w.org\/{rel}","templated":true}]}}