{"id":958,"date":"2023-11-27T13:56:24","date_gmt":"2023-11-27T12:56:24","guid":{"rendered":"https:\/\/34.88.231.180\/product\/vitamin-c-liquid\/"},"modified":"2026-05-01T00:24:06","modified_gmt":"2026-04-30T22:24:06","slug":"vitamin-c-liquid","status":"publish","type":"product","link":"https:\/\/www.selfprotein.com\/es\/producto\/vitamin-c-liquid\/","title":{"rendered":"Vitamin C Liquid"},"content":{"rendered":"<p><strong>Resumen del producto:<br \/>\n<\/strong><br \/>\nLa vitamina C es un nutriente esencial para el sistema inmunitario, la salud de la piel y la producci\u00f3n de col\u00e1geno. Este potente antioxidante ayuda a proteger las c\u00e9lulas de los da\u00f1os causados por los radicales libres y favorece una funci\u00f3n inmunitaria saludable. Tambi\u00e9n contribuye a la producci\u00f3n de col\u00e1geno, que es importante para mantener la salud y el aspecto de la piel, el cabello y las u\u00f1as.<span class=\"Apple-converted-space\">\u00a0<\/span><\/p>\n<p><strong><span class=\"Apple-converted-space\">Beneficios clave:<\/span><\/strong><\/p>\n<ul>\n<li>La vitamina C l\u00edquida contiene 1000 mg de vitamina C por porci\u00f3n<\/li>\n<li>Se presenta en una c\u00f3moda forma l\u00edquida<\/li>\n<li>Potente antioxidante<\/li>\n<li>Importante para la producci\u00f3n de col\u00e1geno<\/li>\n<\/ul>\n<p>&nbsp;<\/p>\n<p class=\"xmprfx_MsoNormal\"><b>Aviso:<\/b><\/p>\n<ul>\n<li>S\u00f3lo para adultos y no sustituye a una dieta variada y equilibrada ni a un estilo de vida saludable.<\/li>\n<li>No superar la dosis recomendada.<\/li>\n<li>Dosis recomendada: 20 ml al d\u00eda.<\/li>\n<li>No lo utilice durante la lactancia ni en periodos de embarazo sin consultar al m\u00e9dico.<\/li>\n<li>Conservar el producto en un lugar fresco y seco, en un envase bien cerrado y fuera del alcance de los ni\u00f1os menores de 3 a\u00f1os.<\/li>\n<li>Puede contener trazas de leche, avena, huevo, soja.<\/li>\n<li>Sin Lactosa y Sin Gluten.<\/li>\n<\/ul>","protected":false},"excerpt":{"rendered":"<details>\n<summary>Ingredientes<\/summary>\n<table style=\"text-align: center;\">\n<tbody>\n<tr>\n<th>Ingredientes<\/th>\n<th>100 ml<\/th>\n<th>por porci\u00f3n 20ml<\/th>\n<th>%NRV* por porci\u00f3n<\/th>\n<\/tr>\n<tr>\n<td>Vitamina C<\/td>\n<td>25000mg<\/td>\n<td>1000 mg<\/td>\n<td>1250<\/td>\n<\/tr>\n<tr>\n<td colspan=\"4\"><strong>Otros ingredientes: <\/strong>agua, ascorbato c\u00e1lcico, \u00e1cido l-asc\u00f3rbico, conservantes (E211, E202), aromas, edulcorante (E955)<\/td>\n<\/tr>\n<tr>\n<td colspan=\"4\"><strong>*%NRV: <\/strong>valor de referencia nutricional<\/td>\n<\/tr>\n<\/tbody>\n<\/table>\n<\/details>\n<p>&nbsp;<\/p>","protected":false},"featured_media":959,"template":"","meta":[],"product_cat":[312,214],"product_tag":[314,258],"class_list":{"0":"post-958","1":"product","2":"type-product","3":"status-publish","4":"has-post-thumbnail","6":"product_cat-health-and-wellness","7":"product_cat-vitamins-wellness","8":"product_tag-health-and-wellness","9":"product_tag-vitamins-wellness","11":"first","12":"instock","13":"sale","14":"taxable","15":"shipping-taxable","16":"purchasable","17":"product-type-simple"},"aioseo_notices":[],"_links":{"self":[{"href":"https:\/\/www.selfprotein.com\/es\/wp-json\/wp\/v2\/product\/958"}],"collection":[{"href":"https:\/\/www.selfprotein.com\/es\/wp-json\/wp\/v2\/product"}],"about":[{"href":"https:\/\/www.selfprotein.com\/es\/wp-json\/wp\/v2\/types\/product"}],"wp:featuredmedia":[{"embeddable":true,"href":"https:\/\/www.selfprotein.com\/es\/wp-json\/wp\/v2\/media\/959"}],"wp:attachment":[{"href":"https:\/\/www.selfprotein.com\/es\/wp-json\/wp\/v2\/media?parent=958"}],"wp:term":[{"taxonomy":"product_cat","embeddable":true,"href":"https:\/\/www.selfprotein.com\/es\/wp-json\/wp\/v2\/product_cat?post=958"},{"taxonomy":"product_tag","embeddable":true,"href":"https:\/\/www.selfprotein.com\/es\/wp-json\/wp\/v2\/product_tag?post=958"}],"curies":[{"name":"wp","href":"https:\/\/api.w.org\/{rel}","templated":true}]}}