{"id":961,"date":"2023-11-27T13:56:25","date_gmt":"2023-11-27T12:56:25","guid":{"rendered":"https:\/\/34.88.231.180\/product\/vitamin-c-pro\/"},"modified":"2026-05-01T00:24:06","modified_gmt":"2026-04-30T22:24:06","slug":"vitamin-c-pro","status":"publish","type":"product","link":"https:\/\/www.selfprotein.com\/es\/producto\/vitamin-c-pro\/","title":{"rendered":"Vitamin C Pro"},"content":{"rendered":"<p style=\"text-align: left;\" align=\"center\"><strong><span lang=\"en-US\">Vitamin C Pro<\/span><\/strong><\/p>\n<p><span lang=\"en-US\">La vitamina C, tambi\u00e9n conocida como \u00e1cido asc\u00f3rbico, es una vitamina hidrosoluble esencial para diversas funciones corporales. Este suplemento ofrece una soluci\u00f3n concentrada para garantizar una ingesta adecuada de vitamina C, crucial para mantener la salud.<\/span><\/p>\n<p><span lang=\"en-US\">Beneficios de la Vitamina C Pro:<\/span><\/p>\n<ul>\n<li><strong><span lang=\"en-US\">Potente antioxidante:<\/span><\/strong><span lang=\"en-US\"> La vitamina C act\u00faa como un eficaz antioxidante, protegiendo a las c\u00e9lulas de los da\u00f1os causados por los radicales libres, que pueden derivarse de factores ambientales como la contaminaci\u00f3n y la radiaci\u00f3n UV.<\/span><\/li>\n<li><strong><span lang=\"en-US\">Producci\u00f3n de col\u00e1geno<\/span><\/strong><span lang=\"en-US\"><strong>:<\/strong> Esencial para la s\u00edntesis de col\u00e1geno, la vitamina C contribuye a la salud de la piel, los huesos y el tejido conjuntivo. Esto ayuda a mantener una piel el\u00e1stica, unos huesos fuertes y favorece la cicatrizaci\u00f3n de las heridas.<\/span><\/li>\n<li><strong><span lang=\"en-US\">Absorci\u00f3n del hierro<\/span><\/strong><span lang=\"en-US\"><strong>:<\/strong> La vitamina C facilita la absorci\u00f3n del hierro procedente de fuentes vegetales en la dieta. Esto es especialmente importante para las personas que siguen una dieta vegetariana o vegana, en la que el hierro de origen vegetal es la principal fuente de este mineral.<\/span><\/li>\n<li><strong><span lang=\"en-US\">Apoyo al sistema inmunitario:<\/span><\/strong><span lang=\"en-US\"> Implicada en el sistema inmunitario, la vitamina C contribuye a proteger el organismo de las infecciones. Una ingesta adecuada de vitamina C puede ayudar a reforzar las defensas del organismo frente a agentes pat\u00f3genos como bacterias y virus.<\/span><\/li>\n<\/ul>\n<p>&nbsp;<\/p>\n<p><span lang=\"en-US\">Con Vitamin C Pro, puede garantizar una ingesta \u00f3ptima de vitamina C, favoreciendo as\u00ed la salud y el bienestar general.<\/span><\/p>\n<p><strong><span lang=\"en-US\">Uso recomendado<\/span><\/strong><\/p>\n<p><span lang=\"en-US\">1 comprimido al d\u00eda.<\/span><\/p>\n<p class=\"xmprfx_MsoNormal\"><b>Aviso:<\/b><\/p>\n<ul>\n<li>S\u00f3lo para adultos y no sustituye a una dieta variada y equilibrada ni a un estilo de vida saludable.<\/li>\n<li>No superar la dosis recomendada.<\/li>\n<li>No lo utilice durante la lactancia ni en periodos de embarazo sin consultar al m\u00e9dico.<\/li>\n<li>Conservar el producto en un lugar fresco y seco, en un envase bien cerrado y fuera del alcance de los ni\u00f1os menores de 3 a\u00f1os.<\/li>\n<li>Puede contener trazas de huevo, soja, avena, leche.<\/li>\n<li>Sin Lactosa y Sin Gluten.<\/li>\n<\/ul>","protected":false},"excerpt":{"rendered":"<details>\n<summary>Ingredientes<\/summary>\n<table style=\"text-align: center;\">\n<tbody>\n<tr>\n<th>Ingredientes<\/th>\n<th>por 1tab<\/th>\n<\/tr>\n<tr>\n<td>Vitamina C (\u00e1cido asc\u00f3rbico)<\/td>\n<td>1000mg(1250%*)<\/td>\n<\/tr>\n<tr>\n<td>NAC (N-acetil-ciste\u00edna)<\/td>\n<td>84 mg<\/td>\n<\/tr>\n<tr>\n<td>Vitamina D (colecalciferol D3)<\/td>\n<td>45\u03bcg (900%*)<\/td>\n<\/tr>\n<tr>\n<td colspan=\"2\"><strong>Otros ingredientes: <\/strong>agentes estabilizadores (E953, E470b)<\/td>\n<\/tr>\n<tr>\n<td colspan=\"2\"><strong>*%NRV: <\/strong>valor de referencia nutricional<\/td>\n<\/tr>\n<\/tbody>\n<\/table>\n<\/details>\n<p>&nbsp;<\/p>","protected":false},"featured_media":11870,"template":"","meta":[],"product_cat":[312,214],"product_tag":[314,258],"class_list":{"0":"post-961","1":"product","2":"type-product","3":"status-publish","4":"has-post-thumbnail","6":"product_cat-health-and-wellness","7":"product_cat-vitamins-wellness","8":"product_tag-health-and-wellness","9":"product_tag-vitamins-wellness","11":"first","12":"instock","13":"sale","14":"taxable","15":"shipping-taxable","16":"purchasable","17":"product-type-simple"},"aioseo_notices":[],"_links":{"self":[{"href":"https:\/\/www.selfprotein.com\/es\/wp-json\/wp\/v2\/product\/961"}],"collection":[{"href":"https:\/\/www.selfprotein.com\/es\/wp-json\/wp\/v2\/product"}],"about":[{"href":"https:\/\/www.selfprotein.com\/es\/wp-json\/wp\/v2\/types\/product"}],"wp:featuredmedia":[{"embeddable":true,"href":"https:\/\/www.selfprotein.com\/es\/wp-json\/wp\/v2\/media\/11870"}],"wp:attachment":[{"href":"https:\/\/www.selfprotein.com\/es\/wp-json\/wp\/v2\/media?parent=961"}],"wp:term":[{"taxonomy":"product_cat","embeddable":true,"href":"https:\/\/www.selfprotein.com\/es\/wp-json\/wp\/v2\/product_cat?post=961"},{"taxonomy":"product_tag","embeddable":true,"href":"https:\/\/www.selfprotein.com\/es\/wp-json\/wp\/v2\/product_tag?post=961"}],"curies":[{"name":"wp","href":"https:\/\/api.w.org\/{rel}","templated":true}]}}