{"id":967,"date":"2023-11-27T13:56:34","date_gmt":"2023-11-27T12:56:34","guid":{"rendered":"https:\/\/34.88.231.180\/product\/vitamin-d\/"},"modified":"2026-04-01T00:00:33","modified_gmt":"2026-03-31T22:00:33","slug":"vitamin-d","status":"publish","type":"product","link":"https:\/\/www.selfprotein.com\/es\/producto\/vitamin-d\/","title":{"rendered":"Vitamin D"},"content":{"rendered":"<p style=\"text-align: left;\" align=\"center\"><strong><span lang=\"en-US\">Vitamin D<\/span><\/strong><\/p>\n<p><span lang=\"en-US\">La vitamina D es un nutriente crucial para numerosas funciones corporales esenciales, como la salud \u00f3sea, la eficacia del sistema inmunitario y la funci\u00f3n muscular. Esta vitamina liposoluble puede ser sintetizada por el organismo cuando la piel se expone a la luz solar, pero tambi\u00e9n se encuentra en determinados alimentos y suplementos.<\/span><\/p>\n<p><span lang=\"en-US\">Entre los beneficios de la vitamina D se incluyen:<\/span><\/p>\n<ul>\n<li><strong><span lang=\"en-US\">Salud \u00f3sea \u00f3ptima:<\/span><\/strong><span lang=\"en-US\"> La vitamina D favorece la absorci\u00f3n del calcio y el f\u00f3sforo de los alimentos, elementos esenciales para la salud y fortaleza de los huesos. Su presencia ayuda a prevenir afecciones como la osteoporosis y la osteomalacia.<\/span><\/li>\n<li><strong><span lang=\"en-US\">Mejora del sistema inmunitario:<\/span><\/strong><span lang=\"en-US\"> La vitamina D desempe\u00f1a un papel crucial en la regulaci\u00f3n del sistema inmunitario, ayudando al organismo a combatir infecciones y enfermedades. Una carencia de vitamina D puede comprometer la respuesta inmunitaria del organismo.<\/span><\/li>\n<li><strong><span lang=\"en-US\">Mejora de la funci\u00f3n muscular:<\/span><\/strong><span lang=\"en-US\"> Una disponibilidad adecuada de vitamina D se asocia a una mejor funci\u00f3n y fuerza muscular. Esto puede ayudar a reducir el riesgo de ca\u00eddas y fracturas, sobre todo en las personas mayores.<\/span><\/li>\n<li><strong><span lang=\"en-US\">Beneficios cardiovasculares:<\/span><\/strong><span lang=\"en-US\"> Algunas investigaciones sugieren que unos niveles adecuados de vitamina D pueden estar asociados a un menor riesgo de enfermedades cardiovasculares, como infartos de miocardio y accidentes cerebrovasculares.<\/span><\/li>\n<li><strong><span lang=\"en-US\">Apoyo cognitivo:<\/span><\/strong><span lang=\"en-US\"> Los estudios preliminares indican que la vitamina D puede desempe\u00f1ar un papel en la prevenci\u00f3n de los trastornos cognitivos y la demencia en la vejez, aunque se necesitan m\u00e1s investigaciones para confirmar estos beneficios.<\/span><\/li>\n<\/ul>\n<p>&nbsp;<\/p>\n<p><span lang=\"en-US\">Garantizar unos niveles \u00f3ptimos de vitamina D mediante una combinaci\u00f3n de exposici\u00f3n segura al sol, dieta equilibrada y, si es necesario, suplementos, puede contribuir a favorecer la salud y el bienestar general.<\/span><\/p>\n<p><strong><span lang=\"en-US\">Uso recomendado<\/span><\/strong><\/p>\n<p><span lang=\"en-US\">1 comprimido al d\u00eda.<\/span><\/p>\n<p class=\"xmprfx_MsoNormal\"><b>Aviso:<\/b><\/p>\n<ul>\n<li>S\u00f3lo para adultos y no sustituye a una dieta variada y equilibrada ni a un estilo de vida saludable.<\/li>\n<li>No superar la dosis recomendada.<\/li>\n<li>No lo utilice durante la lactancia ni en periodos de embarazo sin consultar al m\u00e9dico.<\/li>\n<li>Conservar el producto en un lugar fresco y seco, en un envase bien cerrado y fuera del alcance de los ni\u00f1os menores de 3 a\u00f1os.<\/li>\n<li>Puede contener trazas de leche, avena, huevo, soja.<\/li>\n<li>Sin Lactosa y Sin Gluten.<\/li>\n<\/ul>","protected":false},"excerpt":{"rendered":"<details>\n<summary>Ingredientes<\/summary>\n<table style=\"text-align: center;\">\n<tbody>\n<tr>\n<th>Ingredientes<\/th>\n<th>por 1 tableta<\/th>\n<\/tr>\n<tr>\n<td>Vitamina D (colecalciferol)<\/td>\n<td>50\u03bcg (1000%NRV*)<\/td>\n<\/tr>\n<tr>\n<td colspan=\"2\"><strong>Otros ingredientes: <\/strong>agentes estabilizadores (E460, E953, E470b)<\/td>\n<\/tr>\n<tr>\n<td colspan=\"2\"><strong>*%NRV: <\/strong>valor de referencia nutricional<\/td>\n<\/tr>\n<\/tbody>\n<\/table>\n<\/details>\n<p>&nbsp;<\/p>","protected":false},"featured_media":13884,"template":"","meta":[],"product_cat":[312,214],"product_tag":[314,258],"class_list":{"0":"post-967","1":"product","2":"type-product","3":"status-publish","4":"has-post-thumbnail","6":"product_cat-health-and-wellness","7":"product_cat-vitamins-wellness","8":"product_tag-health-and-wellness","9":"product_tag-vitamins-wellness","11":"first","12":"instock","13":"taxable","14":"shipping-taxable","15":"purchasable","16":"product-type-simple"},"aioseo_notices":[],"_links":{"self":[{"href":"https:\/\/www.selfprotein.com\/es\/wp-json\/wp\/v2\/product\/967"}],"collection":[{"href":"https:\/\/www.selfprotein.com\/es\/wp-json\/wp\/v2\/product"}],"about":[{"href":"https:\/\/www.selfprotein.com\/es\/wp-json\/wp\/v2\/types\/product"}],"wp:featuredmedia":[{"embeddable":true,"href":"https:\/\/www.selfprotein.com\/es\/wp-json\/wp\/v2\/media\/13884"}],"wp:attachment":[{"href":"https:\/\/www.selfprotein.com\/es\/wp-json\/wp\/v2\/media?parent=967"}],"wp:term":[{"taxonomy":"product_cat","embeddable":true,"href":"https:\/\/www.selfprotein.com\/es\/wp-json\/wp\/v2\/product_cat?post=967"},{"taxonomy":"product_tag","embeddable":true,"href":"https:\/\/www.selfprotein.com\/es\/wp-json\/wp\/v2\/product_tag?post=967"}],"curies":[{"name":"wp","href":"https:\/\/api.w.org\/{rel}","templated":true}]}}