{"id":970,"date":"2023-11-27T13:56:39","date_gmt":"2023-11-27T12:56:39","guid":{"rendered":"https:\/\/34.88.231.180\/product\/waterloss\/"},"modified":"2026-05-01T00:24:08","modified_gmt":"2026-04-30T22:24:08","slug":"waterloss-fyto-slim","status":"publish","type":"product","link":"https:\/\/www.selfprotein.com\/es\/producto\/waterloss-fyto-slim\/","title":{"rendered":"Waterloss Fyto Slim"},"content":{"rendered":"<p style=\"text-align: left;\" align=\"center\"><strong>Waterloss Fyto Slim<\/strong><\/p>\n<p><span lang=\"en-US\">Waterloss Fyto Slim es un suplemento formulado para contrarrestar la retenci\u00f3n de l\u00edquidos en el organismo mediante una mezcla de extractos de plantas seleccionadas. Dise\u00f1ado para favorecer el drenaje del exceso de l\u00edquidos y apoyar las funciones de limpieza del organismo, Waterloss se presenta como una soluci\u00f3n natural para mejorar el bienestar general y reducir la hinchaz\u00f3n causada por la retenci\u00f3n de l\u00edquidos.<\/span><\/p>\n<p><span lang=\"en-US\">Ventajas del producto:<\/span><\/p>\n<ul>\n<li><strong><span lang=\"en-US\">Drenaje del exceso de l\u00edquidos: <\/span><\/strong><span lang=\"en-US\">Waterloss act\u00faa eficazmente sobre los factores responsables de la retenci\u00f3n de l\u00edquidos en el organismo, facilitando el drenaje del exceso de l\u00edquidos y reduciendo la hinchaz\u00f3n.<\/span><\/li>\n<li><strong><span lang=\"en-US\">Apoyo a las funciones de limpieza:<\/span><\/strong><span lang=\"en-US\"> Gracias a su formulaci\u00f3n a base de plantas, Waterloss favorece las funciones depurativas del organismo, ayudando a eliminar las toxinas acumuladas y los residuos metab\u00f3licos.<\/span><\/li>\n<li><strong><span lang=\"en-US\">Reducci\u00f3n de la hinchaz\u00f3n:<\/span><\/strong><span lang=\"en-US\"> La acci\u00f3n de Waterloss de favorecer el drenaje del exceso de l\u00edquidos ayuda a reducir la hinchaz\u00f3n, mejorando el confort y la sensaci\u00f3n de ligereza.<\/span><\/li>\n<li><strong><span lang=\"en-US\">Sin gluten ni lactosa:<\/span><\/strong><span lang=\"en-US\"> Waterloss no contiene gluten ni lactosa, por lo que es apto para quienes siguen una dieta sin estos componentes y garantiza una mayor compatibilidad para diversos usuarios.<\/span><\/li>\n<\/ul>\n<p><\/p>\n<p><strong><span lang=\"en-US\">Uso recomendado<\/span><\/strong><\/p>\n<p><span lang=\"en-US\">2 c\u00e1psulas antes del desayuno, la comida y la cena.<\/span>\n<\/p>\n<p><\/p>\n<p class=\"xmprfx_MsoNormal\"><b>Aviso:<\/b><\/p>\n<ul>\n<li>S\u00f3lo para adultos y no sustituye a una dieta variada y equilibrada ni a un estilo de vida saludable.<\/li>\n<li>No superar la dosis recomendada.<\/li>\n<li>No lo utilice durante la lactancia ni en periodos de embarazo sin consultar al m\u00e9dico.<\/li>\n<li>Conservar el producto en un lugar fresco y seco, en un envase bien cerrado y fuera del alcance de los ni\u00f1os menores de 3 a\u00f1os.<\/li>\n<li>Puede contener trazas de huevo, soja, avena, leche.<\/li>\n<li>Sin Lactosa y Sin Gluten.<\/li>\n<\/ul>","protected":false},"excerpt":{"rendered":"<details>\n<summary>Ingredientes<\/summary>\n<table style=\"text-align: center;\">\n<tbody>\n<tr>\n<th>Ingredientes<\/th>\n<th>por 6cps<\/th>\n<\/tr>\n<tr>\n<td>Extracto de higo chumbo (Opuntia Ficus-Indica-Cladodium, fructus)<\/td>\n<td>1500 mg<\/td>\n<\/tr>\n<tr>\n<td>Diente de le\u00f3n e.s\/ extracto (200:1) Taraxacum Officinale, radix)<\/td>\n<td>852mg<\/td>\n<\/tr>\n<tr>\n<td>Extracto de frambuesa (Rubus Ideas, fructus)<\/td>\n<td>690 mg<\/td>\n<\/tr>\n<tr>\n<td>Extracto de Schizandra e.s\/ (9% Schisandris) (Schisandra Chinensis, fructus)<\/td>\n<td>510 mg<\/td>\n<\/tr>\n<tr>\n<td>Extracto de yerba mate (Ilex Paraguariensis, Folium)<\/td>\n<td>372 mg<\/td>\n<\/tr>\n<tr>\n<td>Extracto de hoja de gayuba<\/td>\n<td>276 mg<\/td>\n<\/tr>\n<tr>\n<td colspan=\"2\"><strong>Otros ingredientes: <\/strong>c\u00e1psula vegana (E1204), agentes estabilizantes (E953, E470b, E551)<\/td>\n<\/tr>\n<tr>\n<td colspan=\"2\"><strong>*%NRV: <\/strong>valor de referencia diario de nutrientes<\/td>\n<\/tr>\n<\/tbody>\n<\/table>\n<\/details>\n<p>&nbsp;<\/p>","protected":false},"featured_media":5625,"template":"","meta":[],"product_cat":[155,309],"product_tag":[163,319],"class_list":{"0":"post-970","1":"product","2":"type-product","3":"status-publish","4":"has-post-thumbnail","6":"product_cat-weight-control-metabolism","7":"product_cat-weight-management-and-definition","8":"product_tag-weight-control-metabolism","9":"product_tag-weight-management-and-definition","11":"first","12":"instock","13":"taxable","14":"shipping-taxable","15":"purchasable","16":"product-type-simple"},"aioseo_notices":[],"_links":{"self":[{"href":"https:\/\/www.selfprotein.com\/es\/wp-json\/wp\/v2\/product\/970"}],"collection":[{"href":"https:\/\/www.selfprotein.com\/es\/wp-json\/wp\/v2\/product"}],"about":[{"href":"https:\/\/www.selfprotein.com\/es\/wp-json\/wp\/v2\/types\/product"}],"wp:featuredmedia":[{"embeddable":true,"href":"https:\/\/www.selfprotein.com\/es\/wp-json\/wp\/v2\/media\/5625"}],"wp:attachment":[{"href":"https:\/\/www.selfprotein.com\/es\/wp-json\/wp\/v2\/media?parent=970"}],"wp:term":[{"taxonomy":"product_cat","embeddable":true,"href":"https:\/\/www.selfprotein.com\/es\/wp-json\/wp\/v2\/product_cat?post=970"},{"taxonomy":"product_tag","embeddable":true,"href":"https:\/\/www.selfprotein.com\/es\/wp-json\/wp\/v2\/product_tag?post=970"}],"curies":[{"name":"wp","href":"https:\/\/api.w.org\/{rel}","templated":true}]}}