{"id":995,"date":"2023-11-27T13:57:37","date_gmt":"2023-11-27T12:57:37","guid":{"rendered":"https:\/\/34.88.231.180\/product\/zinc\/"},"modified":"2026-05-01T00:24:09","modified_gmt":"2026-04-30T22:24:09","slug":"zinc","status":"publish","type":"product","link":"https:\/\/www.selfprotein.com\/es\/producto\/zinc\/","title":{"rendered":"Zinc"},"content":{"rendered":"<p><strong><span lang=\"en-US\">Zinc<\/span><\/strong><\/p>\n<p><span lang=\"en-US\">El zinc es un mineral esencial que ofrece varios beneficios para la salud.<\/span><\/p>\n<p><span lang=\"en-US\">Garantizar una ingesta adecuada de zinc a trav\u00e9s de la dieta o de suplementos puede contribuir a la salud y el bienestar generales, ya que proporciona al organismo los elementos necesarios para mantener un sistema inmunitario fuerte, una s\u00edntesis proteica eficaz y unos niveles hormonales equilibrados.<\/span><\/p>\n<p><span lang=\"en-US\">He aqu\u00ed los beneficios del zinc:<\/span><\/p>\n<ul>\n<li><strong><span lang=\"en-US\">Apoyo al sistema inmunitario: <\/span><\/strong><span lang=\"en-US\">El zinc contribuye a reforzar el sistema inmunitario y a proteger al organismo de infecciones y enfermedades.<\/span><\/li>\n<li><strong><span lang=\"en-US\">Protecci\u00f3n celular frente al estr\u00e9s oxidativo: <\/span><\/strong><span lang=\"en-US\">Gracias a sus propiedades antioxidantes, el zinc ayuda a proteger las c\u00e9lulas de los da\u00f1os causados por el estr\u00e9s oxidativo, que pueden provocar los radicales libres en el organismo.<\/span><\/li>\n<li><strong><span lang=\"en-US\">S\u00edntesis de prote\u00ednas:<\/span><\/strong><span lang=\"en-US\"> El zinc interviene en la s\u00edntesis de prote\u00ednas, un proceso fundamental para el crecimiento, la reparaci\u00f3n y el mantenimiento de los m\u00fasculos, la piel y otros tejidos del organismo.<\/span><\/li>\n<li><strong><span lang=\"en-US\">Mantenimiento de niveles normales de testosterona:<\/span><\/strong><span lang=\"en-US\"> El zinc desempe\u00f1a un papel importante en el mantenimiento de niveles normales de testosterona en la sangre, que es una hormona clave para la salud sexual, la masa muscular, la densidad \u00f3sea y otros procesos fisiol\u00f3gicos del organismo.<\/span><\/li>\n<\/ul>\n<p>&nbsp;<\/p>\n<p><strong><span lang=\"en-US\">Uso recomendado<\/span><\/strong><\/p>\n<p><span lang=\"en-US\">Tomar 1 comprimido antes de la actividad f\u00edsica o durante el d\u00eda.<\/span><\/p>\n<p><strong>Aviso:<\/strong><\/p>\n<ul>\n<li>S\u00f3lo para adultos y no sustituye a una dieta variada y equilibrada ni a un estilo de vida saludable.<\/li>\n<li>No superar la dosis recomendada.<\/li>\n<li>Dosis recomendada : 1 c\u00e1psula antes del entrenamiento o durante el d\u00eda.<\/li>\n<li>No lo utilice durante la lactancia ni en periodos de embarazo sin consultar al m\u00e9dico.<\/li>\n<li>Conservar el producto en un lugar fresco y seco, en un envase bien cerrado y fuera del alcance de los ni\u00f1os menores de 3 a\u00f1os.<\/li>\n<li>Puede contener trazas de leche, avena, huevo, soja.<\/li>\n<li>Sin Lactosa y Sin Gluten.<\/li>\n<\/ul>","protected":false},"excerpt":{"rendered":"<details>\n<summary>Ingredientes<\/summary>\n<table style=\"text-align: center;\">\n<tbody>\n<tr>\n<th>Ingredientes<\/th>\n<th>por porci\u00f3n 1tab<\/th>\n<th>*NRV<\/th>\n<\/tr>\n<tr>\n<td>Citrato de zinc<\/td>\n<td>15 mg<\/td>\n<td>150%<\/td>\n<\/tr>\n<tr>\n<td colspan=\"3\"><strong>*NRV: <\/strong>valor de referencia nutricional<\/td>\n<\/tr>\n<tr>\n<td colspan=\"3\"><strong>Otros ingredientes: <\/strong>agentes estabilizadores (E460, E470b, E551)<\/td>\n<\/tr>\n<\/tbody>\n<\/table>\n<\/details>\n<p>&nbsp;<\/p>","protected":false},"featured_media":11387,"template":"","meta":[],"product_cat":[312,214],"product_tag":[314,258],"class_list":{"0":"post-995","1":"product","2":"type-product","3":"status-publish","4":"has-post-thumbnail","6":"product_cat-health-and-wellness","7":"product_cat-vitamins-wellness","8":"product_tag-health-and-wellness","9":"product_tag-vitamins-wellness","11":"first","12":"instock","13":"taxable","14":"shipping-taxable","15":"purchasable","16":"product-type-simple"},"aioseo_notices":[],"_links":{"self":[{"href":"https:\/\/www.selfprotein.com\/es\/wp-json\/wp\/v2\/product\/995"}],"collection":[{"href":"https:\/\/www.selfprotein.com\/es\/wp-json\/wp\/v2\/product"}],"about":[{"href":"https:\/\/www.selfprotein.com\/es\/wp-json\/wp\/v2\/types\/product"}],"wp:featuredmedia":[{"embeddable":true,"href":"https:\/\/www.selfprotein.com\/es\/wp-json\/wp\/v2\/media\/11387"}],"wp:attachment":[{"href":"https:\/\/www.selfprotein.com\/es\/wp-json\/wp\/v2\/media?parent=995"}],"wp:term":[{"taxonomy":"product_cat","embeddable":true,"href":"https:\/\/www.selfprotein.com\/es\/wp-json\/wp\/v2\/product_cat?post=995"},{"taxonomy":"product_tag","embeddable":true,"href":"https:\/\/www.selfprotein.com\/es\/wp-json\/wp\/v2\/product_tag?post=995"}],"curies":[{"name":"wp","href":"https:\/\/api.w.org\/{rel}","templated":true}]}}