{"id":1830,"date":"2024-02-07T15:38:06","date_gmt":"2024-02-07T14:38:06","guid":{"rendered":"https:\/\/34.88.231.180\/?page_id=1830"},"modified":"2025-11-25T17:41:23","modified_gmt":"2025-11-25T16:41:23","slug":"categories","status":"publish","type":"page","link":"https:\/\/www.selfprotein.com\/fi\/categories\/","title":{"rendered":"Kategoriat"},"content":{"rendered":"<div data-elementor-type=\"wp-page\" data-elementor-id=\"1830\" class=\"elementor elementor-1830\" data-elementor-post-type=\"page\">\n\t\t\t\t<div class=\"elementor-element elementor-element-70a4bd35 e-grid e-con-boxed e-con e-parent\" data-id=\"70a4bd35\" data-element_type=\"container\">\n\t\t\t\t\t<div class=\"e-con-inner\">\n\t\t\t\t<div class=\"elementor-element elementor-element-3cefc2a9 elementor-grid-1 elementor-grid-tablet-1 elementor-product-loop-item--align-center elementor-products-grid elementor-wc-products elementor-widget elementor-widget-wc-categories\" data-id=\"3cefc2a9\" data-element_type=\"widget\" data-widget_type=\"wc-categories.default\">\n\t\t\t\t<div class=\"elementor-widget-container\">\n\t\t\t\t\t<div class=\"woocommerce columns-1\"><ul class=\"products elementor-grid columns-1\">\n<li class=\"product-category product first\">\n\t<a aria-label=\"K\u00e4y tuoteryhm\u00e4ss\u00e4 Proteiinit\" href=\"https:\/\/www.selfprotein.com\/fi\/tuote-osasto\/proteins\/\"><img fetchpriority=\"high\" decoding=\"async\" src=\"https:\/\/www.selfprotein.com\/wp-content\/uploads\/2024\/04\/protein-300x300.png\" alt=\"Proteiinit\" width=\"300\" height=\"300\" srcset=\"https:\/\/www.selfprotein.com\/wp-content\/uploads\/2024\/04\/protein-300x300.png 300w, https:\/\/www.selfprotein.com\/wp-content\/uploads\/2024\/04\/protein-150x150.png 150w, https:\/\/www.selfprotein.com\/wp-content\/uploads\/2024\/04\/protein-768x768.png 768w, https:\/\/www.selfprotein.com\/wp-content\/uploads\/2024\/04\/protein-12x12.png 12w, https:\/\/www.selfprotein.com\/wp-content\/uploads\/2024\/04\/protein-600x600.png 600w, https:\/\/www.selfprotein.com\/wp-content\/uploads\/2024\/04\/protein-100x100.png 100w, https:\/\/www.selfprotein.com\/wp-content\/uploads\/2024\/04\/protein.png 1004w\" sizes=\"(max-width: 300px) 100vw, 300px\" \/>\t\t<h2 class=\"woocommerce-loop-category__title\">\n\t\t\tProteiinit <mark class=\"count\">(13)<\/mark>\t\t<\/h2>\n\t\t<\/a><\/li>\n<\/ul>\n<\/div>\t\t\t\t<\/div>\n\t\t\t\t<\/div>\n\t\t\t\t<div class=\"elementor-element elementor-element-79b32731 elementor-grid-1 elementor-grid-tablet-1 elementor-grid-mobile-1 elementor-products-grid elementor-wc-products elementor-widget elementor-widget-wc-categories\" data-id=\"79b32731\" data-element_type=\"widget\" data-widget_type=\"wc-categories.default\">\n\t\t\t\t<div class=\"elementor-widget-container\">\n\t\t\t\t\t<div class=\"woocommerce columns-1\"><ul class=\"products elementor-grid columns-1\">\n<li class=\"product-category product first\">\n\t<a aria-label=\"K\u00e4y tuoteryhm\u00e4ss\u00e4 Pre Workout &amp; Energy\" href=\"https:\/\/www.selfprotein.com\/fi\/tuote-osasto\/pre-workout-energy\/\"><img decoding=\"async\" src=\"https:\/\/www.selfprotein.com\/wp-content\/uploads\/2025\/05\/preview-category-pre-workout-energy-300x300.png\" alt=\"Pre Workout &amp; Energia\" width=\"300\" height=\"300\" srcset=\"https:\/\/www.selfprotein.com\/wp-content\/uploads\/2025\/05\/preview-category-pre-workout-energy-300x300.png 300w, https:\/\/www.selfprotein.com\/wp-content\/uploads\/2025\/05\/preview-category-pre-workout-energy-150x150.png 150w, https:\/\/www.selfprotein.com\/wp-content\/uploads\/2025\/05\/preview-category-pre-workout-energy-768x768.png 768w, https:\/\/www.selfprotein.com\/wp-content\/uploads\/2025\/05\/preview-category-pre-workout-energy-12x12.png 12w, https:\/\/www.selfprotein.com\/wp-content\/uploads\/2025\/05\/preview-category-pre-workout-energy-600x600.png 600w, https:\/\/www.selfprotein.com\/wp-content\/uploads\/2025\/05\/preview-category-pre-workout-energy-100x100.png 100w, https:\/\/www.selfprotein.com\/wp-content\/uploads\/2025\/05\/preview-category-pre-workout-energy.png 1004w\" sizes=\"(max-width: 300px) 100vw, 300px\" \/>\t\t<h2 class=\"woocommerce-loop-category__title\">\n\t\t\tPre Workout &amp; Energia <mark class=\"count\">(15)<\/mark>\t\t<\/h2>\n\t\t<\/a><\/li>\n<\/ul>\n<\/div>\t\t\t\t<\/div>\n\t\t\t\t<\/div>\n\t\t\t\t<div class=\"elementor-element elementor-element-22b1fe5 elementor-grid-1 elementor-grid-tablet-1 elementor-grid-mobile-1 elementor-products-grid elementor-wc-products elementor-widget elementor-widget-wc-categories\" data-id=\"22b1fe5\" data-element_type=\"widget\" data-widget_type=\"wc-categories.default\">\n\t\t\t\t<div class=\"elementor-widget-container\">\n\t\t\t\t\t<div class=\"woocommerce columns-1\"><ul class=\"products elementor-grid columns-1\">\n<li class=\"product-category product first\">\n\t<a aria-label=\"K\u00e4y tuoteryhm\u00e4ss\u00e4 Aminohapot &amp; Kreatiini\" href=\"https:\/\/www.selfprotein.com\/fi\/tuote-osasto\/amino-acids-creatine\/\"><img decoding=\"async\" src=\"https:\/\/www.selfprotein.com\/wp-content\/uploads\/2025\/05\/preview-category-amino-acids-creatine-300x300.png\" alt=\"Aminohapot &amp; kreatiini\" width=\"300\" height=\"300\" srcset=\"https:\/\/www.selfprotein.com\/wp-content\/uploads\/2025\/05\/preview-category-amino-acids-creatine-300x300.png 300w, https:\/\/www.selfprotein.com\/wp-content\/uploads\/2025\/05\/preview-category-amino-acids-creatine-150x150.png 150w, https:\/\/www.selfprotein.com\/wp-content\/uploads\/2025\/05\/preview-category-amino-acids-creatine-768x768.png 768w, https:\/\/www.selfprotein.com\/wp-content\/uploads\/2025\/05\/preview-category-amino-acids-creatine-12x12.png 12w, https:\/\/www.selfprotein.com\/wp-content\/uploads\/2025\/05\/preview-category-amino-acids-creatine-600x600.png 600w, https:\/\/www.selfprotein.com\/wp-content\/uploads\/2025\/05\/preview-category-amino-acids-creatine-100x100.png 100w, https:\/\/www.selfprotein.com\/wp-content\/uploads\/2025\/05\/preview-category-amino-acids-creatine.png 1004w\" sizes=\"(max-width: 300px) 100vw, 300px\" \/>\t\t<h2 class=\"woocommerce-loop-category__title\">\n\t\t\tAminohapot &amp; Kreatiini <mark class=\"count\">(18)<\/mark>\t\t<\/h2>\n\t\t<\/a><\/li>\n<\/ul>\n<\/div>\t\t\t\t<\/div>\n\t\t\t\t<\/div>\n\t\t\t\t<div class=\"elementor-element elementor-element-44d4082c elementor-grid-1 elementor-grid-tablet-1 elementor-grid-mobile-1 elementor-products-grid elementor-wc-products elementor-widget elementor-widget-wc-categories\" data-id=\"44d4082c\" data-element_type=\"widget\" data-widget_type=\"wc-categories.default\">\n\t\t\t\t<div class=\"elementor-widget-container\">\n\t\t\t\t\t<div class=\"woocommerce columns-1\"><ul class=\"products elementor-grid columns-1\">\n<li class=\"product-category product first\">\n\t<a aria-label=\"K\u00e4y tuoteryhm\u00e4ss\u00e4 Gain &amp; Performance\" href=\"https:\/\/www.selfprotein.com\/fi\/tuote-osasto\/gain-performance\/\"><img loading=\"lazy\" decoding=\"async\" src=\"https:\/\/www.selfprotein.com\/wp-content\/uploads\/2025\/05\/preview-category-muscle-gain-strength-300x300.png\" alt=\"Vahvuus ja suorituskyky\" width=\"300\" height=\"300\" srcset=\"https:\/\/www.selfprotein.com\/wp-content\/uploads\/2025\/05\/preview-category-muscle-gain-strength-300x300.png 300w, https:\/\/www.selfprotein.com\/wp-content\/uploads\/2025\/05\/preview-category-muscle-gain-strength-1024x1024.png 1024w, https:\/\/www.selfprotein.com\/wp-content\/uploads\/2025\/05\/preview-category-muscle-gain-strength-150x150.png 150w, https:\/\/www.selfprotein.com\/wp-content\/uploads\/2025\/05\/preview-category-muscle-gain-strength-768x768.png 768w, https:\/\/www.selfprotein.com\/wp-content\/uploads\/2025\/05\/preview-category-muscle-gain-strength-12x12.png 12w, https:\/\/www.selfprotein.com\/wp-content\/uploads\/2025\/05\/preview-category-muscle-gain-strength-600x600.png 600w, https:\/\/www.selfprotein.com\/wp-content\/uploads\/2025\/05\/preview-category-muscle-gain-strength-100x100.png 100w, https:\/\/www.selfprotein.com\/wp-content\/uploads\/2025\/05\/preview-category-muscle-gain-strength.png 1330w\" sizes=\"(max-width: 300px) 100vw, 300px\" \/>\t\t<h2 class=\"woocommerce-loop-category__title\">\n\t\t\tVahvuus ja suorituskyky <mark class=\"count\">(5)<\/mark>\t\t<\/h2>\n\t\t<\/a><\/li>\n<\/ul>\n<\/div>\t\t\t\t<\/div>\n\t\t\t\t<\/div>\n\t\t\t\t<div class=\"elementor-element elementor-element-269da858 elementor-grid-1 elementor-grid-tablet-1 elementor-grid-mobile-1 elementor-products-grid elementor-wc-products elementor-widget elementor-widget-wc-categories\" data-id=\"269da858\" data-element_type=\"widget\" data-widget_type=\"wc-categories.default\">\n\t\t\t\t<div class=\"elementor-widget-container\">\n\t\t\t\t\t<div class=\"woocommerce columns-1\"><ul class=\"products elementor-grid columns-1\">\n<li class=\"product-category product first\">\n\t<a aria-label=\"K\u00e4y tuoteryhm\u00e4ss\u00e4 Vitamiinit &amp; hyvinvointi\" href=\"https:\/\/www.selfprotein.com\/fi\/tuote-osasto\/vitamins-wellness\/\"><img loading=\"lazy\" decoding=\"async\" src=\"https:\/\/www.selfprotein.com\/wp-content\/uploads\/2025\/05\/preview-category-vitamins-minerals-300x300.png\" alt=\"Vitamiinit &amp; hyvinvointi\" width=\"300\" height=\"300\" srcset=\"https:\/\/www.selfprotein.com\/wp-content\/uploads\/2025\/05\/preview-category-vitamins-minerals-300x300.png 300w, https:\/\/www.selfprotein.com\/wp-content\/uploads\/2025\/05\/preview-category-vitamins-minerals-150x150.png 150w, https:\/\/www.selfprotein.com\/wp-content\/uploads\/2025\/05\/preview-category-vitamins-minerals-12x12.png 12w, https:\/\/www.selfprotein.com\/wp-content\/uploads\/2025\/05\/preview-category-vitamins-minerals-100x100.png 100w\" sizes=\"(max-width: 300px) 100vw, 300px\" \/>\t\t<h2 class=\"woocommerce-loop-category__title\">\n\t\t\tVitamiinit &amp; Hyvinvointi <mark class=\"count\">(23)<\/mark>\t\t<\/h2>\n\t\t<\/a><\/li>\n<\/ul>\n<\/div>\t\t\t\t<\/div>\n\t\t\t\t<\/div>\n\t\t\t\t<div class=\"elementor-element elementor-element-33cc2a0d elementor-grid-1 elementor-grid-tablet-1 elementor-grid-mobile-1 elementor-products-grid elementor-wc-products elementor-widget elementor-widget-wc-categories\" data-id=\"33cc2a0d\" data-element_type=\"widget\" data-widget_type=\"wc-categories.default\">\n\t\t\t\t<div class=\"elementor-widget-container\">\n\t\t\t\t\t<div class=\"woocommerce columns-1\"><ul class=\"products elementor-grid columns-1\">\n<li class=\"product-category product first\">\n\t<a aria-label=\"K\u00e4y tuoteryhm\u00e4ss\u00e4 Painonhallinta &amp; Aineenvaihdunta\" href=\"https:\/\/www.selfprotein.com\/fi\/tuote-osasto\/weight-control-metabolism\/\"><img loading=\"lazy\" decoding=\"async\" src=\"https:\/\/www.selfprotein.com\/wp-content\/uploads\/2025\/05\/preview-category-fat-burn-metabolism-300x300.jpg\" alt=\"Painonhallinta &amp; aineenvaihdunta\" width=\"300\" height=\"300\" srcset=\"https:\/\/www.selfprotein.com\/wp-content\/uploads\/2025\/05\/preview-category-fat-burn-metabolism-300x300.jpg 300w, https:\/\/www.selfprotein.com\/wp-content\/uploads\/2025\/05\/preview-category-fat-burn-metabolism-150x150.jpg 150w, https:\/\/www.selfprotein.com\/wp-content\/uploads\/2025\/05\/preview-category-fat-burn-metabolism-768x768.jpg 768w, https:\/\/www.selfprotein.com\/wp-content\/uploads\/2025\/05\/preview-category-fat-burn-metabolism-12x12.jpg 12w, https:\/\/www.selfprotein.com\/wp-content\/uploads\/2025\/05\/preview-category-fat-burn-metabolism-600x600.jpg 600w, https:\/\/www.selfprotein.com\/wp-content\/uploads\/2025\/05\/preview-category-fat-burn-metabolism-100x100.jpg 100w, https:\/\/www.selfprotein.com\/wp-content\/uploads\/2025\/05\/preview-category-fat-burn-metabolism.jpg 1004w\" sizes=\"(max-width: 300px) 100vw, 300px\" \/>\t\t<h2 class=\"woocommerce-loop-category__title\">\n\t\t\tPainonhallinta &amp; Aineenvaihdunta <mark class=\"count\">(12)<\/mark>\t\t<\/h2>\n\t\t<\/a><\/li>\n<\/ul>\n<\/div>\t\t\t\t<\/div>\n\t\t\t\t<\/div>\n\t\t\t\t<div class=\"elementor-element elementor-element-397f4b9a elementor-grid-1 elementor-grid-tablet-1 elementor-grid-mobile-1 elementor-products-grid elementor-wc-products elementor-widget elementor-widget-wc-categories\" data-id=\"397f4b9a\" data-element_type=\"widget\" data-widget_type=\"wc-categories.default\">\n\t\t\t\t<div class=\"elementor-widget-container\">\n\t\t\t\t\t<div class=\"woocommerce columns-1\"><ul class=\"products elementor-grid columns-1\">\n<li class=\"product-category product first\">\n\t<a aria-label=\"Vieraile tuoteryhm\u00e4ss\u00e4 V\u00e4lipalat ja ateriaratkaisut\" href=\"https:\/\/www.selfprotein.com\/fi\/tuote-osasto\/snacks-meal-solutions\/\"><img loading=\"lazy\" decoding=\"async\" src=\"https:\/\/www.selfprotein.com\/wp-content\/uploads\/2025\/05\/preview-category-snack-meal-prep-300x300.png\" alt=\"V\u00e4lipalat ja ateriaratkaisut\" width=\"300\" height=\"300\" srcset=\"https:\/\/www.selfprotein.com\/wp-content\/uploads\/2025\/05\/preview-category-snack-meal-prep-300x300.png 300w, https:\/\/www.selfprotein.com\/wp-content\/uploads\/2025\/05\/preview-category-snack-meal-prep-150x150.png 150w, https:\/\/www.selfprotein.com\/wp-content\/uploads\/2025\/05\/preview-category-snack-meal-prep-100x100.png 100w\" sizes=\"(max-width: 300px) 100vw, 300px\" \/>\t\t<h2 class=\"woocommerce-loop-category__title\">\n\t\t\tV\u00e4lipalat &amp; Ateriaratkaisut <mark class=\"count\">(17)<\/mark>\t\t<\/h2>\n\t\t<\/a><\/li>\n<\/ul>\n<\/div>\t\t\t\t<\/div>\n\t\t\t\t<\/div>\n\t\t\t\t<div class=\"elementor-element elementor-element-342038ab elementor-grid-1 elementor-grid-tablet-1 elementor-grid-mobile-1 elementor-products-grid elementor-wc-products elementor-widget elementor-widget-wc-categories\" data-id=\"342038ab\" data-element_type=\"widget\" data-widget_type=\"wc-categories.default\">\n\t\t\t\t<div class=\"elementor-widget-container\">\n\t\t\t\t\t<div class=\"woocommerce columns-1\"><ul class=\"products elementor-grid columns-1\">\n<li class=\"product-category product first\">\n\t<a aria-label=\"K\u00e4y tuoteryhm\u00e4ss\u00e4 Self Bundles\" href=\"https:\/\/www.selfprotein.com\/fi\/tuote-osasto\/self-bundles\/\"><img loading=\"lazy\" decoding=\"async\" src=\"https:\/\/www.selfprotein.com\/wp-content\/uploads\/2024\/03\/increase-muscle-300x300.png\" alt=\"Self Bundles\" width=\"300\" height=\"300\" srcset=\"https:\/\/www.selfprotein.com\/wp-content\/uploads\/2024\/03\/increase-muscle-300x300.png 300w, https:\/\/www.selfprotein.com\/wp-content\/uploads\/2024\/03\/increase-muscle-150x150.png 150w, https:\/\/www.selfprotein.com\/wp-content\/uploads\/2024\/03\/increase-muscle-13x12.png 13w, https:\/\/www.selfprotein.com\/wp-content\/uploads\/2024\/03\/increase-muscle-100x100.png 100w\" sizes=\"(max-width: 300px) 100vw, 300px\" \/>\t\t<h2 class=\"woocommerce-loop-category__title\">\n\t\t\tSelf Bundles <mark class=\"count\">(4)<\/mark>\t\t<\/h2>\n\t\t<\/a><\/li>\n<\/ul>\n<\/div>\t\t\t\t<\/div>\n\t\t\t\t<\/div>\n\t\t\t\t<div class=\"elementor-element elementor-element-86340d6 elementor-grid-1 elementor-grid-tablet-1 elementor-grid-mobile-1 elementor-products-grid elementor-wc-products elementor-widget elementor-widget-wc-categories\" data-id=\"86340d6\" data-element_type=\"widget\" data-widget_type=\"wc-categories.default\">\n\t\t\t\t<div class=\"elementor-widget-container\">\n\t\t\t\t\t<div class=\"woocommerce columns-1\"><ul class=\"products elementor-grid columns-1\">\n<li class=\"product-category product first\">\n\t<a aria-label=\"K\u00e4y tuoteryhm\u00e4ss\u00e4 Tarvikkeet\" href=\"https:\/\/www.selfprotein.com\/fi\/tuote-osasto\/accessories\/\"><img loading=\"lazy\" decoding=\"async\" src=\"https:\/\/www.selfprotein.com\/wp-content\/uploads\/2024\/07\/preview-category-accessories-300x300.png\" alt=\"Tarvikkeet\" width=\"300\" height=\"300\" srcset=\"https:\/\/www.selfprotein.com\/wp-content\/uploads\/2024\/07\/preview-category-accessories-300x300.png 300w, https:\/\/www.selfprotein.com\/wp-content\/uploads\/2024\/07\/preview-category-accessories-150x150.png 150w, https:\/\/www.selfprotein.com\/wp-content\/uploads\/2024\/07\/preview-category-accessories-768x768.png 768w, https:\/\/www.selfprotein.com\/wp-content\/uploads\/2024\/07\/preview-category-accessories-12x12.png 12w, https:\/\/www.selfprotein.com\/wp-content\/uploads\/2024\/07\/preview-category-accessories-600x600.png 600w, https:\/\/www.selfprotein.com\/wp-content\/uploads\/2024\/07\/preview-category-accessories-100x100.png 100w, https:\/\/www.selfprotein.com\/wp-content\/uploads\/2024\/07\/preview-category-accessories.png 1004w\" sizes=\"(max-width: 300px) 100vw, 300px\" \/>\t\t<h2 class=\"woocommerce-loop-category__title\">\n\t\t\tTarvikkeet <mark class=\"count\">(4)<\/mark>\t\t<\/h2>\n\t\t<\/a><\/li>\n<\/ul>\n<\/div>\t\t\t\t<\/div>\n\t\t\t\t<\/div>\n\t\t\t\t\t<\/div>\n\t\t\t\t<\/div>\n\t\t\t\t<\/div>","protected":false},"excerpt":{"rendered":"","protected":false},"author":1,"featured_media":0,"parent":0,"menu_order":0,"comment_status":"closed","ping_status":"closed","template":"","meta":{"footnotes":""},"class_list":["post-1830","page","type-page","status-publish","hentry"],"aioseo_notices":[],"_links":{"self":[{"href":"https:\/\/www.selfprotein.com\/fi\/wp-json\/wp\/v2\/pages\/1830"}],"collection":[{"href":"https:\/\/www.selfprotein.com\/fi\/wp-json\/wp\/v2\/pages"}],"about":[{"href":"https:\/\/www.selfprotein.com\/fi\/wp-json\/wp\/v2\/types\/page"}],"author":[{"embeddable":true,"href":"https:\/\/www.selfprotein.com\/fi\/wp-json\/wp\/v2\/users\/1"}],"replies":[{"embeddable":true,"href":"https:\/\/www.selfprotein.com\/fi\/wp-json\/wp\/v2\/comments?post=1830"}],"version-history":[{"count":118,"href":"https:\/\/www.selfprotein.com\/fi\/wp-json\/wp\/v2\/pages\/1830\/revisions"}],"predecessor-version":[{"id":14455,"href":"https:\/\/www.selfprotein.com\/fi\/wp-json\/wp\/v2\/pages\/1830\/revisions\/14455"}],"wp:attachment":[{"href":"https:\/\/www.selfprotein.com\/fi\/wp-json\/wp\/v2\/media?parent=1830"}],"curies":[{"name":"wp","href":"https:\/\/api.w.org\/{rel}","templated":true}]}}