{"id":1889,"date":"2024-02-07T17:43:55","date_gmt":"2024-02-07T16:43:55","guid":{"rendered":"https:\/\/34.88.231.180\/?page_id=1889"},"modified":"2024-10-25T10:55:07","modified_gmt":"2024-10-25T08:55:07","slug":"contact-us","status":"publish","type":"page","link":"https:\/\/www.selfprotein.com\/fi\/contact-us\/","title":{"rendered":"Ota yhteytt\u00e4"},"content":{"rendered":"<div data-elementor-type=\"wp-page\" data-elementor-id=\"1889\" class=\"elementor elementor-1889\" data-elementor-post-type=\"page\">\n\t\t\t\t<div class=\"elementor-element elementor-element-a435111 e-flex e-con-boxed e-con e-parent\" data-id=\"a435111\" data-element_type=\"container\">\n\t\t\t\t\t<div class=\"e-con-inner\">\n\t\t\t\t<div class=\"elementor-element elementor-element-e00e6fb elementor-widget elementor-widget-heading\" data-id=\"e00e6fb\" data-element_type=\"widget\" data-widget_type=\"heading.default\">\n\t\t\t\t<div class=\"elementor-widget-container\">\n\t\t\t\t\t<h2 class=\"elementor-heading-title elementor-size-default\">Ota yhteytt\u00e4<\/h2>\t\t\t\t<\/div>\n\t\t\t\t<\/div>\n\t\t\t\t\t<\/div>\n\t\t\t\t<\/div>\n\t\t<div class=\"elementor-element elementor-element-5df5903 e-flex e-con-boxed e-con e-parent\" data-id=\"5df5903\" data-element_type=\"container\">\n\t\t\t\t\t<div class=\"e-con-inner\">\n\t\t\t\t<div class=\"elementor-element elementor-element-10fe555 elementor-widget elementor-widget-text-editor\" data-id=\"10fe555\" data-element_type=\"widget\" data-widget_type=\"text-editor.default\">\n\t\t\t\t<div class=\"elementor-widget-container\">\n\t\t\t\t\t\t\t\t\t<p>Voimmeko auttaa? Kysymyksi\u00e4? Kommentteja? Ota meihin yhteytt\u00e4 t\u00e4ytt\u00e4m\u00e4ll\u00e4 alla oleva s\u00e4hk\u00f6postilomake.<\/p>\t\t\t\t\t\t\t\t<\/div>\n\t\t\t\t<\/div>\n\t\t\t\t\t<\/div>\n\t\t\t\t<\/div>\n\t\t<div class=\"elementor-element elementor-element-a3b0ebd e-flex e-con-boxed e-con e-parent\" data-id=\"a3b0ebd\" data-element_type=\"container\">\n\t\t\t\t\t<div class=\"e-con-inner\">\n\t\t\t\t<div class=\"elementor-element elementor-element-9098444 elementor-widget elementor-widget-text-editor\" data-id=\"9098444\" data-element_type=\"widget\" data-widget_type=\"text-editor.default\">\n\t\t\t\t<div class=\"elementor-widget-container\">\n\t\t\t\t\t\t\t\t\t<p>Autamme sinua niin nopeasti kuin voimme.<\/p>\t\t\t\t\t\t\t\t<\/div>\n\t\t\t\t<\/div>\n\t\t\t\t\t<\/div>\n\t\t\t\t<\/div>\n\t\t<div class=\"elementor-element elementor-element-639861a e-flex e-con-boxed e-con e-parent\" data-id=\"639861a\" data-element_type=\"container\">\n\t\t\t\t\t<div class=\"e-con-inner\">\n\t\t\t\t<div class=\"elementor-element elementor-element-1eb0b33 elementor-widget elementor-widget-wpforms\" data-id=\"1eb0b33\" data-element_type=\"widget\" data-widget_type=\"wpforms.default\">\n\t\t\t\t<div class=\"elementor-widget-container\">\n\t\t\t\t\t<style id=\"wpforms-css-vars-elementor-widget-1eb0b33\">\n\t\t\t\t.elementor-widget-wpforms.elementor-element-1eb0b33 {\n\t\t\t\t--wpforms-button-background-color: #FBDEAF;\n--wpforms-button-text-color: #000000;\n\t\t\t}\n\t\t\t<\/style><div class=\"wpforms-container wpforms-container-full wpforms-render-modern\" id=\"wpforms-1988\"><form id=\"wpforms-form-1988\" class=\"wpforms-validate wpforms-form wpforms-ajax-form\" data-formid=\"1988\" method=\"post\" enctype=\"multipart\/form-data\" action=\"\/fi\/wp-json\/wp\/v2\/pages\/1889\" data-token=\"efb4c1d4b1ef46a2a7b0d188fdefca33\" data-token-time=\"1777394941\" data-trp-original-action=\"\/fi\/wp-json\/wp\/v2\/pages\/1889\"><noscript class=\"wpforms-error-noscript\">Ota JavaScript k\u00e4ytt\u00f6\u00f6n selaimessasi t\u00e4ytt\u00e4\u00e4ksesi t\u00e4m\u00e4n lomakkeen.<\/noscript><div id=\"wpforms-error-noscript\" style=\"display: none;\">Ota JavaScript k\u00e4ytt\u00f6\u00f6n selaimessasi t\u00e4ytt\u00e4\u00e4ksesi t\u00e4m\u00e4n lomakkeen.<\/div><div class=\"wpforms-field-container\"><div id=\"wpforms-1988-field_7-container\" class=\"wpforms-field wpforms-field-name wpforms-one-half wpforms-first\" data-field-id=\"7\"><label class=\"wpforms-field-label wpforms-label-hide\" for=\"wpforms-1988-field_7\" aria-hidden=\"false\">Nimi <span class=\"wpforms-required-label\" aria-hidden=\"true\">*<\/span><\/label><input type=\"text\" id=\"wpforms-1988-field_7\" class=\"wpforms-field-large wpforms-field-required\" name=\"wpforms[fields][7]\" placeholder=\"Nimi\" aria-errormessage=\"wpforms-1988-field_7-error\" required><\/div><div id=\"wpforms-1988-field_8-container\" class=\"wpforms-field wpforms-field-email wpforms-one-half\" data-field-id=\"8\"><label class=\"wpforms-field-label wpforms-label-hide\" for=\"wpforms-1988-field_8\" aria-hidden=\"false\">S\u00e4hk\u00f6posti <span class=\"wpforms-required-label\" aria-hidden=\"true\">*<\/span><\/label><input type=\"email\" id=\"wpforms-1988-field_8\" class=\"wpforms-field-large wpforms-field-required\" name=\"wpforms[fields][8]\" placeholder=\"S\u00e4hk\u00f6posti\" spellcheck=\"false\" aria-errormessage=\"wpforms-1988-field_8-error\" required><\/div><div id=\"wpforms-1988-field_11-container\" class=\"wpforms-field wpforms-field-number\" data-field-id=\"11\"><label class=\"wpforms-field-label wpforms-label-hide\" for=\"wpforms-1988-field_11\" aria-hidden=\"false\">Numero<\/label><input type=\"number\" id=\"wpforms-1988-field_11\" class=\"wpforms-field-large\" name=\"wpforms[fields][11]\" placeholder=\"Puhelinnumero\" step=\"any\" aria-errormessage=\"wpforms-1988-field_11-error\" ><\/div><div id=\"wpforms-1988-field_9-container\" class=\"wpforms-field wpforms-field-textarea\" data-field-id=\"9\"><label class=\"wpforms-field-label wpforms-label-hide\" for=\"wpforms-1988-field_9\" aria-hidden=\"false\">Kommentti<\/label><textarea id=\"wpforms-1988-field_9\" class=\"wpforms-field-medium\" name=\"wpforms[fields][9]\" placeholder=\"Kommentti\" aria-errormessage=\"wpforms-1988-field_9-error\" ><\/textarea><\/div><div id=\"wpforms-1988-field_13-container\" class=\"wpforms-field wpforms-field-captcha\" data-field-id=\"13\"><label class=\"wpforms-field-label wpforms-label-hide\" for=\"wpforms-1988-field_13\" aria-hidden=\"false\">Mukautettu Captcha <span class=\"wpforms-required-label\" aria-hidden=\"true\">*<\/span><\/label>\t\t\t<div class=\"wpforms-captcha-math\">\n\t\t\t\t<span id=\"wpforms-1988-field_13-question\" class=\"wpforms-captcha-equation\">\n\t\t\t\t\t<span class=\"n1\">13<\/span>\n\t\t\t\t\t\t\t<span class=\"cal\">*<\/span>\n\t\t\t\t\t\t\t<span class=\"n2\">15<\/span>\t\t\t\t\t<span class=\"e\">=<\/span>\n\t\t\t\t<\/span>\n\t\t\t\t<input type=\"text\" id=\"wpforms-1988-field_13\" class=\"wpforms-field-medium wpforms-field-required a\" data-rule-wpf-captcha=\"math\" data-is-wrapped-field=\"1\" name=\"wpforms[fields][13][a]\" aria-errormessage=\"wpforms-1988-field_13-error\" aria-describedby=\"wpforms-1988-field_13-question\" required>\t\t\t\t<input type=\"hidden\" name=\"wpforms[fields][13][cal]\" class=\"cal\">\n\t\t\t\t<input type=\"hidden\" name=\"wpforms[fields][13][n2]\" class=\"n2\">\n\t\t\t\t<input type=\"hidden\" name=\"wpforms[fields][13][n1]\" class=\"n1\">\n\t\t\t<\/div>\n\t\t\t<\/div><\/div><!-- .wpforms-field-container --><div class=\"wpforms-recaptcha-container wpforms-is-recaptcha wpforms-is-recaptcha-type-v2\" ><div class=\"g-recaptcha\" data-sitekey=\"6LcrLaYpAAAAAGmNA9ZsQEIT18nXkm0c0X-_zXjO\"><\/div><input type=\"text\" name=\"g-recaptcha-hidden\" class=\"wpforms-recaptcha-hidden\" style=\"position:absolute!important;clip:rect(0,0,0,0)!important;height:1px!important;width:1px!important;border:0!important;overflow:hidden!important;padding:0!important;margin:0!important;\" data-rule-recaptcha=\"1\"><\/div><div class=\"wpforms-submit-container\" ><input type=\"hidden\" name=\"wpforms[id]\" value=\"1988\"><input type=\"hidden\" name=\"page_title\" value=\"\"><input type=\"hidden\" name=\"page_url\" value=\"https:\/\/www.selfprotein.com\/fi\/wp-json\/wp\/v2\/pages\/1889\"><input type=\"hidden\" name=\"url_referer\" value=\"\"><button type=\"submit\" name=\"wpforms[submit]\" id=\"wpforms-submit-1988\" class=\"wpforms-submit wpforms-button-background-color077aab\" data-alt-text=\"Sending\u2026\" data-submit-text=\"SEND MESSAGE\" aria-live=\"assertive\" value=\"wpforms-submit\">L\u00c4HET\u00c4 VIESTI<\/button><img decoding=\"async\" src=\"https:\/\/www.selfprotein.com\/wp-content\/plugins\/wpforms\/assets\/images\/submit-spin.svg\" class=\"wpforms-submit-spinner\" style=\"display: none;\" width=\"26\" height=\"26\" alt=\"Ladataan\"><\/div><input type=\"hidden\" name=\"trp-form-language\" value=\"fi\"\/><\/form><\/div>  <!-- .wpforms-container -->\t\t\t\t<\/div>\n\t\t\t\t<\/div>\n\t\t\t\t\t<\/div>\n\t\t\t\t<\/div>\n\t\t<div class=\"elementor-element elementor-element-68d06e2 e-con-full e-flex e-con e-parent\" data-id=\"68d06e2\" data-element_type=\"container\" data-settings=\"{&quot;background_background&quot;:&quot;classic&quot;}\">\n\t\t\t\t<div class=\"elementor-element elementor-element-efe17c8 elementor-widget__width-inherit elementor-widget elementor-widget-html\" data-id=\"efe17c8\" data-element_type=\"widget\" data-widget_type=\"html.default\">\n\t\t\t\t<div class=\"elementor-widget-container\">\n\t\t\t\t\t<iframe width=\"100%\" height=\"300px\" frameborder=\"0\" allowfullscreen allow=\"geolocation\" src=\"\/\/umap.openstreetmap.fr\/it\/map\/mappa-senza-nome_1113977?scaleControl=false&miniMap=false&scrollWheelZoom=true&zoomControl=true&editMode=disabled&moreControl=false&searchControl=false&tilelayersControl=false&embedControl=false&datalayersControl=false&onLoadPanel=none&captionBar=false&captionMenus=false&fullscreenControl=false&captionControl=false&locateControl=false&measureControl=false&editinosmControl=false&starControl=false\"><\/iframe>\t\t\t\t<\/div>\n\t\t\t\t<\/div>\n\t\t\t\t<\/div>\n\t\t\t\t<\/div>","protected":false},"excerpt":{"rendered":"<p>Ota yhteytt\u00e4 Voimmeko auttaa? Onko sinulla kysytt\u00e4v\u00e4\u00e4? Kommentteja? Ota meihin yhteytt\u00e4 t\u00e4ytt\u00e4m\u00e4ll\u00e4 alla oleva s\u00e4hk\u00f6postilomake. Ty\u00f6skentelemme mahdollisimman nopeasti auttaaksemme sinua. Ota JavaScript k\u00e4ytt\u00f6\u00f6n selaimessasi t\u00e4ytt\u00e4\u00e4ksesi t\u00e4m\u00e4n lomakkeen.Ota JavaScript k\u00e4ytt\u00f6\u00f6n selaimessasi t\u00e4ytt\u00e4\u00e4ksesi t\u00e4m\u00e4n lomakkeen.Nimi *S\u00e4hk\u00f6posti *NumeroKommentti L\u00c4HET\u00c4 Viesti Ota JavaScript k\u00e4ytt\u00f6\u00f6n [...]<\/p>","protected":false},"author":1,"featured_media":0,"parent":0,"menu_order":0,"comment_status":"closed","ping_status":"closed","template":"","meta":{"footnotes":""},"class_list":["post-1889","page","type-page","status-publish","hentry"],"aioseo_notices":[],"_links":{"self":[{"href":"https:\/\/www.selfprotein.com\/fi\/wp-json\/wp\/v2\/pages\/1889"}],"collection":[{"href":"https:\/\/www.selfprotein.com\/fi\/wp-json\/wp\/v2\/pages"}],"about":[{"href":"https:\/\/www.selfprotein.com\/fi\/wp-json\/wp\/v2\/types\/page"}],"author":[{"embeddable":true,"href":"https:\/\/www.selfprotein.com\/fi\/wp-json\/wp\/v2\/users\/1"}],"replies":[{"embeddable":true,"href":"https:\/\/www.selfprotein.com\/fi\/wp-json\/wp\/v2\/comments?post=1889"}],"version-history":[{"count":109,"href":"https:\/\/www.selfprotein.com\/fi\/wp-json\/wp\/v2\/pages\/1889\/revisions"}],"predecessor-version":[{"id":11105,"href":"https:\/\/www.selfprotein.com\/fi\/wp-json\/wp\/v2\/pages\/1889\/revisions\/11105"}],"wp:attachment":[{"href":"https:\/\/www.selfprotein.com\/fi\/wp-json\/wp\/v2\/media?parent=1889"}],"curies":[{"name":"wp","href":"https:\/\/api.w.org\/{rel}","templated":true}]}}