{"id":2770,"date":"2024-02-16T10:05:28","date_gmt":"2024-02-16T09:05:28","guid":{"rendered":"https:\/\/34.88.231.180\/?page_id=2770"},"modified":"2024-06-14T10:13:34","modified_gmt":"2024-06-14T08:13:34","slug":"privacy-policy","status":"publish","type":"page","link":"https:\/\/www.selfprotein.com\/fi\/privacy-policy\/","title":{"rendered":"Tietosuojak\u00e4yt\u00e4nt\u00f6"},"content":{"rendered":"<div data-elementor-type=\"wp-page\" data-elementor-id=\"2770\" class=\"elementor elementor-2770\" data-elementor-post-type=\"page\">\n\t\t\t\t<div class=\"elementor-element elementor-element-7e34914 e-flex e-con-boxed e-con e-parent\" data-id=\"7e34914\" data-element_type=\"container\">\n\t\t\t\t\t<div class=\"e-con-inner\">\n\t\t\t\t<div class=\"elementor-element elementor-element-c526cbd elementor-widget elementor-widget-heading\" data-id=\"c526cbd\" data-element_type=\"widget\" data-widget_type=\"heading.default\">\n\t\t\t\t<div class=\"elementor-widget-container\">\n\t\t\t\t\t<h1 class=\"elementor-heading-title elementor-size-default\">Tietosuojak\u00e4yt\u00e4nt\u00f6<\/h1>\t\t\t\t<\/div>\n\t\t\t\t<\/div>\n\t\t\t\t\t<\/div>\n\t\t\t\t<\/div>\n\t\t<div class=\"elementor-element elementor-element-dff0ae9 e-flex e-con-boxed e-con e-parent\" data-id=\"dff0ae9\" data-element_type=\"container\">\n\t\t\t\t\t<div class=\"e-con-inner\">\n\t\t\t\t<div class=\"elementor-element elementor-element-7eec3f1 elementor-widget elementor-widget-heading\" data-id=\"7eec3f1\" data-element_type=\"widget\" data-widget_type=\"heading.default\">\n\t\t\t\t<div class=\"elementor-widget-container\">\n\t\t\t\t\t<h2 class=\"elementor-heading-title elementor-size-default\">13 Protein Import AB | Self omninutrition (13PIAB | SELF)<\/h2>\t\t\t\t<\/div>\n\t\t\t\t<\/div>\n\t\t\t\t\t<\/div>\n\t\t\t\t<\/div>\n\t\t<div class=\"elementor-element elementor-element-f2554a9 e-flex e-con-boxed e-con e-parent\" data-id=\"f2554a9\" data-element_type=\"container\">\n\t\t\t\t\t<div class=\"e-con-inner\">\n\t\t\t\t<div class=\"elementor-element elementor-element-00b6ae9 elementor-widget elementor-widget-text-editor\" data-id=\"00b6ae9\" data-element_type=\"widget\" data-widget_type=\"text-editor.default\">\n\t\t\t\t<div class=\"elementor-widget-container\">\n\t\t\t\t\t\t\t\t\tTietosuoja on t\u00e4rke\u00e4\u00e4 13PIAB | SELF, on t\u00e4rke\u00e4\u00e4, ett\u00e4 henkil\u00f6tietojasi k\u00e4sitell\u00e4\u00e4n vastuullisesti yksityisyytesi suhteen ja saatat saada selville, mit\u00e4 tietoja meill\u00e4 on sinusta ja miten k\u00e4yt\u00e4mme niit\u00e4. T\u00e4ss\u00e4 k\u00e4yt\u00e4nn\u00f6ss\u00e4 kuvataan my\u00f6s oikeutesi ja oikeuksien k\u00e4ytt\u00e4minen.\n<h3 style=\"font-family: average sans;\"><strong>Kuka on henkil\u00f6tietojesi rekisterinpit\u00e4j\u00e4?<\/strong><\/h3>\nRuotsalainen yritys, jonka osoite on alla ja jonka kotipaikka on Tukholmassa, on sovellettavien tietosuojam\u00e4\u00e4r\u00e4ysten mukaisesti vastuussa henkil\u00f6tiedoista, jotka olet l\u00e4hett\u00e4nyt tai toimittanut meille: 13 Protein Import AB Speditionsv\u00e4gen 45 SE-142 50 SKOG\u00c5S\/ TUKHOLMA RUOTSI Yrityshakemisto: Ruotsin yritysten rekister\u00f6intitoimisto Yrityksen rekister\u00f6intinumero: 556641-1830 Alv-numero: SE556641183001\n<h3 style=\"font-family: average sans;\"><strong>Ota yhteytt\u00e4<\/strong><\/h3>\nJos sinulla on kysymyksi\u00e4 tai huolenaiheita henkil\u00f6tietojesi k\u00e4sittelyst\u00e4, voit l\u00e4hett\u00e4\u00e4 meille s\u00e4hk\u00f6postia seuraaviin yhteystietoihin: S\u00e4hk\u00f6posti: <a href=\"mailto:privacy@13protein.com\">privacy@13protein.com<\/a> Puhelin: + 46 (0) 8 645 79 59\n<h3 style=\"font-family: average sans;\"><strong>Mit\u00e4 tietoja ker\u00e4\u00e4mme?<\/strong><\/h3>\n13PIAB | SELF ker\u00e4\u00e4 tietoja seuraavista alueista ja toiminnoista. Kun k\u00e4yt\u00e4t palveluitamme tai teet ostoksia meill\u00e4, voit suoraan tai ep\u00e4suorasti tulla antamaan meille tietoja itsest\u00e4si useilla tavoilla, kuten kun teet ostoksen verkkosivustomme kautta tai otat meihin yhteytt\u00e4 luovuttaessasi henkil\u00f6kohtaisia \u200b\u200btietojasi.\n<h3 style=\"font-family: average sans;\"><strong>Tiedot, jotka annat meille ja joita ker\u00e4\u00e4mme sinusta.<\/strong><\/h3>\n<ul>\n \t<li>Yhteystiedot (nimi, s\u00e4hk\u00f6postiosoite, puhelinnumero, laskutus- ja toimitusosoite).<\/li>\n \t<li>Maksutiedot (luottokorttitiedot, laskutustiedot jne.).<\/li>\n \t<li>Osoitetiedot (osoitetiedot t\u00e4yt\u00e4t sin\u00e4, asiakas, tai jos pyyd\u00e4t, yhteisty\u00f6kumppanit, kuten: Klarna, Paypal)<\/li>\n \t<li>Tietoja tuotteista\/palveluista (tiedot ostamistasi tuotteista\/palveluista).<\/li>\n \t<li>Rahoitustiedot (hyv\u00e4ksytyt luotot yhteisty\u00f6kumppaneidemme kautta. (Esimerkkej\u00e4 l\u00e4hteist\u00e4: Klarna, PayPal).<\/li>\n \t<li>Tietoja siit\u00e4, miten k\u00e4yt\u00e4t sivustoamme, miten tavoitit meid\u00e4t ja miten k\u00e4yt\u00e4t palveluitamme.<\/li>\n<\/ul>\n<h3 style=\"font-family: average sans;\"><strong>Mit\u00e4 teemme tiedoillasi?<\/strong><\/h3>\nKun ostat tuotteita tai palveluita 13PIAB | SELF, henkil\u00f6kohtaisia \u200b\u200btietojasi tallennetaan ja k\u00e4ytet\u00e4\u00e4n palvelumme ja palveluidemme parantamiseen. Kun ja jos vahvistat tilauksen, henkil\u00f6tietojasi k\u00e4sitell\u00e4\u00e4n:\n<ul>\n \t<li>Tuotteiden tai palvelujen oston loppuunsaattaminen ja tarvittaessa henkil\u00f6llisyytesi todentaminen.<\/li>\n \t<li>pysty\u00e4 tarjoamaan sinulle asiakastukea ja tietoa tuotteista tai palveluista.<\/li>\n \t<li>hallinnoida, kehitt\u00e4\u00e4, parantaa ja testata palveluitamme sek\u00e4 j\u00e4rjestelm\u00e4\u00e4, jolla niit\u00e4 tarjotaan.<\/li>\n \t<li>Tuotteiden tai palveluiden edist\u00e4minen.<\/li>\n<\/ul>\nJos annat suostumuksesi, henkil\u00f6tietojasi k\u00e4sitell\u00e4\u00e4n seuraavasti:\n<ul>\n \t<li>L\u00e4het\u00e4 uutiskirjeit\u00e4, joissa on ajankohtaisia tai henkil\u00f6kohtaisia tarjouksia<\/li>\n \t<li>Ev\u00e4steiden avulla tallennamme verkkoasetuksesi, jotta voimme luoda yksil\u00f6llisen k\u00e4ytt\u00f6kokemuksen ja pysty\u00e4 ohjaamaan sinulle markkinointitarjouksia.<\/li>\n \t<li>Arvioida ja parantaa tuotteitamme ja palveluitamme sek\u00e4 niiden tarjoamia j\u00e4rjestelmi\u00e4 esimerkiksi vianm\u00e4\u00e4rityksen, data-analyysin ja muiden vastaavien keinojen avulla.<\/li>\n \t<li>Asiakaspalvelupyynt\u00f6jen (tiedustelut, valitukset ja vastaavat) hallinta.<\/li>\n \t<li>Palvelun v\u00e4\u00e4rink\u00e4yt\u00f6n est\u00e4minen (rikosten ennaltaehk\u00e4isy, ehk\u00e4isy ja tutkinta).<\/li>\n<\/ul>\n13PIAB | SELF ker\u00e4\u00e4 ja k\u00e4sittelee my\u00f6s henkil\u00f6tietoja noudattaakseen sovellettavaa lains\u00e4\u00e4d\u00e4nt\u00f6\u00e4, esim. kirjanpitolaki, verolaki.\n<h3 style=\"font-family: average sans;\"><strong>Kommunikoi kanssasi<\/strong><\/h3>\n13PIAB | SELF voi my\u00f6s k\u00e4ytt\u00e4\u00e4 tietojasi kommunikoidakseen kanssasi analogisten ja digitaalisten markkinointikanavien kautta. Jos et halua vastaanottaa meilt\u00e4 kohdennettuja viestej\u00e4, voit peruuttaa tilauksen kirjautumalla tililleni ja hallinnoimalla tili\u00e4si. Huomaa, ett\u00e4 muutos ei tule voimaan heti ja asetuksissa voi olla viiveit\u00e4.\n<h3 style=\"font-family: average sans;\"><strong>Voimme jakaa tietojasi seuraaville tahoille<\/strong><\/h3>\nVoidaksemme tarjota palvelujamme ja toimittaaksemme tuotteitasi sinulle, voimme siirt\u00e4\u00e4 tai jakaa tietosi valituille kolmansille osapuolille. Toimittajat, alihankkijat: 13PIAB | SELF voi jakaa henkil\u00f6tietojasi myyjille tai urakoitsijoille (mukaan lukien logistiikkayritykselle), ja niit\u00e4 s\u00e4\u00e4telee tiukasti yritysten v\u00e4linen sopimus. Luottotoimistot: Maksujesi hallintaa varten tietosi jaetaan talousel\u00e4m\u00e4n toimijoiden kanssa ja koska sinulla saattaa jo olla sopimus (Klarna, PayPal). Jos p\u00e4\u00e4t\u00e4t k\u00e4ytt\u00e4\u00e4 luottopalveluja kumppaneidemme kautta, henkil\u00f6tietosi jaetaan rahoitusyhti\u00f6iden kanssa. Vakuutusyhti\u00f6t: Tietoja sinusta oston yhteydess\u00e4 valitset mink\u00e4 tahansa tuotteesi vakuuttamisen, henkil\u00f6tietosi sek\u00e4 tuotetietosi jaetaan vakuutuksenantajan kanssa. Viranomaiset: PGA. lain tai suostumuksellasi 13PIAB | SELF voi jakaa tietosi valtion virastoille, kuten verovirastolle, poliisille tai muille viranomaisille.\n<h3 style=\"font-family: average sans;\"><strong>Turvallisuus<\/strong><\/h3>\n13PIAB\/SELF pyrkii suojaamaan henkil\u00f6tietojasi ja yll\u00e4pit\u00e4\u00e4 asianmukaisia \u200b\u200bteknisi\u00e4 ja organisatorisia toimenpiteit\u00e4 est\u00e4\u00e4kseen henkil\u00f6tietojesi sopimattoman tai tahattoman laiminly\u00f6nnin, k\u00e4yt\u00f6n, p\u00e4\u00e4syn, katoamisen, muuttamisen tai vahingoittumisen. 13PIAB | SELF tai toimittajiemme ty\u00f6ntekij\u00e4t, jotka tarvitsevat p\u00e4\u00e4syn henkil\u00f6tietoihisi tietty\u00e4 teht\u00e4v\u00e4\u00e4 varten, p\u00e4\u00e4sev\u00e4t henkil\u00f6tietoihisi.\n<h3 style=\"font-family: average sans;\"><strong>Mit\u00e4 emme tee tiedoillesi<\/strong><\/h3>\nEmme luovuta, myy tai vaihda henkil\u00f6tietojasi tai tietojasi markkinointitarkoituksiin kolmansille osapuolille.\n<h3 style=\"font-family: average sans;\"><strong>Miss\u00e4 s\u00e4ilyt\u00e4mme tietojasi<\/strong><\/h3>\nK\u00e4sittelemme henkil\u00f6tietojasi suurimman osan EU\/ETA-alueella. Jos henkil\u00f6tietoja siirret\u00e4\u00e4n tai k\u00e4sitell\u00e4\u00e4n EU:n\/ETA:n ulkopuolisessa maassa, 13PIAB | SELF toteuttaa kaikki kohtuulliset oikeudelliset, tekniset ja organisatoriset toimenpiteet varmistaakseen, ett\u00e4 henkil\u00f6tietojasi k\u00e4sitell\u00e4\u00e4n turvallisesti ja riitt\u00e4v\u00e4ll\u00e4 suojaustasolla, joka on verrattavissa EU\/ETA-alueella tarjottavaan suojaukseen.\n<h3 style=\"font-family: average sans;\"><strong>Kuinka kauan s\u00e4ilyt\u00e4mme tietojasi<\/strong><\/h3>\nS\u00e4ilyt\u00e4mme henkil\u00f6tietojasi vain niin kauan kuin on tarpeen t\u00e4ss\u00e4 k\u00e4yt\u00e4nn\u00f6ss\u00e4 m\u00e4\u00e4riteltyjen tarkoitusten toteuttamiseksi. Kun tallennamme tietojasi muihin tarkoituksiin, esim. T\u00e4ytt\u00e4\u00e4ksemme julkaisemisen vaatimukset, s\u00e4ilyt\u00e4mme tietojasi vain niin kauan kuin se on tarpeen ja\/tai lakis\u00e4\u00e4teist\u00e4 vastaaviin tarkoituksiin. Suoritamme s\u00e4\u00e4nn\u00f6llisi\u00e4 seuloja ja poistamme henkil\u00f6tietoja, jos niit\u00e4 ei en\u00e4\u00e4 tarvita ja jos et ole aktiivinen asiakas (ostettuja tuotteita, hallinnoitu tili) yhden (1) vuoden ajan.\n<h3 style=\"font-family: average sans;\"><strong>Oikeutesi, oikeus tietojen oikaisemiseen ja rajoittamiseen<\/strong><\/h3>\nSinulla on oikeus p\u00e4\u00e4st\u00e4 k\u00e4siksi tietoihisi, kirjautua sivuilleni, joilla voit hallita tietojasi 24 tuntia vuorokaudessa. Voit muokata itse\u00e4si koskevia ep\u00e4tarkkoja tai ep\u00e4t\u00e4ydellisi\u00e4 tietoja. Voit halutessasi poistaa profiilisi (\"oikeus tulla unohdetuksi\") Jos p\u00e4\u00e4t\u00e4t poistaa tietosi, ne poistetaan. Lainmukaisia \u200b\u200bvelvoitteita voi kuitenkin olla mm. kirjanpitolaki, mik\u00e4 tarkoittaa, ett\u00e4 voimme v\u00e4litt\u00f6m\u00e4sti poistaa osan tiedoistasi. Tallennamme tiedot vain sen aikas\u00e4\u00e4nn\u00f6n mukaisesti, joka meid\u00e4n on lain mukaan s\u00e4ilytett\u00e4v\u00e4. Sinulla on oikeus vaatia hoidon rajoittamista, jos jokin seuraavista p\u00e4tee: Jos kiist\u00e4t henkil\u00f6tietojen paikkansapit\u00e4vyyden, uskot, ett\u00e4 k\u00e4sittely on laitonta, emme en\u00e4\u00e4 tarvitse tietoja, mutta tarvitset niit\u00e4 voidaksemme todeta, harjoittaa tai puolustaa oikeudellista vaatimusta. Sinulla on oikeus vastustaa k\u00e4sittely\u00e4 hoitosi oikeusperustana on etujen tasapainottaminen.\n<h3 style=\"font-family: average sans;\"><strong>Valvontaviranomainen<\/strong><\/h3>\nTietosuojaviranomainen (25. toukokuuta 2018 alkaen, sit\u00e4 ennen Ruotsin tietotarkastuslautakunta) on Ruotsin valvontaviranomainen, joka valvoo, ett\u00e4 henkil\u00f6tietojen k\u00e4sittelyss\u00e4 noudatetaan tietosuoja-asetusta. Jos uskot, ett\u00e4 13PIAB | SELF k\u00e4sittelee henkil\u00f6tietojasi dataskydds-asetuksen vastaisesti, sinulla on oikeus tehd\u00e4 valitus Integritetsskydds-viranomaiselle.\n\nYhteystiedot: Puhelinnumero: Puhelinnumero: 1: Puhelin: 08-657 6100 S\u00e4hk\u00f6posti: 08-657 6100 S\u00e4hk\u00f6posti: 08-657 6100 S\u00e4hk\u00f6posti: 08-657 6100 <a href=\"mailto:datainspektionen@datainspektionen.se\">datainspektionen@datainspektionen.se<\/a> \u00a0 13PIAB | SELF pid\u00e4tt\u00e4\u00e4 oikeuden muuttaa ja p\u00e4ivitt\u00e4\u00e4 t\u00e4t\u00e4 k\u00e4yt\u00e4nt\u00f6\u00e4.\t\t\t\t\t\t\t\t<\/div>\n\t\t\t\t<\/div>\n\t\t\t\t\t<\/div>\n\t\t\t\t<\/div>\n\t\t\t\t<\/div>","protected":false},"excerpt":{"rendered":"<p>Tietosuojak\u00e4yt\u00e4nt\u00f6 13 Protein Import AB | Self omninutrition (13PIAB | SELF) Tietosuoja on t\u00e4rke\u00e4\u00e4 13PIAB | SELF:lle, ja on t\u00e4rke\u00e4\u00e4, ett\u00e4 henkil\u00f6kohtaisia tietojasi k\u00e4sitell\u00e4\u00e4n vastuullisesti yksityisyytesi kannalta, ja voit selvitt\u00e4\u00e4, mit\u00e4 tietoja meill\u00e4 on sinusta ja miten k\u00e4yt\u00e4mme niit\u00e4. T\u00e4ss\u00e4 politiikassa kuvataan my\u00f6s [...]<\/p>","protected":false},"author":1,"featured_media":0,"parent":0,"menu_order":0,"comment_status":"closed","ping_status":"closed","template":"","meta":{"footnotes":""},"class_list":["post-2770","page","type-page","status-publish","hentry"],"aioseo_notices":[],"_links":{"self":[{"href":"https:\/\/www.selfprotein.com\/fi\/wp-json\/wp\/v2\/pages\/2770"}],"collection":[{"href":"https:\/\/www.selfprotein.com\/fi\/wp-json\/wp\/v2\/pages"}],"about":[{"href":"https:\/\/www.selfprotein.com\/fi\/wp-json\/wp\/v2\/types\/page"}],"author":[{"embeddable":true,"href":"https:\/\/www.selfprotein.com\/fi\/wp-json\/wp\/v2\/users\/1"}],"replies":[{"embeddable":true,"href":"https:\/\/www.selfprotein.com\/fi\/wp-json\/wp\/v2\/comments?post=2770"}],"version-history":[{"count":125,"href":"https:\/\/www.selfprotein.com\/fi\/wp-json\/wp\/v2\/pages\/2770\/revisions"}],"predecessor-version":[{"id":6765,"href":"https:\/\/www.selfprotein.com\/fi\/wp-json\/wp\/v2\/pages\/2770\/revisions\/6765"}],"wp:attachment":[{"href":"https:\/\/www.selfprotein.com\/fi\/wp-json\/wp\/v2\/media?parent=2770"}],"curies":[{"name":"wp","href":"https:\/\/api.w.org\/{rel}","templated":true}]}}