{"id":2851,"date":"2024-02-16T12:58:50","date_gmt":"2024-02-16T11:58:50","guid":{"rendered":"https:\/\/34.88.231.180\/?page_id=2851"},"modified":"2024-10-25T11:55:56","modified_gmt":"2024-10-25T09:55:56","slug":"faq","status":"publish","type":"page","link":"https:\/\/www.selfprotein.com\/fi\/faq\/","title":{"rendered":"FAQ"},"content":{"rendered":"<div data-elementor-type=\"wp-page\" data-elementor-id=\"2851\" class=\"elementor elementor-2851\" data-elementor-post-type=\"page\">\n\t\t\t\t<div class=\"elementor-element elementor-element-e92a26a e-con-full e-flex e-con e-parent\" data-id=\"e92a26a\" data-element_type=\"container\" data-settings=\"{&quot;background_background&quot;:&quot;classic&quot;}\">\n\t\t<div class=\"elementor-element elementor-element-1c63a76 e-flex e-con-boxed e-con e-child\" data-id=\"1c63a76\" data-element_type=\"container\">\n\t\t\t\t\t<div class=\"e-con-inner\">\n\t\t\t\t<div class=\"elementor-element elementor-element-5db078a elementor-widget elementor-widget-heading\" data-id=\"5db078a\" data-element_type=\"widget\" data-widget_type=\"heading.default\">\n\t\t\t\t<div class=\"elementor-widget-container\">\n\t\t\t\t\t<h2 class=\"elementor-heading-title elementor-size-default\">FAQ<\/h2>\t\t\t\t<\/div>\n\t\t\t\t<\/div>\n\t\t\t\t<div class=\"elementor-element elementor-element-ac8bd9d elementor-widget elementor-widget-text-editor\" data-id=\"ac8bd9d\" data-element_type=\"widget\" data-widget_type=\"text-editor.default\">\n\t\t\t\t<div class=\"elementor-widget-container\">\n\t\t\t\t\t\t\t\t\t<p>Vastaukset kysymyksiisi<\/p>\t\t\t\t\t\t\t\t<\/div>\n\t\t\t\t<\/div>\n\t\t\t\t\t<\/div>\n\t\t\t\t<\/div>\n\t\t\t\t<\/div>\n\t\t<div class=\"elementor-element elementor-element-5128fb3 e-flex e-con-boxed e-con e-parent\" data-id=\"5128fb3\" data-element_type=\"container\">\n\t\t\t\t\t<div class=\"e-con-inner\">\n\t\t\t\t<div class=\"elementor-element elementor-element-8a52ff6 elementor-widget elementor-widget-toggle\" data-id=\"8a52ff6\" data-element_type=\"widget\" data-widget_type=\"toggle.default\">\n\t\t\t\t<div class=\"elementor-widget-container\">\n\t\t\t\t\t\t\t<div class=\"elementor-toggle\">\n\t\t\t\t\t\t\t<div class=\"elementor-toggle-item\">\n\t\t\t\t\t<div id=\"elementor-tab-title-1451\" class=\"elementor-tab-title\" data-tab=\"1\" role=\"button\" aria-controls=\"elementor-tab-content-1451\" aria-expanded=\"false\">\n\t\t\t\t\t\t\t\t\t\t\t\t<a class=\"elementor-toggle-title\" tabindex=\"0\">Mik\u00e4 on lis\u00e4ravinteiden suositeltu annostus?<\/a>\n\t\t\t\t\t<\/div>\n\n\t\t\t\t\t<div id=\"elementor-tab-content-1451\" class=\"elementor-tab-content elementor-clearfix\" data-tab=\"1\" role=\"region\" aria-labelledby=\"elementor-tab-title-1451\">Suositeltu annos vaihtelee tuotteesta riippuen. Katso tarkat ohjeet pakkauksen etiketist\u00e4. Voit my\u00f6s neuvotella terveydenhuollon ammattilaisen kanssa ennen kuin aloitat mink\u00e4 tahansa uuden lis\u00e4ravinneohjelman.<\/div>\n\t\t\t\t<\/div>\n\t\t\t\t\t\t\t<div class=\"elementor-toggle-item\">\n\t\t\t\t\t<div id=\"elementor-tab-title-1452\" class=\"elementor-tab-title\" data-tab=\"2\" role=\"button\" aria-controls=\"elementor-tab-content-1452\" aria-expanded=\"false\">\n\t\t\t\t\t\t\t\t\t\t\t\t<a class=\"elementor-toggle-title\" tabindex=\"0\">Ovatko lis\u00e4ravinteesi turvallisia kaikkien k\u00e4ytett\u00e4v\u00e4ksi?<\/a>\n\t\t\t\t\t<\/div>\n\n\t\t\t\t\t<div id=\"elementor-tab-content-1452\" class=\"elementor-tab-content elementor-clearfix\" data-tab=\"2\" role=\"region\" aria-labelledby=\"elementor-tab-title-1452\"><p>Lis\u00e4ravinteemme on valmistettu korkealaatuisista ainesosista ja noudattavat tiukkoja turvallisuusstandardeja. Emme kuitenkaan suosittele alle 16-vuotiaita, raskaana olevia tai imett\u00e4vi\u00e4 naisia, henkil\u00f6it\u00e4, joilla on perussairauksia tai jotka k\u00e4ytt\u00e4v\u00e4t l\u00e4\u00e4kkeit\u00e4, k\u00e4ytt\u00e4m\u00e4\u00e4n lis\u00e4ravinteitamme neuvottelematta ensin terveydenhuollon tarjoajan kanssa.<\/p><\/div>\n\t\t\t\t<\/div>\n\t\t\t\t\t\t\t<div class=\"elementor-toggle-item\">\n\t\t\t\t\t<div id=\"elementor-tab-title-1453\" class=\"elementor-tab-title\" data-tab=\"3\" role=\"button\" aria-controls=\"elementor-tab-content-1453\" aria-expanded=\"false\">\n\t\t\t\t\t\t\t\t\t\t\t\t<a class=\"elementor-toggle-title\" tabindex=\"0\">Kuinka kauan toimitus kest\u00e4\u00e4, ja tarjoatteko kansainv\u00e4list\u00e4 toimitusta?<\/a>\n\t\t\t\t\t<\/div>\n\n\t\t\t\t\t<div id=\"elementor-tab-content-1453\" class=\"elementor-tab-content elementor-clearfix\" data-tab=\"3\" role=\"region\" aria-labelledby=\"elementor-tab-title-1453\"><p>Tarjoamme nopean kotimaan toimituksen, yleens\u00e4 3-5 arkip\u00e4iv\u00e4n kuluessa. Kansainv\u00e4linen toimitus on saatavilla tiettyihin maihin, ja toimitusajat vaihtelevat m\u00e4\u00e4r\u00e4np\u00e4\u00e4st\u00e4 riippuen.<\/p><\/div>\n\t\t\t\t<\/div>\n\t\t\t\t\t\t\t<div class=\"elementor-toggle-item\">\n\t\t\t\t\t<div id=\"elementor-tab-title-1454\" class=\"elementor-tab-title\" data-tab=\"4\" role=\"button\" aria-controls=\"elementor-tab-content-1454\" aria-expanded=\"false\">\n\t\t\t\t\t\t\t\t\t\t\t\t<a class=\"elementor-toggle-title\" tabindex=\"0\">Voinko palauttaa tai vaihtaa tuotteen?<\/a>\n\t\t\t\t\t<\/div>\n\n\t\t\t\t\t<div id=\"elementor-tab-content-1454\" class=\"elementor-tab-content elementor-clearfix\" data-tab=\"4\" role=\"region\" aria-labelledby=\"elementor-tab-title-1454\"><p>Kyll\u00e4, jos tuote saapuu vahingoittuneena, ota meihin yhteytt\u00e4 14 p\u00e4iv\u00e4n kuluessa toimituksesta. Kun olemme tarkastaneet ja vahvistaneet reklamaation, palautamme rahat tai l\u00e4het\u00e4mme korvaavan tuotteen. S\u00e4ilyt\u00e4 alkuper\u00e4inen pakkaus ja toimita tarvittavat valokuvat, jotta voimme k\u00e4sitell\u00e4 pyynt\u00f6si nopeasti.<\/p><\/div>\n\t\t\t\t<\/div>\n\t\t\t\t\t\t\t<div class=\"elementor-toggle-item\">\n\t\t\t\t\t<div id=\"elementor-tab-title-1455\" class=\"elementor-tab-title\" data-tab=\"5\" role=\"button\" aria-controls=\"elementor-tab-content-1455\" aria-expanded=\"false\">\n\t\t\t\t\t\t\t\t\t\t\t\t<a class=\"elementor-toggle-title\" tabindex=\"0\">Ovatko lis\u00e4ravinteesi vegaanisia ja gluteenittomia?<\/a>\n\t\t\t\t\t<\/div>\n\n\t\t\t\t\t<div id=\"elementor-tab-content-1455\" class=\"elementor-tab-content elementor-clearfix\" data-tab=\"5\" role=\"region\" aria-labelledby=\"elementor-tab-title-1455\"><p>Tarjoamme erilaisia ravintolisi\u00e4, my\u00f6s vegaanisia ja gluteenittomia vaihtoehtoja. Verkkosivustomme tuotekuvauksissa ilmoitetaan, onko <br \/>ravintolis\u00e4 t\u00e4ytt\u00e4\u00e4 n\u00e4m\u00e4 ravitsemusvaatimukset. Voit suodattaa tuotteita kategorian mukaan l\u00f6yt\u00e4\u00e4ksesi tarpeitasi vastaavat vaihtoehdot.<\/p><\/div>\n\t\t\t\t<\/div>\n\t\t\t\t\t\t\t\t\t\t<script type=\"application\/ld+json\">{\n    \"@context\": \"https:\\\/\\\/schema.org\",\n    \"@type\": \"FAQPage\",\n    \"mainEntity\": [\n        {\n            \"@type\": \"Question\",\n            \"name\": \"What is the recommended dosage for your supplements?\",\n            \"acceptedAnswer\": {\n                \"@type\": \"Answer\",\n                \"text\": \"The recommended dosage varies depending on the product. Please refer to the label on the packaging for specific instructions. You can also consult with a healthcare professional before starting any new supplement regimen.\"\n            }\n        },\n        {\n            \"@type\": \"Question\",\n            \"name\": \"Are your supplements safe for everyone to use?\",\n            \"acceptedAnswer\": {\n                \"@type\": \"Answer\",\n                \"text\": \"<p>Our supplements are made with high-quality ingredients and follow strict safety standards. However, we do not advise anyone under 16, pregnant or nursing women, individuals with underlying health conditions, or those taking medications to use our supplements without consulting a healthcare provider first.<\\\/p>\"\n            }\n        },\n        {\n            \"@type\": \"Question\",\n            \"name\": \"How long does shipping take, and do you offer international delivery?\",\n            \"acceptedAnswer\": {\n                \"@type\": \"Answer\",\n                \"text\": \"<p>We offer fast domestic shipping, typically within 3-5 business days. International delivery is available to select countries, and shipping times vary depending on the destination.<\\\/p>\"\n            }\n        },\n        {\n            \"@type\": \"Question\",\n            \"name\": \"Can I return or exchange a product?\",\n            \"acceptedAnswer\": {\n                \"@type\": \"Answer\",\n                \"text\": \"<p>Yes, if your product arrives damaged, please contact us within 14 days of delivery. After we review and verify the claim, we will issue a full refund or send a replacement. Please keep the original packaging and provide any necessary photos to help us process your request quickly.<\\\/p>\"\n            }\n        },\n        {\n            \"@type\": \"Question\",\n            \"name\": \"Are your supplements vegan and gluten-free?\",\n            \"acceptedAnswer\": {\n                \"@type\": \"Answer\",\n                \"text\": \"<p>We offer a range of supplements, including vegan e gluten-free options. Product descriptions on our website will specify whether <br \\\/>a supplement meets these dietary requirements. You can filter products by category to find options that fit your needs.<\\\/p>\"\n            }\n        }\n    ]\n}<\/script>\n\t\t\t\t\t<\/div>\n\t\t\t\t\t\t<\/div>\n\t\t\t\t<\/div>\n\t\t\t\t\t<\/div>\n\t\t\t\t<\/div>\n\t\t<div class=\"elementor-element elementor-element-3b3df0c e-flex e-con-boxed e-con e-parent\" data-id=\"3b3df0c\" data-element_type=\"container\">\n\t\t\t\t\t<div class=\"e-con-inner\">\n\t\t\t\t<div class=\"elementor-element elementor-element-068195e elementor-widget elementor-widget-heading\" data-id=\"068195e\" data-element_type=\"widget\" data-widget_type=\"heading.default\">\n\t\t\t\t<div class=\"elementor-widget-container\">\n\t\t\t\t\t<h2 class=\"elementor-heading-title elementor-size-default\">Etk\u00f6 l\u00f6yd\u00e4 etsim\u00e4\u00e4si?<\/h2>\t\t\t\t<\/div>\n\t\t\t\t<\/div>\n\t\t\t\t<div class=\"elementor-element elementor-element-a66108c elementor-widget elementor-widget-text-editor\" data-id=\"a66108c\" data-element_type=\"widget\" data-widget_type=\"text-editor.default\">\n\t\t\t\t<div class=\"elementor-widget-container\">\n\t\t\t\t\t\t\t\t\tL\u00e4het\u00e4 meille s\u00e4hk\u00f6postia ja kerro, mist\u00e4 on kyse, niin joku asiakaspalvelutiimimme j\u00e4senist\u00e4 ottaa sinuun yhteytt\u00e4 mahdollisimman pian. Muista liitt\u00e4\u00e4 mukaan tilausnumerosi (jos sinulla on sellainen).\n\nL\u00e4het\u00e4 meille s\u00e4hk\u00f6postia osoitteeseen <a href=\"mailto:wecare@self.nu\">wecare@self.nu<\/a>\t\t\t\t\t\t\t\t<\/div>\n\t\t\t\t<\/div>\n\t\t\t\t<div class=\"elementor-element elementor-element-c4394b8 elementor-widget elementor-widget-text-editor\" data-id=\"c4394b8\" data-element_type=\"widget\" data-widget_type=\"text-editor.default\">\n\t\t\t\t<div class=\"elementor-widget-container\">\n\t\t\t\t\t<style>.elementor-element-c4394b8{display:none !important}<\/style>\t\t\t\t<\/div>\n\t\t\t\t<\/div>\n\t\t\t\t\t<\/div>\n\t\t\t\t<\/div>\n\t\t<div class=\"elementor-element elementor-element-eb4c014 e-flex e-con-boxed e-con e-parent\" data-id=\"eb4c014\" data-element_type=\"container\">\n\t\t\t\t\t<div class=\"e-con-inner\">\n\t\t\t\t<div class=\"elementor-element elementor-element-1c52a05 elementor-widget elementor-widget-heading\" data-id=\"1c52a05\" data-element_type=\"widget\" data-widget_type=\"heading.default\">\n\t\t\t\t<div class=\"elementor-widget-container\">\n\t\t\t\t\t<h2 class=\"elementor-heading-title elementor-size-default\">Muita tiedusteluja? Jutellaan.<\/h2>\t\t\t\t<\/div>\n\t\t\t\t<\/div>\n\t\t\t\t\t<\/div>\n\t\t\t\t<\/div>\n\t\t\t\t<\/div>","protected":false},"excerpt":{"rendered":"<p>FAQ Vastauksia kysymyksiisi Mik\u00e4 on lis\u00e4ravinteiden suositeltu annostus? Suositeltu annostus vaihtelee tuotteesta riippuen. Katso tarkat ohjeet pakkauksessa olevasta etiketist\u00e4. Voit my\u00f6s neuvotella terveydenhuollon ammattilaisen kanssa ennen kuin aloitat uuden lis\u00e4ravinneohjelman. Ovatko lis\u00e4ravinteesi turvallisia kaikkien k\u00e4ytt\u00e4\u00e4? Meid\u00e4n [...]<\/p>","protected":false},"author":1,"featured_media":0,"parent":0,"menu_order":0,"comment_status":"closed","ping_status":"closed","template":"","meta":{"footnotes":""},"class_list":["post-2851","page","type-page","status-publish","hentry"],"aioseo_notices":[],"_links":{"self":[{"href":"https:\/\/www.selfprotein.com\/fi\/wp-json\/wp\/v2\/pages\/2851"}],"collection":[{"href":"https:\/\/www.selfprotein.com\/fi\/wp-json\/wp\/v2\/pages"}],"about":[{"href":"https:\/\/www.selfprotein.com\/fi\/wp-json\/wp\/v2\/types\/page"}],"author":[{"embeddable":true,"href":"https:\/\/www.selfprotein.com\/fi\/wp-json\/wp\/v2\/users\/1"}],"replies":[{"embeddable":true,"href":"https:\/\/www.selfprotein.com\/fi\/wp-json\/wp\/v2\/comments?post=2851"}],"version-history":[{"count":136,"href":"https:\/\/www.selfprotein.com\/fi\/wp-json\/wp\/v2\/pages\/2851\/revisions"}],"predecessor-version":[{"id":11115,"href":"https:\/\/www.selfprotein.com\/fi\/wp-json\/wp\/v2\/pages\/2851\/revisions\/11115"}],"wp:attachment":[{"href":"https:\/\/www.selfprotein.com\/fi\/wp-json\/wp\/v2\/media?parent=2851"}],"curies":[{"name":"wp","href":"https:\/\/api.w.org\/{rel}","templated":true}]}}