{"id":9388,"date":"2024-09-16T11:14:54","date_gmt":"2024-09-16T09:14:54","guid":{"rendered":"https:\/\/www.selfprotein.com\/?page_id=9388"},"modified":"2024-10-17T16:12:10","modified_gmt":"2024-10-17T14:12:10","slug":"kinder-paradiso-fit-recipe","status":"publish","type":"page","link":"https:\/\/www.selfprotein.com\/fi\/kinder-paradiso-fit-recipe\/","title":{"rendered":"Kinder Paradiso Fit -resepti"},"content":{"rendered":"<div data-elementor-type=\"wp-page\" data-elementor-id=\"9388\" class=\"elementor elementor-9388\" data-elementor-post-type=\"page\">\n\t\t\t\t<div class=\"elementor-element elementor-element-5da49742 elementor-hidden-mobile_extra elementor-hidden-mobile e-flex e-con-boxed e-con e-parent\" data-id=\"5da49742\" data-element_type=\"container\">\n\t\t\t\t\t<div class=\"e-con-inner\">\n\t\t<div class=\"elementor-element elementor-element-3658e31d e-con-full e-flex e-con e-child\" data-id=\"3658e31d\" data-element_type=\"container\" data-settings=\"{&quot;background_background&quot;:&quot;classic&quot;}\">\n\t\t\t\t<\/div>\n\t\t<div class=\"elementor-element elementor-element-4d739177 e-con-full e-flex e-con e-child\" data-id=\"4d739177\" data-element_type=\"container\">\n\t\t\t\t<\/div>\n\t\t\t\t\t<\/div>\n\t\t\t\t<\/div>\n\t\t<div class=\"elementor-element elementor-element-32d6bf4f e-flex e-con-boxed e-con e-parent\" data-id=\"32d6bf4f\" data-element_type=\"container\">\n\t\t\t\t\t<div class=\"e-con-inner\">\n\t\t<div class=\"elementor-element elementor-element-10423416 e-con-full elementor-hidden-mobile_extra elementor-hidden-mobile e-flex e-con e-child\" data-id=\"10423416\" data-element_type=\"container\" data-settings=\"{&quot;background_background&quot;:&quot;classic&quot;}\">\n\t\t\t\t<\/div>\n\t\t<div class=\"elementor-element elementor-element-2bc09488 e-con-full e-flex e-con e-child\" data-id=\"2bc09488\" data-element_type=\"container\">\n\t\t\t\t<div class=\"elementor-element elementor-element-388fd708 elementor-widget__width-initial elementor-widget elementor-widget-image\" data-id=\"388fd708\" data-element_type=\"widget\" data-widget_type=\"image.default\">\n\t\t\t\t<div class=\"elementor-widget-container\">\n\t\t\t\t\t\t\t\t\t\t\t\t\t\t\t<img fetchpriority=\"high\" decoding=\"async\" width=\"620\" height=\"400\" src=\"https:\/\/www.selfprotein.com\/wp-content\/uploads\/2024\/09\/kinder-paradiso-fit.png\" class=\"attachment-full size-full wp-image-9390\" alt=\"kinder-paradiso-fit\" srcset=\"https:\/\/www.selfprotein.com\/wp-content\/uploads\/2024\/09\/kinder-paradiso-fit.png 620w, https:\/\/www.selfprotein.com\/wp-content\/uploads\/2024\/09\/kinder-paradiso-fit-300x194.png 300w, https:\/\/www.selfprotein.com\/wp-content\/uploads\/2024\/09\/kinder-paradiso-fit-18x12.png 18w, https:\/\/www.selfprotein.com\/wp-content\/uploads\/2024\/09\/kinder-paradiso-fit-600x387.png 600w\" sizes=\"(max-width: 620px) 100vw, 620px\" \/>\t\t\t\t\t\t\t\t\t\t\t\t\t\t\t<\/div>\n\t\t\t\t<\/div>\n\t\t\t\t<\/div>\n\t\t\t\t\t<\/div>\n\t\t\t\t<\/div>\n\t\t<div class=\"elementor-element elementor-element-1477e0e4 e-flex e-con-boxed e-con e-parent\" data-id=\"1477e0e4\" data-element_type=\"container\">\n\t\t\t\t\t<div class=\"e-con-inner\">\n\t\t<div class=\"elementor-element elementor-element-606f2cc6 e-con-full elementor-hidden-mobile_extra elementor-hidden-mobile e-flex e-con e-child\" data-id=\"606f2cc6\" data-element_type=\"container\" data-settings=\"{&quot;background_background&quot;:&quot;classic&quot;}\">\n\t\t\t\t<\/div>\n\t\t<div class=\"elementor-element elementor-element-f903f12 e-con-full e-flex e-con e-child\" data-id=\"f903f12\" data-element_type=\"container\">\n\t\t\t\t<div class=\"elementor-element elementor-element-43284660 elementor-widget-tablet__width-initial elementor-widget__width-initial elementor-widget elementor-widget-heading\" data-id=\"43284660\" data-element_type=\"widget\" data-widget_type=\"heading.default\">\n\t\t\t\t<div class=\"elementor-widget-container\">\n\t\t\t\t\t<h1 class=\"elementor-heading-title elementor-size-default\">Kinder Paradiso Fit<\/h1>\t\t\t\t<\/div>\n\t\t\t\t<\/div>\n\t\t\t\t<\/div>\n\t\t\t\t\t<\/div>\n\t\t\t\t<\/div>\n\t\t<div class=\"elementor-element elementor-element-3e93552d e-flex e-con-boxed e-con e-parent\" data-id=\"3e93552d\" data-element_type=\"container\">\n\t\t\t\t\t<div class=\"e-con-inner\">\n\t\t<div class=\"elementor-element elementor-element-17a9c0c5 e-con-full e-flex e-con e-child\" data-id=\"17a9c0c5\" data-element_type=\"container\" data-settings=\"{&quot;background_background&quot;:&quot;classic&quot;}\">\n\t\t\t\t<div class=\"elementor-element elementor-element-630394ad elementor-widget elementor-widget-heading\" data-id=\"630394ad\" data-element_type=\"widget\" data-widget_type=\"heading.default\">\n\t\t\t\t<div class=\"elementor-widget-container\">\n\t\t\t\t\t<h2 class=\"elementor-heading-title elementor-size-default\">Ainesosat<\/h2>\t\t\t\t<\/div>\n\t\t\t\t<\/div>\n\t\t\t\t<div class=\"elementor-element elementor-element-36871422 elementor-widget-divider--view-line elementor-widget elementor-widget-divider\" data-id=\"36871422\" data-element_type=\"widget\" data-widget_type=\"divider.default\">\n\t\t\t\t<div class=\"elementor-widget-container\">\n\t\t\t\t\t\t\t<div class=\"elementor-divider\">\n\t\t\t<span class=\"elementor-divider-separator\">\n\t\t\t\t\t\t<\/span>\n\t\t<\/div>\n\t\t\t\t\t\t<\/div>\n\t\t\t\t<\/div>\n\t\t\t\t<div class=\"elementor-element elementor-element-33df64be elementor-widget elementor-widget-text-editor\" data-id=\"33df64be\" data-element_type=\"widget\" data-widget_type=\"text-editor.default\">\n\t\t\t\t<div class=\"elementor-widget-container\">\n\t\t\t\t\t\t\t\t\t<ul>\n \t<li>20 g tavallisia jauhoja<\/li>\n \t<li>30 g <a style=\"text-decoration:underline;\" href=\"https:\/\/www.selfprotein.com\/fi\/tuote\/instant-oat\/\" target=\"_blank\" rel=\"noopener\">Vanilja Instant kaurajauhe<\/a><\/li>\n \t<li>100 ml munanvalkuaista<\/li>\n \t<li>1 tl leivinjauhetta tai ruokasoodaa<\/li>\n \t<li>valkoinen kreikkalainen jogurtti<\/li>\n<\/ul>\t\t\t\t\t\t\t\t<\/div>\n\t\t\t\t<\/div>\n\t\t\t\t<\/div>\n\t\t<div class=\"elementor-element elementor-element-32ee0667 e-con-full e-flex e-con e-child\" data-id=\"32ee0667\" data-element_type=\"container\">\n\t\t\t\t<div class=\"elementor-element elementor-element-342d7d38 elementor-widget elementor-widget-heading\" data-id=\"342d7d38\" data-element_type=\"widget\" data-widget_type=\"heading.default\">\n\t\t\t\t<div class=\"elementor-widget-container\">\n\t\t\t\t\t<h2 class=\"elementor-heading-title elementor-size-default\">Menettely<\/h2>\t\t\t\t<\/div>\n\t\t\t\t<\/div>\n\t\t\t\t<div class=\"elementor-element elementor-element-4663b202 elementor-widget-divider--view-line elementor-widget elementor-widget-divider\" data-id=\"4663b202\" data-element_type=\"widget\" data-widget_type=\"divider.default\">\n\t\t\t\t<div class=\"elementor-widget-container\">\n\t\t\t\t\t\t\t<div class=\"elementor-divider\">\n\t\t\t<span class=\"elementor-divider-separator\">\n\t\t\t\t\t\t<\/span>\n\t\t<\/div>\n\t\t\t\t\t\t<\/div>\n\t\t\t\t<\/div>\n\t\t\t\t<div class=\"elementor-element elementor-element-420c6a2b elementor-widget elementor-widget-text-editor\" data-id=\"420c6a2b\" data-element_type=\"widget\" data-widget_type=\"text-editor.default\">\n\t\t\t\t<div class=\"elementor-widget-container\">\n\t\t\t\t\t\t\t\t\t<p>1. Kuumenna uuni 180 asteeseen.<br \/>2. Vatkaa munanvalkuaiset erillisess\u00e4 kulhossa s\u00e4hk\u00f6- tai sauvasekoittimella j\u00e4ykiksi huipuiksi.<br \/>3. Sekoita toisessa kulhossa jauhot, vaniljakaurajauhe ja leivinjauhe (tai ruokasooda).<br \/>4. Lis\u00e4\u00e4 varovasti vatkatut munanvalkuaiset seokseen sekoittaen pienin ja suurin liikkein, jotta munanvalkuaiset pysyv\u00e4t vaaleina.<br \/>5. Kaada taikina leivinpaperilla vuorattuun vuokaan ja tasoita varovasti lastalla. Paista 180 \u00b0C:n (350 \u00b0F) esil\u00e4mmitetyss\u00e4 uunissa noin 10 minuuttia.<br \/>6. Anna pohjan j\u00e4\u00e4hty\u00e4 kokonaan ennen kokoamista. Kun se on j\u00e4\u00e4htynyt, leikkaa se auki ja aseta siihen valkoinen kreikkalainen jogurtti.<\/p>\t\t\t\t\t\t\t\t<\/div>\n\t\t\t\t<\/div>\n\t\t\t\t<div class=\"elementor-element elementor-element-612a2136 elementor-widget elementor-widget-heading\" data-id=\"612a2136\" data-element_type=\"widget\" data-widget_type=\"heading.default\">\n\t\t\t\t<div class=\"elementor-widget-container\">\n\t\t\t\t\t<h2 class=\"elementor-heading-title elementor-size-default\">Vihje<\/h2>\t\t\t\t<\/div>\n\t\t\t\t<\/div>\n\t\t\t\t<div class=\"elementor-element elementor-element-773a41d0 elementor-widget-divider--view-line elementor-widget elementor-widget-divider\" data-id=\"773a41d0\" data-element_type=\"widget\" data-widget_type=\"divider.default\">\n\t\t\t\t<div class=\"elementor-widget-container\">\n\t\t\t\t\t\t\t<div class=\"elementor-divider\">\n\t\t\t<span class=\"elementor-divider-separator\">\n\t\t\t\t\t\t<\/span>\n\t\t<\/div>\n\t\t\t\t\t\t<\/div>\n\t\t\t\t<\/div>\n\t\t\t\t<div class=\"elementor-element elementor-element-2024460d elementor-widget elementor-widget-text-editor\" data-id=\"2024460d\" data-element_type=\"widget\" data-widget_type=\"text-editor.default\">\n\t\t\t\t<div class=\"elementor-widget-container\">\n\t\t\t\t\t\t\t\t\t<p>Lis\u00e4\u00e4 kreikkalaisen jogurtin p\u00e4\u00e4lle mahdollisesti kerros sokeritonta hilloa tai pilkottuja tuoreita hedelmi\u00e4.<br \/>Voit kokeilla eri kaurajauhelajikkeita pohjan maun vaihtelemiseksi. Voit valita suklaan, mansikan tai karamellin makuja lis\u00e4t\u00e4ksesi erikoisen kosketuksen.<\/p>\t\t\t\t\t\t\t\t<\/div>\n\t\t\t\t<\/div>\n\t\t\t\t<\/div>\n\t\t\t\t\t<\/div>\n\t\t\t\t<\/div>\n\t\t\t\t<\/div>","protected":false},"excerpt":{"rendered":"<p>Kinder Paradiso Fit Ainesosat 20 g tavallisia jauhoja 30 g Vanilja Instant-kaurajauhetta 100 ml munanvalkuaista 1 tl leivinjauhetta tai ruokasoodaa valkoinen kreikkalainen jogurtti Menettelytapa 1. Tee se. Esil\u00e4mmit\u00e4 uuni 180 asteeseen.2. Vatkaa munanvalkuaiset erillisess\u00e4 kulhossa j\u00e4ykiksi huipuiksi s\u00e4hk\u00f6- tai sauvasekoittimella.3. [...]<\/p>","protected":false},"author":22483,"featured_media":0,"parent":0,"menu_order":0,"comment_status":"closed","ping_status":"closed","template":"","meta":{"footnotes":""},"class_list":["post-9388","page","type-page","status-publish","hentry"],"aioseo_notices":[],"_links":{"self":[{"href":"https:\/\/www.selfprotein.com\/fi\/wp-json\/wp\/v2\/pages\/9388"}],"collection":[{"href":"https:\/\/www.selfprotein.com\/fi\/wp-json\/wp\/v2\/pages"}],"about":[{"href":"https:\/\/www.selfprotein.com\/fi\/wp-json\/wp\/v2\/types\/page"}],"author":[{"embeddable":true,"href":"https:\/\/www.selfprotein.com\/fi\/wp-json\/wp\/v2\/users\/22483"}],"replies":[{"embeddable":true,"href":"https:\/\/www.selfprotein.com\/fi\/wp-json\/wp\/v2\/comments?post=9388"}],"version-history":[{"count":86,"href":"https:\/\/www.selfprotein.com\/fi\/wp-json\/wp\/v2\/pages\/9388\/revisions"}],"predecessor-version":[{"id":10903,"href":"https:\/\/www.selfprotein.com\/fi\/wp-json\/wp\/v2\/pages\/9388\/revisions\/10903"}],"wp:attachment":[{"href":"https:\/\/www.selfprotein.com\/fi\/wp-json\/wp\/v2\/media?parent=9388"}],"curies":[{"name":"wp","href":"https:\/\/api.w.org\/{rel}","templated":true}]}}