{"id":10418,"date":"2024-10-01T00:05:03","date_gmt":"2024-09-30T22:05:03","guid":{"rendered":"https:\/\/www.selfprotein.com\/?post_type=product&#038;p=10418"},"modified":"2026-04-01T00:00:49","modified_gmt":"2026-03-31T22:00:49","slug":"morning-boost-pack","status":"publish","type":"product","link":"https:\/\/www.selfprotein.com\/fi\/tuote\/morning-boost-pack\/","title":{"rendered":"Aamun Boost Pack"},"content":{"rendered":"<p><strong>Aamun Boost Pack<\/strong><\/p>\n<p class=\" translation-block\">Anna aamullesi vauhtia <strong>Morning Boost Packilla<\/strong>, joka on valikoima tuotteita, jotka on suunniteltu antamaan sinulle makua, energiaa ja hyvinvointia heti aamiaisesta alkaen. T\u00e4ydellinen tapa aloittaa p\u00e4iv\u00e4 oikealla jalalla ja pit\u00e4\u00e4 elinvoimasi korkealla!<\/p>\n<p><strong>Proti Cream<\/strong><\/p>\n<p>Levittyv\u00e4 voide, joka saa sinut aloittamaan p\u00e4iv\u00e4si hymyillen! Runsaasti proteiinia ja eritt\u00e4in herkullinen.<\/p>\n<ul>\n<li>Vastustamattomat maut, t\u00e4ydellinen suussa sulavalle aamiaiselle.<\/li>\n<li>100%-proteiini, 0%-syyllisyys<\/li>\n<li>Ei lis\u00e4tty\u00e4 sokeria, antaa sinulle energiaa painamatta sinua alasp\u00e4in.<\/li>\n<\/ul>\n<p><\/p>\n<p><strong>Omega 3 (60 kapselia)<\/strong><\/p>\n<p>Liittolaisesi selke\u00e4n mielen ja terveen syd\u00e4men puolesta, joka p\u00e4iv\u00e4.<\/p>\n<ul>\n<li>Tukee syd\u00e4nt\u00e4 ja mielt\u00e4 v\u00e4ltt\u00e4m\u00e4tt\u00f6mien rasvahappojen avulla.<\/li>\n<li>V\u00e4hent\u00e4\u00e4 tulehdusta ja parantaa yleist\u00e4 hyvinvointia.<\/li>\n<li>Tehokasta omega-3:a, joka on mukanasi aamiaisesta p\u00e4iv\u00e4lliseen<\/li>\n<\/ul>\n<p><\/p>\n<p><strong>Protein Pancake<\/strong><\/p>\n<p>Unelmiesi pannukakku, joka on t\u00e4ynn\u00e4 proteiinia ja valmis hetkess\u00e4!<\/p>\n<ul>\n<li>Helppo, nopea ja eritt\u00e4in ravitseva aamiainen<\/li>\n<li>Paljon lihaksia, nolla v\u00e4symyst\u00e4 korkean proteiinipitoisuuden ansiosta.<\/li>\n<li>T\u00e4ydellinen hedelmien, hunajan, hillon tai Proti-kermamme kanssa makur\u00e4j\u00e4hdyksen aikaansaamiseksi.<\/li>\n<\/ul>","protected":false},"excerpt":{"rendered":"<p>Morning Boost Pack Anna aamullesi vauhtia Morning Boost Packilla, joka on valikoima tuotteita, jotka on suunniteltu antamaan sinulle makua, energiaa ja hyvinvointia heti aamiaisesta alkaen. T\u00e4ydellinen tapa aloittaa p\u00e4iv\u00e4 oikealla jalalla ja pit\u00e4\u00e4 elinvoimasi korkealla! Proti Cream Levitett\u00e4v\u00e4\u00e4 voidetta, jonka avulla aloitat p\u00e4iv\u00e4si [...]<\/p>","protected":false},"featured_media":11550,"template":"","meta":[],"product_cat":[313,158,320,210],"product_tag":[316,18,321,223],"class_list":{"0":"post-10418","1":"product","2":"type-product","3":"status-publish","4":"has-post-thumbnail","6":"product_cat-protein-snacks-and-fit-food","7":"product_cat-proteins","8":"product_cat-self-bundles","9":"product_cat-snacks-meal-solutions","10":"product_tag-protein-snacks-fit-food","11":"product_tag-proteins","12":"product_tag-self-bundles","13":"product_tag-snacks-meal-solutions","15":"first","16":"instock","17":"taxable","18":"shipping-taxable","19":"purchasable","20":"product-type-variable","21":"has-default-attributes"},"aioseo_notices":[],"_links":{"self":[{"href":"https:\/\/www.selfprotein.com\/fi\/wp-json\/wp\/v2\/product\/10418"}],"collection":[{"href":"https:\/\/www.selfprotein.com\/fi\/wp-json\/wp\/v2\/product"}],"about":[{"href":"https:\/\/www.selfprotein.com\/fi\/wp-json\/wp\/v2\/types\/product"}],"wp:featuredmedia":[{"embeddable":true,"href":"https:\/\/www.selfprotein.com\/fi\/wp-json\/wp\/v2\/media\/11550"}],"wp:attachment":[{"href":"https:\/\/www.selfprotein.com\/fi\/wp-json\/wp\/v2\/media?parent=10418"}],"wp:term":[{"taxonomy":"product_cat","embeddable":true,"href":"https:\/\/www.selfprotein.com\/fi\/wp-json\/wp\/v2\/product_cat?post=10418"},{"taxonomy":"product_tag","embeddable":true,"href":"https:\/\/www.selfprotein.com\/fi\/wp-json\/wp\/v2\/product_tag?post=10418"}],"curies":[{"name":"wp","href":"https:\/\/api.w.org\/{rel}","templated":true}]}}