{"id":10422,"date":"2024-10-28T12:30:30","date_gmt":"2024-10-28T11:30:30","guid":{"rendered":"https:\/\/www.selfprotein.com\/?post_type=product&#038;p=10422"},"modified":"2026-05-01T00:24:27","modified_gmt":"2026-04-30T22:24:27","slug":"quicky","status":"publish","type":"product","link":"https:\/\/www.selfprotein.com\/fi\/tuote\/quicky\/","title":{"rendered":"Quicky"},"content":{"rendered":"<p><strong>Quicky<\/strong><\/p>\n<p>Quicky on proteiinivalmiste, joka on suunniteltu kiireisen el\u00e4m\u00e4ntavan omaaville henkil\u00f6ille, jotka eiv\u00e4t halua tinki\u00e4 ravinnon laadusta. T\u00e4m\u00e4 tuote on helppo valmistaa ja siin\u00e4 yhdistyv\u00e4t maku ja ravinto yhdess\u00e4 ratkaisussa.<\/p>\n<p>Edut<\/p>\n<p><strong>Korkea proteiinipitoisuus:<\/strong><\/p>\n<ul>\n<li>Yli 22 g proteiinia annosta kohti, Quicky tukee tehokkaasti proteiinisynteesi\u00e4 ja lihasten kasvua, mik\u00e4 edist\u00e4\u00e4 v\u00e4h\u00e4rasvaisen lihasmassan yll\u00e4pit\u00e4mist\u00e4.<\/li>\n<\/ul>\n<p><\/p>\n<p><strong>Valittu ainesosaseos:<\/strong><\/p>\n<ul>\n<li>Se sis\u00e4lt\u00e4\u00e4 kaurahiutaleita ja mikellarista kaseiinia, joka on hitaasti imeytyv\u00e4 maitoproteiini, sek\u00e4 herkullisen makuista luonnollisten aromien yhdistelm\u00e4\u00e4.<\/li>\n<\/ul>\n<p><\/p>\n<p><strong>Tasapainoinen imeytyminen:<\/strong><\/p>\n<ul>\n<li>Mikulaarinen kaseiini yhdistettyn\u00e4 kaurahiutaleisiin vapauttaa aminohappoja asteittain verenkiertoon, mik\u00e4 takaa pitkittyneen kyll\u00e4isyyden ja tasaisen ravintoaineiden saannin.<\/li>\n<\/ul>\n<p><\/p>\n<p><strong>Helppo valmistaa:<\/strong><\/p>\n<ul>\n<li>Lis\u00e4\u00e4 vain vett\u00e4 tai maitoa, sekoita ja kypsenn\u00e4 60 sekuntia mikroaaltouunissa. Quicky on valmis nautittavaksi miss\u00e4 tahansa, kotona tai toimistossa.<\/li>\n<\/ul>\n<p><\/p>\n<p><strong>Gluteeniton:<\/strong><\/p>\n<ul>\n<li>Quicky sopii gluteeniyliherkkyydest\u00e4 k\u00e4rsiville, ja se sopii erilaisiin ruokavalion tarpeisiin mausta tinkim\u00e4tt\u00e4.<\/li>\n<\/ul>\n<p><\/p>\n<p><strong>Suositeltu k\u00e4ytt\u00f6:<\/strong><\/p>\n<ul>\n<li>Nauti 1-2 annosta p\u00e4iv\u00e4ss\u00e4 riippuen proteiinin tarpeesta ja fyysisest\u00e4 aktiivisuudesta. Se sopii erinomaisesti aamiaiseksi, treenin j\u00e4lkeiseksi v\u00e4lipalaksi tai nopeaksi ateriaksi mihin aikaan p\u00e4iv\u00e4st\u00e4 tahansa.<\/li>\n<\/ul>\n<p><\/p>\n<p><strong>Ilmoitus:<\/strong><\/p>\n<ul>\n<li>Vain aikuisille, ja sit\u00e4 tulisi k\u00e4ytt\u00e4\u00e4 monipuolisen, tasapainoisen ruokavalion ja terveellisten el\u00e4m\u00e4ntapojen yhteydess\u00e4.<\/li>\n<li>\u00c4l\u00e4 ylit\u00e4 suositeltua annosta.<\/li>\n<li>Ei saa k\u00e4ytt\u00e4\u00e4 imetyksen, raskauden tai pitkien ajanjaksojen aikana ilman l\u00e4\u00e4k\u00e4rin konsultaatiota.<\/li>\n<li>S\u00e4ilyt\u00e4 tuote viile\u00e4ss\u00e4, kuivassa paikassa, hyvin suljetussa pakkauksessa ja alle 3-vuotiaiden lasten ulottumattomissa.<\/li>\n<li>Saattaa sis\u00e4lt\u00e4\u00e4 pieni\u00e4 m\u00e4\u00e4ri\u00e4 kananmunaa ja soijaa.<\/li>\n<li>Gluteeniton.<\/li>\n<\/ul>","protected":false},"excerpt":{"rendered":"<p>Quicky Quicky on proteiinivalmiste, joka on suunniteltu kiireisen el\u00e4m\u00e4ntavan omaaville, jotka eiv\u00e4t halua tinki\u00e4 ravitsemuksensa laadusta. T\u00e4m\u00e4 tuote on helppo valmistaa ja siin\u00e4 yhdistyv\u00e4t maku ja ravinto yhdess\u00e4 ratkaisussa. Edut Korkea proteiinipitoisuus: Yli 22 g proteiinia annosta kohti, Quicky tukee tehokkaasti proteiinien [...].<\/p>","protected":false},"featured_media":10427,"template":"","meta":[],"product_cat":[210,309],"product_tag":[223,319],"class_list":{"0":"post-10422","1":"product","2":"type-product","3":"status-publish","4":"has-post-thumbnail","6":"product_cat-snacks-meal-solutions","7":"product_cat-weight-management-and-definition","8":"product_tag-snacks-meal-solutions","9":"product_tag-weight-management-and-definition","11":"first","12":"instock","13":"taxable","14":"shipping-taxable","15":"purchasable","16":"product-type-variable"},"aioseo_notices":[],"_links":{"self":[{"href":"https:\/\/www.selfprotein.com\/fi\/wp-json\/wp\/v2\/product\/10422"}],"collection":[{"href":"https:\/\/www.selfprotein.com\/fi\/wp-json\/wp\/v2\/product"}],"about":[{"href":"https:\/\/www.selfprotein.com\/fi\/wp-json\/wp\/v2\/types\/product"}],"wp:featuredmedia":[{"embeddable":true,"href":"https:\/\/www.selfprotein.com\/fi\/wp-json\/wp\/v2\/media\/10427"}],"wp:attachment":[{"href":"https:\/\/www.selfprotein.com\/fi\/wp-json\/wp\/v2\/media?parent=10422"}],"wp:term":[{"taxonomy":"product_cat","embeddable":true,"href":"https:\/\/www.selfprotein.com\/fi\/wp-json\/wp\/v2\/product_cat?post=10422"},{"taxonomy":"product_tag","embeddable":true,"href":"https:\/\/www.selfprotein.com\/fi\/wp-json\/wp\/v2\/product_tag?post=10422"}],"curies":[{"name":"wp","href":"https:\/\/api.w.org\/{rel}","templated":true}]}}