{"id":10429,"date":"2024-10-28T12:30:25","date_gmt":"2024-10-28T11:30:25","guid":{"rendered":"https:\/\/www.selfprotein.com\/?post_type=product&#038;p=10429"},"modified":"2026-04-01T00:00:50","modified_gmt":"2026-03-31T22:00:50","slug":"quicky-bundle","status":"publish","type":"product","link":"https:\/\/www.selfprotein.com\/fi\/tuote\/quicky-bundle\/","title":{"rendered":"Quicky Bundle"},"content":{"rendered":"<p><strong>Quicky Bundle: sinun valintasi, sinun makusi!<\/strong><\/p>\n<p>Quicky Bundle -paketin avulla sinulla on vapaus valita kuusi pakkausta vastustamatonta Quicky-juustoa, joita on saatavilla kolmessa herkullisessa makuvaihtoehdossa: <strong>Omena ja kaneli<\/strong>, <strong>Suklaa<\/strong> ja <strong>Vanilja<\/strong>. Mukauta pakettisi haluamallasi tavalla kahdella vaihtoehdolla:<\/p>\n<p><strong>Vaihtoehto 1: Kokoa pakkaus suosikkimakusi mukaan!<\/strong><\/p>\n<p>Jos sinulla on suosikkimaku, t\u00e4m\u00e4 on t\u00e4ydellinen vaihtoehto sinulle. Valitse kuusi pakkausta samaa makua ja nauti Quickyst\u00e4 juuri niin kuin haluat.<\/p>\n<p><strong>Vaihtoehto 2: Sekoita ja sovita!<\/strong><\/p>\n<p>Luo t\u00e4ydellinen sekoitus kahdella pakkauksella kutakin makua, yhteens\u00e4 kuusi. Ihanteellinen yhdistelm\u00e4 niille, jotka rakastavat vaihtelua ja makua.<\/p>\n<p><strong>Ota se mukaan minne tahansa, milloin tahansa!<\/strong><\/p>\n<p>Etsitp\u00e4 sitten ravitsevaa v\u00e4lipalaa, nopeaa aamiaista tai liittolaista ennen tai j\u00e4lkeen treenin, Quicky on ihanteellinen ratkaisu. Laadukkaiden ainesosien ja korkean proteiinipitoisuuden ansiosta jokainen Quicky on aina valmis antamaan sinulle energiaa ja makua, miss\u00e4 ikin\u00e4 oletkin.<\/p>","protected":false},"excerpt":{"rendered":"<p>Quicky Bundle: sinun valintasi, sinun makusi! Quicky Bundle -paketin avulla sinulla on vapaus valita kuusi pakkausta vastustamatonta Quicky\u00e4, joita on saatavilla kolmessa herkullisessa makuvaihtoehdossa: Omena ja kaneli, suklaa ja vanilja. Muokkaa pakettisi haluamallasi tavalla kahdella vaihtoehdolla: Vaihtoehto 1: Kokoa pakkaus suosikkimakusi mukaan! Jos sinulla on [...]<\/p>","protected":false},"featured_media":10555,"template":"","meta":[],"product_cat":[210],"product_tag":[223],"class_list":{"0":"post-10429","1":"product","2":"type-product","3":"status-publish","4":"has-post-thumbnail","6":"product_cat-snacks-meal-solutions","7":"product_tag-snacks-meal-solutions","9":"first","10":"instock","11":"taxable","12":"shipping-taxable","13":"purchasable","14":"product-type-variable","15":"has-default-attributes"},"aioseo_notices":[],"_links":{"self":[{"href":"https:\/\/www.selfprotein.com\/fi\/wp-json\/wp\/v2\/product\/10429"}],"collection":[{"href":"https:\/\/www.selfprotein.com\/fi\/wp-json\/wp\/v2\/product"}],"about":[{"href":"https:\/\/www.selfprotein.com\/fi\/wp-json\/wp\/v2\/types\/product"}],"wp:featuredmedia":[{"embeddable":true,"href":"https:\/\/www.selfprotein.com\/fi\/wp-json\/wp\/v2\/media\/10555"}],"wp:attachment":[{"href":"https:\/\/www.selfprotein.com\/fi\/wp-json\/wp\/v2\/media?parent=10429"}],"wp:term":[{"taxonomy":"product_cat","embeddable":true,"href":"https:\/\/www.selfprotein.com\/fi\/wp-json\/wp\/v2\/product_cat?post=10429"},{"taxonomy":"product_tag","embeddable":true,"href":"https:\/\/www.selfprotein.com\/fi\/wp-json\/wp\/v2\/product_tag?post=10429"}],"curies":[{"name":"wp","href":"https:\/\/api.w.org\/{rel}","templated":true}]}}