{"id":11066,"date":"2024-10-22T16:21:01","date_gmt":"2024-10-22T14:21:01","guid":{"rendered":"https:\/\/www.selfprotein.com\/?post_type=product&#038;p=11066"},"modified":"2026-05-06T22:05:58","modified_gmt":"2026-05-06T20:05:58","slug":"large-mass-gainer","status":"publish","type":"product","link":"https:\/\/www.selfprotein.com\/fi\/tuote\/large-mass-gainer\/","title":{"rendered":"Large Mass Gainer"},"content":{"rendered":"<p><strong>Large Mass Gainer<\/strong><\/p>\n<p><strong>Aminohapot, vitamiinit ja kivenn\u00e4isaineet Seos<\/strong><\/p>\n<p>Large Mass Gainer on ravintolis\u00e4, joka on suunniteltu tukemaan niit\u00e4, jotka haluavat tehokkaasti lis\u00e4t\u00e4 painoa ja lihasmassaa.<\/p>\n<p>Edistyksellinen koostumus, jossa yhdistyv\u00e4t korkealaatuiset proteiinit, hiilihydraatit, v\u00e4ltt\u00e4m\u00e4tt\u00f6m\u00e4t rasvat, vitamiinit ja kivenn\u00e4isaineet, tarjoaa t\u00e4ydellisen tuen lihasten kasvulle, palautumiselle ja energian yll\u00e4pit\u00e4miselle intensiivisimm\u00e4nkin harjoittelun aikana. Nopeasti imeytyv\u00e4 heraproteiini edist\u00e4\u00e4 lihassynteesi\u00e4, parantaa suorituskyky\u00e4 ja palautumista.<\/p>\n<p>Large Mass Gainer on juuri rikastettu uskomattomalla uudella maulla: vaniljan, appelsiinin ja ripauksen t\u00e4ytel\u00e4ist\u00e4 suklaata vastustamaton yhdistelm\u00e4.<\/p>\n<p><strong>Edut<\/strong><\/p>\n<ul>\n<li><strong>Laadukkaat proteiinit lihasten kasvua varten:<\/strong><\/li>\n<\/ul>\n<p>Heraproteiini imeytyy nopeasti, mik\u00e4 on v\u00e4ltt\u00e4m\u00e4t\u00f6nt\u00e4 lihasten proteiinisynteesin stimuloimiseksi ja palautumisen tukemiseksi.<\/p>\n<ul>\n<li><strong>Helposti sulavia hiilihydraatteja energiaa varten:<\/strong><\/li>\n<\/ul>\n<p>Maltodekstriineist\u00e4 per\u00e4isin olevien hiilihydraattien ansiosta Large Mass Gainer t\u00e4ydent\u00e4\u00e4 glykogeenivarastoja ja tarjoaa t\u00e4rke\u00e4n energial\u00e4hteen intensiivisen harjoittelun aikana.<\/p>\n<ul>\n<li><strong>Tasapainoiset ravintoaineet terveelliseen painonnousuun:<\/strong><\/li>\n<\/ul>\n<p>Proteiinien, hiilihydraattien ja rasvojen tasapainoinen koostumus on ihanteellinen tukemaan hallittua ja terveellist\u00e4 painonnousua.<\/p>\n<ul>\n<li><strong>V\u00e4ltt\u00e4m\u00e4tt\u00f6m\u00e4t vitamiinit ja kivenn\u00e4isaineet:<\/strong><\/li>\n<\/ul>\n<p>Makroravintoaineiden lis\u00e4ksi Large Mass Gainer on rikastettu t\u00e4rkeill\u00e4 vitamiineilla ja kivenn\u00e4isaineilla, jotka tukevat kehon yleist\u00e4 hyvinvointia ja parantavat fyysist\u00e4 suorituskyky\u00e4.<\/p>\n<ul>\n<li><strong>Optimaalinen tuki lihasten palautumiselle:<\/strong><\/li>\n<\/ul>\n<p>Tuotteen sis\u00e4lt\u00e4m\u00e4t avainravinteet auttavat v\u00e4hent\u00e4m\u00e4\u00e4n harjoituksen j\u00e4lkeist\u00e4 lihasv\u00e4symyst\u00e4, parantavat palautumista ja valmistavat sinua tuleviin harjoituksiin.<\/p>\n<p><strong>Suositeltu k\u00e4ytt\u00f6<\/strong><\/p>\n<p>Ota yksi annos heti liikunnan j\u00e4lkeen tai 1-2 annosta p\u00e4iv\u00e4n aikana niille, jotka kamppailevat lihomisesta.<\/p>\n<p><strong>Ilmoitus:<\/strong><\/p>\n<ul>\n<li>Vain aikuisille, eik\u00e4 se korvaa monipuolista ja tasapainoista ruokavaliota tai terveellisi\u00e4 el\u00e4m\u00e4ntapoja.<\/li>\n<li>\u00c4l\u00e4 ylit\u00e4 suositeltua annosta.<\/li>\n<li>\u00c4l\u00e4 k\u00e4yt\u00e4 imetyksen tai raskauden aikana ilman l\u00e4\u00e4k\u00e4rin neuvoja.<\/li>\n<li>S\u00e4ilyt\u00e4 tuote viile\u00e4ss\u00e4, kuivassa paikassa, hyvin suljetussa pakkauksessa ja poissa alle 3-vuotiaiden lasten ulottuvilta.<\/li>\n<li>Saattaa sis\u00e4lt\u00e4\u00e4 pieni\u00e4 m\u00e4\u00e4ri\u00e4 kauraa, kananmunaa ja soijaa.<\/li>\n<\/ul>","protected":false},"excerpt":{"rendered":"<p>Large Mass Gainer Aminohappojen, vitamiinien ja kivenn\u00e4isaineiden sekoitus Large Mass Gainer on ravintolis\u00e4, joka on suunniteltu tukemaan niit\u00e4, jotka haluavat tehokkaasti lis\u00e4t\u00e4 painoaan ja lihasmassaansa. Edistyksellisell\u00e4 koostumuksella, jossa yhdistyv\u00e4t korkealaatuiset proteiinit, hiilihydraatit, v\u00e4ltt\u00e4m\u00e4tt\u00f6m\u00e4t rasvat, vitamiinit ja kivenn\u00e4isaineet, t\u00e4m\u00e4 tuote tarjoaa t\u00e4ydellisen tuen lihasten kasvulle, palautumiselle ja energian yll\u00e4pit\u00e4miselle [...].<\/p>","protected":false},"featured_media":11100,"template":"","meta":[],"product_cat":[154,308],"product_tag":[162,318],"class_list":{"0":"post-11066","1":"product","2":"type-product","3":"status-publish","4":"has-post-thumbnail","6":"product_cat-gain-performance","7":"product_cat-strength-and-muscle-mass","8":"product_tag-gain-performance","9":"product_tag-strength-and-muscle-mass","11":"first","12":"instock","13":"taxable","14":"shipping-taxable","15":"purchasable","16":"product-type-variable"},"aioseo_notices":[],"_links":{"self":[{"href":"https:\/\/www.selfprotein.com\/fi\/wp-json\/wp\/v2\/product\/11066"}],"collection":[{"href":"https:\/\/www.selfprotein.com\/fi\/wp-json\/wp\/v2\/product"}],"about":[{"href":"https:\/\/www.selfprotein.com\/fi\/wp-json\/wp\/v2\/types\/product"}],"wp:featuredmedia":[{"embeddable":true,"href":"https:\/\/www.selfprotein.com\/fi\/wp-json\/wp\/v2\/media\/11100"}],"wp:attachment":[{"href":"https:\/\/www.selfprotein.com\/fi\/wp-json\/wp\/v2\/media?parent=11066"}],"wp:term":[{"taxonomy":"product_cat","embeddable":true,"href":"https:\/\/www.selfprotein.com\/fi\/wp-json\/wp\/v2\/product_cat?post=11066"},{"taxonomy":"product_tag","embeddable":true,"href":"https:\/\/www.selfprotein.com\/fi\/wp-json\/wp\/v2\/product_tag?post=11066"}],"curies":[{"name":"wp","href":"https:\/\/api.w.org\/{rel}","templated":true}]}}