{"id":11852,"date":"2025-01-21T13:30:28","date_gmt":"2025-01-21T12:30:28","guid":{"rendered":"https:\/\/www.selfprotein.com\/?post_type=product&#038;p=11852"},"modified":"2026-05-01T00:24:31","modified_gmt":"2026-04-30T22:24:31","slug":"oat-flakes","status":"publish","type":"product","link":"https:\/\/www.selfprotein.com\/fi\/tuote\/oat-flakes\/","title":{"rendered":"Oat Flakes"},"content":{"rendered":"<p style=\"text-align: left;\" align=\"center\"><strong><span lang=\"en-US\">Oat Flakes<\/span><\/strong><\/p>\n<p><span lang=\"en-US\">Instant Oat Flakes on kaurahiutaleita sis\u00e4lt\u00e4v\u00e4 lis\u00e4ravinne, joka tarjoaa monipuolisen ja ravitsevan ratkaisun p\u00e4ivitt\u00e4isen ruokavalion rikastuttamiseen. Mukautuvan luonteensa ansiosta t\u00e4m\u00e4 kaurajauhon muoto voidaan helposti sis\u00e4llytt\u00e4\u00e4 useisiin ruokiin ja aterioihin, mik\u00e4 tarjoaa monenlaisia etuja terveydellesi ja hyvinvoinnillesi.<\/span><\/p>\n<p><span lang=\"en-US\">Kaurahiutaleiden edut:<\/span><\/p>\n<ul>\n<li><strong><span lang=\"en-US\">Monimutkaisten hiilihydraattien l\u00e4hde:<\/span><\/strong><span lang=\"en-US\"> Pikakaurahiutaleet ovat terveellinen ja kest\u00e4v\u00e4 monimutkaisten hiilihydraattien l\u00e4hde, joka antaa energiaa pitk\u00e4ll\u00e4 aikav\u00e4lill\u00e4 ja auttaa yll\u00e4pit\u00e4m\u00e4\u00e4n vakaata verensokeria.<\/span><\/li>\n<li><strong><span lang=\"en-US\">Runsaasti kuitua:<\/span><\/strong><span lang=\"en-US\"> Kaurahiutaleissa on runsaasti kuitua, joka edist\u00e4\u00e4 ruoansulatuskanavan terveytt\u00e4, parantaa kyll\u00e4isyyden tunnetta ja edist\u00e4\u00e4 suolen toimintaa.<\/span><\/li>\n<li><strong><span lang=\"en-US\">V\u00e4ltt\u00e4m\u00e4tt\u00f6m\u00e4t ravintoaineet:<\/span><\/strong><span lang=\"en-US\"> N\u00e4m\u00e4 hiutaleet ovat luonnollinen B-vitamiinien ja kivenn\u00e4isaineiden, kuten raudan ja magnesiumin, l\u00e4hde, jotka ovat elimist\u00f6n moitteettoman toiminnan ja terveyden yll\u00e4pit\u00e4misen kannalta ratkaisevan t\u00e4rkeit\u00e4.<\/span><\/li>\n<li><strong><span lang=\"en-US\">Energian hidas vapautuminen:<\/span><\/strong><span lang=\"en-US\"> Koostumuksensa ansiosta pikakaurahiutaleet vapauttavat energiaa asteittain ajan my\u00f6t\u00e4, mik\u00e4 takaa pitk\u00e4kestoisen kyll\u00e4isyyden tunteen ja tukee fyysist\u00e4 ja henkist\u00e4 aktiivisuutta.<\/span><\/li>\n<li><strong><span lang=\"en-US\">Kulinaarinen monipuolisuus:<\/span><\/strong><span lang=\"en-US\"> T\u00e4t\u00e4 kaurajauhon muotoa voidaan k\u00e4ytt\u00e4\u00e4 keitti\u00f6ss\u00e4si monin eri tavoin, aina aamiaiseen, smoothieen tai jogurttiin sis\u00e4llytt\u00e4misest\u00e4 maukkaiden ruokien, kuten keksien, kotitekoisten proteiinipatukoiden tai puurojen valmistamiseen, ja se tarjoaa loputtomasti vaihtoehtoja makusi ja ruokavaliotarpeidesi tyydytt\u00e4miseksi.<\/span><\/li>\n<\/ul>\n<p>&nbsp;<\/p>\n<p><strong><span lang=\"en-US\">Suositeltu k\u00e4ytt\u00f6<\/span><\/strong><\/p>\n<p><span lang=\"en-US\">1 annos aamiaiseksi, ennen tai j\u00e4lkeen treenin.<\/span><\/p>\n<p class=\"xmprfx_MsoNormal\"><b>Ilmoitus:<\/b><\/p>\n<ul>\n<li>Vain aikuisille, eik\u00e4 se korvaa monipuolista, tasapainoista ruokavaliota ja terveellisi\u00e4 el\u00e4m\u00e4ntapoja.<\/li>\n<li>\u00c4l\u00e4 ylit\u00e4 suositeltua annosta.<\/li>\n<li>\u00c4l\u00e4 k\u00e4yt\u00e4 sit\u00e4 imetyksen tai raskauden aikana neuvottelematta l\u00e4\u00e4k\u00e4rin kanssa.<\/li>\n<li>S\u00e4ilyt\u00e4 tuote viile\u00e4ss\u00e4, kuivassa paikassa hyvin suljetussa pakkauksessa alle 3-vuotiaiden lasten ulottumattomissa.<\/li>\n<li>Saattaa sis\u00e4lt\u00e4\u00e4 pieni\u00e4 m\u00e4\u00e4ri\u00e4 kananmunaa, soijaa ja maitoa.<\/li>\n<li>Laktoositon ja Gluteeniton.<\/li>\n<\/ul>","protected":false},"excerpt":{"rendered":"<p>Kaurahiutaleet Kaurahiutaleet on kaurahiutaleiden lis\u00e4ravinne, joka tarjoaa monipuolisen ja ravitsevan ratkaisun p\u00e4ivitt\u00e4isen ruokavalion t\u00e4ydent\u00e4miseen. Mukautuvan luonteensa ansiosta t\u00e4m\u00e4 kaurajauhon muoto voidaan helposti sis\u00e4llytt\u00e4\u00e4 useisiin ruokiin ja aterioihin, mik\u00e4 tarjoaa monenlaisia etuja terveydellesi ja hyvinvoinnillesi. Kauran edut [...]<\/p>","protected":false},"featured_media":11861,"template":"","meta":[],"product_cat":[313,210],"product_tag":[316,223],"class_list":{"0":"post-11852","1":"product","2":"type-product","3":"status-publish","4":"has-post-thumbnail","6":"product_cat-protein-snacks-and-fit-food","7":"product_cat-snacks-meal-solutions","8":"product_tag-protein-snacks-fit-food","9":"product_tag-snacks-meal-solutions","11":"first","12":"instock","13":"taxable","14":"shipping-taxable","15":"purchasable","16":"product-type-variable"},"aioseo_notices":[],"_links":{"self":[{"href":"https:\/\/www.selfprotein.com\/fi\/wp-json\/wp\/v2\/product\/11852"}],"collection":[{"href":"https:\/\/www.selfprotein.com\/fi\/wp-json\/wp\/v2\/product"}],"about":[{"href":"https:\/\/www.selfprotein.com\/fi\/wp-json\/wp\/v2\/types\/product"}],"wp:featuredmedia":[{"embeddable":true,"href":"https:\/\/www.selfprotein.com\/fi\/wp-json\/wp\/v2\/media\/11861"}],"wp:attachment":[{"href":"https:\/\/www.selfprotein.com\/fi\/wp-json\/wp\/v2\/media?parent=11852"}],"wp:term":[{"taxonomy":"product_cat","embeddable":true,"href":"https:\/\/www.selfprotein.com\/fi\/wp-json\/wp\/v2\/product_cat?post=11852"},{"taxonomy":"product_tag","embeddable":true,"href":"https:\/\/www.selfprotein.com\/fi\/wp-json\/wp\/v2\/product_tag?post=11852"}],"curies":[{"name":"wp","href":"https:\/\/api.w.org\/{rel}","templated":true}]}}