{"id":12152,"date":"2025-03-10T00:02:53","date_gmt":"2025-03-09T23:02:53","guid":{"rendered":"https:\/\/www.selfprotein.com\/?post_type=product&#038;p=12152"},"modified":"2026-04-01T00:00:54","modified_gmt":"2026-03-31T22:00:54","slug":"power-breakfast-pack","status":"publish","type":"product","link":"https:\/\/www.selfprotein.com\/fi\/tuote\/power-breakfast-pack\/","title":{"rendered":"Power Breakfast Pack"},"content":{"rendered":"<p><strong>Power Breakfast Pack<\/strong><\/p>\n<p class=\" translation-block\">Aloita p\u00e4iv\u00e4si maun, energian ja ravinnon t\u00e4ydellisell\u00e4 tasapainolla! <strong>Proti Cream &amp; Oat Flakes -pakkaus yhdist\u00e4\u00e4 Proti Creamin vastustamattoman kermaisuuden ja kaurahiutaleiden hyvyyden aamiaiseksi, joka ruokkii kehoasi ja tyydytt\u00e4\u00e4 himoa.<\/p>\n<p><strong>Proti Cream<\/strong><\/p>\n<p>Levite, joka muuttaa jokaisen pureman puhtaan nautinnon hetkeksi! T\u00e4ynn\u00e4 proteiinia ja uskomattoman kermainen.<\/p>\n<ul>\n<li>Vastustamattomia makuja, t\u00e4ydellinen herkulliseen aamiaiseen<\/li>\n<li>Runsaasti proteiinia, v\u00e4h\u00e4n sokeria \u2013 voit nauttia guilty-free<\/li>\n<li>Pehme\u00e4, t\u00e4ytel\u00e4inen rakenne, ihanteellinen kauran, pannukakkujen kanssa tai suoraan lusikasta<\/li>\n<\/ul>\n<p><\/p>\n<p>\n<strong>Oat Flakes<\/strong><\/p>\n<p>T\u00e4ydellinen liittolainen terveelliselle ja ravitsevalle aamiaiselle, suunniteltu niille, jotka haluavat aloittaa p\u00e4iv\u00e4n oikein.<\/p>\n<ul>\n<li>V\u00e4lit\u00f6nt\u00e4 energiaa hitaasti vapautuvilla monimutkaisilla hiilihydraateilla<\/li>\n<li>Runsaskuituinen ja luonnollisesti tyydytt\u00e4v\u00e4 \u2013 erinomainen ruoansulatukselle ja hyvinvoinnille<\/li>\n<\/ul>\n<\/p>\n<p><strong>Miksi valita t\u00e4m\u00e4 paketti?<\/strong><\/p>\n<ul>\n<li>Korkea proteiinipitoisuus optimaaliseen lihastukeen<\/li>\n<li>Hitaasti vapautuvat hiilihydraatit takaavat pitk\u00e4kestoisen energian<\/li>\n<li>Vastustamattomia makuja aloittaaksesi p\u00e4iv\u00e4si hymyillen<\/li>\n<li>Ei lis\u00e4tty\u00e4 sokereita, sopii kaikkiin terveellisiin el\u00e4m\u00e4ntapoihin<\/li>\n<\/ul>\n<p><\/p>\n<p>\n<strong>Kuinka nauttia siit\u00e4?<\/strong><\/p>\n<ul>\n<li>Sekoita kaurahiutaleet maidon tai jogurtin kanssa kermaiseksi puuroksi<\/li>\n<li>Lis\u00e4\u00e4 lusikallinen Proti Creamia saadaksesi lis\u00e4makua ja proteiinia<\/li>\n<li>T\u00e4ydellinen pannukakkuihin, smoothieihin ja terveellisiin j\u00e4lkiruokiin<\/li>\n<\/ul>\n<p><\/p>\n<p>Halusitpa sitten l\u00e4mpim\u00e4n puuron tai rapean t\u00e4ytteen jogurttillesi, t\u00e4m\u00e4 yhdistelm\u00e4 on t\u00e4ydellinen valinta tasapainoiseen ja herkulliseen aamiaiseen!<\/p>","protected":false},"excerpt":{"rendered":"<p>Power Breakfast Pack Aloita p\u00e4iv\u00e4si t\u00e4ydellisell\u00e4 tasapainolla makua, energiaa ja ravintoa! Proti Cream &amp; Kaurahiutaleet -paketti yhdist\u00e4\u00e4 Proti Cream -voiteen vastustamattoman kermaisuuden ja kaurahiutaleiden hyvyyden aamiaiseksi, joka ruokkii kehosi ja tyydytt\u00e4\u00e4 mielihalut. Proti Cream Levite, joka tekee jokaisesta suupalasta [...]<\/p>","protected":false},"featured_media":12175,"template":"","meta":[],"product_cat":[313,320,210],"product_tag":[316,321,223],"class_list":{"0":"post-12152","1":"product","2":"type-product","3":"status-publish","4":"has-post-thumbnail","6":"product_cat-protein-snacks-and-fit-food","7":"product_cat-self-bundles","8":"product_cat-snacks-meal-solutions","9":"product_tag-protein-snacks-fit-food","10":"product_tag-self-bundles","11":"product_tag-snacks-meal-solutions","13":"first","14":"instock","15":"taxable","16":"shipping-taxable","17":"purchasable","18":"product-type-variable"},"aioseo_notices":[],"_links":{"self":[{"href":"https:\/\/www.selfprotein.com\/fi\/wp-json\/wp\/v2\/product\/12152"}],"collection":[{"href":"https:\/\/www.selfprotein.com\/fi\/wp-json\/wp\/v2\/product"}],"about":[{"href":"https:\/\/www.selfprotein.com\/fi\/wp-json\/wp\/v2\/types\/product"}],"wp:featuredmedia":[{"embeddable":true,"href":"https:\/\/www.selfprotein.com\/fi\/wp-json\/wp\/v2\/media\/12175"}],"wp:attachment":[{"href":"https:\/\/www.selfprotein.com\/fi\/wp-json\/wp\/v2\/media?parent=12152"}],"wp:term":[{"taxonomy":"product_cat","embeddable":true,"href":"https:\/\/www.selfprotein.com\/fi\/wp-json\/wp\/v2\/product_cat?post=12152"},{"taxonomy":"product_tag","embeddable":true,"href":"https:\/\/www.selfprotein.com\/fi\/wp-json\/wp\/v2\/product_tag?post=12152"}],"curies":[{"name":"wp","href":"https:\/\/api.w.org\/{rel}","templated":true}]}}