{"id":12534,"date":"2025-04-14T17:36:47","date_gmt":"2025-04-14T15:36:47","guid":{"rendered":"https:\/\/www.selfprotein.com\/?post_type=product&#038;p=12534"},"modified":"2026-04-01T16:49:05","modified_gmt":"2026-04-01T14:49:05","slug":"micro-whey-active","status":"publish","type":"product","link":"https:\/\/www.selfprotein.com\/fi\/tuote\/micro-whey-active\/","title":{"rendered":"Micro Whey Active"},"content":{"rendered":"<p><strong>Micro Whey Active<\/strong><\/p>\n<p>Micro Whey Active on heraproteiini-isolaattiin (WPI) perustuva lis\u00e4ravinne, joka on ihanteellinen tukemaan lihasmassan kehittymist\u00e4 ja yll\u00e4pitoa. Mikrosuodatusprosessin ansiosta se tarjoaa korkean proteiinipitoisuuden ja v\u00e4hent\u00e4\u00e4 rasvojen ja hiilihydraattien saantia, joten se sopii erinomaisesti aktiivista el\u00e4m\u00e4ntapaa noudattaville.<\/p>\n<p><strong>T\u00e4rkeimm\u00e4t edut:<\/strong><\/p>\n<ul>\n<li><strong>Korkea proteiinipitoisuus<\/strong>: eristetyt proteiinit auttavat sinua saavuttamaan p\u00e4ivitt\u00e4isen proteiininsaantisi ja edist\u00e4v\u00e4t lihassynteesi\u00e4 ja lihasten yll\u00e4pitoa.<\/li>\n<li><strong>Valittujen aminohappojen kanssa<\/strong>: kaava, joka on rikastettu glysiinill\u00e4, alaniinilla ja lysiinill\u00e4, jotka ovat hy\u00f6dyllisi\u00e4 palautumisprosessien ja lihasten toiminnan tukemisessa.<\/li>\n<li><strong>Nopea imeytyminen<\/strong>: liukoinen rakenne edist\u00e4\u00e4 nopeaa ruoansulatusta ja tehokasta assimilaatiota, ihanteellinen treenin j\u00e4lkeiseen k\u00e4ytt\u00f6\u00f6n.<\/li>\n<li><strong>Monipuolinen k\u00e4ytt\u00f6<\/strong>: se sekoittuu helposti veteen, maitoon tai kasvipohjaisiin juomiin, mik\u00e4 sopii t\u00e4ydellisesti smoothieihin ja proteiiniresepteihin.<\/li>\n<li><strong>T\u00e4ytt\u00e4\u00e4 proteiinivaatimukset<\/strong>: proteiini-isolaattien s\u00e4\u00e4nn\u00f6llinen saanti voi edist\u00e4\u00e4 p\u00e4ivitt\u00e4ist\u00e4 proteiinin tarvetta ja tukea lihasmassaa ja harjoittelutavoitteita.<\/li>\n<\/ul>\n<p>&nbsp;<\/p>\n<p><strong>Suositeltu k\u00e4ytt\u00f6<\/strong><\/p>\n<p>Ota <strong>1-3 annosta<\/strong> p\u00e4iv\u00e4ss\u00e4 ravitsemuksellisten tarpeidesi perusteella ja ottaen huomioon muiden proteiinil\u00e4hteiden osuuden p\u00e4ivitt\u00e4isess\u00e4 ruokavaliossasi.<\/p>\n<p><strong>Ilmoitus<\/strong><\/p>\n<ul>\n<li>Aikuisille tarkoitettu tuote.<\/li>\n<li>Ei korvaa tasapainoista ruokavaliota ja terveellisi\u00e4 el\u00e4m\u00e4ntapoja.<\/li>\n<li>\u00c4l\u00e4 ylit\u00e4 suositeltua vuorokausiannosta.<\/li>\n<li>\u00c4l\u00e4 k\u00e4yt\u00e4 raskauden tai imetyksen aikana ilman l\u00e4\u00e4k\u00e4rin neuvoja.<\/li>\n<li>S\u00e4ilyt\u00e4 viile\u00e4ss\u00e4, kuivassa paikassa, alle 3-vuotiaiden lasten ulottumattomissa.<\/li>\n<li>Saattaa sis\u00e4lt\u00e4\u00e4 pieni\u00e4 m\u00e4\u00e4ri\u00e4 kauraa, kananmunaa ja soijaa.<\/li>\n<li><strong>Gluteeniton<\/strong>.<\/li>\n<\/ul>","protected":false},"excerpt":{"rendered":"<p>Micro Whey Active Micro Whey Active on heraproteiini-isolaattiin (WPI) perustuva lis\u00e4ravinne, joka on ihanteellinen tukemaan lihasmassan kehityst\u00e4 ja yll\u00e4pitoa. Mikrosuodatusprosessin ansiosta se tarjoaa korkean proteiinipitoisuuden ja v\u00e4hent\u00e4\u00e4 rasvojen ja hiilihydraattien saantia, joten se sopii erinomaisesti aktiivista el\u00e4m\u00e4ntapaa noudattaville. T\u00e4rkein [...]<\/p>","protected":false},"featured_media":12553,"template":"","meta":[],"product_cat":[158,308],"product_tag":[18,318],"class_list":{"0":"post-12534","1":"product","2":"type-product","3":"status-publish","4":"has-post-thumbnail","6":"product_cat-proteins","7":"product_cat-strength-and-muscle-mass","8":"product_tag-proteins","9":"product_tag-strength-and-muscle-mass","11":"first","12":"instock","13":"sale","14":"taxable","15":"shipping-taxable","16":"purchasable","17":"product-type-variable"},"aioseo_notices":[],"_links":{"self":[{"href":"https:\/\/www.selfprotein.com\/fi\/wp-json\/wp\/v2\/product\/12534"}],"collection":[{"href":"https:\/\/www.selfprotein.com\/fi\/wp-json\/wp\/v2\/product"}],"about":[{"href":"https:\/\/www.selfprotein.com\/fi\/wp-json\/wp\/v2\/types\/product"}],"wp:featuredmedia":[{"embeddable":true,"href":"https:\/\/www.selfprotein.com\/fi\/wp-json\/wp\/v2\/media\/12553"}],"wp:attachment":[{"href":"https:\/\/www.selfprotein.com\/fi\/wp-json\/wp\/v2\/media?parent=12534"}],"wp:term":[{"taxonomy":"product_cat","embeddable":true,"href":"https:\/\/www.selfprotein.com\/fi\/wp-json\/wp\/v2\/product_cat?post=12534"},{"taxonomy":"product_tag","embeddable":true,"href":"https:\/\/www.selfprotein.com\/fi\/wp-json\/wp\/v2\/product_tag?post=12534"}],"curies":[{"name":"wp","href":"https:\/\/api.w.org\/{rel}","templated":true}]}}