{"id":12543,"date":"2025-04-15T15:17:02","date_gmt":"2025-04-15T13:17:02","guid":{"rendered":"https:\/\/www.selfprotein.com\/?post_type=product&#038;p=12543"},"modified":"2026-04-01T00:01:04","modified_gmt":"2026-03-31T22:01:04","slug":"pure-isolate-whey-protein","status":"publish","type":"product","link":"https:\/\/www.selfprotein.com\/fi\/tuote\/pure-isolate-whey-protein\/","title":{"rendered":"Pure Isolate Whey Protein"},"content":{"rendered":"<p><strong>Puhdas eristetty heraproteiini - 90% heraproteiini-isolaatti<\/strong><\/p>\n<p><strong>Ihanteellinen valinta niille, jotka haluavat rakentaa lihaksia nopeasti, parantaa palautumista ja yll\u00e4pit\u00e4\u00e4 puhdasta ruokavaliota.<\/strong><\/p>\n<p>Pure Isolate Whey Protein on ihanteellinen valinta niille, jotka etsiv\u00e4t puhdasta ja tehokasta proteiinilis\u00e4\u00e4. Korkean proteiinipitoisuutensa ja alhaisen rasva- ja hiilihydraattipitoisuutensa ansiosta se sopii erinomaisesti tukemaan lihasten kasvua, parantamaan treenin j\u00e4lkeist\u00e4 palautumista ja painonhallintaa. Laktoositon ja eritt\u00e4in nopeasti imeytyv\u00e4 proteiini on ihanteellinen proteiini jokaiselle urheilijalle ja kuntoilijalle.<\/p>\n<p><strong>Miksi rakastat sit\u00e4<\/strong><\/p>\n<ul>\n<li><strong>Nopeutettu lihasten kasvu<\/strong>Heraproteiinin korkea biologinen arvo edist\u00e4\u00e4 lihasten kasvua ja korjaantumista, mik\u00e4 on v\u00e4ltt\u00e4m\u00e4t\u00f6nt\u00e4 harjoittelun j\u00e4lkeen.<\/li>\n<li><strong>Alhainen kaloripitoisuus<\/strong>: t\u00e4ydellinen niille, jotka haluavat kasvattaa lihaksia lis\u00e4\u00e4m\u00e4tt\u00e4 liikaa rasvaa tai kaloreita.<\/li>\n<li><strong>Nopea toipuminen<\/strong>: v\u00e4hent\u00e4\u00e4 lihaskipuja ja nopeuttaa palautumista, jolloin voit palata kuntosalille nopeammin.<\/li>\n<li><strong>Tukee immuunij\u00e4rjestelm\u00e4\u00e4<\/strong>heraproteiinit sis\u00e4lt\u00e4v\u00e4t immunoglobuliineja ja muita yhdisteit\u00e4, jotka vahvistavat elimist\u00f6n luonnollista puolustuskyky\u00e4.<\/li>\n<\/ul>\n<p>&nbsp;<\/p>\n<p><strong>Suositeltu annos<\/strong><\/p>\n<p>Sekoita <strong>30 g<\/strong> (noin 1 kauhallinen) puhdasta eristetty\u00e4 heraproteiinia, jossa on <strong>100 ml vett\u00e4<\/strong> ravistimessa.<\/p>\n<p>Maksimaalinen puhtaus, minimaalinen vaivann\u00e4k\u00f6: se liukenee hetkess\u00e4 ja kehosi imee sen v\u00e4litt\u00f6m\u00e4sti.<\/p>\n<p><strong>Ilmoitus<\/strong><\/p>\n<ul>\n<li>Vain aikuisille.<\/li>\n<li>Ei korvaa tasapainoista ruokavaliota ja terveellisi\u00e4 el\u00e4m\u00e4ntapoja.<\/li>\n<li>\u00c4l\u00e4 ylit\u00e4 suositeltua annosta.<\/li>\n<li>Ota yhteytt\u00e4 l\u00e4\u00e4k\u00e4riin raskauden tai imetyksen aikana.<\/li>\n<li>S\u00e4ilyt\u00e4 viile\u00e4ss\u00e4, kuivassa paikassa, suojattuna suoralta valolta.<\/li>\n<li>Saattaa sis\u00e4lt\u00e4\u00e4 pieni\u00e4 m\u00e4\u00e4ri\u00e4 kauraa, kananmunaa ja soijaa.<\/li>\n<li><strong>Laktoositon ja gluteeniton<\/strong>.<\/li>\n<\/ul>\n<p>&nbsp;<\/p>\n<p><strong>T\u00e4ydellinen: ihanteellinen palautumiseen harjoittelun j\u00e4lkeen ja lihasten kasvun edist\u00e4miseen.<\/strong><\/p>","protected":false},"excerpt":{"rendered":"<p>Pure Isolate Whey Protein - 90% Heraproteiini-isolaatti Ihanteellinen valinta niille, jotka haluavat rakentaa lihaksia nopeasti, parantaa palautumista ja yll\u00e4pit\u00e4\u00e4 puhdasta ruokavaliota. Pure Isolate Whey Protein on ihanteellinen valinta niille, jotka etsiv\u00e4t puhdasta ja tehokasta proteiinilis\u00e4\u00e4. Korkean proteiinipitoisuutensa ja v\u00e4h\u00e4isen rasva- ja [...]<\/p>","protected":false},"featured_media":12597,"template":"","meta":[],"product_cat":[158,308],"product_tag":[18,318],"class_list":{"0":"post-12543","1":"product","2":"type-product","3":"status-publish","4":"has-post-thumbnail","6":"product_cat-proteins","7":"product_cat-strength-and-muscle-mass","8":"product_tag-proteins","9":"product_tag-strength-and-muscle-mass","11":"first","12":"instock","13":"taxable","14":"shipping-taxable","15":"purchasable","16":"product-type-variable"},"aioseo_notices":[],"_links":{"self":[{"href":"https:\/\/www.selfprotein.com\/fi\/wp-json\/wp\/v2\/product\/12543"}],"collection":[{"href":"https:\/\/www.selfprotein.com\/fi\/wp-json\/wp\/v2\/product"}],"about":[{"href":"https:\/\/www.selfprotein.com\/fi\/wp-json\/wp\/v2\/types\/product"}],"wp:featuredmedia":[{"embeddable":true,"href":"https:\/\/www.selfprotein.com\/fi\/wp-json\/wp\/v2\/media\/12597"}],"wp:attachment":[{"href":"https:\/\/www.selfprotein.com\/fi\/wp-json\/wp\/v2\/media?parent=12543"}],"wp:term":[{"taxonomy":"product_cat","embeddable":true,"href":"https:\/\/www.selfprotein.com\/fi\/wp-json\/wp\/v2\/product_cat?post=12543"},{"taxonomy":"product_tag","embeddable":true,"href":"https:\/\/www.selfprotein.com\/fi\/wp-json\/wp\/v2\/product_tag?post=12543"}],"curies":[{"name":"wp","href":"https:\/\/api.w.org\/{rel}","templated":true}]}}