{"id":12547,"date":"2025-04-14T17:45:48","date_gmt":"2025-04-14T15:45:48","guid":{"rendered":"https:\/\/www.selfprotein.com\/?post_type=product&#038;p=12547"},"modified":"2026-05-01T00:24:35","modified_gmt":"2026-04-30T22:24:35","slug":"whey-shake","status":"publish","type":"product","link":"https:\/\/www.selfprotein.com\/fi\/tuote\/whey-shake\/","title":{"rendered":"Whey Shake"},"content":{"rendered":"<p><strong>Herapirtel\u00f6 - Heraproteiinikonsentraatti (WPC)<\/strong><\/p>\n<p><strong>Proteiini, joka tukee sinua jokaisen harjoituksen aikana.<\/strong><\/p>\n<p>Whey Shake on heraproteiinikonsentraatti, joka jokaisen urheilijan on sis\u00e4llytett\u00e4v\u00e4 rutiiniiniinsa. Korkean proteiinipitoisuutensa ja nopean sulavuutensa ansiosta se on t\u00e4ydellinen liittolainen harjoittelun j\u00e4lkeiseen palautumiseen, lihasten kasvuun ja, jos se on integroitu tasapainoiseen ruokavalioon, se voi my\u00f6s edist\u00e4\u00e4 painonpudotusta.<\/p>\n<p><strong>Miksi rakastat sit\u00e4<\/strong><\/p>\n<ul>\n<li><strong>Lihasten kasvu<\/strong>: T\u00e4ydellinen proteiini, joka tukee proteiinisynteesi\u00e4 lihasten kasvua ja palautumista varten.<\/li>\n<li><strong>Nopea toipuminen<\/strong>: sopii erinomaisesti treenin j\u00e4lkeiseen kulutukseen, sill\u00e4 se auttaa t\u00e4ytt\u00e4m\u00e4\u00e4n lihakset t\u00e4rkeill\u00e4 ravintoaineilla ja nopeuttaa palautumista.<\/li>\n<li><strong>Tukee painonpudotusta<\/strong>: v\u00e4h\u00e4rasvainen proteiininl\u00e4hde, joka edist\u00e4\u00e4 kyll\u00e4isyyden tunnetta ja v\u00e4hent\u00e4\u00e4 ruokahalua, mik\u00e4 on hy\u00f6dyllist\u00e4 painonhallinnassa.<\/li>\n<li><strong>Valittujen aminohappojen kanssa<\/strong>: kaava, joka on rikastettu glysiinill\u00e4, alaniinilla ja lysiinill\u00e4, jotka ovat hy\u00f6dyllisi\u00e4 palautumisprosessien ja lihasten toiminnan tukemisessa.<\/li>\n<li><strong>Helppo sulattaa<\/strong>: nopean assimilaationsa ansiosta se on helposti sulava proteiini ilman ruoansulatuskanavan h\u00e4iri\u00f6it\u00e4.<\/li>\n<li><strong>Nopea imeytyminen<\/strong>: ravintoaineiden v\u00e4lit\u00f6n vapautuminen maksimoi treenin j\u00e4lkeiset hy\u00f6dyt.<\/li>\n<\/ul>\n<p>&nbsp;<\/p>\n<p><strong>Suositeltu annos<\/strong><\/p>\n<p>Sekoita <strong>30 g<\/strong> (noin 1 mittalusikallinen) <strong>200 ml vett\u00e4<\/strong> ravistelijassa ravitsemuksellisten tarpeidesi mukaan ja ottaen huomioon ruokavalion muut proteiinil\u00e4hteet. Voit my\u00f6s sekoittaa jauhetta maitoon tai suosikkijuomaasi makuvaihtelua varten.<\/p>\n<p><strong>Ilmoitus<\/strong><\/p>\n<ul>\n<li>Vain aikuisille.<\/li>\n<li>Ei korvaa monipuolista ja tasapainoista ruokavaliota eik\u00e4 terveellisi\u00e4 el\u00e4m\u00e4ntapoja.<\/li>\n<li>\u00c4l\u00e4 ylit\u00e4 suositeltua annosta.<\/li>\n<li>Ota yhteys l\u00e4\u00e4k\u00e4riin, jos olet raskaana tai imet\u00e4t.<\/li>\n<li>S\u00e4ilyt\u00e4 viile\u00e4ss\u00e4, kuivassa paikassa, suojattuna suoralta valolta.<\/li>\n<li>Saattaa sis\u00e4lt\u00e4\u00e4 pieni\u00e4 m\u00e4\u00e4ri\u00e4 kauraa, kananmunaa ja soijaa.<\/li>\n<li><strong>Gluteeniton<\/strong>.<\/li>\n<\/ul>\n<p>&nbsp;<\/p>\n<p><strong>T\u00e4ydellinen: urheilijoille, kuntoilijoille, kaikille, jotka etsiv\u00e4t nopeaa ja laadukasta proteiininl\u00e4hdett\u00e4.<\/strong><\/p>","protected":false},"excerpt":{"rendered":"<p>Herapirtel\u00f6 - Heraproteiinikonsentraatti (WPC) Proteiini, joka tukee sinua jokaisessa harjoituksessa. Whey Shake on heraproteiinikonsentraatti, jonka jokainen urheilija tarvitsee sis\u00e4llytt\u00e4\u00e4 rutiiniinsa. Korkean proteiinipitoisuutensa ja nopean sulavuutensa ansiosta se on t\u00e4ydellinen liittolainen harjoituksen j\u00e4lkeiseen palautumiseen, lihasten kasvuun ja, jos se on integroitu tasapainoiseen [...]<\/p>","protected":false},"featured_media":12559,"template":"","meta":[],"product_cat":[158,308],"product_tag":[18,318],"class_list":{"0":"post-12547","1":"product","2":"type-product","3":"status-publish","4":"has-post-thumbnail","6":"product_cat-proteins","7":"product_cat-strength-and-muscle-mass","8":"product_tag-proteins","9":"product_tag-strength-and-muscle-mass","11":"first","12":"instock","13":"taxable","14":"shipping-taxable","15":"purchasable","16":"product-type-variable"},"aioseo_notices":[],"_links":{"self":[{"href":"https:\/\/www.selfprotein.com\/fi\/wp-json\/wp\/v2\/product\/12547"}],"collection":[{"href":"https:\/\/www.selfprotein.com\/fi\/wp-json\/wp\/v2\/product"}],"about":[{"href":"https:\/\/www.selfprotein.com\/fi\/wp-json\/wp\/v2\/types\/product"}],"wp:featuredmedia":[{"embeddable":true,"href":"https:\/\/www.selfprotein.com\/fi\/wp-json\/wp\/v2\/media\/12559"}],"wp:attachment":[{"href":"https:\/\/www.selfprotein.com\/fi\/wp-json\/wp\/v2\/media?parent=12547"}],"wp:term":[{"taxonomy":"product_cat","embeddable":true,"href":"https:\/\/www.selfprotein.com\/fi\/wp-json\/wp\/v2\/product_cat?post=12547"},{"taxonomy":"product_tag","embeddable":true,"href":"https:\/\/www.selfprotein.com\/fi\/wp-json\/wp\/v2\/product_tag?post=12547"}],"curies":[{"name":"wp","href":"https:\/\/api.w.org\/{rel}","templated":true}]}}