{"id":12798,"date":"2025-05-23T17:13:01","date_gmt":"2025-05-23T15:13:01","guid":{"rendered":"https:\/\/www.selfprotein.com\/?post_type=product&#038;p=12798"},"modified":"2026-04-01T00:01:04","modified_gmt":"2026-03-31T22:01:04","slug":"workout-essential-pack","status":"publish","type":"product","link":"https:\/\/www.selfprotein.com\/fi\/tuote\/workout-essential-pack\/","title":{"rendered":"Workout Essential Pack"},"content":{"rendered":"<p>Teho. Elpyminen. Mukavuus.<\/p>\n<p>Iso Whey Premium, Kreatiini 500 g ja Steel Shaker - t\u00e4ydellinen kolmikko niille, jotka haluavat optimoida suorituskyvyn, lihasten kasvun ja palautumisen.<\/p>\n<p><strong>Miksi rakastat sit\u00e4<\/strong><\/p>\n<ul>\n<li><strong>Iso Whey Premium:<\/strong> heraproteiini-isolaatti glutamiinipeptidill\u00e4 nopeaan, t\u00e4ydelliseen ja laadukkaaseen palautumiseen.<\/span><\/li>\n<li><strong>Kreatiinimonohydraatti 500 g:<\/strong> mikronisoitua, eritt\u00e4in puhdasta kreatiinia tehon, voiman ja kest\u00e4vyyden lis\u00e4\u00e4miseksi.<\/span><\/li>\n<li><strong>Ter\u00e4ksinen ravistin:<\/strong> tyylik\u00e4s, kest\u00e4v\u00e4 ja k\u00e4yt\u00e4nn\u00f6llinen - t\u00e4ydellinen jokaiseen ravisteluun.<\/span><\/li>\n<\/ul>\n<p>&nbsp;<br \/>\n<strong>\u00a0 \u00a0 <span>\u2705<\/span> T\u00e4ydellinen tuki harjoittelun jokaisessa vaiheessa<\/strong><br \/>\n<strong>\u00a0 \u00a0 <span>\u2705<\/span> Laktoosia? Ei ongelmaa<\/strong><br \/>\n<strong>\u00a0 \u00a0 <span>\u2705<\/span> Kaikki mit\u00e4 tarvitset, yhdess\u00e4 paketissa<\/strong><br \/>\n&nbsp;<br \/>\n<strong>Suositeltu annos<\/strong><\/p>\n<ul>\n<li>Sekoita 1 mittalusikallinen (noin <strong>40 g<\/strong>) kanssa <strong>200 ml<\/strong> vett\u00e4, mieluiten treenin j\u00e4lkeen.<\/li>\n<li>T\u00e4ydenn\u00e4 <strong>3 g<\/strong> kreatiinia p\u00e4ivitt\u00e4in, jopa lepop\u00e4ivin\u00e4, optimaalisten tulosten saavuttamiseksi.<\/li>\n<\/ul>\n<p>&nbsp;<br \/>\n<strong>Ilmoitus<\/strong><\/p>\n<ul>\n<li>Vain aikuisille.<\/li>\n<li>\u00c4l\u00e4 ylit\u00e4 suositeltua vuorokausiannosta. \u00c4l\u00e4 k\u00e4yt\u00e4 raskauden tai imetyksen aikana ilman l\u00e4\u00e4k\u00e4rin neuvoja.<\/li>\n<li>S\u00e4ilyt\u00e4 viile\u00e4ss\u00e4, kuivassa paikassa, lasten ulottumattomissa.<\/li>\n<li>Tuotteet voivat sis\u00e4lt\u00e4\u00e4 pieni\u00e4 m\u00e4\u00e4ri\u00e4 kauraa, kananmunaa ja soijaa.<\/li>\n<li><strong>Laktoositon<\/strong> ja <strong>gluteeniton<\/strong>.<\/li>\n<\/ul>\n<p>&nbsp;<br \/>\nOleellinen sinulle. Olennaista tuloksillesi!<\/p>","protected":false},"excerpt":{"rendered":"<p>Teho. Elpyminen. Mukavuus. Iso Whey Premium, Kreatiini 500 g ja Steel Shaker - t\u00e4ydellinen kolmikko niille, jotka haluavat optimoida suorituskyvyn, lihasten kasvun ja palautumisen. Miksi rakastat sit\u00e4 Iso Whey Premium: heraproteiini-isolaatti glutamiinipeptidill\u00e4 nopeaan, t\u00e4ydelliseen ja laadukkaaseen palautumiseen. Kreatiinimonohydraatti 500 g: mikronisoitu, eritt\u00e4in puhdas kreatiini tehon, voiman, [...]<\/p>","protected":false},"featured_media":12993,"template":"","meta":[],"product_cat":[151,158,320,308],"product_tag":[161,18,321,318],"class_list":{"0":"post-12798","1":"product","2":"type-product","3":"status-publish","4":"has-post-thumbnail","6":"product_cat-amino-acids-creatine","7":"product_cat-proteins","8":"product_cat-self-bundles","9":"product_cat-strength-and-muscle-mass","10":"product_tag-amino-acids-creatine","11":"product_tag-proteins","12":"product_tag-self-bundles","13":"product_tag-strength-and-muscle-mass","15":"first","16":"instock","17":"taxable","18":"shipping-taxable","19":"purchasable","20":"product-type-variable"},"aioseo_notices":[],"_links":{"self":[{"href":"https:\/\/www.selfprotein.com\/fi\/wp-json\/wp\/v2\/product\/12798"}],"collection":[{"href":"https:\/\/www.selfprotein.com\/fi\/wp-json\/wp\/v2\/product"}],"about":[{"href":"https:\/\/www.selfprotein.com\/fi\/wp-json\/wp\/v2\/types\/product"}],"wp:featuredmedia":[{"embeddable":true,"href":"https:\/\/www.selfprotein.com\/fi\/wp-json\/wp\/v2\/media\/12993"}],"wp:attachment":[{"href":"https:\/\/www.selfprotein.com\/fi\/wp-json\/wp\/v2\/media?parent=12798"}],"wp:term":[{"taxonomy":"product_cat","embeddable":true,"href":"https:\/\/www.selfprotein.com\/fi\/wp-json\/wp\/v2\/product_cat?post=12798"},{"taxonomy":"product_tag","embeddable":true,"href":"https:\/\/www.selfprotein.com\/fi\/wp-json\/wp\/v2\/product_tag?post=12798"}],"curies":[{"name":"wp","href":"https:\/\/api.w.org\/{rel}","templated":true}]}}