{"id":15180,"date":"2026-04-07T12:47:11","date_gmt":"2026-04-07T10:47:11","guid":{"rendered":"https:\/\/www.selfprotein.com\/?post_type=product&#038;p=15180"},"modified":"2026-04-07T12:47:11","modified_gmt":"2026-04-07T10:47:11","slug":"creatine-gummies","status":"publish","type":"product","link":"https:\/\/www.selfprotein.com\/fi\/tuote\/creatine-gummies\/","title":{"rendered":"Creatine Gummies"},"content":{"rendered":"<p class=\" translation-block\"><strong>KCREATINE GUMMIES<\/strong><br>\n<strong>Kreatiinin uusi muoto. Milloin tahansa, miss\u00e4 tahansa.<\/strong><br>\nYksinkertainen ja nopea tapa sis\u00e4llytt\u00e4\u00e4 kreatiini p\u00e4ivitt\u00e4iseen rutiiniisi.<br>\n<strong>Kreatiinikarkit<\/strong> yhdist\u00e4v\u00e4t helppok\u00e4ytt\u00f6isyyden ja toimivuuden, tarjoten vaihtoehdon perinteiselle kreatiinijauheelle.<br>\nPehme\u00e4, k\u00e4ytt\u00f6valmis karkkimuoto mahdollistaa helpon nauttimisen milloin tahansa, miss\u00e4 tahansa, ilman vett\u00e4 tai ravistelijaa.<br>\nKreatiini on yksi urheiluravitsemuksen eniten tutkituista ainesosista ja edist\u00e4\u00e4 fyysisen suorituskyvyn parantumista per\u00e4kk\u00e4isten lyhytaikaisten, korkean intensiteetin harjoitusten aikana.*<\/p>\n<p><strong>Miksi tulet rakastamaan t\u00e4t\u00e4<\/strong><br \/>\nK\u00e4tev\u00e4 muoto, heti k\u00e4ytt\u00f6valmis.<br \/>\n\u2022 K\u00e4yt\u00e4nn\u00f6lliset, k\u00e4ytt\u00f6valmiit karkit<br \/>\n\u2022 Valmistelua ei tarvita<br \/>\n\u2022 Helppo ottaa mukaan<br \/>\n\u2022 Sopii k\u00e4ytett\u00e4v\u00e4ksi milloin tahansa p\u00e4iv\u00e4ll\u00e4<\/p>\n<p><strong>Kenelle se on tarkoitettu<\/strong><br \/>\nSuunniteltu sopimaan erilaisiin rutiineihin ja el\u00e4m\u00e4ntapoihin.<br \/>\n\u2022 Aktiiviset ihmiset ja urheilijat<br \/>\n\u2022 Korkean intensiteetin harjoittelu<br \/>\n\u2022 P\u00e4ivitt\u00e4iset liikuntarutiinit<br \/>\n\u2022 Kaikille, jotka etsiv\u00e4t yksinkertaista ja helposti saatavaa ravintolis\u00e4\u00e4<\/p>\n<p><strong>Suositeltu annos<\/strong><br \/>\nOta <strong>2 gummies p\u00e4iv\u00e4ss\u00e4<\/strong>.<br \/>\n\u2022 Milloin tahansa p\u00e4iv\u00e4ll\u00e4<br \/>\n\u2022 Ennen tai j\u00e4lkeen harjoittelun<br \/>\n\u2022 My\u00f6s lepop\u00e4ivin\u00e4<\/p>\n<p><strong>Laatu<\/strong><br \/>\n\u2022 Valikoitu kreatiini<br \/>\n\u2022 Valvotut laatustandardit<br \/>\n\u2022 Kehitetty helppok\u00e4ytt\u00f6iseksi<\/p>\n<p><strong>Ilmoitus<\/strong><br \/>\n\u2022 Ravintolis\u00e4t eiv\u00e4t korvaa monipuolista ja tasapainoista ruokavaliota eik\u00e4 terveellisi\u00e4 el\u00e4m\u00e4ntapoja.<br \/>\n\u2022 \u00c4l\u00e4 ylit\u00e4 suositeltua p\u00e4ivitt\u00e4ist\u00e4 annosta.<br \/>\n\u2022 S\u00e4ilyt\u00e4 lasten ulottumattomissa.<\/p>","protected":false},"excerpt":{"rendered":"<p>CREATINE GUMMIES The new form of creatine. Anytime, anywhere. A simple and immediate way to integrate creatine into your daily routine. Creatine Gummies combine ease of use and functionality, offering an alternative to traditional creatine powder. The soft, ready-to-use gummy format allows easy intake anytime, anywhere, no water or shaker needed. Creatine is one of [&hellip;]<\/p>","protected":false},"featured_media":15240,"template":"","meta":[],"product_cat":[151,308],"product_tag":[161,318],"class_list":{"0":"post-15180","1":"product","2":"type-product","3":"status-publish","4":"has-post-thumbnail","6":"product_cat-amino-acids-creatine","7":"product_cat-strength-and-muscle-mass","8":"product_tag-amino-acids-creatine","9":"product_tag-strength-and-muscle-mass","11":"first","12":"instock","13":"sale","14":"taxable","15":"shipping-taxable","16":"purchasable","17":"product-type-variable"},"aioseo_notices":[],"_links":{"self":[{"href":"https:\/\/www.selfprotein.com\/fi\/wp-json\/wp\/v2\/product\/15180"}],"collection":[{"href":"https:\/\/www.selfprotein.com\/fi\/wp-json\/wp\/v2\/product"}],"about":[{"href":"https:\/\/www.selfprotein.com\/fi\/wp-json\/wp\/v2\/types\/product"}],"wp:featuredmedia":[{"embeddable":true,"href":"https:\/\/www.selfprotein.com\/fi\/wp-json\/wp\/v2\/media\/15240"}],"wp:attachment":[{"href":"https:\/\/www.selfprotein.com\/fi\/wp-json\/wp\/v2\/media?parent=15180"}],"wp:term":[{"taxonomy":"product_cat","embeddable":true,"href":"https:\/\/www.selfprotein.com\/fi\/wp-json\/wp\/v2\/product_cat?post=15180"},{"taxonomy":"product_tag","embeddable":true,"href":"https:\/\/www.selfprotein.com\/fi\/wp-json\/wp\/v2\/product_tag?post=15180"}],"curies":[{"name":"wp","href":"https:\/\/api.w.org\/{rel}","templated":true}]}}