{"id":16,"date":"2023-10-10T18:16:27","date_gmt":"2023-10-10T16:16:27","guid":{"rendered":"https:\/\/34.88.231.180\/?post_type=product&#038;p=16"},"modified":"2026-05-01T00:23:38","modified_gmt":"2026-04-30T22:23:38","slug":"l-arginine","status":"publish","type":"product","link":"https:\/\/www.selfprotein.com\/fi\/tuote\/l-arginine\/","title":{"rendered":"L-Arginine"},"content":{"rendered":"<p style=\"text-align: left;\" align=\"center\"><strong><span lang=\"en-US\">L-Arginine<\/span><\/strong><\/p>\n<p><span lang=\"en-US\">L-arginiini on puoliv\u00e4ltt\u00e4m\u00e4t\u00f6n aminohappo, jota esiintyy proteiinipitoisissa elintarvikkeissa, kuten lihassa, kalassa, maitotuotteissa ja palkokasveissa. Vaikka elimist\u00f6 pystyy tuottamaan arginiinia, se ei v\u00e4ltt\u00e4m\u00e4tt\u00e4 syntetisoi sit\u00e4 riitt\u00e4v\u00e4sti fysiologisten tarpeiden tyydytt\u00e4miseksi. T\u00e4m\u00e4 aminohappo on ratkaisevassa asemassa lukuisissa kehon toiminnoissa, kuten typpioksidin tuotannossa, joka on v\u00e4ltt\u00e4m\u00e4t\u00f6nt\u00e4 syd\u00e4n- ja verisuoniterveyden ja optimaalisen verenkierron yll\u00e4pit\u00e4miseksi.<\/span><\/p>\n<p><span lang=\"en-US\">Arginiinin lis\u00e4\u00e4minen ruokavalioon voi olla tehokas tapa tukea yleist\u00e4 terveytt\u00e4 ja hyvinvointia.<\/span><\/p>\n<p><span lang=\"en-US\">L-arginiinin edut:<\/span><\/p>\n<ul>\n<li><strong><span lang=\"en-US\">Liikuntasuorituskyvyn parantaminen<\/span><\/strong><span lang=\"en-US\"><strong>:<\/strong> Arginiinin sis\u00e4llytt\u00e4minen ruokavalioon voi parantaa fyysist\u00e4 suorituskyky\u00e4 liikunnan aikana. T\u00e4m\u00e4n aminohapon tiedet\u00e4\u00e4n lis\u00e4\u00e4v\u00e4n verenkiertoa ja hapen kulkeutumista lihaksiin, mik\u00e4 parantaa kest\u00e4vyytt\u00e4 ja kyky\u00e4 harrastaa intensiivist\u00e4 liikuntaa.<\/span><\/li>\n<li><strong><span lang=\"en-US\">Syd\u00e4n- ja verisuoniterveyden parantaminen:<\/span><\/strong><span lang=\"en-US\"> Arginiinilla on lukuisia etuja syd\u00e4n- ja verisuoniterveyden kannalta. Parantamalla verenkiertoa ja laajentamalla verisuonia typpioksidin tuotannon kautta arginiini voi auttaa alentamaan verenpainetta ja veritulppariski\u00e4, mik\u00e4 edist\u00e4\u00e4 syd\u00e4men ja valtimoiden terveytt\u00e4.<\/span><\/li>\n<li><strong><span lang=\"en-US\">Immuunitoiminnan tehostaminen: <\/span><\/strong><span lang=\"en-US\">Arginiinin sis\u00e4llytt\u00e4minen ruokavalioon voi tukea ja parantaa immuunij\u00e4rjestelm\u00e4\u00e4. T\u00e4m\u00e4 aminohappo voi lis\u00e4t\u00e4 immuunisolujen tuotantoa ja parantaa niiden kyky\u00e4 torjua infektioita, mik\u00e4 auttaa yll\u00e4pit\u00e4m\u00e4\u00e4n vahvaa ja reagoivaa immuunij\u00e4rjestelm\u00e4\u00e4.<\/span><\/li>\n<li><strong><span lang=\"en-US\">Parantunut erektiokyky:<\/span><\/strong><span lang=\"en-US\"> Erektioh\u00e4iri\u00f6ist\u00e4 k\u00e4rsiville miehille arginiini voi tarjota merkitt\u00e4vi\u00e4 etuja. T\u00e4m\u00e4n aminohapon tiedet\u00e4\u00e4n lis\u00e4\u00e4v\u00e4n veren virtausta penikseen ja parantavan siten erektiotoimintaa ja seksuaaliterveytt\u00e4.<\/span><\/li>\n<\/ul>\n<p>&nbsp;<\/p>\n<p><strong><span lang=\"en-US\">Suositeltu k\u00e4ytt\u00f6<\/span><\/strong><\/p>\n<p><span lang=\"en-US\">Ota 1 annos 30-45 minuuttia ennen urheilutoimintaa ja 1 annos ennen nukkumaanmenoa.<\/span><\/p>\n<p><strong>Ilmoitus:<\/strong><\/p>\n<ul>\n<li>Vain aikuisille, eik\u00e4 se korvaa monipuolista, tasapainoista ruokavaliota ja terveellisi\u00e4 el\u00e4m\u00e4ntapoja.<\/li>\n<li>\u00c4l\u00e4 ylit\u00e4 suositeltua annosta.<\/li>\n<li>\u00c4l\u00e4 k\u00e4yt\u00e4 sit\u00e4 imetyksen tai raskauden aikana neuvottelematta l\u00e4\u00e4k\u00e4rin kanssa.<\/li>\n<li>S\u00e4ilyt\u00e4 tuote viile\u00e4ss\u00e4, kuivassa paikassa hyvin suljetussa pakkauksessa alle 3-vuotiaiden lasten ulottumattomissa.<\/li>\n<li>Saattaa sis\u00e4lt\u00e4\u00e4 pieni\u00e4 m\u00e4\u00e4ri\u00e4 maitoa, kauraa, kananmunaa ja soijaa.<\/li>\n<li>Laktoositon ja Gluteeniton.<\/li>\n<\/ul>","protected":false},"excerpt":{"rendered":"<details>\n<summary>Ainesosat<\/summary>\n<table style=\"text-align: center;\">\n<tbody>\n<tr>\n<th>AINESOSAT<\/th>\n<th>annosta kohti<\/th>\n<\/tr>\n<tr>\n<td>L-Arginine<\/td>\n<td>5g<\/td>\n<\/tr>\n<\/tbody>\n<\/table>\n<\/details>\n<p>&nbsp;<\/p>","protected":false},"featured_media":11848,"template":"","meta":[],"product_cat":[151,310],"product_tag":[161,315],"class_list":{"0":"post-16","1":"product","2":"type-product","3":"status-publish","4":"has-post-thumbnail","6":"product_cat-amino-acids-creatine","7":"product_cat-performance-and-endurance","8":"product_tag-amino-acids-creatine","9":"product_tag-performance-and-endurance","11":"first","12":"instock","13":"sale","14":"taxable","15":"shipping-taxable","16":"purchasable","17":"product-type-simple"},"aioseo_notices":[],"_links":{"self":[{"href":"https:\/\/www.selfprotein.com\/fi\/wp-json\/wp\/v2\/product\/16"}],"collection":[{"href":"https:\/\/www.selfprotein.com\/fi\/wp-json\/wp\/v2\/product"}],"about":[{"href":"https:\/\/www.selfprotein.com\/fi\/wp-json\/wp\/v2\/types\/product"}],"wp:featuredmedia":[{"embeddable":true,"href":"https:\/\/www.selfprotein.com\/fi\/wp-json\/wp\/v2\/media\/11848"}],"wp:attachment":[{"href":"https:\/\/www.selfprotein.com\/fi\/wp-json\/wp\/v2\/media?parent=16"}],"wp:term":[{"taxonomy":"product_cat","embeddable":true,"href":"https:\/\/www.selfprotein.com\/fi\/wp-json\/wp\/v2\/product_cat?post=16"},{"taxonomy":"product_tag","embeddable":true,"href":"https:\/\/www.selfprotein.com\/fi\/wp-json\/wp\/v2\/product_tag?post=16"}],"curies":[{"name":"wp","href":"https:\/\/api.w.org\/{rel}","templated":true}]}}