{"id":243,"date":"2023-11-27T12:58:01","date_gmt":"2023-11-27T11:58:01","guid":{"rendered":"https:\/\/34.88.231.180\/product\/acetyl-l-carnitine-1000\/"},"modified":"2026-05-01T00:23:38","modified_gmt":"2026-04-30T22:23:38","slug":"acetyl-l-carnitine-1000","status":"publish","type":"product","link":"https:\/\/www.selfprotein.com\/fi\/tuote\/acetyl-l-carnitine-1000\/","title":{"rendered":"Acetyl L-Carnitine 1000"},"content":{"rendered":"<p style=\"text-align: left;\" align=\"center\"><strong><span lang=\"en-US\">Acetyl L-Carnitine 1000<\/span><\/strong><\/p>\n<p><span lang=\"en-US\">Tutustu asetyyli-L-karnitiinin (ALCAR) mahdollisuuksiin, sill\u00e4 se on aminohappojohdannainen, jolla on ratkaiseva rooli ihmisen elimist\u00f6n rasva-aineenvaihdunnassa ja energiantuotannossa. ALCAR:ia esiintyy luonnossa ja sit\u00e4 saadaan elintarvikkeista, kuten punaisesta lihasta, kalasta ja maitotuotteista, mutta sit\u00e4 on saatavilla my\u00f6s ravintolisien muodossa, ja sit\u00e4 k\u00e4ytet\u00e4\u00e4n laajalti erilaisiin tarkoituksiin, kuten kognitiivisten toimintojen parantamiseen, painonpudotuksen tukemiseen ja terveen ik\u00e4\u00e4ntymisen edist\u00e4miseen.<\/span><\/p>\n<p><span lang=\"en-US\">Asetyyli-L-karnitiinin (ALCAR) edut:<\/span><\/p>\n<ul>\n<li><strong><span lang=\"en-US\">Kognitiivisten toimintojen paraneminen:<\/span><\/strong><span lang=\"en-US\"> ALCAR voi parantaa muistia, keskittymiskyky\u00e4 ja yleist\u00e4 kognitiivista suorituskyky\u00e4, mik\u00e4 voi edist\u00e4\u00e4 aivojen terveytt\u00e4.<\/span><\/li>\n<li><strong><span lang=\"en-US\">Lis\u00e4\u00e4ntynyt energia:<\/span><\/strong><span lang=\"en-US\"> Stimuloimalla ATP:n, elimist\u00f6n ensisijaisen energiavaluutan, tuotantoa ALCAR voi lis\u00e4t\u00e4 energiatasoja ja tukea vaativien fyysisten ja henkisten aktiviteettien suorittamista.<\/span><\/li>\n<li><strong><span lang=\"en-US\">Mielialan parantaminen<\/span><\/strong><span lang=\"en-US\"><strong>:<\/strong> ALCAR voi vaikuttaa my\u00f6nteisesti mielialaan v\u00e4hent\u00e4m\u00e4ll\u00e4 masennuksen ja ahdistuksen oireita ja edist\u00e4m\u00e4ll\u00e4 henkist\u00e4 hyvinvointia.<\/span><\/li>\n<li><strong><span lang=\"en-US\">Anti-aging-vaikutukset:<\/span><\/strong><span lang=\"en-US\"> Kykyns\u00e4 v\u00e4hent\u00e4\u00e4 hapetusstressi\u00e4 ja tulehdusta ansiosta ALCAR voi osaltaan tukea tervett\u00e4 ik\u00e4\u00e4ntymist\u00e4 ja tarjota suojaa ik\u00e4\u00e4ntymiseen liittyvi\u00e4 kroonisia sairauksia vastaan.<\/span><\/li>\n<\/ul>\n<p>&nbsp;<\/p>\n<p><span lang=\"en-US\">Kun otat asetyyli-L-karnitiinin (ALCAR) osaksi p\u00e4ivitt\u00e4ist\u00e4 rutiinia, voit kokea monia etuja, jotka edist\u00e4v\u00e4t fyysisen hyvinvoinnin lis\u00e4ksi my\u00f6s henkist\u00e4 ja kognitiivista terveytt\u00e4si, jolloin voit k\u00e4sitell\u00e4 el\u00e4m\u00e4\u00e4si elinvoimaisena ja henkisesti selke\u00e4n\u00e4.<\/span><\/p>\n<p><strong><span lang=\"en-US\">Suositeltu k\u00e4ytt\u00f6<\/span><\/strong><\/p>\n<p><span lang=\"en-US\">1 tabletti p\u00e4iv\u00e4n aikana tai 30-45 minuuttia ennen harjoitusta.<\/span><\/p>\n<p><strong>Ilmoitus:<\/strong><\/p>\n<ul>\n<li>Vain aikuisille, eik\u00e4 se korvaa monipuolista, tasapainoista ruokavaliota ja terveellisi\u00e4 el\u00e4m\u00e4ntapoja.<\/li>\n<li>\u00c4l\u00e4 ylit\u00e4 suositeltua annosta.<\/li>\n<li>\u00c4l\u00e4 k\u00e4yt\u00e4 sit\u00e4 imetyksen tai raskauden aikana neuvottelematta l\u00e4\u00e4k\u00e4rin kanssa.<\/li>\n<li>S\u00e4ilyt\u00e4 tuote viile\u00e4ss\u00e4, kuivassa paikassa hyvin suljetussa pakkauksessa alle 3-vuotiaiden lasten ulottumattomissa.<\/li>\n<li>Saattaa sis\u00e4lt\u00e4\u00e4 pieni\u00e4 m\u00e4\u00e4ri\u00e4 maitoa, kauraa, kananmunaa ja soijaa.<\/li>\n<li>Laktoositon ja Gluteeniton.<\/li>\n<\/ul>","protected":false},"excerpt":{"rendered":"<details>\n<summary>Ainesosat<\/summary>\n<table style=\"text-align: center;\">\n<tbody>\n<tr>\n<th>Ainesosat<\/th>\n<th>per 1 v\u00e4lilehti<\/th>\n<\/tr>\n<tr>\n<td>Asetyyli-L-karnitiini<\/td>\n<td>1000mg<\/td>\n<\/tr>\n<tr>\n<td colspan=\"2\"><strong>Muut ainesosat: <\/strong>stabilointiaineet E460, E470b ja E551<\/td>\n<\/tr>\n<\/tbody>\n<\/table>\n<\/details>\n<p>&nbsp;<\/p>","protected":false},"featured_media":246,"template":"","meta":[],"product_cat":[155,309],"product_tag":[163,319],"class_list":{"0":"post-243","1":"product","2":"type-product","3":"status-publish","4":"has-post-thumbnail","6":"product_cat-weight-control-metabolism","7":"product_cat-weight-management-and-definition","8":"product_tag-weight-control-metabolism","9":"product_tag-weight-management-and-definition","11":"first","12":"instock","13":"taxable","14":"shipping-taxable","15":"purchasable","16":"product-type-simple"},"aioseo_notices":[],"_links":{"self":[{"href":"https:\/\/www.selfprotein.com\/fi\/wp-json\/wp\/v2\/product\/243"}],"collection":[{"href":"https:\/\/www.selfprotein.com\/fi\/wp-json\/wp\/v2\/product"}],"about":[{"href":"https:\/\/www.selfprotein.com\/fi\/wp-json\/wp\/v2\/types\/product"}],"wp:featuredmedia":[{"embeddable":true,"href":"https:\/\/www.selfprotein.com\/fi\/wp-json\/wp\/v2\/media\/246"}],"wp:attachment":[{"href":"https:\/\/www.selfprotein.com\/fi\/wp-json\/wp\/v2\/media?parent=243"}],"wp:term":[{"taxonomy":"product_cat","embeddable":true,"href":"https:\/\/www.selfprotein.com\/fi\/wp-json\/wp\/v2\/product_cat?post=243"},{"taxonomy":"product_tag","embeddable":true,"href":"https:\/\/www.selfprotein.com\/fi\/wp-json\/wp\/v2\/product_tag?post=243"}],"curies":[{"name":"wp","href":"https:\/\/api.w.org\/{rel}","templated":true}]}}