{"id":251,"date":"2023-11-27T12:58:05","date_gmt":"2023-11-27T11:58:05","guid":{"rendered":"https:\/\/34.88.231.180\/product\/ala-alpha-lipoic-acid\/"},"modified":"2026-04-01T00:00:07","modified_gmt":"2026-03-31T22:00:07","slug":"ala-alpha-lipoic-acid","status":"publish","type":"product","link":"https:\/\/www.selfprotein.com\/fi\/tuote\/ala-alpha-lipoic-acid\/","title":{"rendered":"ALA Alpha Lipoic Acid"},"content":{"rendered":"<p style=\"text-align: left\" align=\"center\"><strong><span lang=\"en-US\">ALA Alpha Lipoic Acid<\/span><\/strong><\/p>\n<p><span lang=\"en-US\">Tutustu pinaatin, parsakaalin ja maksan kaltaisissa elintarvikkeissa esiintyv\u00e4n antioksidantin, alfalipoiinihapon (ALA), mahdollisiin hy\u00f6tyihin, jotka voivat tarjota arvokasta tukea urheilijoiden urheilusuorituksille. Tulehdusta ehk\u00e4isevien ominaisuuksiensa ja insuliiniherkkyytt\u00e4 parantavan kykyns\u00e4 ansiosta ALA:sta on tullut suosittu lis\u00e4ravinne niiden urheilijoiden keskuudessa, jotka etsiv\u00e4t lis\u00e4etuja harjoitteluunsa ja palautumiseensa.<\/span><\/p>\n<p><span lang=\"en-US\">Alfa-lipoiinihapon (ALA) edut:<\/span><\/p>\n<ul>\n<li><strong><span lang=\"en-US\">Tulehduksen v\u00e4hent\u00e4minen:<\/span><\/strong><span lang=\"en-US\"> ALA voi auttaa v\u00e4hent\u00e4m\u00e4\u00e4n harjoituksen aiheuttamaa tulehdusta ja lihaskipua, jolloin urheilijat voivat toipua nopeammin ja harjoitella seuraavia harjoituksia mukavammin.<\/span><\/li>\n<li><strong><span lang=\"en-US\">Insuliiniherkkyyden parantaminen: <\/span><\/strong><span lang=\"en-US\">ALA voi auttaa parantamaan insuliiniherkkyytt\u00e4, mik\u00e4 mahdollistaa verensokerin vakaan s\u00e4\u00e4telyn liikunnan aikana, mik\u00e4 on ratkaisevan t\u00e4rke\u00e4\u00e4 tasaisen energian ja suorituskyvyn yll\u00e4pit\u00e4miseksi.<\/span><\/li>\n<li><strong><span lang=\"en-US\">Elpymisen tehostaminen:<\/span><\/strong><span lang=\"en-US\"> Kun urheilijat sis\u00e4llytt\u00e4v\u00e4t ALA:ta ruokavalioonsa, he voivat kokea, ett\u00e4 treenin j\u00e4lkeinen palautuminen paranee, koska ALA v\u00e4hent\u00e4\u00e4 hapetusstressi\u00e4 ja edist\u00e4\u00e4 lihasten korjaantumista.<\/span><\/li>\n<li><strong><span lang=\"en-US\">Aivojen terveyden tukeminen:<\/span><\/strong><span lang=\"en-US\"> ALA:n neuroprotektiiviset ominaisuudet voivat auttaa urheilijoita yll\u00e4pit\u00e4m\u00e4\u00e4n kognitiivisia toimintoja ja keskittymiskyky\u00e4 harjoittelun ja kilpailujen aikana, jolloin he voivat pysy\u00e4 keskittynein\u00e4 ja suorituskykyisin\u00e4 kaikissa tilanteissa.<\/span><\/li>\n<\/ul>\n<p><\/p>\n<p><span lang=\"en-US\">Kun alfalipoiinihappo (ALA) on osa heid\u00e4n ravitsemusrutiiniaan, urheilijat voivat saada lis\u00e4tukea yleiseen hyvinvointiinsa ja urheilusuoritukseensa, mink\u00e4 ansiosta he voivat saavuttaa urheilulliset tavoitteensa itseluottamuksen ja joustavuuden lis\u00e4\u00e4ntyess\u00e4.<\/span><\/p>\n<p><strong><span lang=\"en-US\">Suositeltu k\u00e4ytt\u00f6<\/span><\/strong><\/p>\n<p><span lang=\"en-US\">2 kapselia p\u00e4iv\u00e4n aikana.<\/span><\/p>\n<p><strong>Ilmoitus:<\/strong><\/p>\n<ul>\n<li>Vain aikuisille, eik\u00e4 se korvaa monipuolista, tasapainoista ruokavaliota ja terveellisi\u00e4 el\u00e4m\u00e4ntapoja.<\/li>\n<li>\u00c4l\u00e4 ylit\u00e4 suositeltua annosta.<\/li>\n<li>\u00c4l\u00e4 k\u00e4yt\u00e4 sit\u00e4 imetyksen tai raskauden aikana neuvottelematta l\u00e4\u00e4k\u00e4rin kanssa.<\/li>\n<li>S\u00e4ilyt\u00e4 tuote viile\u00e4ss\u00e4, kuivassa paikassa hyvin suljetussa pakkauksessa alle 3-vuotiaiden lasten ulottumattomissa.<\/li>\n<li>Saattaa sis\u00e4lt\u00e4\u00e4 pieni\u00e4 m\u00e4\u00e4ri\u00e4 maitoa, kauraa, kananmunaa ja soijaa.<\/li>\n<li>Laktoositon ja Gluteeniton.<\/li>\n<\/ul>","protected":false},"excerpt":{"rendered":"<details>\n<summary>Ainesosat<\/summary>\n<table style=\"text-align: center\">\n<tbody>\n<tr>\n<th>Ainesosat<\/th>\n<th>per 2 cps<\/th>\n<\/tr>\n<tr>\n<td>Alfa-lipoiinihappo<\/td>\n<td>400mg<\/td>\n<\/tr>\n<tr>\n<td>Biotiini<\/td>\n<td>225\u03bcg (450%*)<\/td>\n<\/tr>\n<tr>\n<td>Kromi<\/td>\n<td>200\u03bcg (450%*)<\/td>\n<\/tr>\n<tr>\n<td colspan=\"2\"><strong>Muut ainesosat:<\/strong>stabilointiaineet E460, E470b, vegaaninen kapseli (E1204).<\/td>\n<\/tr>\n<tr>\n<td colspan=\"2\">*(NRV) Ravitsemuksellinen viitearvo<\/td>\n<\/tr>\n<\/tbody>\n<\/table>\n<\/details>\n<p>&nbsp;<\/p>","protected":false},"featured_media":12756,"template":"","meta":[],"product_cat":[155,309],"product_tag":[163,319],"class_list":{"0":"post-251","1":"product","2":"type-product","3":"status-publish","4":"has-post-thumbnail","6":"product_cat-weight-control-metabolism","7":"product_cat-weight-management-and-definition","8":"product_tag-weight-control-metabolism","9":"product_tag-weight-management-and-definition","11":"first","12":"instock","13":"sale","14":"taxable","15":"shipping-taxable","16":"purchasable","17":"product-type-simple"},"aioseo_notices":[],"_links":{"self":[{"href":"https:\/\/www.selfprotein.com\/fi\/wp-json\/wp\/v2\/product\/251"}],"collection":[{"href":"https:\/\/www.selfprotein.com\/fi\/wp-json\/wp\/v2\/product"}],"about":[{"href":"https:\/\/www.selfprotein.com\/fi\/wp-json\/wp\/v2\/types\/product"}],"wp:featuredmedia":[{"embeddable":true,"href":"https:\/\/www.selfprotein.com\/fi\/wp-json\/wp\/v2\/media\/12756"}],"wp:attachment":[{"href":"https:\/\/www.selfprotein.com\/fi\/wp-json\/wp\/v2\/media?parent=251"}],"wp:term":[{"taxonomy":"product_cat","embeddable":true,"href":"https:\/\/www.selfprotein.com\/fi\/wp-json\/wp\/v2\/product_cat?post=251"},{"taxonomy":"product_tag","embeddable":true,"href":"https:\/\/www.selfprotein.com\/fi\/wp-json\/wp\/v2\/product_tag?post=251"}],"curies":[{"name":"wp","href":"https:\/\/api.w.org\/{rel}","templated":true}]}}