{"id":259,"date":"2023-11-27T12:58:09","date_gmt":"2023-11-27T11:58:09","guid":{"rendered":"https:\/\/34.88.231.180\/product\/alc-acetyl-l-carnitine\/"},"modified":"2026-05-01T00:23:39","modified_gmt":"2026-04-30T22:23:39","slug":"alc-acetyl-l-carnitine","status":"publish","type":"product","link":"https:\/\/www.selfprotein.com\/fi\/tuote\/alc-acetyl-l-carnitine\/","title":{"rendered":"ALC Acetyl L-Carnitine"},"content":{"rendered":"<p style=\"text-align: left;\" align=\"center\"><strong><span lang=\"en-US\">ALC Acetyl L-Carnitine<\/span><\/strong><\/p>\n<p><span lang=\"en-US\">Tutustu ALC-asetyyli-L-karnitiinin (ALCAR) mahdollisuuksiin elimist\u00f6mme rasva-aineenvaihduntaan ja energiantuotantoon osallistuvana v\u00e4ltt\u00e4m\u00e4tt\u00f6m\u00e4n\u00e4 yhdisteen\u00e4. ALCAR on luonnostaan l\u00e4sn\u00e4 ja sit\u00e4 on saatavilla my\u00f6s elintarvikkeista, kuten punaisesta lihasta, kalasta ja maitotuotteista, ja se tunnetaan laajalti sen ratkaisevasta roolista terveyden ja hyvinvoinnin tukemisessa. ALCAR-lis\u00e4ravinteita k\u00e4ytet\u00e4\u00e4n yleisesti eri tarkoituksiin, kuten kognitiivisten toimintojen parantamiseen, laihtumisen edist\u00e4miseen ja terveen ik\u00e4\u00e4ntymisen tukemiseen.<\/span><\/p>\n<p><span lang=\"en-US\">ALC-asetyyli-L-karnitiinin (ALCAR) edut:<\/span><\/p>\n<ul>\n<li><strong><span lang=\"en-US\">Kognitiivisten toimintojen paraneminen:<\/span><\/strong><span lang=\"en-US\"> Ominaisuuksiensa ansiosta ALCAR voi edist\u00e4\u00e4 aivojen toimintaa parantamalla muistia, keskittymist\u00e4 ja yleist\u00e4 kognitiivista suorituskyky\u00e4.<\/span><\/li>\n<li><strong><span lang=\"en-US\">Lis\u00e4\u00e4ntynyt energia:<\/span><\/strong><span lang=\"en-US\"> ALCAR pystyy lis\u00e4\u00e4m\u00e4\u00e4n energiatasoja tehostamalla ATP:n tuotantoa, joka on ihmiskehon ensisijainen energianl\u00e4hde.<\/span><\/li>\n<li><strong><span lang=\"en-US\">Mielialan parantaminen<\/span><\/strong><span lang=\"en-US\"><strong>:<\/strong> ALCARin sis\u00e4llytt\u00e4minen ruokavalioon voi parantaa mielialaa v\u00e4hent\u00e4m\u00e4ll\u00e4 masennus- ja ahdistusoireita ja edist\u00e4m\u00e4ll\u00e4 henkist\u00e4 hyvinvointia.<\/span><\/li>\n<li><strong><span lang=\"en-US\">Anti-aging-vaikutukset<\/span><\/strong><span lang=\"en-US\"><strong>:<\/strong> ALCAR voi osaltaan tukea tervett\u00e4 ik\u00e4\u00e4ntymist\u00e4 v\u00e4hent\u00e4m\u00e4ll\u00e4 hapetusstressi\u00e4 ja tulehdusta, jotka liittyv\u00e4t moniin ik\u00e4\u00e4ntymiseen liittyviin kroonisiin sairauksiin.<\/span><\/li>\n<\/ul>\n<p>&nbsp;<\/p>\n<p><strong><span lang=\"en-US\">Suositeltu k\u00e4ytt\u00f6<\/span><\/strong><\/p>\n<p><span lang=\"en-US\">2 kapselia p\u00e4iv\u00e4n aikana tai 30-45 minuuttia ennen harjoitusta.<\/span><\/p>\n<p><strong>Ilmoitus:<\/strong><\/p>\n<ul>\n<li>Vain aikuisille, eik\u00e4 se korvaa monipuolista, tasapainoista ruokavaliota ja terveellisi\u00e4 el\u00e4m\u00e4ntapoja.<\/li>\n<li>\u00c4l\u00e4 ylit\u00e4 suositeltua annosta.<\/li>\n<li>\u00c4l\u00e4 k\u00e4yt\u00e4 sit\u00e4 imetyksen tai raskauden aikana neuvottelematta l\u00e4\u00e4k\u00e4rin kanssa.<\/li>\n<li>S\u00e4ilyt\u00e4 tuote viile\u00e4ss\u00e4, kuivassa paikassa hyvin suljetussa pakkauksessa alle 3-vuotiaiden lasten ulottumattomissa.<\/li>\n<li>Saattaa sis\u00e4lt\u00e4\u00e4 pieni\u00e4 m\u00e4\u00e4ri\u00e4 maitoa, kauraa, kananmunaa ja soijaa.<\/li>\n<li>Laktoositon ja Gluteeniton.<\/li>\n<\/ul>","protected":false},"excerpt":{"rendered":"<details>\n<summary>Ainesosat<\/summary>\n<table style=\"text-align: center;\">\n<tbody>\n<tr>\n<th>Ainesosat<\/th>\n<th>2 cps<\/th>\n<\/tr>\n<tr>\n<td>Asetyyli-L-karnitiini<\/td>\n<td>1000mg<\/td>\n<\/tr>\n<tr>\n<td colspan=\"2\"><strong>Muut ainesosat: <\/strong>stabilointiaineet E460, E470b, vegaaninen kapseli (E1024).<\/td>\n<\/tr>\n<\/tbody>\n<\/table>\n<\/details>\n<p>&nbsp;<\/p>","protected":false},"featured_media":262,"template":"","meta":[],"product_cat":[155,309],"product_tag":[163,319],"class_list":{"0":"post-259","1":"product","2":"type-product","3":"status-publish","4":"has-post-thumbnail","6":"product_cat-weight-control-metabolism","7":"product_cat-weight-management-and-definition","8":"product_tag-weight-control-metabolism","9":"product_tag-weight-management-and-definition","11":"first","12":"instock","13":"taxable","14":"shipping-taxable","15":"purchasable","16":"product-type-simple"},"aioseo_notices":[],"_links":{"self":[{"href":"https:\/\/www.selfprotein.com\/fi\/wp-json\/wp\/v2\/product\/259"}],"collection":[{"href":"https:\/\/www.selfprotein.com\/fi\/wp-json\/wp\/v2\/product"}],"about":[{"href":"https:\/\/www.selfprotein.com\/fi\/wp-json\/wp\/v2\/types\/product"}],"wp:featuredmedia":[{"embeddable":true,"href":"https:\/\/www.selfprotein.com\/fi\/wp-json\/wp\/v2\/media\/262"}],"wp:attachment":[{"href":"https:\/\/www.selfprotein.com\/fi\/wp-json\/wp\/v2\/media?parent=259"}],"wp:term":[{"taxonomy":"product_cat","embeddable":true,"href":"https:\/\/www.selfprotein.com\/fi\/wp-json\/wp\/v2\/product_cat?post=259"},{"taxonomy":"product_tag","embeddable":true,"href":"https:\/\/www.selfprotein.com\/fi\/wp-json\/wp\/v2\/product_tag?post=259"}],"curies":[{"name":"wp","href":"https:\/\/api.w.org\/{rel}","templated":true}]}}