{"id":3089,"date":"2024-10-26T11:18:43","date_gmt":"2024-10-26T09:18:43","guid":{"rendered":"https:\/\/34.88.231.180\/?post_type=product&#038;p=3089"},"modified":"2026-04-01T00:00:36","modified_gmt":"2026-03-31T22:00:36","slug":"sweet-protein","status":"publish","type":"product","link":"https:\/\/www.selfprotein.com\/fi\/tuote\/sweet-protein\/","title":{"rendered":"Sweet Protein"},"content":{"rendered":"<p>Sweet Protein on maukas v\u00e4lipala, joka sopii t\u00e4ydellisesti tyydytt\u00e4m\u00e4\u00e4n makean halun ilman, ett\u00e4 joudut luopumaan ravinnosta. Valikoitujen ainesosien yhdistelm\u00e4ll\u00e4 t\u00e4m\u00e4 keksi tarjoaa k\u00e4tev\u00e4n ja t\u00e4ydellisen ratkaisun niille, jotka etsiv\u00e4t ravitsevaa ja maukasta vaihtoehtoa t\u00e4ydent\u00e4\u00e4 ruokavaliota v\u00e4ltt\u00e4m\u00e4tt\u00f6mill\u00e4 proteiineilla ja kuiduilla.<\/p>\n<p><strong>T\u00e4ss\u00e4 ovat t\u00e4m\u00e4n tuotteen t\u00e4rkeimm\u00e4t edut:<\/strong><\/p>\n<ul>\n<li><strong>Korkealaatuiset proteiinit:<\/strong> Vehn\u00e4- ja soijaproteiinien ansiosta t\u00e4m\u00e4 keksi tarjoaa t\u00e4rke\u00e4\u00e4 proteiinia, joka on v\u00e4ltt\u00e4m\u00e4t\u00f6nt\u00e4 lihasten terveydelle ja kyll\u00e4isyyden tunteelle.<\/li>\n<li><strong>V\u00e4hennetty sokeripitoisuus:<\/strong> Makeutusaineiden, kuten maltitolin ja erytritolin, k\u00e4yt\u00f6n ansiosta keksin sokeripitoisuutta voidaan v\u00e4hent\u00e4\u00e4, joten se sopii niille, jotka haluavat rajoittaa sokerin saantia ruokavaliossaan.<\/li>\n<li><strong>Kuitujen l\u00e4hde:<\/strong> L\u00e4sn\u00e4olo inuliinin ja pellavansiemenjauho tarjoaa kuitua, joka ne auttavat ruoansulatusta ja auttaa pit\u00e4m\u00e4\u00e4n verensokerin tasot vakaana veress\u00e4.<\/li>\n<li><strong>Sopiva vaihtoehto eri ruokavalioille:<\/strong> Koska t\u00e4m\u00e4 keksi ei sis\u00e4ll\u00e4 lis\u00e4tty\u00e4 sokeria ja sis\u00e4lt\u00e4\u00e4 runsaasti proteiineja, se sopii erilaisiin ruokavalioihin, my\u00f6s proteiini- tai kontrolloitua ruokavaliota noudattaville.<\/li>\n<\/ul>\n<p><\/p>\n<p><strong>Ilmoitus:<\/strong><\/p>\n<ul>\n<li>Allergeenit: kananmunat, gluteeni, maap\u00e4hkin\u00e4t, hasselp\u00e4hkin\u00e4t, soija ja sen johdannaiset, maito, maap\u00e4hkin\u00e4t, seesaminsiemenet.<\/li>\n<li>Tuotettu laitoksessa, jossa k\u00e4ytet\u00e4\u00e4n p\u00e4hkin\u00f6it\u00e4, seesaminsiemeni\u00e4 ja maap\u00e4hkin\u00f6it\u00e4.<\/li>\n<li>Sis\u00e4lt\u00e4\u00e4 polyoleja.<\/li>\n<li>Liiallinen k\u00e4ytt\u00f6 voi aiheuttaa laksatiivisia vaikutuksia.<\/li>\n<\/ul>","protected":false},"excerpt":{"rendered":"<p>Sweet Protein on maukas v\u00e4lipala, joka sopii t\u00e4ydellisesti tyydytt\u00e4m\u00e4\u00e4n makean halun ilman, ett\u00e4 joudut luopumaan ravinnosta. Valikoitujen ainesosien yhdistelm\u00e4ll\u00e4 t\u00e4m\u00e4 keksi tarjoaa k\u00e4tev\u00e4n ja t\u00e4ydellisen ratkaisun niille, jotka etsiv\u00e4t ravitsevaa ja maukasta vaihtoehtoa t\u00e4ydent\u00e4\u00e4 ruokavaliota v\u00e4ltt\u00e4m\u00e4tt\u00f6mill\u00e4 proteiineilla ja kuiduilla. T\u00e4ss\u00e4 ovat t\u00e4rkeimm\u00e4t edut [...]<\/p>","protected":false},"featured_media":8128,"template":"","meta":[],"product_cat":[313,210],"product_tag":[316,223],"class_list":{"0":"post-3089","1":"product","2":"type-product","3":"status-publish","4":"has-post-thumbnail","6":"product_cat-protein-snacks-and-fit-food","7":"product_cat-snacks-meal-solutions","8":"product_tag-protein-snacks-fit-food","9":"product_tag-snacks-meal-solutions","11":"first","12":"instock","13":"sale","14":"taxable","15":"shipping-taxable","16":"purchasable","17":"product-type-variable"},"aioseo_notices":[],"_links":{"self":[{"href":"https:\/\/www.selfprotein.com\/fi\/wp-json\/wp\/v2\/product\/3089"}],"collection":[{"href":"https:\/\/www.selfprotein.com\/fi\/wp-json\/wp\/v2\/product"}],"about":[{"href":"https:\/\/www.selfprotein.com\/fi\/wp-json\/wp\/v2\/types\/product"}],"wp:featuredmedia":[{"embeddable":true,"href":"https:\/\/www.selfprotein.com\/fi\/wp-json\/wp\/v2\/media\/8128"}],"wp:attachment":[{"href":"https:\/\/www.selfprotein.com\/fi\/wp-json\/wp\/v2\/media?parent=3089"}],"wp:term":[{"taxonomy":"product_cat","embeddable":true,"href":"https:\/\/www.selfprotein.com\/fi\/wp-json\/wp\/v2\/product_cat?post=3089"},{"taxonomy":"product_tag","embeddable":true,"href":"https:\/\/www.selfprotein.com\/fi\/wp-json\/wp\/v2\/product_tag?post=3089"}],"curies":[{"name":"wp","href":"https:\/\/api.w.org\/{rel}","templated":true}]}}