{"id":3097,"date":"2024-10-26T11:18:43","date_gmt":"2024-10-26T09:18:43","guid":{"rendered":"https:\/\/34.88.231.180\/?post_type=product&#038;p=3097"},"modified":"2026-04-01T00:00:35","modified_gmt":"2026-03-31T22:00:35","slug":"hydro-energy-gel","status":"publish","type":"product","link":"https:\/\/www.selfprotein.com\/fi\/tuote\/hydro-energy-gel\/","title":{"rendered":"Hydro Energy Gel"},"content":{"rendered":"<p style=\"text-align: left;\" align=\"center\"><strong><span lang=\"en-US\">Hydro Energy Gel<\/span><\/strong><\/p>\n<p><span lang=\"en-US\">Olemme suunnitelleet t\u00e4m\u00e4n tuotteen tarjoamaan tehokkaan ratkaisun korkean energiatason yll\u00e4pit\u00e4miseen liikunnan aikana, sill\u00e4 se tarjoaa nopeasti vaikuttavia hiilihydraatteja ja elektrolyyttej\u00e4. Geelimme on tarkoitettu nautittavaksi kest\u00e4vyysharrastusten, kuten juoksun, py\u00f6r\u00e4ilyn tai triathlonin, aikana, mik\u00e4 auttaa urheilijoita yll\u00e4pit\u00e4m\u00e4\u00e4n optimaalista suorituskyky\u00e4 ja saavuttamaan tavoitteensa.<\/span><\/p>\n<p><span lang=\"en-US\">Hydro Energy Gelin edut:<\/span><\/p>\n<ul>\n<li><strong><span lang=\"en-US\">V\u00e4lit\u00f6n energian t\u00e4ydennys:<\/span><\/strong><span lang=\"en-US\"> Geelimme sis\u00e4lt\u00e4v\u00e4t nopeasti vaikuttavia hiilihydraatteja, jotka imeytyv\u00e4t nopeasti elimist\u00f6\u00f6n ja takaavat nopean energiatason nousun intensiivisen liikunnan aikana.<\/span><\/li>\n<li><strong><span lang=\"en-US\">Elektrolyyttitasapaino:<\/span><\/strong><span lang=\"en-US\"> Hiilihydraattien lis\u00e4ksi geelit sis\u00e4lt\u00e4v\u00e4t my\u00f6s t\u00e4rkeit\u00e4 elektrolyyttej\u00e4, kuten natriumia, kaliumia ja magnesiumia, jotka auttavat yll\u00e4pit\u00e4m\u00e4\u00e4n elimist\u00f6n neste- ja elektrolyyttitasapainoa ja v\u00e4hent\u00e4v\u00e4t nestehukan ja lihaskramppeiden riski\u00e4.<\/span><\/li>\n<li><strong><span lang=\"en-US\">Helppok\u00e4ytt\u00f6isyys:<\/span><\/strong><span lang=\"en-US\"> Geeliemme k\u00e4tev\u00e4n pakkauksen ansiosta niit\u00e4 on helppo kuljettaa mukana ja kuluttaa harjoittelun tai kilpailun aikana ilman, ett\u00e4 toimintaa tarvitsee keskeytt\u00e4\u00e4.<\/span><\/li>\n<li><strong><span lang=\"en-US\">Nopea imeytyminen: <\/span><\/strong><span lang=\"en-US\">Geelin koostumus on suunniteltu varmistamaan nopea ja tehokas imeytyminen, jotta urheilija voi v\u00e4litt\u00f6m\u00e4sti hy\u00f6ty\u00e4 energisoivista ja kosteuttavista vaikutuksista.<\/span><\/li>\n<li><strong><span lang=\"en-US\">Sopeutumiskyky erilaisiin toimintoihin:<\/span><\/strong><span lang=\"en-US\"> Geelimme ovat ihanteellisia monenlaisiin urheilulajeihin ja kest\u00e4vyysharrastuksiin, ja ne tarjoavat luotettavaa ja johdonmukaista tukea kaikentasoisille urheilijoille.<\/span><\/li>\n<\/ul>\n<p>&nbsp;<\/p>\n<p><strong><span lang=\"en-US\">Suositeltu k\u00e4ytt\u00f6<\/span><\/strong><\/p>\n<p><span lang=\"en-US\">1-2 tuntia ennen harjoitusta tai sen aikana.<\/span><\/p>\n<p><strong>Ilmoitus:<\/strong><\/p>\n<ul>\n<li>Vain aikuisille, eik\u00e4 se korvaa monipuolista, tasapainoista ruokavaliota ja terveellisi\u00e4 el\u00e4m\u00e4ntapoja.<\/li>\n<li>\u00c4l\u00e4 ylit\u00e4 suositeltua annosta.<\/li>\n<li>\u00c4l\u00e4 k\u00e4yt\u00e4 sit\u00e4 imetyksen tai raskauden aikana neuvottelematta l\u00e4\u00e4k\u00e4rin kanssa.<\/li>\n<li>S\u00e4ilyt\u00e4 tuote viile\u00e4ss\u00e4, kuivassa paikassa hyvin suljetussa pakkauksessa.<\/li>\n<li>Laktoositon ja Gluteeniton.<\/li>\n<\/ul>","protected":false},"excerpt":{"rendered":"<details>\n<summary>Ravitsemukselliset tiedot<\/summary>\n<table style=\"text-align: center;\">\n<tbody>\n<tr>\n<th>Ravitsemukselliset tiedot<\/th>\n<th>100ML<\/th>\n<th>30ML<\/th>\n<\/tr>\n<tr>\n<td>Energia<\/td>\n<td>1037kj<br \/>\n244 kcal<\/td>\n<td>311kj<br \/>\n73 kcal<\/td>\n<\/tr>\n<tr>\n<td>Rasvat<\/td>\n<td>0g<\/td>\n<td>0,00g<\/td>\n<\/tr>\n<tr>\n<td>joista kypsytettyj\u00e4<\/td>\n<td>0g<\/td>\n<td>0,00g<\/td>\n<\/tr>\n<tr>\n<td>Hiilihydraatit<\/td>\n<td>61,6g<\/td>\n<td>18,3<\/td>\n<\/tr>\n<tr>\n<td>joista sokerit<\/td>\n<td>44,2g<\/td>\n<td>13,3g<\/td>\n<\/tr>\n<tr>\n<td>Protein<\/td>\n<td>0g<\/td>\n<td>0g<\/td>\n<\/tr>\n<tr>\n<td>Suola<\/td>\n<td>0,09g<\/td>\n<td>0,03g<\/td>\n<\/tr>\n<tr>\n<td>Ravintokuidut<\/td>\n<td>0g<\/td>\n<td>0g<\/td>\n<\/tr>\n<tr>\n<td>Magnesium<\/td>\n<td>333mg<\/td>\n<td>110mg<\/td>\n<\/tr>\n<tr>\n<td>Kalium<\/td>\n<td>500mg<\/td>\n<td>150mg<\/td>\n<\/tr>\n<tr>\n<td>D-Riboosi<\/td>\n<td>910mg<\/td>\n<td>273mg<\/td>\n<\/tr>\n<tr>\n<td colspan=\"3\"><strong>Muut ainesosat: <\/strong>vesi, maltodekstriini DE19, dekstroosi, isomaltuloosi, fruktoosi, magnesiumsitraatti, kaliumglukonaatti, riboosi, s\u00e4il\u00f6nt\u00e4aine: kaliumsorbaatti; aromit, happamuudens\u00e4\u00e4t\u00f6aine: sitruunahappo; sakeuttamisaine: ksantaani.<\/td>\n<\/tr>\n<\/tbody>\n<\/table>\n<\/details>\n<p>&nbsp;<\/p>","protected":false},"featured_media":3098,"template":"","meta":[],"product_cat":[310,217],"product_tag":[315,230],"class_list":{"0":"post-3097","1":"product","2":"type-product","3":"status-publish","4":"has-post-thumbnail","6":"product_cat-performance-and-endurance","7":"product_cat-pre-workout-energy","8":"product_tag-performance-and-endurance","9":"product_tag-pre-workout-energy","11":"first","12":"instock","13":"taxable","14":"shipping-taxable","15":"purchasable","16":"product-type-simple"},"aioseo_notices":[],"_links":{"self":[{"href":"https:\/\/www.selfprotein.com\/fi\/wp-json\/wp\/v2\/product\/3097"}],"collection":[{"href":"https:\/\/www.selfprotein.com\/fi\/wp-json\/wp\/v2\/product"}],"about":[{"href":"https:\/\/www.selfprotein.com\/fi\/wp-json\/wp\/v2\/types\/product"}],"wp:featuredmedia":[{"embeddable":true,"href":"https:\/\/www.selfprotein.com\/fi\/wp-json\/wp\/v2\/media\/3098"}],"wp:attachment":[{"href":"https:\/\/www.selfprotein.com\/fi\/wp-json\/wp\/v2\/media?parent=3097"}],"wp:term":[{"taxonomy":"product_cat","embeddable":true,"href":"https:\/\/www.selfprotein.com\/fi\/wp-json\/wp\/v2\/product_cat?post=3097"},{"taxonomy":"product_tag","embeddable":true,"href":"https:\/\/www.selfprotein.com\/fi\/wp-json\/wp\/v2\/product_tag?post=3097"}],"curies":[{"name":"wp","href":"https:\/\/api.w.org\/{rel}","templated":true}]}}