{"id":3100,"date":"2024-10-26T11:18:44","date_gmt":"2024-10-26T09:18:44","guid":{"rendered":"https:\/\/34.88.231.180\/?post_type=product&#038;p=3100"},"modified":"2026-05-01T00:24:10","modified_gmt":"2026-04-30T22:24:10","slug":"carbo-energy-gel","status":"publish","type":"product","link":"https:\/\/www.selfprotein.com\/fi\/tuote\/carbo-energy-gel\/","title":{"rendered":"Carbo Energy Gel"},"content":{"rendered":"<p style=\"text-align: left;\" align=\"center\"><strong><span lang=\"en-US\">Carbo Energy Gel<\/span><\/strong><\/p>\n<p><span lang=\"en-US\">Carbo Energy Gel on innovatiivinen urheiluravintoratkaisu, joka on suunniteltu tarjoamaan nopea hiilihydraattien ja elektrolyyttien l\u00e4hde liikunnan aikana. N\u00e4m\u00e4 geelit ovat ihanteellisia kest\u00e4vyysurheilijoille, jotka harrastavat kest\u00e4vyyslajeja, kuten juoksua, py\u00f6r\u00e4ily\u00e4 ja triathlonia, ja ne tarjoavat t\u00e4rke\u00e4\u00e4 tukea korkeiden energiatasojen ja optimaalisen suorituskyvyn yll\u00e4pit\u00e4miseksi.<\/span><\/p>\n<p><span lang=\"en-US\">Carbo Energy Gel -geelin avulla urheilijat voivat luottaa luotettavaan elektrolyyttisen energian l\u00e4hteeseen maksimoidakseen suorituskykyns\u00e4 ja saavuttaakseen kest\u00e4vyystavoitteensa luottavaisesti ja p\u00e4\u00e4tt\u00e4v\u00e4isesti.<\/span><\/p>\n<p><span lang=\"en-US\">Carbo Energy Gelin edut:<\/span><\/p>\n<ul>\n<li><strong><span lang=\"en-US\">Nopea hiilihydraattien ja elektrolyyttien l\u00e4hde:<\/span><\/strong><span lang=\"en-US\"> Carbo Energy Gel on helposti sulavia ja imeytyvi\u00e4 hiilihydraatteja sek\u00e4 elektrolyyttej\u00e4, joita tarvitaan nestetasapainon yll\u00e4pit\u00e4miseen kehossa intensiivisen liikunnan aikana.<\/span><\/li>\n<li><strong><span lang=\"en-US\">Glykogeenivarastojen t\u00e4ydent\u00e4minen:<\/span><\/strong><span lang=\"en-US\"> Hiilihydraattigeelien nauttiminen harjoituksen aikana auttaa t\u00e4ydent\u00e4m\u00e4\u00e4n lihasten glykogeenivarastoja, mik\u00e4 viiv\u00e4stytt\u00e4\u00e4 v\u00e4symyst\u00e4 ja parantaa pitk\u00e4n aikav\u00e4lin kest\u00e4vyyssuorituskyky\u00e4.<\/span><\/li>\n<li><strong><span lang=\"en-US\">Verensokerin yll\u00e4pit\u00e4minen:<\/span><\/strong><span lang=\"en-US\"> Geelin sis\u00e4lt\u00e4m\u00e4t hiilihydraatit auttavat yll\u00e4pit\u00e4m\u00e4\u00e4n vakaata verensokeria, est\u00e4v\u00e4t hypoglykemian ja varmistavat lihasten ja aivojen jatkuvan energiansaannin.<\/span><\/li>\n<li><strong><span lang=\"en-US\">V\u00e4symyksen ehk\u00e4isy:<\/span><\/strong><span lang=\"en-US\"> Nopean imeytymisens\u00e4 ja v\u00e4litt\u00f6m\u00e4n energiantuottokykyns\u00e4 ansiosta Carbo Energy Gel auttaa ehk\u00e4isem\u00e4\u00e4n lihasten ja henkist\u00e4 v\u00e4symyst\u00e4 harjoituksen aikana, jolloin urheilijat voivat yll\u00e4pit\u00e4\u00e4 korkean suorituskyvyn toiminnan loppuun asti.<\/span><\/li>\n<li><strong><span lang=\"en-US\">Helppok\u00e4ytt\u00f6isyys ja siirrett\u00e4vyys:<\/span><\/strong><span lang=\"en-US\"> Carbo Energy -geelit on pakattu k\u00e4teviin kerta-annospakkauksiin, jotka on helppo kuljettaa mukana ja nauttia harjoittelun tai kilpailujen aikana, mik\u00e4 tarjoaa k\u00e4tev\u00e4n vaihtoehdon urheilijoiden ravitsemuksellisiin tarpeisiin liikkeell\u00e4 ollessaan.<\/span><\/li>\n<\/ul>\n<p>&nbsp;<\/p>\n<p><strong><span lang=\"en-US\">Suositeltu k\u00e4ytt\u00f6<\/span><\/strong><\/p>\n<p><span lang=\"en-US\">1-2 tuntia ennen harjoitusta tai sen aikana.<\/span><\/p>\n<p><strong>Ilmoitus:<\/strong><\/p>\n<ul>\n<li>Vain aikuisille, eik\u00e4 se korvaa monipuolista, tasapainoista ruokavaliota ja terveellisi\u00e4 el\u00e4m\u00e4ntapoja.<\/li>\n<li>\u00c4l\u00e4 ylit\u00e4 suositeltua annosta.<\/li>\n<li>\u00c4l\u00e4 k\u00e4yt\u00e4 sit\u00e4 imetyksen tai raskauden aikana neuvottelematta l\u00e4\u00e4k\u00e4rin kanssa.<\/li>\n<li>S\u00e4ilyt\u00e4 tuote viile\u00e4ss\u00e4, kuivassa paikassa hyvin suljetussa pakkauksessa.<\/li>\n<li>Laktoositon ja Gluteeniton.<\/li>\n<\/ul>","protected":false},"excerpt":{"rendered":"<details>\n<summary>Ravitsemukselliset tiedot<\/summary>\n<table style=\"text-align: center;\">\n<tbody>\n<tr>\n<th>Ravitsemukselliset tiedot<\/th>\n<th>100ML<\/th>\n<th>50ML<\/th>\n<\/tr>\n<tr>\n<td>Energia<\/td>\n<td>728kj<br \/>\n172 kcal<\/td>\n<td>364kj<br \/>\n86kcal<\/td>\n<\/tr>\n<tr>\n<td>Rasvat<\/td>\n<td>0g<\/td>\n<td>0,00g<\/td>\n<\/tr>\n<tr>\n<td>joista kypsytettyj\u00e4<\/td>\n<td>0g<\/td>\n<td>0,00g<\/td>\n<\/tr>\n<tr>\n<td>Hiilihydraatit<\/td>\n<td>42,8g<\/td>\n<td>21,4<\/td>\n<\/tr>\n<tr>\n<td>joista sokerit<\/td>\n<td>19,8g<\/td>\n<td>9,9g<\/td>\n<\/tr>\n<tr>\n<td>Protein<\/td>\n<td>0g<\/td>\n<td>0g<\/td>\n<\/tr>\n<tr>\n<td>Suola<\/td>\n<td>0,14g<\/td>\n<td>0,07g<\/td>\n<\/tr>\n<tr>\n<td>Caffeine<\/td>\n<td>300mg<\/td>\n<td>150mg<\/td>\n<\/tr>\n<tr>\n<td colspan=\"3\"><strong>Muut ainesosat: <\/strong>vesi, maltodekstriini DE19, fruktoosi, happamuudens\u00e4\u00e4t\u00f6aine: sitruunahappo; kofeiini, sakeuttamisaine: ksantaani; natriumbikarbonaatti, s\u00e4il\u00f6nt\u00e4aine: kaliumsorbaatti; aromit, makeutusaine: sukraloosi.<\/td>\n<\/tr>\n<\/tbody>\n<\/table>\n<\/details>\n<p>&nbsp;<\/p>","protected":false},"featured_media":3170,"template":"","meta":[],"product_cat":[310,217],"product_tag":[315,230],"class_list":{"0":"post-3100","1":"product","2":"type-product","3":"status-publish","4":"has-post-thumbnail","6":"product_cat-performance-and-endurance","7":"product_cat-pre-workout-energy","8":"product_tag-performance-and-endurance","9":"product_tag-pre-workout-energy","11":"first","12":"instock","13":"taxable","14":"shipping-taxable","15":"purchasable","16":"product-type-simple"},"aioseo_notices":[],"_links":{"self":[{"href":"https:\/\/www.selfprotein.com\/fi\/wp-json\/wp\/v2\/product\/3100"}],"collection":[{"href":"https:\/\/www.selfprotein.com\/fi\/wp-json\/wp\/v2\/product"}],"about":[{"href":"https:\/\/www.selfprotein.com\/fi\/wp-json\/wp\/v2\/types\/product"}],"wp:featuredmedia":[{"embeddable":true,"href":"https:\/\/www.selfprotein.com\/fi\/wp-json\/wp\/v2\/media\/3170"}],"wp:attachment":[{"href":"https:\/\/www.selfprotein.com\/fi\/wp-json\/wp\/v2\/media?parent=3100"}],"wp:term":[{"taxonomy":"product_cat","embeddable":true,"href":"https:\/\/www.selfprotein.com\/fi\/wp-json\/wp\/v2\/product_cat?post=3100"},{"taxonomy":"product_tag","embeddable":true,"href":"https:\/\/www.selfprotein.com\/fi\/wp-json\/wp\/v2\/product_tag?post=3100"}],"curies":[{"name":"wp","href":"https:\/\/api.w.org\/{rel}","templated":true}]}}