{"id":3136,"date":"2024-10-26T11:18:45","date_gmt":"2024-10-26T09:18:45","guid":{"rendered":"https:\/\/34.88.231.180\/?post_type=product&#038;p=3136"},"modified":"2026-05-01T00:24:17","modified_gmt":"2026-04-30T22:24:17","slug":"proti-break","status":"publish","type":"product","link":"https:\/\/www.selfprotein.com\/fi\/tuote\/proti-break\/","title":{"rendered":"Proti Break"},"content":{"rendered":"<p style=\"text-align: left;\" align=\"center\"><span lang=\"en-US\"><strong>Proti Break<\/strong> <\/span><\/p>\n<p><span lang=\"en-US\">Proti Break on proteiinipatukka, joka on kehitetty tarjoamaan korkealaatuista proteiinia, jonka sokeripitoisuutta on v\u00e4hennetty. T\u00e4m\u00e4 ravitseva v\u00e4lipala on suunniteltu vastaamaan niiden tarpeisiin, jotka haluavat lis\u00e4t\u00e4 proteiinin saantia ruokavaliossaan, kuten urheilijat tai erityisruokavaliota noudattavat.<\/span><\/p>\n<p><span lang=\"en-US\">Proti Breakin edut:<\/span><\/p>\n<ul>\n<li><strong><span lang=\"en-US\">Korkea proteiinipitoisuus:<\/span><\/strong><span lang=\"en-US\"> Proti Break -patukat sis\u00e4lt\u00e4v\u00e4t runsaasti korkealaatuista proteiinia, joka on ihanteellinen lihasten kasvun ja palautumisen tukemiseen sek\u00e4 kyll\u00e4isyyden yll\u00e4pit\u00e4miseen.<\/span><\/li>\n<li><strong><span lang=\"en-US\">Alhainen sokeripitoisuus:<\/span><\/strong><span lang=\"en-US\"> V\u00e4hennetyn sokeripitoisuuden ansiosta Proti Break -patukat ovat ihanteellinen valinta niille, jotka haluavat rajoittaa sokerin saantia ruokavaliossaan mausta tai v\u00e4lipalojen nautinnollisuudesta tinkim\u00e4tt\u00e4.<\/span><\/li>\n<li><strong><span lang=\"en-US\">Mukavuus:<\/span><\/strong><span lang=\"en-US\"> Proti Break on k\u00e4tev\u00e4 vaihtoehto liikkeell\u00e4 oleville, jotka tarvitsevat ravitsevaa ja nopeaa v\u00e4lipalaa miss\u00e4 ja milloin tahansa.<\/span><\/li>\n<li><strong><span lang=\"en-US\">Eri vaihtoehtoja:<\/span><\/strong><span lang=\"en-US\"> Saatavilla on useita eri makuja, joten Proti Break -patukoita l\u00f6ytyy jokaiseen makuun, mik\u00e4 helpottaa korkealaatuisen proteiinin sis\u00e4llytt\u00e4mist\u00e4 p\u00e4ivitt\u00e4iseen ruokavalioon.<\/span><\/li>\n<\/ul>\n<p><\/p>\n<p><strong><span lang=\"en-US\">Suositeltu k\u00e4ytt\u00f6<\/span><\/strong><\/p>\n<p><span lang=\"en-US\">1-2 patukkaa p\u00e4iv\u00e4ss\u00e4 tarpeen mukaan.<\/span><\/p>\n<p><strong>Ilmoitus:<\/strong><\/p>\n<ul>\n<li>Saattaa sis\u00e4lt\u00e4\u00e4 pieni\u00e4 m\u00e4\u00e4ri\u00e4 maitoa, kauraa, kananmunaa ja soijaa.<\/li>\n<li>Liiallisella kulutuksella voi olla laksatiivisia vaikutuksia.<\/li>\n<\/ul>","protected":false},"excerpt":{"rendered":"<p>Proti Break Proti Break on proteiinipatukka, joka on kehitetty tarjoamaan korkealaatuista proteiinia, jonka sokeripitoisuutta on v\u00e4hennetty. T\u00e4m\u00e4 ravitseva v\u00e4lipala on suunniteltu vastaamaan niiden tarpeisiin, jotka haluavat lis\u00e4t\u00e4 proteiinin saantia ruokavaliossaan, kuten urheilijat tai erityisruokavaliota noudattavat. Proti Breakin edut: Korkea proteiinipitoisuus: [...]<\/p>","protected":false},"featured_media":3165,"template":"","meta":[],"product_cat":[313,210],"product_tag":[316,223],"class_list":{"0":"post-3136","1":"product","2":"type-product","3":"status-publish","4":"has-post-thumbnail","6":"product_cat-protein-snacks-and-fit-food","7":"product_cat-snacks-meal-solutions","8":"product_tag-protein-snacks-fit-food","9":"product_tag-snacks-meal-solutions","11":"first","12":"instock","13":"taxable","14":"shipping-taxable","15":"purchasable","16":"product-type-variable","17":"has-default-attributes"},"aioseo_notices":[],"_links":{"self":[{"href":"https:\/\/www.selfprotein.com\/fi\/wp-json\/wp\/v2\/product\/3136"}],"collection":[{"href":"https:\/\/www.selfprotein.com\/fi\/wp-json\/wp\/v2\/product"}],"about":[{"href":"https:\/\/www.selfprotein.com\/fi\/wp-json\/wp\/v2\/types\/product"}],"wp:featuredmedia":[{"embeddable":true,"href":"https:\/\/www.selfprotein.com\/fi\/wp-json\/wp\/v2\/media\/3165"}],"wp:attachment":[{"href":"https:\/\/www.selfprotein.com\/fi\/wp-json\/wp\/v2\/media?parent=3136"}],"wp:term":[{"taxonomy":"product_cat","embeddable":true,"href":"https:\/\/www.selfprotein.com\/fi\/wp-json\/wp\/v2\/product_cat?post=3136"},{"taxonomy":"product_tag","embeddable":true,"href":"https:\/\/www.selfprotein.com\/fi\/wp-json\/wp\/v2\/product_tag?post=3136"}],"curies":[{"name":"wp","href":"https:\/\/api.w.org\/{rel}","templated":true}]}}